{"id":3,"date":"2024-09-27T03:48:32","date_gmt":"2024-09-27T03:48:32","guid":{"rendered":"https:\/\/cloudsupplyvapes.com\/?page_id=3"},"modified":"2024-11-08T06:23:46","modified_gmt":"2024-11-08T06:23:46","slug":"datenschutzbestimmungen","status":"publish","type":"page","link":"https:\/\/cloudsupplyvapes.com\/de\/privacy-policy\/","title":{"rendered":"Datenschutzbestimmungen"},"content":{"rendered":"<p>Willkommen bei CloudSupplyVapes. Ihre Privatsph\u00e4re ist uns wichtig, und diese Datenschutzrichtlinie erkl\u00e4rt, wie wir Ihre pers\u00f6nlichen Daten sammeln, verwenden und sch\u00fctzen, wenn Sie unsere Website besuchen unter <a href=\"https:\/\/cloudsupplyvapes.com\/de\/\" target=\"_new\" rel=\"noopener\">https:\/\/cloudsupplyvapes.com<\/a>.<\/p>\r\n<h3 class=\"wp-block-heading\"><strong>Wer wir sind<\/strong><\/h3>\r\n<p>Unsere Website-Adresse lautet: <a href=\"https:\/\/cloudsupplyvapes.com\/de\/\" target=\"_new\" rel=\"noopener\">https:\/\/cloudsupplyvapes.com<\/a>. CloudSupplyVapes widmet sich der Bereitstellung von qualitativ hochwertigen Vaping-Produkten und exzellentem Kundenservice. Der Schutz Ihrer Privatsph\u00e4re und Ihrer pers\u00f6nlichen Daten ist eine Priorit\u00e4t.<\/p>\r\n<h3><strong>Kommentare<\/strong><\/h3>\r\n<p>Wenn Besucher Kommentare auf unserer Website hinterlassen, erfassen wir die im Kommentarformular angezeigten Daten zusammen mit der IP-Adresse des Besuchers und dem User-Agent-String des Browsers, um die Spam-Erkennung zu unterst\u00fctzen.<\/p>\r\n<p>Eine anonymisierte Zeichenfolge, die aus Ihrer E-Mail-Adresse erstellt wird (auch Hash genannt), kann dem Gravatar-Dienst zur Verf\u00fcgung gestellt werden, um zu sehen, ob Sie ihn benutzen. Die Datenschutzrichtlinien des Gravatar-Dienstes sind verf\u00fcgbar <a href=\"https:\/\/automattic.com\/privacy\/\" target=\"_new\" rel=\"noopener\">hier<\/a>. Sobald Ihr Kommentar genehmigt ist, wird Ihr Profilbild im Zusammenhang mit Ihrem Kommentar \u00f6ffentlich sichtbar.<\/p>\r\n<h3><strong>Medien<\/strong><\/h3>\r\n<p>Wenn Sie Bilder auf die Website hochladen, vermeiden Sie es bitte, eingebettete Standortdaten (EXIF-GPS) aufzunehmen. Die Besucher der Website k\u00f6nnen alle Standortdaten von den Bildern auf der Website herunterladen und extrahieren.<\/p>\r\n<h3><strong>Cookies<\/strong><\/h3>\r\n<ul>\r\n<li><strong>Kommentare<\/strong>: Wenn Sie einen Kommentar auf unserer Website hinterlassen, k\u00f6nnen Sie sich damit einverstanden erkl\u00e4ren, dass Ihr Name, Ihre E-Mail-Adresse und Ihre Website in Cookies gespeichert werden. Dies dient Ihrer Bequemlichkeit, damit Sie Ihre Daten bei zuk\u00fcnftigen Kommentaren nicht erneut eingeben m\u00fcssen. Diese Cookies haben eine Lebensdauer von einem Jahr.<\/li>\r\n<li><strong>Login-Seite<\/strong>: Wenn Sie unsere Login-Seite besuchen, setzen wir ein tempor\u00e4res Cookie, um zu pr\u00fcfen, ob Ihr Browser Cookies akzeptiert. Dieses Cookie enth\u00e4lt keine pers\u00f6nlichen Daten und wird gel\u00f6scht, wenn Sie Ihren Browser schlie\u00dfen.<\/li>\r\n<li><strong>Details zur Anmeldung<\/strong>: Bei der Anmeldung werden Cookies gesetzt, um Ihre Anmeldeinformationen und Bildschirmeinstellungen zu speichern. Die Anmelde-Cookies bleiben zwei Tage lang gespeichert, die Cookies f\u00fcr die Bildschirmoptionen ein Jahr lang. Wenn Sie \"Remember Me\" w\u00e4hlen, bleibt Ihr Login zwei Wochen lang aktiv. Wenn Sie sich abmelden, werden diese Cookies gel\u00f6scht.<\/li>\r\n<li><strong>Redaktion\/Ver\u00f6ffentlichung von Artikeln<\/strong>: Ein zus\u00e4tzliches Cookie wird in Ihrem Browser gespeichert, wenn Sie einen Artikel bearbeiten oder ver\u00f6ffentlichen. Dieses Cookie enth\u00e4lt keine pers\u00f6nlichen Daten und l\u00e4uft nach einem Tag ab.<\/li>\r\n<\/ul>\r\n<h3><strong>Eingebettete Inhalte von anderen Websites<\/strong><\/h3>\r\n<p>Die Artikel auf dieser Website k\u00f6nnen eingebettete Inhalte (z. B. Videos, Bilder, Artikel usw.) enthalten. Eingebettete Inhalte von anderen Websites verhalten sich so, als h\u00e4tten Sie die andere Website besucht. Diese kann Daten \u00fcber Sie sammeln, Cookies verwenden, Tracking von Dritten einbetten und Ihre Interaktion mit den eingebetteten Inhalten \u00fcberwachen, insbesondere wenn Sie ein Konto bei dieser Website haben und dort angemeldet sind.<\/p>\r\n<h3><strong>Mit wem wir Ihre Daten teilen<\/strong><\/h3>\r\n<p>Wenn Sie eine Kennwortr\u00fccksetzung anfordern, wird Ihre IP-Adresse aus Sicherheitsgr\u00fcnden in der R\u00fccksetzungs-E-Mail enthalten sein.<\/p>\r\n<h3><strong>Wie lange wir Ihre Daten aufbewahren<\/strong><\/h3>\r\n<ul>\r\n<li><strong>Kommentare<\/strong>: Kommentare und ihre Metadaten werden auf unbestimmte Zeit gespeichert, damit wir Folgekommentare automatisch erkennen und genehmigen k\u00f6nnen.<\/li>\r\n<li><strong>Benutzerkonten<\/strong>: F\u00fcr registrierte Benutzer auf unserer Website speichern wir die in den Benutzerprofilen angegebenen pers\u00f6nlichen Daten. Die Nutzer k\u00f6nnen ihre pers\u00f6nlichen Daten jederzeit einsehen, bearbeiten oder l\u00f6schen (au\u00dfer Benutzernamen). Website-Administratoren k\u00f6nnen ebenfalls auf diese Informationen zugreifen und sie bearbeiten.<\/li>\r\n<\/ul>\r\n<h3><strong>Welche Rechte Sie \u00fcber Ihre Daten haben<\/strong><\/h3>\r\n<p>Wenn Sie ein Konto auf dieser Website haben oder Kommentare hinterlassen haben, k\u00f6nnen Sie eine exportierte Datei der personenbezogenen Daten anfordern, die wir \u00fcber Sie gespeichert haben, einschlie\u00dflich aller Daten, die Sie uns zur Verf\u00fcgung gestellt haben. Sie k\u00f6nnen auch die L\u00f6schung aller von uns gespeicherten personenbezogenen Daten verlangen. Davon ausgenommen sind Daten, die wir aus verwaltungstechnischen, rechtlichen oder sicherheitsrelevanten Gr\u00fcnden aufbewahren m\u00fcssen.<\/p>\r\n<h3><strong>Wohin Ihre Daten gesendet werden<\/strong><\/h3>\r\n<p>Besucherkommentare k\u00f6nnen durch einen automatischen Spam-Erkennungsdienst \u00fcberpr\u00fcft werden, um die Qualit\u00e4t und Sicherheit unserer Website zu gew\u00e4hrleisten.<\/p>","protected":false},"excerpt":{"rendered":"<p>Welcome to CloudSupplyVapes. Your privacy is important to us, and this Privacy Policy explains how we collect, use, and protect your personal information when you visit our website at https:\/\/cloudsupplyvapes.com. Who We Are Our website address is: https:\/\/cloudsupplyvapes.com. CloudSupplyVapes is dedicated to providing high-quality vaping products and excellent customer service. Protecting your privacy and personal [&#8230;]\n","protected":false},"author":1,"featured_media":0,"parent":0,"menu_order":0,"comment_status":"closed","ping_status":"open","template":"","meta":{"footnotes":""},"class_list":["post-3","page","type-page","status-publish","hentry"],"jetpack_sharing_enabled":true,"_links":{"self":[{"href":"https:\/\/cloudsupplyvapes.com\/de\/wp-json\/wp\/v2\/pages\/3","targetHints":{"allow":["GET"]}}],"collection":[{"href":"https:\/\/cloudsupplyvapes.com\/de\/wp-json\/wp\/v2\/pages"}],"about":[{"href":"https:\/\/cloudsupplyvapes.com\/de\/wp-json\/wp\/v2\/types\/page"}],"author":[{"embeddable":true,"href":"https:\/\/cloudsupplyvapes.com\/de\/wp-json\/wp\/v2\/users\/1"}],"replies":[{"embeddable":true,"href":"https:\/\/cloudsupplyvapes.com\/de\/wp-json\/wp\/v2\/comments?post=3"}],"version-history":[{"count":1,"href":"https:\/\/cloudsupplyvapes.com\/de\/wp-json\/wp\/v2\/pages\/3\/revisions"}],"predecessor-version":[{"id":9721,"href":"https:\/\/cloudsupplyvapes.com\/de\/wp-json\/wp\/v2\/pages\/3\/revisions\/9721"}],"wp:attachment":[{"href":"https:\/\/cloudsupplyvapes.com\/de\/wp-json\/wp\/v2\/media?parent=3"}],"curies":[{"name":"wp","href":"https:\/\/api.w.org\/{rel}","templated":true}]}}