{"id":9727,"date":"2024-11-08T06:40:54","date_gmt":"2024-11-08T06:40:54","guid":{"rendered":"https:\/\/cloudsupplyvapes.com\/?page_id=9727"},"modified":"2024-11-08T06:43:02","modified_gmt":"2024-11-08T06:43:02","slug":"uber","status":"publish","type":"page","link":"https:\/\/cloudsupplyvapes.com\/de\/about\/","title":{"rendered":"\u00dcber"},"content":{"rendered":"<h3><strong>\u00dcber CloudSupplyVapes<\/strong><\/h3>\n<p>Willkommen bei CloudSupplyVapes, Ihrer ersten Adresse f\u00fcr hochwertige Einweg-Vape-Produkte zu Gro\u00dfhandelspreisen. Wir haben uns darauf spezialisiert, eine breite Palette der neuesten und beliebtesten Einweg-Vape-Marken zu liefern. Wir richten uns an Unternehmen aller Gr\u00f6\u00dfen, die die wachsende Nachfrage nach bequemen, zuverl\u00e4ssigen Vape-L\u00f6sungen befriedigen wollen.<\/p>\n<p>Bei CloudSupplyVapes sind wir bestrebt, eine umfangreiche Auswahl an Produkten anzubieten, die Qualit\u00e4t, Leistung und Innovation vereinen. Unser Team w\u00e4hlt unser Sortiment sorgf\u00e4ltig aus, um sicherzustellen, dass jedes Produkt unseren hohen Standards entspricht und mit den neuesten Trends in der Vaping-Branche \u00fcbereinstimmt. Wir wissen, dass Ihre Kunden ein nahtloses, zufriedenstellendes Dampferlebnis erwarten. Deshalb konzentrieren wir uns auf Marken und Produkte, die sowohl Geschmack als auch Langlebigkeit bieten.<\/p>\n<p>Mit unserem kundenorientierten Ansatz sind wir stolz auf unsere effiziente Auftragsabwicklung, unsere wettbewerbsf\u00e4higen Preise und unseren reaktionsschnellen Support, der darauf ausgerichtet ist, Ihre Erfahrung so reibungslos wie m\u00f6glich zu gestalten. Egal, ob Sie ein Einzelh\u00e4ndler, Distributor oder E-Commerce-Shop-Besitzer sind, CloudSupplyVapes hat es sich zur Aufgabe gemacht, Ihnen auf dem heutigen dynamischen Vape-Markt zum Erfolg zu verhelfen.<\/p>\n<p>Vielen Dank, dass Sie CloudSupplyVapes als Ihren vertrauensw\u00fcrdigen Vape-Gro\u00dfhandelspartner gew\u00e4hlt haben. Wir freuen uns darauf, Ihr Gesch\u00e4ftswachstum mit unserer erstklassigen Vape-Auswahl und unserem au\u00dfergew\u00f6hnlichen Service zu f\u00f6rdern.<\/p>\n<p><img data-recalc-dims=\"1\" loading=\"lazy\" decoding=\"async\" class=\"alignnone size-full wp-image-9694\" src=\"https:\/\/i0.wp.com\/cloudsupplyvapes.com\/wp-content\/uploads\/2024\/11\/Al-Fakher-Vape-Crown-Bar-Big-Cloud-8000-Puffs-banner.jpg?resize=1020%2C574&#038;ssl=1\" alt=\"Al-Fakher-Vape-Crown-Bar-Big-Cloud-8000-Puffs-Banner\" width=\"1020\" height=\"574\" title=\"\" srcset=\"https:\/\/i0.wp.com\/cloudsupplyvapes.com\/wp-content\/uploads\/2024\/11\/Al-Fakher-Vape-Crown-Bar-Big-Cloud-8000-Puffs-banner.jpg?w=1920&amp;ssl=1 1920w, https:\/\/i0.wp.com\/cloudsupplyvapes.com\/wp-content\/uploads\/2024\/11\/Al-Fakher-Vape-Crown-Bar-Big-Cloud-8000-Puffs-banner.jpg?resize=300%2C169&amp;ssl=1 300w, https:\/\/i0.wp.com\/cloudsupplyvapes.com\/wp-content\/uploads\/2024\/11\/Al-Fakher-Vape-Crown-Bar-Big-Cloud-8000-Puffs-banner.jpg?resize=1024%2C576&amp;ssl=1 1024w, https:\/\/i0.wp.com\/cloudsupplyvapes.com\/wp-content\/uploads\/2024\/11\/Al-Fakher-Vape-Crown-Bar-Big-Cloud-8000-Puffs-banner.jpg?resize=768%2C432&amp;ssl=1 768w, https:\/\/i0.wp.com\/cloudsupplyvapes.com\/wp-content\/uploads\/2024\/11\/Al-Fakher-Vape-Crown-Bar-Big-Cloud-8000-Puffs-banner.jpg?resize=1536%2C864&amp;ssl=1 1536w, https:\/\/i0.wp.com\/cloudsupplyvapes.com\/wp-content\/uploads\/2024\/11\/Al-Fakher-Vape-Crown-Bar-Big-Cloud-8000-Puffs-banner.jpg?resize=18%2C10&amp;ssl=1 18w, https:\/\/i0.wp.com\/cloudsupplyvapes.com\/wp-content\/uploads\/2024\/11\/Al-Fakher-Vape-Crown-Bar-Big-Cloud-8000-Puffs-banner.jpg?resize=1320%2C743&amp;ssl=1 1320w, https:\/\/i0.wp.com\/cloudsupplyvapes.com\/wp-content\/uploads\/2024\/11\/Al-Fakher-Vape-Crown-Bar-Big-Cloud-8000-Puffs-banner.jpg?resize=800%2C450&amp;ssl=1 800w\" sizes=\"auto, (max-width: 1020px) 100vw, 1020px\" \/><\/p>","protected":false},"excerpt":{"rendered":"<p>About CloudSupplyVapes Welcome to CloudSupplyVapes, your premier source for high-quality disposable vape products at wholesale prices. We specialize in supplying a wide range of the latest and most popular disposable vape brands, catering to businesses of all sizes looking to meet the growing demand for convenient, reliable vaping solutions. At CloudSupplyVapes, we are committed to [&#8230;]\n","protected":false},"author":1,"featured_media":0,"parent":0,"menu_order":0,"comment_status":"closed","ping_status":"closed","template":"page-blank-title-center.php","meta":{"footnotes":""},"class_list":["post-9727","page","type-page","status-publish","hentry"],"jetpack_sharing_enabled":true,"_links":{"self":[{"href":"https:\/\/cloudsupplyvapes.com\/de\/wp-json\/wp\/v2\/pages\/9727","targetHints":{"allow":["GET"]}}],"collection":[{"href":"https:\/\/cloudsupplyvapes.com\/de\/wp-json\/wp\/v2\/pages"}],"about":[{"href":"https:\/\/cloudsupplyvapes.com\/de\/wp-json\/wp\/v2\/types\/page"}],"author":[{"embeddable":true,"href":"https:\/\/cloudsupplyvapes.com\/de\/wp-json\/wp\/v2\/users\/1"}],"replies":[{"embeddable":true,"href":"https:\/\/cloudsupplyvapes.com\/de\/wp-json\/wp\/v2\/comments?post=9727"}],"version-history":[{"count":3,"href":"https:\/\/cloudsupplyvapes.com\/de\/wp-json\/wp\/v2\/pages\/9727\/revisions"}],"predecessor-version":[{"id":9733,"href":"https:\/\/cloudsupplyvapes.com\/de\/wp-json\/wp\/v2\/pages\/9727\/revisions\/9733"}],"wp:attachment":[{"href":"https:\/\/cloudsupplyvapes.com\/de\/wp-json\/wp\/v2\/media?parent=9727"}],"curies":[{"name":"wp","href":"https:\/\/api.w.org\/{rel}","templated":true}]}}