{"id":1013,"date":"2024-10-19T02:17:06","date_gmt":"2024-10-19T02:17:06","guid":{"rendered":"https:\/\/cloudsupplyvapes.com\/?post_type=product&#038;p=1013"},"modified":"2024-11-26T09:06:13","modified_gmt":"2024-11-26T09:06:13","slug":"bang-box-5000-puffs-einweg-groshandel","status":"publish","type":"product","link":"https:\/\/cloudsupplyvapes.com\/de\/product\/bang-box-5000-puffs-disposable-wholesale\/","title":{"rendered":"Bang Box 5000 Puffs Einweg Vape Gro\u00dfhandel kompakte hohe Kapazit\u00e4t Design"},"content":{"rendered":"<p><strong>Geschmack:<\/strong><br \/>\n1. ERDBEERE MANGO<br \/>\n2. ERDBEEREIS<br \/>\n3. SAKURA TRAUBE<br \/>\n4. WASSERMELONEN-EIS<br \/>\n5. HEIDELBEERE-HIMBEEREIS<br \/>\n6. KIWI FRUCHT MARACUJA GUAVE<br \/>\n7. ERDBEERE KIWI FRUCHT<br \/>\n8. ENERGIE-GETR\u00c4NK<br \/>\n9. PFIRSICH, MANGO, WASSERMELONE<br \/>\n10. K\u00dcHLMINZE<br \/>\n11. BLAUBEEREIS<br \/>\n12. ANANAS-KOKOSNUSS-EIS<br \/>\n13. ERDBEER-GUAVE<br \/>\n14. KIWI PASSIONSFRUCHT GUAVE<br \/>\n15. FR\u00dcCHTE-MISCHUNG<br \/>\n16. SCHWARZES EIS<br \/>\n17. ERDBEER-WASSERMELONE<br \/>\n18. WASSERMELONE KAUGUMMI<br \/>\n19. STRAWBERRY ICE<br \/>\n20. ERDBEER-BANANE<\/p>\n<p>&nbsp;<\/p>\n<p>Bang Box BC5000 Puffs Einweg<br \/>\nHochwertige e-Fl\u00fcssigkeit + Kobalt-Akku<br \/>\n13 ml \u00d6l<br \/>\nTyp C<br \/>\nMaschenspule<\/p>\n<p><span class=\"src\" data-group=\"2-0\">Das Bang BC 5000 besticht durch sein schlankes, ergonomisches Design, das bequem in der Hand liegt. <\/span><span class=\"src\" data-group=\"2-1\"> die gleichen wie elf bar bc 5000 vapes, sie sind hei\u00dfer Verkauf Design, seine leichte Bauweise macht es einfach, in der Tasche oder Tasche zu tragen, so dass Sie Ihre Lieblings-Aromen jederzeit und \u00fcberall genie\u00dfen k\u00f6nnen.<\/span><\/p>","protected":false},"excerpt":{"rendered":"<p>Bang Box 5000 Puffs Disposable Vape Wholesale kombiniert eine hohe Kapazit\u00e4t, ein kompaktes Design und eine gleichm\u00e4\u00dfige Dampfabgabe, perfekt f\u00fcr tragbares und lang anhaltendes Dampfen.<\/p>","protected":false},"featured_media":1043,"comment_status":"open","ping_status":"closed","template":"","meta":[],"product_brand":[],"product_cat":[481,22],"product_tag":[],"class_list":{"0":"post-1013","1":"product","2":"type-product","3":"status-publish","4":"has-post-thumbnail","6":"product_cat-bang","7":"product_cat-disposable-vape-sticks","9":"first","10":"instock","11":"shipping-taxable","12":"purchasable","13":"product-type-simple"},"jetpack_sharing_enabled":true,"tiered_pricing_type":"fixed","tiered_pricing_fixed_rules":{"30":6.9900000000000002131628207280300557613372802734375,"50":6.4900000000000002131628207280300557613372802734375,"100":5.88999999999999968025576890795491635799407958984375,"200":5.519999999999999573674358543939888477325439453125,"500":5},"tiered_pricing_product_settings":{"layout":"default","base_unit_name":{"singular":null,"plural":null},"default_variation":null},"tiered_pricing_minimum_quantity":10,"tiered_pricing_roles_data":[],"tiered_pricing_percentage_rules":[],"tiered_pricing_maximum_quantity":null,"tiered_pricing_quantity_step":"10","_links":{"self":[{"href":"https:\/\/cloudsupplyvapes.com\/de\/wp-json\/wp\/v2\/product\/1013","targetHints":{"allow":["GET"]}}],"collection":[{"href":"https:\/\/cloudsupplyvapes.com\/de\/wp-json\/wp\/v2\/product"}],"about":[{"href":"https:\/\/cloudsupplyvapes.com\/de\/wp-json\/wp\/v2\/types\/product"}],"replies":[{"embeddable":true,"href":"https:\/\/cloudsupplyvapes.com\/de\/wp-json\/wp\/v2\/comments?post=1013"}],"wp:featuredmedia":[{"embeddable":true,"href":"https:\/\/cloudsupplyvapes.com\/de\/wp-json\/wp\/v2\/media\/1043"}],"wp:attachment":[{"href":"https:\/\/cloudsupplyvapes.com\/de\/wp-json\/wp\/v2\/media?parent=1013"}],"wp:term":[{"taxonomy":"product_brand","embeddable":true,"href":"https:\/\/cloudsupplyvapes.com\/de\/wp-json\/wp\/v2\/product_brand?post=1013"},{"taxonomy":"product_cat","embeddable":true,"href":"https:\/\/cloudsupplyvapes.com\/de\/wp-json\/wp\/v2\/product_cat?post=1013"},{"taxonomy":"product_tag","embeddable":true,"href":"https:\/\/cloudsupplyvapes.com\/de\/wp-json\/wp\/v2\/product_tag?post=1013"}],"curies":[{"name":"wp","href":"https:\/\/api.w.org\/{rel}","templated":true}]}}