{"id":1061,"date":"2024-10-19T02:17:29","date_gmt":"2024-10-19T02:17:29","guid":{"rendered":"https:\/\/cloudsupplyvapes.com\/?post_type=product&#038;p=1061"},"modified":"2024-11-26T09:03:30","modified_gmt":"2024-11-26T09:03:30","slug":"gcore-model-x-1000-puff-disposable-wholesale","status":"publish","type":"product","link":"https:\/\/cloudsupplyvapes.com\/de\/product\/gcore-model-x-1000-puff-disposable-wholesale\/","title":{"rendered":"Gcore Modell X 1000 Puff Einweg Vape Gro\u00dfhandel Anf\u00e4nger freundlich leichtes Design"},"content":{"rendered":"<p>Erh\u00e4ltlich in 35mg (3.5% Nikotin)<br \/>\nGcore vape Einweg<br \/>\nEtwa 1000 Z\u00fcge<br \/>\nSchlankes, kompaktes Design<br \/>\nGeschmacksprofil: Erdbeer-Kiwi<br \/>\nE-Fl\u00fcssigkeit Kapazit\u00e4t: 4.0mL<br \/>\nAkku-Kapazit\u00e4t: 650mAh<\/p>","protected":false},"excerpt":{"rendered":"<p>Das Gcore Model X 1000 Puff Disposable Vape Wholesale ist anf\u00e4ngerfreundlich und zeichnet sich durch ein leichtes Design, sanfte Kehlkopfschl\u00e4ge und eine problemlose Bedienung f\u00fcr einfaches Dampfen aus.<\/p>","protected":false},"featured_media":1091,"comment_status":"open","ping_status":"closed","template":"","meta":[],"product_brand":[],"product_cat":[22],"product_tag":[],"class_list":{"0":"post-1061","1":"product","2":"type-product","3":"status-publish","4":"has-post-thumbnail","6":"product_cat-disposable-vape-sticks","8":"first","9":"instock","10":"shipping-taxable","11":"purchasable","12":"product-type-simple"},"jetpack_sharing_enabled":true,"tiered_pricing_type":"fixed","tiered_pricing_fixed_rules":[],"tiered_pricing_product_settings":{"layout":"default","base_unit_name":{"singular":null,"plural":null},"default_variation":null},"tiered_pricing_minimum_quantity":null,"tiered_pricing_roles_data":[],"tiered_pricing_percentage_rules":[],"tiered_pricing_maximum_quantity":null,"tiered_pricing_quantity_step":null,"_links":{"self":[{"href":"https:\/\/cloudsupplyvapes.com\/de\/wp-json\/wp\/v2\/product\/1061","targetHints":{"allow":["GET"]}}],"collection":[{"href":"https:\/\/cloudsupplyvapes.com\/de\/wp-json\/wp\/v2\/product"}],"about":[{"href":"https:\/\/cloudsupplyvapes.com\/de\/wp-json\/wp\/v2\/types\/product"}],"replies":[{"embeddable":true,"href":"https:\/\/cloudsupplyvapes.com\/de\/wp-json\/wp\/v2\/comments?post=1061"}],"wp:featuredmedia":[{"embeddable":true,"href":"https:\/\/cloudsupplyvapes.com\/de\/wp-json\/wp\/v2\/media\/1091"}],"wp:attachment":[{"href":"https:\/\/cloudsupplyvapes.com\/de\/wp-json\/wp\/v2\/media?parent=1061"}],"wp:term":[{"taxonomy":"product_brand","embeddable":true,"href":"https:\/\/cloudsupplyvapes.com\/de\/wp-json\/wp\/v2\/product_brand?post=1061"},{"taxonomy":"product_cat","embeddable":true,"href":"https:\/\/cloudsupplyvapes.com\/de\/wp-json\/wp\/v2\/product_cat?post=1061"},{"taxonomy":"product_tag","embeddable":true,"href":"https:\/\/cloudsupplyvapes.com\/de\/wp-json\/wp\/v2\/product_tag?post=1061"}],"curies":[{"name":"wp","href":"https:\/\/api.w.org\/{rel}","templated":true}]}}