{"id":1064,"date":"2024-10-19T02:17:29","date_gmt":"2024-10-19T02:17:29","guid":{"rendered":"https:\/\/cloudsupplyvapes.com\/?post_type=product&#038;p=1064"},"modified":"2024-11-26T09:04:09","modified_gmt":"2024-11-26T09:04:09","slug":"-31","status":"publish","type":"product","link":"https:\/\/cloudsupplyvapes.com\/de\/product\/lavie-max-cup-8000-puff-disposable-wholesale\/","title":{"rendered":"Lavie Max Cup 8000 Puff Einweg Vape Gro\u00dfhandel langlebig lang anhaltende Vape"},"content":{"rendered":"<div id=\"text-1337942694\" class=\"text\">\n<h4 class=\"uppercase\">Geschmack:<br \/>\nENERGIE-GETR\u00c4NK<br \/>\nGRAPE ICE<br \/>\nCOLA ICE<br \/>\nMANGO-EIS<br \/>\nBANANENMILCH<br \/>\nJUICY PEACH<br \/>\nMANGO-ERDBEER-EIS<br \/>\nLUSH ICE<br \/>\nSOCOLACREM<br \/>\nMINT-EIS<\/h4>\n<table class=\"woocommerce-product-attributes shop_attributes\" style=\"font-size: 14.4px;\">\n<tbody>\n<tr class=\"woocommerce-product-attributes-item woocommerce-product-attributes-item--attribute_pa_salt-nicotine\">\n<th class=\"woocommerce-product-attributes-item__label\">SALZ NICOTIN<\/th>\n<td class=\"woocommerce-product-attributes-item__value\"><a href=\"https:\/\/www.lavievape.com\/salt-nicotine\/5\" rel=\"tag noopener\" target=\"_blank\">5%<\/a><\/td>\n<\/tr>\n<tr class=\"woocommerce-product-attributes-item woocommerce-product-attributes-item--attribute_pa_battery\">\n<th class=\"woocommerce-product-attributes-item__label\">BATTERIE<\/th>\n<td class=\"woocommerce-product-attributes-item__value\"><a href=\"https:\/\/www.lavievape.com\/battery\/650mah\" rel=\"tag noopener\" target=\"_blank\">650mAh<\/a><\/td>\n<\/tr>\n<tr class=\"woocommerce-product-attributes-item woocommerce-product-attributes-item--attribute_pa_rechargeable\">\n<th class=\"woocommerce-product-attributes-item__label\">RECHARGEABLE<\/th>\n<td class=\"woocommerce-product-attributes-item__value\">\u221a<\/td>\n<\/tr>\n<tr class=\"woocommerce-product-attributes-item woocommerce-product-attributes-item--attribute_pa_charging-port\">\n<th class=\"woocommerce-product-attributes-item__label\">LADUNGSVERBINDUNG<\/th>\n<td class=\"woocommerce-product-attributes-item__value\"><a href=\"https:\/\/www.lavievape.com\/charging-port\/type-c\" rel=\"tag noopener\" target=\"_blank\">Typ C<\/a><\/td>\n<\/tr>\n<\/tbody>\n<\/table>\n<\/div>\n<p>&nbsp;<\/p>\n<h2><strong>Was ihn auszeichnet<\/strong><\/h2>\n<p>Lavie Max Cup 8000 ist die bunte Einweg vape mit sch\u00f6nen Backen Farbe Aussehen Prozess, es ist mit Mesh-Spule ausgestattet, so k\u00f6nnen wir mehr Anregung f\u00fchlen, wenn vaping. und wir haben speziell formuliert mehrere wunderbare Aromen nach diesem device.the Batterie ist wiederaufladbar machen es dauern max 8000 Puffs.<\/p>","protected":false},"excerpt":{"rendered":"<p>Der Lavie Max Cup 8000 Puff Einweg-Vape-Gro\u00dfhandel zeichnet sich durch eine robuste Bauweise, einen langlebigen Akku und eine konstante Dampfabgabe f\u00fcr ein langes und erstklassiges Dampferlebnis aus.<\/p>","protected":false},"featured_media":1094,"comment_status":"open","ping_status":"closed","template":"","meta":[],"product_brand":[],"product_cat":[22],"product_tag":[],"class_list":{"0":"post-1064","1":"product","2":"type-product","3":"status-publish","4":"has-post-thumbnail","6":"product_cat-disposable-vape-sticks","8":"first","9":"instock","10":"shipping-taxable","11":"purchasable","12":"product-type-simple"},"jetpack_sharing_enabled":true,"tiered_pricing_type":"fixed","tiered_pricing_fixed_rules":{"100":15,"1000":13,"5000":12,"10000":10,"30000":9},"tiered_pricing_product_settings":{"layout":"default","base_unit_name":{"singular":null,"plural":null},"default_variation":null},"tiered_pricing_minimum_quantity":60,"tiered_pricing_roles_data":[],"tiered_pricing_percentage_rules":[],"tiered_pricing_maximum_quantity":null,"tiered_pricing_quantity_step":null,"_links":{"self":[{"href":"https:\/\/cloudsupplyvapes.com\/de\/wp-json\/wp\/v2\/product\/1064","targetHints":{"allow":["GET"]}}],"collection":[{"href":"https:\/\/cloudsupplyvapes.com\/de\/wp-json\/wp\/v2\/product"}],"about":[{"href":"https:\/\/cloudsupplyvapes.com\/de\/wp-json\/wp\/v2\/types\/product"}],"replies":[{"embeddable":true,"href":"https:\/\/cloudsupplyvapes.com\/de\/wp-json\/wp\/v2\/comments?post=1064"}],"wp:featuredmedia":[{"embeddable":true,"href":"https:\/\/cloudsupplyvapes.com\/de\/wp-json\/wp\/v2\/media\/1094"}],"wp:attachment":[{"href":"https:\/\/cloudsupplyvapes.com\/de\/wp-json\/wp\/v2\/media?parent=1064"}],"wp:term":[{"taxonomy":"product_brand","embeddable":true,"href":"https:\/\/cloudsupplyvapes.com\/de\/wp-json\/wp\/v2\/product_brand?post=1064"},{"taxonomy":"product_cat","embeddable":true,"href":"https:\/\/cloudsupplyvapes.com\/de\/wp-json\/wp\/v2\/product_cat?post=1064"},{"taxonomy":"product_tag","embeddable":true,"href":"https:\/\/cloudsupplyvapes.com\/de\/wp-json\/wp\/v2\/product_tag?post=1064"}],"curies":[{"name":"wp","href":"https:\/\/api.w.org\/{rel}","templated":true}]}}