{"id":1069,"date":"2024-10-19T02:17:30","date_gmt":"2024-10-19T02:17:30","guid":{"rendered":"https:\/\/cloudsupplyvapes.com\/?post_type=product&#038;p=1069"},"modified":"2024-11-26T08:59:45","modified_gmt":"2024-11-26T08:59:45","slug":"-32","status":"publish","type":"product","link":"https:\/\/cloudsupplyvapes.com\/de\/product\/iqte-speed-6000-puffs-disposable-wholesale\/","title":{"rendered":"IQTE Geschwindigkeit 6000 Puffs Einweg Vape Gro\u00dfhandel Kompakt Langlebig Bauen"},"content":{"rendered":"<table width=\"633\" cellspacing=\"0\" cellpadding=\"0\">\n<tbody>\n<tr class=\"firstRow\">\n<td valign=\"top\" width=\"160\"><strong>Name der Serie<\/strong><\/td>\n<td valign=\"top\" width=\"473\">IQTE GESCHWINDIGKEIT<\/td>\n<\/tr>\n<tr>\n<td valign=\"top\" width=\"160\"><strong>Puffs<\/strong><\/td>\n<td valign=\"top\" width=\"473\">6000<\/td>\n<\/tr>\n<tr>\n<td valign=\"top\" width=\"160\"><strong>Nikotin<\/strong><\/td>\n<td valign=\"top\" width=\"473\">2% \/ 5%<\/td>\n<\/tr>\n<tr>\n<td valign=\"top\" width=\"160\"><strong>Band<\/strong><\/td>\n<td valign=\"top\" width=\"473\">15ml<\/td>\n<\/tr>\n<tr>\n<td valign=\"top\" width=\"160\"><\/td>\n<td valign=\"top\" width=\"473\">&nbsp;<\/p>\n<p>&nbsp;<\/td>\n<\/tr>\n<tr>\n<td valign=\"top\" width=\"160\"><strong>Kapazit\u00e4t der Batterie<\/strong><\/td>\n<td valign=\"top\" width=\"473\">500mAh<\/td>\n<\/tr>\n<tr>\n<td valign=\"top\" width=\"160\"><strong>Inhaltsstoffe<\/strong><\/td>\n<td valign=\"top\" width=\"473\">Pflanzliches Glycerin, Propylenglykol, Nikotin, nat\u00fcrliche und k\u00fcnstliche Aromen<\/td>\n<\/tr>\n<tr>\n<td valign=\"top\" width=\"160\"><strong>Gr\u00f6\u00dfe<\/strong><\/td>\n<td valign=\"top\" width=\"473\">43,5*13,5*89mm<\/td>\n<\/tr>\n<tr>\n<td valign=\"top\" width=\"160\"><strong>Dienst<\/strong><\/td>\n<td valign=\"top\" width=\"473\">OEM&amp;ODM<\/td>\n<\/tr>\n<tr>\n<td valign=\"top\" width=\"160\"><strong>Verpacken<\/strong><\/td>\n<td valign=\"top\" width=\"473\">300St\u00fcck\/Koffer<\/td>\n<\/tr>\n<tr>\n<td valign=\"top\" width=\"160\"><strong>Geschm\u00e4cker<\/strong><\/td>\n<td valign=\"top\" width=\"473\">&nbsp;<\/p>\n<p>1.gemischte Beeren<\/p>\n<p>2.Apfeleis<\/p>\n<p>3.Pfirsich<\/p>\n<p>4.Taro-Eiscreme<\/p>\n<p>5.Blaubeere auf Eis<\/p>\n<p>6.Wassermeloneneis<\/p>\n<p>7.Aloe-Traube<\/p>\n<p>8.Erdbeerjoghurt<\/p>\n<p>9.Mango-Banane<\/p>\n<p>10.Erdbeer-Vanille<\/td>\n<\/tr>\n<\/tbody>\n<\/table>\n<p><a href=\"https:\/\/i0.wp.com\/shop.vape.hk\/wp-content\/uploads\/2022\/09\/202209121459091f0f2c.jpg?ssl=1\" target=\"_blank\" rel=\"noopener\"><img data-recalc-dims=\"1\" loading=\"lazy\" decoding=\"async\" class=\"alignnone size-full wp-image-74716\" src=\"https:\/\/i0.wp.com\/shop.vape.hk\/wp-content\/uploads\/2022\/09\/202209121459091f0f2c.jpg?resize=1000%2C1129&#038;ssl=1\" alt=\"IQTE Speed 6000 Puffs Einwegartikel | Gro\u00dfhandel\" width=\"1000\" height=\"1129\" title=\"\"><\/a> <a href=\"https:\/\/i0.wp.com\/shop.vape.hk\/wp-content\/uploads\/2022\/09\/20220912145909616ada.jpg?ssl=1\" target=\"_blank\" rel=\"noopener\"><img data-recalc-dims=\"1\" loading=\"lazy\" decoding=\"async\" class=\"alignnone size-full wp-image-74708\" src=\"https:\/\/i0.wp.com\/shop.vape.hk\/wp-content\/uploads\/2022\/09\/20220912145909616ada.jpg?resize=1000%2C794&#038;ssl=1\" alt=\"IQTE Speed 6000 Puffs Einwegartikel | Gro\u00dfhandel\" width=\"1000\" height=\"794\" title=\"\"><\/a> <a href=\"https:\/\/i0.wp.com\/shop.vape.hk\/wp-content\/uploads\/2022\/09\/20220912145909380362.jpg?ssl=1\" target=\"_blank\" rel=\"noopener\"><img data-recalc-dims=\"1\" loading=\"lazy\" decoding=\"async\" class=\"alignnone size-full wp-image-74700\" src=\"https:\/\/i0.wp.com\/shop.vape.hk\/wp-content\/uploads\/2022\/09\/20220912145909380362.jpg?resize=1000%2C1148&#038;ssl=1\" alt=\"IQTE Speed 6000 Puffs Einwegartikel | Gro\u00dfhandel\" width=\"1000\" height=\"1148\" title=\"\"><\/a> <a href=\"https:\/\/i0.wp.com\/shop.vape.hk\/wp-content\/uploads\/2022\/09\/202209121459097ecb83.jpg?ssl=1\" target=\"_blank\" rel=\"noopener\"><img data-recalc-dims=\"1\" loading=\"lazy\" decoding=\"async\" class=\"alignnone size-full wp-image-74692\" src=\"https:\/\/i0.wp.com\/shop.vape.hk\/wp-content\/uploads\/2022\/09\/202209121459097ecb83.jpg?resize=1000%2C1322&#038;ssl=1\" alt=\"IQTE Speed 6000 Puffs Einwegartikel | Gro\u00dfhandel\" width=\"1000\" height=\"1322\" title=\"\"><\/a><\/p>","protected":false},"excerpt":{"rendered":"<p>IQTE Speed 6000 Puffs Disposable Vape Wholesale bietet ein kompaktes Design, eine gleichm\u00e4\u00dfige Dampfproduktion und eine langlebige Batterie f\u00fcr problemloses und tragbares Dampfen.<\/p>","protected":false},"featured_media":1099,"comment_status":"open","ping_status":"closed","template":"","meta":[],"product_brand":[],"product_cat":[22],"product_tag":[],"class_list":{"0":"post-1069","1":"product","2":"type-product","3":"status-publish","4":"has-post-thumbnail","6":"product_cat-disposable-vape-sticks","8":"first","9":"instock","10":"shipping-taxable","11":"purchasable","12":"product-type-simple"},"jetpack_sharing_enabled":true,"tiered_pricing_type":"fixed","tiered_pricing_fixed_rules":{"1000":13,"5000":12,"10000":11,"30000":9},"tiered_pricing_product_settings":{"layout":"default","base_unit_name":{"singular":null,"plural":null},"default_variation":null},"tiered_pricing_minimum_quantity":100,"tiered_pricing_roles_data":[],"tiered_pricing_percentage_rules":[],"tiered_pricing_maximum_quantity":null,"tiered_pricing_quantity_step":null,"_links":{"self":[{"href":"https:\/\/cloudsupplyvapes.com\/de\/wp-json\/wp\/v2\/product\/1069","targetHints":{"allow":["GET"]}}],"collection":[{"href":"https:\/\/cloudsupplyvapes.com\/de\/wp-json\/wp\/v2\/product"}],"about":[{"href":"https:\/\/cloudsupplyvapes.com\/de\/wp-json\/wp\/v2\/types\/product"}],"replies":[{"embeddable":true,"href":"https:\/\/cloudsupplyvapes.com\/de\/wp-json\/wp\/v2\/comments?post=1069"}],"wp:featuredmedia":[{"embeddable":true,"href":"https:\/\/cloudsupplyvapes.com\/de\/wp-json\/wp\/v2\/media\/1099"}],"wp:attachment":[{"href":"https:\/\/cloudsupplyvapes.com\/de\/wp-json\/wp\/v2\/media?parent=1069"}],"wp:term":[{"taxonomy":"product_brand","embeddable":true,"href":"https:\/\/cloudsupplyvapes.com\/de\/wp-json\/wp\/v2\/product_brand?post=1069"},{"taxonomy":"product_cat","embeddable":true,"href":"https:\/\/cloudsupplyvapes.com\/de\/wp-json\/wp\/v2\/product_cat?post=1069"},{"taxonomy":"product_tag","embeddable":true,"href":"https:\/\/cloudsupplyvapes.com\/de\/wp-json\/wp\/v2\/product_tag?post=1069"}],"curies":[{"name":"wp","href":"https:\/\/api.w.org\/{rel}","templated":true}]}}