{"id":1071,"date":"2024-10-19T02:17:30","date_gmt":"2024-10-19T02:17:30","guid":{"rendered":"https:\/\/cloudsupplyvapes.com\/?post_type=product&#038;p=1071"},"modified":"2024-11-26T09:00:13","modified_gmt":"2024-11-26T09:00:13","slug":"rm-legend-5000-puff-disposable-wholesale","status":"publish","type":"product","link":"https:\/\/cloudsupplyvapes.com\/de\/product\/rm-legend-5000-puff-disposable-wholesale\/","title":{"rendered":"R&amp;M LEGEND 5000 Puff Disposable Vape Gro\u00dfhandel hohe Kapazit\u00e4t Portable Vape"},"content":{"rendered":"<div>Geschmack:<\/div>\n<div>Urknall-Frucht<\/div>\n<div>Blue Razz Limonade Eis<\/div>\n<div>MAMBA<\/div>\n<div>Zuckerwatte<\/div>\n<div>\u00dcppiges Eis<\/div>\n<div>Himbeer-Erdbeer-Eis<\/div>\n<div><\/div>\n<div><\/div>\n<div>6% NIKOTIN<\/div>\n<div>5000 PUFFS<\/div>\n<div>12ML E-LIQUID<\/div>","protected":false},"excerpt":{"rendered":"<p>R&amp;M LEGEND 5000 Puff Disposable Vape Wholesale kombiniert hohe Kapazit\u00e4t, tragbare Konstruktion und sanfte Dampfabgabe f\u00fcr zuverl\u00e4ssige und zufriedenstellende Vaping-Sessions.<\/p>","protected":false},"featured_media":1101,"comment_status":"open","ping_status":"closed","template":"","meta":[],"product_brand":[],"product_cat":[481,22],"product_tag":[],"class_list":{"0":"post-1071","1":"product","2":"type-product","3":"status-publish","4":"has-post-thumbnail","6":"product_cat-bang","7":"product_cat-disposable-vape-sticks","9":"first","10":"instock","11":"shipping-taxable","12":"purchasable","13":"product-type-simple"},"jetpack_sharing_enabled":true,"tiered_pricing_type":"fixed","tiered_pricing_fixed_rules":[],"tiered_pricing_product_settings":{"layout":"default","base_unit_name":{"singular":null,"plural":null},"default_variation":null},"tiered_pricing_minimum_quantity":null,"tiered_pricing_roles_data":[],"tiered_pricing_percentage_rules":[],"tiered_pricing_maximum_quantity":null,"tiered_pricing_quantity_step":null,"_links":{"self":[{"href":"https:\/\/cloudsupplyvapes.com\/de\/wp-json\/wp\/v2\/product\/1071","targetHints":{"allow":["GET"]}}],"collection":[{"href":"https:\/\/cloudsupplyvapes.com\/de\/wp-json\/wp\/v2\/product"}],"about":[{"href":"https:\/\/cloudsupplyvapes.com\/de\/wp-json\/wp\/v2\/types\/product"}],"replies":[{"embeddable":true,"href":"https:\/\/cloudsupplyvapes.com\/de\/wp-json\/wp\/v2\/comments?post=1071"}],"wp:featuredmedia":[{"embeddable":true,"href":"https:\/\/cloudsupplyvapes.com\/de\/wp-json\/wp\/v2\/media\/1101"}],"wp:attachment":[{"href":"https:\/\/cloudsupplyvapes.com\/de\/wp-json\/wp\/v2\/media?parent=1071"}],"wp:term":[{"taxonomy":"product_brand","embeddable":true,"href":"https:\/\/cloudsupplyvapes.com\/de\/wp-json\/wp\/v2\/product_brand?post=1071"},{"taxonomy":"product_cat","embeddable":true,"href":"https:\/\/cloudsupplyvapes.com\/de\/wp-json\/wp\/v2\/product_cat?post=1071"},{"taxonomy":"product_tag","embeddable":true,"href":"https:\/\/cloudsupplyvapes.com\/de\/wp-json\/wp\/v2\/product_tag?post=1071"}],"curies":[{"name":"wp","href":"https:\/\/api.w.org\/{rel}","templated":true}]}}