{"id":1073,"date":"2024-10-19T02:17:30","date_gmt":"2024-10-19T02:17:30","guid":{"rendered":"https:\/\/cloudsupplyvapes.com\/?post_type=product&#038;p=1073"},"modified":"2024-11-26T09:03:07","modified_gmt":"2024-11-26T09:03:07","slug":"-33","status":"publish","type":"product","link":"https:\/\/cloudsupplyvapes.com\/de\/product\/lavie-bar-3000-puff-disposable-wholesale\/","title":{"rendered":"Lavie Bar 3000 Puff Einweg Vape Gro\u00dfhandel kompakte langlebige Design"},"content":{"rendered":"<table class=\"woocommerce-product-attributes shop_attributes\">\n<tbody>\n<tr class=\"woocommerce-product-attributes-item woocommerce-product-attributes-item--weight\">\n<th class=\"woocommerce-product-attributes-item__label\">GEWICHT<\/th>\n<td class=\"woocommerce-product-attributes-item__value\">0,0594 kg<\/td>\n<\/tr>\n<tr class=\"woocommerce-product-attributes-item woocommerce-product-attributes-item--dimensions\">\n<th class=\"woocommerce-product-attributes-item__label\">ABMESSUNGEN<\/th>\n<td class=\"woocommerce-product-attributes-item__value\">2,5 \u00d7 2,5 \u00d7 11,1 cm<\/td>\n<\/tr>\n<tr class=\"woocommerce-product-attributes-item woocommerce-product-attributes-item--attribute_pa_puffs\">\n<th class=\"woocommerce-product-attributes-item__label\">PUFFS<\/th>\n<td class=\"woocommerce-product-attributes-item__value\">3000<\/td>\n<\/tr>\n<tr class=\"woocommerce-product-attributes-item woocommerce-product-attributes-item--attribute_pa_salt-nicotine\">\n<th class=\"woocommerce-product-attributes-item__label\">SALZ NICOTIN<\/th>\n<td class=\"woocommerce-product-attributes-item__value\">0%,\u00a01%,\u00a02%,\u00a05%<\/td>\n<\/tr>\n<tr class=\"woocommerce-product-attributes-item woocommerce-product-attributes-item--attribute_pa_liquid\">\n<th class=\"woocommerce-product-attributes-item__label\">FL\u00dcSSIGKEIT<\/th>\n<td class=\"woocommerce-product-attributes-item__value\">10.2ML<\/td>\n<\/tr>\n<tr class=\"woocommerce-product-attributes-item woocommerce-product-attributes-item--attribute_pa_battery\">\n<th class=\"woocommerce-product-attributes-item__label\">BATTERIE<\/th>\n<td class=\"woocommerce-product-attributes-item__value\">650mAh<\/td>\n<\/tr>\n<tr class=\"woocommerce-product-attributes-item woocommerce-product-attributes-item--attribute_pa_rechargeable\">\n<th class=\"woocommerce-product-attributes-item__label\">RECHARGEABLE<\/th>\n<td class=\"woocommerce-product-attributes-item__value\">\u221a<\/td>\n<\/tr>\n<tr class=\"woocommerce-product-attributes-item woocommerce-product-attributes-item--attribute_pa_charging-port\">\n<th class=\"woocommerce-product-attributes-item__label\">LADUNGSVERBINDUNG<\/th>\n<td class=\"woocommerce-product-attributes-item__value\">Typ C<\/td>\n<\/tr>\n<\/tbody>\n<\/table>\n<h2><strong>Was ihn auszeichnet<\/strong><\/h2>\n<p>Lavie Bar 3000 ist die bunte Einweg vape mit sch\u00f6nen Backen Farbe Aussehen Prozess (einige mit Farbverlauf), ist es mit Mesh-Spule ausgestattet, so k\u00f6nnen wir mehr Anregung f\u00fchlen, wenn vaping. und wir haben speziell formuliert mehrere wunderbare Aromen nach diesem device.the Akku ist wiederaufladbar machen es dauern max 3000 Puffs.<\/p>","protected":false},"excerpt":{"rendered":"<p>Lavie Bar 3000 Puff Disposable Vape Wholesale bietet ein kompaktes und langlebiges Design, das eine gleichm\u00e4\u00dfige Dampfabgabe und einen problemlosen Betrieb f\u00fcr ein zuverl\u00e4ssiges Dampferlebnis erm\u00f6glicht.<\/p>","protected":false},"featured_media":1103,"comment_status":"open","ping_status":"closed","template":"","meta":[],"product_brand":[],"product_cat":[22],"product_tag":[],"class_list":{"0":"post-1073","1":"product","2":"type-product","3":"status-publish","4":"has-post-thumbnail","6":"product_cat-disposable-vape-sticks","8":"first","9":"instock","10":"shipping-taxable","11":"purchasable","12":"product-type-simple"},"jetpack_sharing_enabled":true,"tiered_pricing_type":"fixed","tiered_pricing_fixed_rules":{"1000":7,"5000":6.5,"10000":5.5,"30000":4.9000000000000003552713678800500929355621337890625},"tiered_pricing_product_settings":{"layout":"default","base_unit_name":{"singular":null,"plural":null},"default_variation":null},"tiered_pricing_minimum_quantity":100,"tiered_pricing_roles_data":[],"tiered_pricing_percentage_rules":[],"tiered_pricing_maximum_quantity":null,"tiered_pricing_quantity_step":null,"_links":{"self":[{"href":"https:\/\/cloudsupplyvapes.com\/de\/wp-json\/wp\/v2\/product\/1073","targetHints":{"allow":["GET"]}}],"collection":[{"href":"https:\/\/cloudsupplyvapes.com\/de\/wp-json\/wp\/v2\/product"}],"about":[{"href":"https:\/\/cloudsupplyvapes.com\/de\/wp-json\/wp\/v2\/types\/product"}],"replies":[{"embeddable":true,"href":"https:\/\/cloudsupplyvapes.com\/de\/wp-json\/wp\/v2\/comments?post=1073"}],"wp:featuredmedia":[{"embeddable":true,"href":"https:\/\/cloudsupplyvapes.com\/de\/wp-json\/wp\/v2\/media\/1103"}],"wp:attachment":[{"href":"https:\/\/cloudsupplyvapes.com\/de\/wp-json\/wp\/v2\/media?parent=1073"}],"wp:term":[{"taxonomy":"product_brand","embeddable":true,"href":"https:\/\/cloudsupplyvapes.com\/de\/wp-json\/wp\/v2\/product_brand?post=1073"},{"taxonomy":"product_cat","embeddable":true,"href":"https:\/\/cloudsupplyvapes.com\/de\/wp-json\/wp\/v2\/product_cat?post=1073"},{"taxonomy":"product_tag","embeddable":true,"href":"https:\/\/cloudsupplyvapes.com\/de\/wp-json\/wp\/v2\/product_tag?post=1073"}],"curies":[{"name":"wp","href":"https:\/\/api.w.org\/{rel}","templated":true}]}}