{"id":1110,"date":"2024-10-19T02:17:54","date_gmt":"2024-10-19T02:17:54","guid":{"rendered":"https:\/\/cloudsupplyvapes.com\/?post_type=product&#038;p=1110"},"modified":"2024-11-26T08:48:25","modified_gmt":"2024-11-26T08:48:25","slug":"rm-legend-10000-puff-einweg-groshandel","status":"publish","type":"product","link":"https:\/\/cloudsupplyvapes.com\/de\/product\/rm-legend-10000-puff-disposable-wholesale\/","title":{"rendered":"R&amp;M LEGEND 10000 Puff Disposable Vape Gro\u00dfhandel Einstellbare Airflow Portable Design"},"content":{"rendered":"<p>1. Gro\u00dfe Kapazit\u00e4t, 20ml, 10000 Z\u00fcge.<\/p>\n<p>2. Neueste Technologie Mesh-Spule, gro\u00dfe Wolke und gute Geschm\u00e4cker.<\/p>\n<p>3. Typ-C-Port wiederaufladbare Modell, dauerhaft kein Ende.<\/p>\n<p>4. Einstellbare drehbare Luftstromsteuerung, DIY vape Volumen.<\/p>\n<p>5. Lebensmittelqualit\u00e4t weiches Mundst\u00fcck, bequem und Stress zu entlasten.<\/p>\n<p>6. Beliebtes Design, Mode und cool.<\/p>\n<p>&nbsp;<\/p>\n<p><strong>\u00a0GESCHM\u00c4CKER:<\/strong><\/p>\n<p>1. himbeere heidelbeere brombeere<\/p>\n<p>2.traube himbeere schwarze johannisbeere<\/p>\n<p>3. die Kiwi-Passionsfrucht<\/p>\n<p>4. blaubeere sauer himbeere<\/p>\n<p>5. traubeneis<\/p>\n<p>6 Blaubeere auf Eis<\/p>\n<p>7. erdbeer-wassermelone<\/p>\n<p>8. die Urknallfr\u00fcchte<\/p>\n<p>9. gummib\u00e4rchen<\/p>\n<p>10. zuckerwatte<\/p>\n<p>11. schneebedecktes Eis<\/p>\n<p>12. \u00fcppiges Eis<\/p>\n<p><a href=\"https:\/\/i0.wp.com\/shop.vape.hk\/wp-content\/uploads\/2022\/10\/1-R-M-LEGEND-10K-POSTER-scaled.jpg?ssl=1\" target=\"_blank\" rel=\"noopener\"><img data-recalc-dims=\"1\" loading=\"lazy\" decoding=\"async\" class=\"alignnone size-full wp-image-114542\" src=\"https:\/\/i0.wp.com\/shop.vape.hk\/wp-content\/uploads\/2022\/10\/1-R-M-LEGEND-10K-POSTER-scaled.jpg?resize=1020%2C1385&#038;ssl=1\" alt=\"R&amp;M LEGEND 10000 Puff Einwegartikel | Gro\u00dfhandel\" width=\"1020\" height=\"1385\" title=\"\"><\/a><\/p>","protected":false},"excerpt":{"rendered":"<p>R&amp;M LEGEND 10000 Puff Disposable Vape Wholesale kombiniert einstellbaren Luftstrom, tragbare Konstruktion und sanfte Dampfproduktion f\u00fcr vielseitiges und angenehmes Dampfen.<\/p>","protected":false},"featured_media":1159,"comment_status":"open","ping_status":"closed","template":"","meta":[],"product_brand":[],"product_cat":[481,22],"product_tag":[],"class_list":{"0":"post-1110","1":"product","2":"type-product","3":"status-publish","4":"has-post-thumbnail","6":"product_cat-bang","7":"product_cat-disposable-vape-sticks","9":"first","10":"instock","11":"shipping-taxable","12":"purchasable","13":"product-type-simple"},"jetpack_sharing_enabled":true,"tiered_pricing_type":"fixed","tiered_pricing_fixed_rules":{"1000":19,"5000":17,"10000":15,"30000":12},"tiered_pricing_product_settings":{"layout":"default","base_unit_name":{"singular":null,"plural":null},"default_variation":null},"tiered_pricing_minimum_quantity":100,"tiered_pricing_roles_data":[],"tiered_pricing_percentage_rules":[],"tiered_pricing_maximum_quantity":null,"tiered_pricing_quantity_step":null,"_links":{"self":[{"href":"https:\/\/cloudsupplyvapes.com\/de\/wp-json\/wp\/v2\/product\/1110","targetHints":{"allow":["GET"]}}],"collection":[{"href":"https:\/\/cloudsupplyvapes.com\/de\/wp-json\/wp\/v2\/product"}],"about":[{"href":"https:\/\/cloudsupplyvapes.com\/de\/wp-json\/wp\/v2\/types\/product"}],"replies":[{"embeddable":true,"href":"https:\/\/cloudsupplyvapes.com\/de\/wp-json\/wp\/v2\/comments?post=1110"}],"wp:featuredmedia":[{"embeddable":true,"href":"https:\/\/cloudsupplyvapes.com\/de\/wp-json\/wp\/v2\/media\/1159"}],"wp:attachment":[{"href":"https:\/\/cloudsupplyvapes.com\/de\/wp-json\/wp\/v2\/media?parent=1110"}],"wp:term":[{"taxonomy":"product_brand","embeddable":true,"href":"https:\/\/cloudsupplyvapes.com\/de\/wp-json\/wp\/v2\/product_brand?post=1110"},{"taxonomy":"product_cat","embeddable":true,"href":"https:\/\/cloudsupplyvapes.com\/de\/wp-json\/wp\/v2\/product_cat?post=1110"},{"taxonomy":"product_tag","embeddable":true,"href":"https:\/\/cloudsupplyvapes.com\/de\/wp-json\/wp\/v2\/product_tag?post=1110"}],"curies":[{"name":"wp","href":"https:\/\/api.w.org\/{rel}","templated":true}]}}