{"id":1112,"date":"2024-10-19T02:17:54","date_gmt":"2024-10-19T02:17:54","guid":{"rendered":"https:\/\/cloudsupplyvapes.com\/?post_type=product&#038;p=1112"},"modified":"2024-11-26T08:58:29","modified_gmt":"2024-11-26T08:58:29","slug":"-34","status":"publish","type":"product","link":"https:\/\/cloudsupplyvapes.com\/de\/product\/rm-monster-7000-puff-disposable-wholesale\/","title":{"rendered":"R&amp;M MONSTER 7000 Einweg-Vape mit hoher Kapazit\u00e4t und langlebiger Konstruktion"},"content":{"rendered":"<p><strong>FEATURES:<\/strong><\/p>\n<p>1. 7000 Puffs in Cola-Dosenform, genie\u00dfen Sie das Sommergef\u00fchl.<\/p>\n<p>2. Mesh-Spule im Inneren, erstellen glatter und gr\u00f6\u00dfer Dampf.<\/p>\n<p>3. Wiederaufladbare Batterie mit Typ-C-Ladeanschluss, dauerhaft ohne Ende.<\/p>\n<p>4. Lanyard angepasst, leicht zu tragen \u00fcberall.<\/p>\n<p>5. Einzigartige Energie-Element-Design, mehr Mode, mehr attraktiv.<\/p>\n<p>Schmecken Sie unser Monster, jeder Moment ist voller Energie.<\/p>\n<p>&nbsp;<\/p>\n<p><strong>GESCHM\u00c4CKER:<\/strong><\/p>\n<p>1. blaubeer-himbeer-eis<\/p>\n<p>2. blaues Razzeis<\/p>\n<p>3. \u00fcppiges Eis<\/p>\n<p>4) Vanille-Erdbeer-Eis<\/p>\n<p>5. erdbeer-wassermelone<\/p>\n<p>6. energiehaltiges Getr\u00e4nk<\/p>\n<p>7. kiwi-drachenbeeren-eis<\/p>\n<p>8. schneebedecktes Eis<\/p>\n<p>9. kegelf\u00f6rmiges Eis<\/p>\n<p>10. schwarzer Drache Eis<\/p>\n<p>11. traubeneis<\/p>\n<p>12.Pfirsich-Mango-Eis<\/p>\n<p>13.Klar<\/p>","protected":false},"excerpt":{"rendered":"<p>Der R&amp;M MONSTER 7000 Puff Einweg-Vape-Grosshandel zeichnet sich durch eine hohe Kapazit\u00e4t, eine langlebige Konstruktion und eine gleichm\u00e4ssige Dampfabgabe aus - perfekt f\u00fcr ausgedehnte und befriedigende Vaping-Sessions.<\/p>","protected":false},"featured_media":1177,"comment_status":"open","ping_status":"closed","template":"","meta":[],"product_brand":[],"product_cat":[22],"product_tag":[],"class_list":{"0":"post-1112","1":"product","2":"type-product","3":"status-publish","4":"has-post-thumbnail","6":"product_cat-disposable-vape-sticks","8":"first","9":"instock","10":"shipping-taxable","11":"purchasable","12":"product-type-simple"},"jetpack_sharing_enabled":true,"tiered_pricing_type":"fixed","tiered_pricing_fixed_rules":{"1000":14,"5000":12,"10000":10,"30000":7},"tiered_pricing_product_settings":{"layout":"default","base_unit_name":{"singular":null,"plural":null},"default_variation":null},"tiered_pricing_minimum_quantity":100,"tiered_pricing_roles_data":[],"tiered_pricing_percentage_rules":[],"tiered_pricing_maximum_quantity":null,"tiered_pricing_quantity_step":null,"_links":{"self":[{"href":"https:\/\/cloudsupplyvapes.com\/de\/wp-json\/wp\/v2\/product\/1112","targetHints":{"allow":["GET"]}}],"collection":[{"href":"https:\/\/cloudsupplyvapes.com\/de\/wp-json\/wp\/v2\/product"}],"about":[{"href":"https:\/\/cloudsupplyvapes.com\/de\/wp-json\/wp\/v2\/types\/product"}],"replies":[{"embeddable":true,"href":"https:\/\/cloudsupplyvapes.com\/de\/wp-json\/wp\/v2\/comments?post=1112"}],"wp:featuredmedia":[{"embeddable":true,"href":"https:\/\/cloudsupplyvapes.com\/de\/wp-json\/wp\/v2\/media\/1177"}],"wp:attachment":[{"href":"https:\/\/cloudsupplyvapes.com\/de\/wp-json\/wp\/v2\/media?parent=1112"}],"wp:term":[{"taxonomy":"product_brand","embeddable":true,"href":"https:\/\/cloudsupplyvapes.com\/de\/wp-json\/wp\/v2\/product_brand?post=1112"},{"taxonomy":"product_cat","embeddable":true,"href":"https:\/\/cloudsupplyvapes.com\/de\/wp-json\/wp\/v2\/product_cat?post=1112"},{"taxonomy":"product_tag","embeddable":true,"href":"https:\/\/cloudsupplyvapes.com\/de\/wp-json\/wp\/v2\/product_tag?post=1112"}],"curies":[{"name":"wp","href":"https:\/\/api.w.org\/{rel}","templated":true}]}}