{"id":1116,"date":"2024-10-19T02:17:54","date_gmt":"2024-10-19T02:17:54","guid":{"rendered":"https:\/\/cloudsupplyvapes.com\/?post_type=product&#038;p=1116"},"modified":"2024-11-26T08:59:05","modified_gmt":"2024-11-26T08:59:05","slug":"-37","status":"publish","type":"product","link":"https:\/\/cloudsupplyvapes.com\/de\/product\/rm-legend-dragon-6000-puff-disposable-wholesale\/","title":{"rendered":"R&amp;M LEGEND DRAGON 6000 Puff Disposable Vape Gro\u00dfhandel stilvolle langlebige Vape"},"content":{"rendered":"<p><strong>Merkmale:<\/strong><\/p>\n<p>1.gro\u00dfe Kapazit\u00e4t 6600 Z\u00fcge, 5% Salz Nikotin<\/p>\n<p>2. Mesh-Spule mit 1.0\u03a9, glatter und gr\u00f6\u00dfer Dampf, erstellen Sie den reinsten Geschmack.<br \/>\n3. Bottom Luftstrom einstellbar, DIY Rauch Volumen.<br \/>\n4. Beliebte Drachen Kultur, machen Sie cool.<\/p>\n<p><strong>Geschm\u00e4cker:<\/strong><\/p>\n<div class=\"sliderTable mt10 mb10 sliderTable-index0 change-to-org\">\n<div class=\"inner\">\n<table width=\"833\">\n<tbody>\n<tr class=\"firstRow\">\n<td width=\"402\">Geschm\u00e4cker:<\/td>\n<td width=\"388\"><\/td>\n<\/tr>\n<tr>\n<td width=\"210\">Tropische Regenbogenexplosion<\/td>\n<td width=\"388\">Purpurner Regen<\/td>\n<\/tr>\n<tr>\n<td width=\"210\">Tigerblut<\/td>\n<td width=\"388\">Magischer Drache<\/td>\n<\/tr>\n<tr>\n<td width=\"210\">Erdbeereis<\/td>\n<td width=\"388\">\u00dcppiges Eis<\/td>\n<\/tr>\n<tr>\n<td width=\"210\">Skittlez<\/td>\n<td width=\"388\"><\/td>\n<\/tr>\n<tr>\n<td width=\"210\">Wassermelone Kaugummi<\/td>\n<td width=\"388\"><\/td>\n<\/tr>\n<tr>\n<td width=\"210\">Himbeer-Pfirsich-Eis<\/td>\n<td width=\"388\"><\/td>\n<\/tr>\n<tr>\n<td width=\"210\">Juwel Minze<\/td>\n<td width=\"388\"><\/td>\n<\/tr>\n<tr>\n<td width=\"210\">Bananeneis<\/td>\n<td width=\"388\"><\/td>\n<\/tr>\n<tr>\n<td width=\"210\">Kiwi-Drachenbeere<\/td>\n<\/tr>\n<\/tbody>\n<\/table>\n<\/div>\n<\/div>","protected":false},"excerpt":{"rendered":"<p>R&amp;M LEGEND DRAGON 6000 Puff Disposable Vape Wholesale zeichnet sich durch ein stilvolles Design, eine robuste Bauweise und eine gleichm\u00e4\u00dfige Dampfleistung f\u00fcr zufriedenstellendes und m\u00fcheloses Dampfen aus.<\/p>","protected":false},"featured_media":1218,"comment_status":"open","ping_status":"closed","template":"","meta":[],"product_brand":[],"product_cat":[22],"product_tag":[],"class_list":{"0":"post-1116","1":"product","2":"type-product","3":"status-publish","4":"has-post-thumbnail","6":"product_cat-disposable-vape-sticks","8":"first","9":"instock","10":"shipping-taxable","11":"purchasable","12":"product-type-simple"},"jetpack_sharing_enabled":true,"tiered_pricing_type":"fixed","tiered_pricing_fixed_rules":{"1000":13,"5000":12,"10000":10,"30000":8},"tiered_pricing_product_settings":{"layout":"default","base_unit_name":{"singular":null,"plural":null},"default_variation":null},"tiered_pricing_minimum_quantity":100,"tiered_pricing_roles_data":[],"tiered_pricing_percentage_rules":[],"tiered_pricing_maximum_quantity":null,"tiered_pricing_quantity_step":null,"_links":{"self":[{"href":"https:\/\/cloudsupplyvapes.com\/de\/wp-json\/wp\/v2\/product\/1116","targetHints":{"allow":["GET"]}}],"collection":[{"href":"https:\/\/cloudsupplyvapes.com\/de\/wp-json\/wp\/v2\/product"}],"about":[{"href":"https:\/\/cloudsupplyvapes.com\/de\/wp-json\/wp\/v2\/types\/product"}],"replies":[{"embeddable":true,"href":"https:\/\/cloudsupplyvapes.com\/de\/wp-json\/wp\/v2\/comments?post=1116"}],"wp:featuredmedia":[{"embeddable":true,"href":"https:\/\/cloudsupplyvapes.com\/de\/wp-json\/wp\/v2\/media\/1218"}],"wp:attachment":[{"href":"https:\/\/cloudsupplyvapes.com\/de\/wp-json\/wp\/v2\/media?parent=1116"}],"wp:term":[{"taxonomy":"product_brand","embeddable":true,"href":"https:\/\/cloudsupplyvapes.com\/de\/wp-json\/wp\/v2\/product_brand?post=1116"},{"taxonomy":"product_cat","embeddable":true,"href":"https:\/\/cloudsupplyvapes.com\/de\/wp-json\/wp\/v2\/product_cat?post=1116"},{"taxonomy":"product_tag","embeddable":true,"href":"https:\/\/cloudsupplyvapes.com\/de\/wp-json\/wp\/v2\/product_tag?post=1116"}],"curies":[{"name":"wp","href":"https:\/\/api.w.org\/{rel}","templated":true}]}}