{"id":1118,"date":"2024-10-19T02:17:54","date_gmt":"2024-10-19T02:17:54","guid":{"rendered":"https:\/\/cloudsupplyvapes.com\/?post_type=product&#038;p=1118"},"modified":"2024-11-26T08:59:16","modified_gmt":"2024-11-26T08:59:16","slug":"-38","status":"publish","type":"product","link":"https:\/\/cloudsupplyvapes.com\/de\/product\/rm-legend-5200-puff-disposable-wholesale\/","title":{"rendered":"R&amp;M LEGEND+ 5200 Puff Disposable Vape Grosshandel Leichtgewicht Langlebig Vape"},"content":{"rendered":"<p><strong>Merkmale:<\/strong><\/p>\n<p>1. Neueste Technologie Mesh-Spule mit 1.0\u03a9, glatter und gr\u00f6\u00dfer Dampf, erstellen Sie den reinsten Geschmack.<\/p>\n<p>2. Wiederaufladbare Batterie, brauchen Sie sich nicht zu sorgen, dass die Batterie bald leer ist.<\/p>\n<p>3. Nachf\u00fcllbar und ausgestattet 12.5ml importiert E-Fl\u00fcssigkeit, f\u00fcllen Sie es jederzeit und halten e Fl\u00fcssigkeit frisch. Und Sie k\u00f6nnen mehr E-Fl\u00fcssigkeit f\u00fcllen, wenn 12.5ml Gebrauch aus.<\/p>\n<p>4. Einzigartige MOD Gie\u00dfen mit visuellen \u00d6ltank, klassische Box mod Form, g\u00fcnstigen Preis, aber genie\u00dfen Sie ein Luxusgef\u00fchl.<\/p>\n<p>Besser als besser. R&amp;M BOX MAX, Ihr Vape-Ger\u00e4t der neuen Generation.<\/p>\n<p>&nbsp;<\/p>\n<p><strong>Liste der Geschmacksrichtungen:<\/strong><\/p>\n<p>1. blaues Raz-Eis<\/p>\n<p>2. \u00fcppiges Eis<\/p>\n<p>3. die Explosionsenergie<\/p>\n<p>4. neonfarbener Regen<\/p>\n<p>5. himbeer-erdbeer-eis<\/p>\n<p>6. erdbeer-wassermelone<\/p>\n<p>7.Juwel Minze<\/p>\n<p>8. frische Vanille<\/p>\n<p>9. blaubeer-minze<\/p>\n<p>10.Tropischer Schlag<\/p>\n<p>11. Pina-Colada-Eis<\/p>\n<p>12.Apfel-Shake<\/p>\n<p><a href=\"https:\/\/i0.wp.com\/shop.vape.hk\/wp-content\/uploads\/2022\/11\/changjingtu1.jpg?ssl=1\" target=\"_blank\" rel=\"noopener\"><img data-recalc-dims=\"1\" loading=\"lazy\" decoding=\"async\" class=\"alignnone size-full wp-image-115565\" src=\"https:\/\/i0.wp.com\/shop.vape.hk\/wp-content\/uploads\/2022\/11\/changjingtu1.jpg?resize=800%2C800&#038;ssl=1\" alt=\"R&amp;M LEGEND+ 5200 Puff Einwegartikel | Grosshandel\" width=\"800\" height=\"800\" title=\"\"><\/a><\/p>","protected":false},"excerpt":{"rendered":"<p>R&amp;M LEGEND+ 5200 Puff Disposable Vape Wholesale kombiniert eine leichte Konstruktion, einen langlebigen Akku und eine konstante Dampfabgabe f\u00fcr zuverl\u00e4ssiges und tragbares Dampfen.<\/p>","protected":false},"featured_media":1226,"comment_status":"open","ping_status":"closed","template":"","meta":[],"product_brand":[],"product_cat":[22],"product_tag":[],"class_list":{"0":"post-1118","1":"product","2":"type-product","3":"status-publish","4":"has-post-thumbnail","6":"product_cat-disposable-vape-sticks","8":"first","9":"instock","10":"shipping-taxable","11":"purchasable","12":"product-type-simple"},"jetpack_sharing_enabled":true,"tiered_pricing_type":"fixed","tiered_pricing_fixed_rules":{"1000":12,"5000":11,"10000":9,"30000":7},"tiered_pricing_product_settings":{"layout":"default","base_unit_name":{"singular":null,"plural":null},"default_variation":null},"tiered_pricing_minimum_quantity":100,"tiered_pricing_roles_data":[],"tiered_pricing_percentage_rules":[],"tiered_pricing_maximum_quantity":null,"tiered_pricing_quantity_step":null,"_links":{"self":[{"href":"https:\/\/cloudsupplyvapes.com\/de\/wp-json\/wp\/v2\/product\/1118","targetHints":{"allow":["GET"]}}],"collection":[{"href":"https:\/\/cloudsupplyvapes.com\/de\/wp-json\/wp\/v2\/product"}],"about":[{"href":"https:\/\/cloudsupplyvapes.com\/de\/wp-json\/wp\/v2\/types\/product"}],"replies":[{"embeddable":true,"href":"https:\/\/cloudsupplyvapes.com\/de\/wp-json\/wp\/v2\/comments?post=1118"}],"wp:featuredmedia":[{"embeddable":true,"href":"https:\/\/cloudsupplyvapes.com\/de\/wp-json\/wp\/v2\/media\/1226"}],"wp:attachment":[{"href":"https:\/\/cloudsupplyvapes.com\/de\/wp-json\/wp\/v2\/media?parent=1118"}],"wp:term":[{"taxonomy":"product_brand","embeddable":true,"href":"https:\/\/cloudsupplyvapes.com\/de\/wp-json\/wp\/v2\/product_brand?post=1118"},{"taxonomy":"product_cat","embeddable":true,"href":"https:\/\/cloudsupplyvapes.com\/de\/wp-json\/wp\/v2\/product_cat?post=1118"},{"taxonomy":"product_tag","embeddable":true,"href":"https:\/\/cloudsupplyvapes.com\/de\/wp-json\/wp\/v2\/product_tag?post=1118"}],"curies":[{"name":"wp","href":"https:\/\/api.w.org\/{rel}","templated":true}]}}