{"id":1126,"date":"2024-10-19T02:17:55","date_gmt":"2024-10-19T02:17:55","guid":{"rendered":"https:\/\/cloudsupplyvapes.com\/?post_type=product&#038;p=1126"},"modified":"2024-11-26T08:47:56","modified_gmt":"2024-11-26T08:47:56","slug":"rm-paradise-8000-puffs-einweg-vape-groshandel","status":"publish","type":"product","link":"https:\/\/cloudsupplyvapes.com\/de\/product\/rm-paradise-8000-puffs-disposable-vape-wholesale\/","title":{"rendered":"R&amp;M PARADISE 8000 Puffs Disposable Vape Gro\u00dfhandel kompakte hohe Kapazit\u00e4t Vape"},"content":{"rendered":"<p>R&amp;M PARADISE 8000 ist ein wiederaufladbarer Einweg-Vape mit stilvollem Design und beliebten Monsterelementen. Er verf\u00fcgt \u00fcber einen eingebauten 600-mAh-Hochleistungsakku und 15 ml E-Liquid-\u00d6l-Kapazit\u00e4t f\u00fcr 8000 Z\u00fcge, die Ihnen den ultimativen Genuss mit jedem Zug bieten.<\/p>\n<p>&nbsp;<\/p>\n<h2>R&amp;M PARADISE 8000 Vorteil<\/h2>\n<p>1.latest 8000 Puffs \u00d6l-Spule Getrennte Struktur, mit flacher Spitze, genie\u00dfen Sie k\u00fchler vape Erfahrung.<\/p>\n<p>2. vorgef\u00fcllte visuelle Tank mit RGB-Blitzlicht implantiert, klar vaping und k\u00fchlen visuellen Fest.<\/p>\n<p>3. neueste Technologie Mesh-Spule, erstellen glatter und gr\u00f6\u00dfer Dampf.<\/p>\n<p>4. unten Typ-c-Anschluss und drehbare einstellbare Luftstromsteuerung, perfekte Funktionalit\u00e4t.<\/p>\n<p>5. beliebte Monsterelemente, Mode und Highlights.<\/p>\n<p>&nbsp;<\/p>\n<h2>R&amp;M PARADISE 8K, bringt Ihnen das Vergn\u00fcgen und den Genuss des Paradieses.<\/h2>\n<p>1.Salz Nikotin: 5% \/2%\/3%0%<\/p>\n<p>2. 8000 Z\u00fcge<\/p>\n<p>3. die Kapazit\u00e4t: 15ml e Fl\u00fcssigkeit<\/p>\n<p>4.600mAh wiederaufladbare Batterie mit Typ-C-Anschluss<\/p>\n<p>5. untere Luftstromregelung<\/p>\n<p>6. RGB-Blitzlicht<\/p>\n<p>7.10 St\u00fcck in einer Display-Box, 200 St\u00fcck Master-Koffer<\/p>\n<p>&nbsp;<\/p>\n<h2>Geschm\u00e4cker<\/h2>\n<p>Beeren-Fusion-Eis<\/p>\n<p>Wassermelone Eis<\/p>\n<p>Pfirsich Mango Ananas<\/p>\n<p>Himbeer-Erdbeer-Eis<\/p>\n<p>Himbeer-Pfirsich-Eis<\/p>\n<p>Eiskonus-Eis<\/p>\n<p>Blaues Razzeis<\/p>\n<p>Mamba<\/p>\n<p>Tropischer Punsch<\/p>\n<p>Kiwi-Drachenbeere<\/p>\n<p>&nbsp;<\/p>\n<h2>Verpackung &amp; Gewicht<\/h2>\n<p>0.093KG\/PCS, einzeln mit kleiner Verpackung, 10 St\u00fcck in einer mittleren Schachtel.<\/p>\n<p>200PCS im Umkarton, 18,5KG.<\/p>\n<p><a href=\"https:\/\/i0.wp.com\/www.disposablevapeswholesale.com\/wp-content\/uploads\/2022\/10\/RM-PARADISE-8000-Puffs-Disposable-Vape-Wholesale.jpg?ssl=1\" target=\"_blank\" rel=\"noopener\"><img data-recalc-dims=\"1\" loading=\"lazy\" decoding=\"async\" class=\"alignnone size-full wp-image-5226\" title=\"RM PARADISE 8000 Puffs Einweg Vape Gro\u00dfhandel\" src=\"https:\/\/i0.wp.com\/www.disposablevapeswholesale.com\/wp-content\/uploads\/2022\/10\/RM-PARADISE-8000-Puffs-Disposable-Vape-Wholesale.jpg?resize=800%2C1085&#038;ssl=1\" alt=\"RM PARADISE 8000 Puffs Einweg Vape Gro\u00dfhandel\" width=\"800\" height=\"1085\" \/><\/a> <a href=\"https:\/\/i0.wp.com\/www.disposablevapeswholesale.com\/wp-content\/uploads\/2022\/10\/RM-PARADISE-8000-Puffs-Disposable-Vape-Wholesale-10-Flavors.jpg?ssl=1\" target=\"_blank\" rel=\"noopener\"><img data-recalc-dims=\"1\" loading=\"lazy\" decoding=\"async\" class=\"alignnone size-full wp-image-5209\" title=\"RM PARADISE 8000 Puffs Einweg Vape Gro\u00dfhandel 10 Geschmacksrichtungen\" src=\"https:\/\/i0.wp.com\/www.disposablevapeswholesale.com\/wp-content\/uploads\/2022\/10\/RM-PARADISE-8000-Puffs-Disposable-Vape-Wholesale-10-Flavors.jpg?resize=800%2C1085&#038;ssl=1\" alt=\"RM PARADISE 8000 Puffs Einweg Vape Gro\u00dfhandel 10 Geschmacksrichtungen\" width=\"800\" height=\"1085\" \/><\/a> <a href=\"https:\/\/i0.wp.com\/www.disposablevapeswholesale.com\/wp-content\/uploads\/2022\/10\/RM-PARADISE-8000-Puffs-Disposable-Vape-Wholesale-6-Flavors.jpg?ssl=1\" target=\"_blank\" rel=\"noopener\"><img data-recalc-dims=\"1\" loading=\"lazy\" decoding=\"async\" class=\"alignnone size-full wp-image-5208\" title=\"RM PARADISE 8000 Puffs Einweg Vape Gro\u00dfhandel 6 Geschmacksrichtungen\" src=\"https:\/\/i0.wp.com\/www.disposablevapeswholesale.com\/wp-content\/uploads\/2022\/10\/RM-PARADISE-8000-Puffs-Disposable-Vape-Wholesale-6-Flavors.jpg?resize=800%2C1085&#038;ssl=1\" alt=\"RM PARADISE 8000 Puffs Einweg Vape Gro\u00dfhandel 6 Geschmacksrichtungen\" width=\"800\" height=\"1085\" \/><\/a> <a href=\"https:\/\/i0.wp.com\/www.disposablevapeswholesale.com\/wp-content\/uploads\/2022\/10\/RM-PARADISE-8000-Puffs-Disposable-Vape-Wholesale-Package.jpg?ssl=1\" target=\"_blank\" rel=\"noopener\"><img data-recalc-dims=\"1\" loading=\"lazy\" decoding=\"async\" class=\"alignnone size-full wp-image-5217\" title=\"RM PARADISE 8000 Puffs Einweg Vape Gro\u00dfhandelspaket\" src=\"https:\/\/i0.wp.com\/www.disposablevapeswholesale.com\/wp-content\/uploads\/2022\/10\/RM-PARADISE-8000-Puffs-Disposable-Vape-Wholesale-Package.jpg?resize=800%2C800&#038;ssl=1\" alt=\"RM PARADISE 8000 Puffs Einweg Vape Gro\u00dfhandelspaket\" width=\"800\" height=\"800\" \/><\/a> <a href=\"https:\/\/i0.wp.com\/www.disposablevapeswholesale.com\/wp-content\/uploads\/2022\/10\/RM-PARADISE-8000-Puffs-Disposable-Vape-Wholesale-All-Flavors.jpg?ssl=1\" target=\"_blank\" rel=\"noopener\"><img data-recalc-dims=\"1\" loading=\"lazy\" decoding=\"async\" class=\"alignnone size-full wp-image-5210\" title=\"RM PARADISE 8000 Puffs Einweg Vape Gro\u00dfhandel alle Aromen\" src=\"https:\/\/i0.wp.com\/www.disposablevapeswholesale.com\/wp-content\/uploads\/2022\/10\/RM-PARADISE-8000-Puffs-Disposable-Vape-Wholesale-All-Flavors.jpg?resize=800%2C640&#038;ssl=1\" alt=\"RM PARADISE 8000 Puffs Einweg Vape Gro\u00dfhandel alle Aromen\" width=\"800\" height=\"640\" \/><\/a> <a href=\"https:\/\/i0.wp.com\/www.disposablevapeswholesale.com\/wp-content\/uploads\/2022\/10\/RM-PARADISE-8000-Puffs-Disposable-Vape-Wholesale-3-Flavors.jpg?ssl=1\" target=\"_blank\" rel=\"noopener\"><img data-recalc-dims=\"1\" loading=\"lazy\" decoding=\"async\" class=\"alignnone size-full wp-image-5207\" title=\"RM PARADISE 8000 Puffs Einweg Vape Gro\u00dfhandel 3 Geschmacksrichtungen\" src=\"https:\/\/i0.wp.com\/www.disposablevapeswholesale.com\/wp-content\/uploads\/2022\/10\/RM-PARADISE-8000-Puffs-Disposable-Vape-Wholesale-3-Flavors.jpg?resize=800%2C800&#038;ssl=1\" alt=\"RM PARADISE 8000 Puffs Einweg Vape Gro\u00dfhandel 3 Geschmacksrichtungen\" width=\"800\" height=\"800\" \/><\/a> <a href=\"https:\/\/i0.wp.com\/www.disposablevapeswholesale.com\/wp-content\/uploads\/2022\/10\/RM-PARADISE-8000-Puffs-Disposable-Vape-Wholesale-2-Flavors.jpg?ssl=1\" target=\"_blank\" rel=\"noopener\"><img data-recalc-dims=\"1\" loading=\"lazy\" decoding=\"async\" class=\"alignnone size-full wp-image-5206\" title=\"RM PARADISE 8000 Puffs Einweg Vape Gro\u00dfhandel 2 Geschmacksrichtungen\" src=\"https:\/\/i0.wp.com\/www.disposablevapeswholesale.com\/wp-content\/uploads\/2022\/10\/RM-PARADISE-8000-Puffs-Disposable-Vape-Wholesale-2-Flavors.jpg?resize=800%2C800&#038;ssl=1\" alt=\"RM PARADISE 8000 Puffs Einweg Vape Gro\u00dfhandel 2 Geschmacksrichtungen\" width=\"800\" height=\"800\" \/><\/a> <a href=\"https:\/\/i0.wp.com\/www.disposablevapeswholesale.com\/wp-content\/uploads\/2022\/10\/RM-PARADISE-8000-Puffs-Disposable-Vape-Wholesale-Flavors.jpg?ssl=1\" target=\"_blank\" rel=\"noopener\"><img data-recalc-dims=\"1\" loading=\"lazy\" decoding=\"async\" class=\"alignnone size-full wp-image-5214\" title=\"RM PARADISE 8000 Puffs Einweg Vape Gro\u00dfhandel Aromen\" src=\"https:\/\/i0.wp.com\/www.disposablevapeswholesale.com\/wp-content\/uploads\/2022\/10\/RM-PARADISE-8000-Puffs-Disposable-Vape-Wholesale-Flavors.jpg?resize=800%2C800&#038;ssl=1\" alt=\"RM PARADISE 8000 Puffs Einweg Vape Gro\u00dfhandel Aromen\" width=\"800\" height=\"800\" \/><\/a> <a href=\"https:\/\/i0.wp.com\/www.disposablevapeswholesale.com\/wp-content\/uploads\/2022\/10\/RM-PARADISE-8000-Puffs-Disposable-Vape-Wholesale-Describe.jpg?ssl=1\" target=\"_blank\" rel=\"noopener\"><img data-recalc-dims=\"1\" loading=\"lazy\" decoding=\"async\" class=\"alignnone size-full wp-image-5213\" title=\"RM PARADISE 8000 Puffs Einweg Vape Gro\u00dfhandel Beschreiben\" src=\"https:\/\/i0.wp.com\/www.disposablevapeswholesale.com\/wp-content\/uploads\/2022\/10\/RM-PARADISE-8000-Puffs-Disposable-Vape-Wholesale-Describe.jpg?resize=800%2C800&#038;ssl=1\" alt=\"RM PARADISE 8000 Puffs Einweg Vape Gro\u00dfhandel Beschreiben\" width=\"800\" height=\"800\" \/><\/a><\/p>\n<p><a href=\"https:\/\/i0.wp.com\/www.disposablevapeswholesale.com\/wp-content\/uploads\/2022\/10\/RM-PARADISE-8000-Puffs-Disposable-Vape-Wholesale-Watermelon-Ice-Package.jpg?ssl=1\" target=\"_blank\" rel=\"noopener\"><img data-recalc-dims=\"1\" loading=\"lazy\" decoding=\"async\" class=\"alignnone size-full wp-image-5224\" title=\"RM PARADISE 8000 Puffs Einweg Vape Gro\u00dfhandel Wassermelone Eis Paket\" src=\"https:\/\/i0.wp.com\/www.disposablevapeswholesale.com\/wp-content\/uploads\/2022\/10\/RM-PARADISE-8000-Puffs-Disposable-Vape-Wholesale-Watermelon-Ice-Package.jpg?resize=800%2C800&#038;ssl=1\" alt=\"RM PARADISE 8000 Puffs Einweg Vape Gro\u00dfhandel Wassermelone Eis Paket\" width=\"800\" height=\"800\" \/><\/a> <a href=\"https:\/\/i0.wp.com\/www.disposablevapeswholesale.com\/wp-content\/uploads\/2022\/10\/RM-PARADISE-8000-Puffs-Disposable-Vape-Wholesale-Peach-Mango-Pineapple.jpg?ssl=1\" target=\"_blank\" rel=\"noopener\"><img data-recalc-dims=\"1\" loading=\"lazy\" decoding=\"async\" class=\"alignnone size-full wp-image-5218\" title=\"RM PARADISE 8000 Puffs Einweg Vape Gro\u00dfhandel Pfirsich Mango Ananas\" src=\"https:\/\/i0.wp.com\/www.disposablevapeswholesale.com\/wp-content\/uploads\/2022\/10\/RM-PARADISE-8000-Puffs-Disposable-Vape-Wholesale-Peach-Mango-Pineapple.jpg?resize=800%2C599&#038;ssl=1\" alt=\"RM PARADISE 8000 Puffs Einweg Vape Gro\u00dfhandel Pfirsich Mango Ananas\" width=\"800\" height=\"599\" \/><\/a> <a href=\"https:\/\/i0.wp.com\/www.disposablevapeswholesale.com\/wp-content\/uploads\/2022\/10\/RM-PARADISE-8000-Puffs-Disposable-Vape-Wholesale-Raspberry-Strawberry-Ice-Package.jpg?ssl=1\" target=\"_blank\" rel=\"noopener\"><img data-recalc-dims=\"1\" loading=\"lazy\" decoding=\"async\" class=\"alignnone size-full wp-image-5220\" title=\"RM PARADISE 8000 Puffs Einweg Vape Gro\u00dfhandel Himbeere Erdbeere Eis Paket\" src=\"https:\/\/i0.wp.com\/www.disposablevapeswholesale.com\/wp-content\/uploads\/2022\/10\/RM-PARADISE-8000-Puffs-Disposable-Vape-Wholesale-Raspberry-Strawberry-Ice-Package.jpg?resize=800%2C800&#038;ssl=1\" alt=\"RM PARADISE 8000 Puffs Einweg Vape Gro\u00dfhandel Himbeere Erdbeere Eis Paket\" width=\"800\" height=\"800\" \/><\/a> <a href=\"https:\/\/i0.wp.com\/www.disposablevapeswholesale.com\/wp-content\/uploads\/2022\/10\/RM-PARADISE-8000-Puffs-Disposable-Vape-Wholesale-Watermelon-Ice.jpg?ssl=1\" target=\"_blank\" rel=\"noopener\"><img data-recalc-dims=\"1\" loading=\"lazy\" decoding=\"async\" class=\"alignnone size-full wp-image-5225\" title=\"RM PARADISE 8000 Puffs Einweg Vape Gro\u00dfhandel Wassermelone Eis\" src=\"https:\/\/i0.wp.com\/www.disposablevapeswholesale.com\/wp-content\/uploads\/2022\/10\/RM-PARADISE-8000-Puffs-Disposable-Vape-Wholesale-Watermelon-Ice.jpg?resize=800%2C800&#038;ssl=1\" alt=\"RM PARADISE 8000 Puffs Einweg Vape Gro\u00dfhandel Wassermelone Eis\" width=\"800\" height=\"800\" \/><\/a> <a href=\"https:\/\/i0.wp.com\/www.disposablevapeswholesale.com\/wp-content\/uploads\/2022\/10\/RM-PARADISE-8000-Puffs-Disposable-Vape-Wholesale-Tropical-Punch.jpg?ssl=1\" target=\"_blank\" rel=\"noopener\"><img data-recalc-dims=\"1\" loading=\"lazy\" decoding=\"async\" class=\"alignnone size-full wp-image-5223\" title=\"RM PARADISE 8000 Puffs Einweg Vape Gro\u00dfhandel Tropical Punch\" src=\"https:\/\/i0.wp.com\/www.disposablevapeswholesale.com\/wp-content\/uploads\/2022\/10\/RM-PARADISE-8000-Puffs-Disposable-Vape-Wholesale-Tropical-Punch.jpg?resize=800%2C800&#038;ssl=1\" alt=\"RM PARADISE 8000 Puffs Einweg Vape Gro\u00dfhandel Tropical Punch\" width=\"800\" height=\"800\" \/><\/a> <a href=\"https:\/\/i0.wp.com\/www.disposablevapeswholesale.com\/wp-content\/uploads\/2022\/10\/RM-PARADISE-8000-Puffs-Disposable-Vape-Wholesale-Snow-Cone-Ice.jpg?ssl=1\" target=\"_blank\" rel=\"noopener\"><img data-recalc-dims=\"1\" loading=\"lazy\" decoding=\"async\" class=\"alignnone size-full wp-image-5222\" title=\"RM PARADISE 8000 Puffs Einweg Vape Gro\u00dfhandel Schnee Kegel Eis\" src=\"https:\/\/i0.wp.com\/www.disposablevapeswholesale.com\/wp-content\/uploads\/2022\/10\/RM-PARADISE-8000-Puffs-Disposable-Vape-Wholesale-Snow-Cone-Ice.jpg?resize=800%2C800&#038;ssl=1\" alt=\"RM PARADISE 8000 Puffs Einweg Vape Gro\u00dfhandel Schnee Kegel Eis\" width=\"800\" height=\"800\" \/><\/a> <a href=\"https:\/\/i0.wp.com\/www.disposablevapeswholesale.com\/wp-content\/uploads\/2022\/10\/RM-PARADISE-8000-Puffs-Disposable-Vape-Wholesale-Raspberry-Strawberry-Ice.jpg?ssl=1\" target=\"_blank\" rel=\"noopener\"><img data-recalc-dims=\"1\" loading=\"lazy\" decoding=\"async\" class=\"alignnone size-full wp-image-5221\" title=\"RM PARADISE 8000 Puffs Einweg Vape Gro\u00dfhandel Himbeere Erdbeere Eis\" src=\"https:\/\/i0.wp.com\/www.disposablevapeswholesale.com\/wp-content\/uploads\/2022\/10\/RM-PARADISE-8000-Puffs-Disposable-Vape-Wholesale-Raspberry-Strawberry-Ice.jpg?resize=800%2C800&#038;ssl=1\" alt=\"RM PARADISE 8000 Puffs Einweg Vape Gro\u00dfhandel Himbeere Erdbeere Eis\" width=\"800\" height=\"800\" \/><\/a> <a href=\"https:\/\/i0.wp.com\/www.disposablevapeswholesale.com\/wp-content\/uploads\/2022\/10\/RM-PARADISE-8000-Puffs-Disposable-Vape-Wholesale-Raspberry-Peach-Ice.jpg?ssl=1\" target=\"_blank\" rel=\"noopener\"><img data-recalc-dims=\"1\" loading=\"lazy\" decoding=\"async\" class=\"alignnone size-full wp-image-5219\" title=\"RM PARADISE 8000 Puffs Einweg Vape Gro\u00dfhandel Himbeere Pfirsich Eis\" src=\"https:\/\/i0.wp.com\/www.disposablevapeswholesale.com\/wp-content\/uploads\/2022\/10\/RM-PARADISE-8000-Puffs-Disposable-Vape-Wholesale-Raspberry-Peach-Ice.jpg?resize=800%2C800&#038;ssl=1\" alt=\"RM PARADISE 8000 Puffs Einweg Vape Gro\u00dfhandel Himbeere Pfirsich Eis\" width=\"800\" height=\"800\" \/><\/a> <a href=\"https:\/\/i0.wp.com\/www.disposablevapeswholesale.com\/wp-content\/uploads\/2022\/10\/RM-PARADISE-8000-Puffs-Disposable-Vape-Wholesale-Mamba.jpg?ssl=1\" target=\"_blank\" rel=\"noopener\"><img data-recalc-dims=\"1\" loading=\"lazy\" decoding=\"async\" class=\"alignnone size-full wp-image-5216\" title=\"RM PARADISE 8000 Puffs Einweg Vape Gro\u00dfhandel Mamba\" src=\"https:\/\/i0.wp.com\/www.disposablevapeswholesale.com\/wp-content\/uploads\/2022\/10\/RM-PARADISE-8000-Puffs-Disposable-Vape-Wholesale-Mamba.jpg?resize=800%2C800&#038;ssl=1\" alt=\"RM PARADISE 8000 Puffs Einweg Vape Gro\u00dfhandel Mamba\" width=\"800\" height=\"800\" \/><\/a> <a href=\"https:\/\/i0.wp.com\/www.disposablevapeswholesale.com\/wp-content\/uploads\/2022\/10\/RM-PARADISE-8000-Puffs-Disposable-Vape-Wholesale-Kiwi-dragon-berry.jpg?ssl=1\" target=\"_blank\" rel=\"noopener\"><img data-recalc-dims=\"1\" loading=\"lazy\" decoding=\"async\" class=\"alignnone size-full wp-image-5215\" title=\"RM PARADISE 8000 Puffs Einweg Vape Gro\u00dfhandel Kiwi dragon berry\" src=\"https:\/\/i0.wp.com\/www.disposablevapeswholesale.com\/wp-content\/uploads\/2022\/10\/RM-PARADISE-8000-Puffs-Disposable-Vape-Wholesale-Kiwi-dragon-berry.jpg?resize=800%2C800&#038;ssl=1\" alt=\"RM PARADISE 8000 Puffs Einweg Vape Gro\u00dfhandel Kiwi dragon berry\" width=\"800\" height=\"800\" \/><\/a> <a href=\"https:\/\/i0.wp.com\/www.disposablevapeswholesale.com\/wp-content\/uploads\/2022\/10\/RM-PARADISE-8000-Puffs-Disposable-Vape-Wholesale-Blue-Razz-Ice.jpg?ssl=1\" target=\"_blank\" rel=\"noopener\"><img data-recalc-dims=\"1\" loading=\"lazy\" decoding=\"async\" class=\"alignnone size-full wp-image-5212\" title=\"RM PARADISE 8000 Puffs Einweg Vape Gro\u00dfhandel Blau Razz Ice\" src=\"https:\/\/i0.wp.com\/www.disposablevapeswholesale.com\/wp-content\/uploads\/2022\/10\/RM-PARADISE-8000-Puffs-Disposable-Vape-Wholesale-Blue-Razz-Ice.jpg?resize=800%2C800&#038;ssl=1\" alt=\"RM PARADISE 8000 Puffs Einweg Vape Gro\u00dfhandel Blau Razz Ice\" width=\"800\" height=\"800\" \/><\/a> <a href=\"https:\/\/i0.wp.com\/www.disposablevapeswholesale.com\/wp-content\/uploads\/2022\/10\/RM-PARADISE-8000-Puffs-Disposable-Vape-Wholesale-Berry-Fusion-Ice.jpg?ssl=1\" target=\"_blank\" rel=\"noopener\"><img data-recalc-dims=\"1\" loading=\"lazy\" decoding=\"async\" class=\"alignnone size-full wp-image-5211\" title=\"RM PARADISE 8000 Puffs Einweg Vape Gro\u00dfhandel Berry Fusion Ice\" src=\"https:\/\/i0.wp.com\/www.disposablevapeswholesale.com\/wp-content\/uploads\/2022\/10\/RM-PARADISE-8000-Puffs-Disposable-Vape-Wholesale-Berry-Fusion-Ice.jpg?resize=800%2C800&#038;ssl=1\" alt=\"RM PARADISE 8000 Puffs Einweg Vape Gro\u00dfhandel Berry Fusion Ice\" width=\"800\" height=\"800\" \/><\/a><\/p>","protected":false},"excerpt":{"rendered":"<p>R&amp;M PARADISE 8000 Puffs Disposable Vape Wholesale bietet ein kompaktes Design, eine hohe Kapazit\u00e4t und eine sanfte Dampfabgabe, die zuverl\u00e4ssige und angenehme Vaping-Sessions garantiert.<\/p>","protected":false},"featured_media":1290,"comment_status":"closed","ping_status":"closed","template":"","meta":[],"product_brand":[],"product_cat":[22],"product_tag":[272,60,273,256],"class_list":{"0":"post-1126","1":"product","2":"type-product","3":"status-publish","4":"has-post-thumbnail","6":"product_cat-disposable-vape-sticks","7":"product_tag-8000-puffs","8":"product_tag-disposable-vapes","9":"product_tag-rm-paradise","10":"product_tag-wholesale","12":"first","13":"instock","14":"shipping-taxable","15":"purchasable","16":"product-type-simple"},"jetpack_sharing_enabled":true,"tiered_pricing_type":"fixed","tiered_pricing_fixed_rules":{"5000":7,"10000":6,"50000":5},"tiered_pricing_product_settings":{"layout":"default","base_unit_name":{"singular":null,"plural":null},"default_variation":null},"tiered_pricing_minimum_quantity":60,"tiered_pricing_roles_data":[],"tiered_pricing_percentage_rules":[],"tiered_pricing_maximum_quantity":null,"tiered_pricing_quantity_step":null,"_links":{"self":[{"href":"https:\/\/cloudsupplyvapes.com\/de\/wp-json\/wp\/v2\/product\/1126","targetHints":{"allow":["GET"]}}],"collection":[{"href":"https:\/\/cloudsupplyvapes.com\/de\/wp-json\/wp\/v2\/product"}],"about":[{"href":"https:\/\/cloudsupplyvapes.com\/de\/wp-json\/wp\/v2\/types\/product"}],"replies":[{"embeddable":true,"href":"https:\/\/cloudsupplyvapes.com\/de\/wp-json\/wp\/v2\/comments?post=1126"}],"wp:featuredmedia":[{"embeddable":true,"href":"https:\/\/cloudsupplyvapes.com\/de\/wp-json\/wp\/v2\/media\/1290"}],"wp:attachment":[{"href":"https:\/\/cloudsupplyvapes.com\/de\/wp-json\/wp\/v2\/media?parent=1126"}],"wp:term":[{"taxonomy":"product_brand","embeddable":true,"href":"https:\/\/cloudsupplyvapes.com\/de\/wp-json\/wp\/v2\/product_brand?post=1126"},{"taxonomy":"product_cat","embeddable":true,"href":"https:\/\/cloudsupplyvapes.com\/de\/wp-json\/wp\/v2\/product_cat?post=1126"},{"taxonomy":"product_tag","embeddable":true,"href":"https:\/\/cloudsupplyvapes.com\/de\/wp-json\/wp\/v2\/product_tag?post=1126"}],"curies":[{"name":"wp","href":"https:\/\/api.w.org\/{rel}","templated":true}]}}