{"id":1127,"date":"2024-10-19T02:17:55","date_gmt":"2024-10-19T02:17:55","guid":{"rendered":"https:\/\/cloudsupplyvapes.com\/?post_type=product&#038;p=1127"},"modified":"2024-11-26T08:48:11","modified_gmt":"2024-11-26T08:48:11","slug":"-42","status":"publish","type":"product","link":"https:\/\/cloudsupplyvapes.com\/de\/product\/rm-legend-10k-puffs-disposable-vape-wholesale\/","title":{"rendered":"R&amp;M LEGEND 10K Puffs Disposable Vape Gro\u00dfhandel hohe Kapazit\u00e4t langlebiges Design"},"content":{"rendered":"<p>Der R&amp;M LEGEND 10K ist ein kompakter Einwegdampfer mit einem flaschenf\u00f6rmigen Design, das leicht in der Hand zu halten ist. Er ist mit 20ml 0mg, 20mg, 30 oder 50mg Nikotinsalz gef\u00fcllt, das f\u00fcr ein intensives, sanftes Inhalieren sorgt.<\/p>\n<p>&nbsp;<\/p>\n<h2>R&amp;M LEGEND 10K BESCHREIBUNG:<\/h2>\n<p>1. gro\u00dfe Kapazit\u00e4t, 20ml, 10000 Z\u00fcge.<\/p>\n<p>2. neueste Technologie Mesh-Spule, gro\u00dfe Wolke und gute Geschmacksrichtungen.<\/p>\n<p>3. wiederaufladbares Modell mit Typ-C-Anschluss, das kein Ende kennt.<\/p>\n<p>4. einstellbare drehbare Luftstromsteuerung, DIY vape Volumen.<\/p>\n<p>5. lebensmittelechte weiche Mundst\u00fcck, komfortabel und Stress zu entlasten.<\/p>\n<p>6. beliebtes Design, Mode und cool. .<\/p>\n<p>Koste es jetzt, befreie deine Seele.<\/p>\n<p>&nbsp;<\/p>\n<h2>R&amp;M LEGEND 10K Disposable Vape Spezifikationen:<\/h2>\n<p>Marke: R&amp;M<\/p>\n<p>Puffs:10000 Puffs sind pro Ger\u00e4t verf\u00fcgbar.<\/p>\n<p>Nicotine:5% \/2%\/3%\/0%<\/p>\n<p>E-Saft Kapazit\u00e4t:20ML<\/p>\n<p>Akku: 650 mAh<\/p>\n<p>Ladeanschluss:Typ C<\/p>\n<p>Widerstand: 1.0\u03a9 Mesh Coil<\/p>\n<p>&nbsp;<\/p>\n<h2>Geschm\u00e4cker<\/h2>\n<p>Himbeere Heidelbeere Brombeere<\/p>\n<p>Traube Himbeere Schwarze Johannisbeere<\/p>\n<p>Kiwi Passionsfrucht<\/p>\n<p>Blaubeere-Sauer-Himbeere<\/p>\n<p>Traubeneis<\/p>\n<p>Heidelbeere auf Eis<\/p>\n<p>Erdbeere Wassermelone<\/p>\n<p>Urknall-Fr\u00fcchte<\/p>\n<p>Gummib\u00e4rchen<\/p>\n<p>Zuckerwatte<\/p>\n<p>Eiskonus-Eis<\/p>\n<p>\u00dcppiges Eis<\/p>\n<p>&nbsp;<\/p>\n<h2>Verpackung &amp; Gewicht<\/h2>\n<p>0.1KG\/PCS, einzeln mit kleiner Verpackung, 10 St\u00fcck in einer mittleren Schachtel.<\/p>\n<p>200PCS im Umkarton, 20KG.<\/p>\n<p><a href=\"https:\/\/i0.wp.com\/www.disposablevapeswholesale.com\/wp-content\/uploads\/2022\/09\/RM-LEGEND-10K-Puffs-Disposable-Vape-Wholesale.jpg?ssl=1\" target=\"_blank\" rel=\"noopener\"><img data-recalc-dims=\"1\" loading=\"lazy\" decoding=\"async\" class=\"alignnone size-full wp-image-5178\" title=\"RM LEGEND 10K Puffs Einweg Vape Gro\u00dfhandel\" src=\"https:\/\/i0.wp.com\/www.disposablevapeswholesale.com\/wp-content\/uploads\/2022\/09\/RM-LEGEND-10K-Puffs-Disposable-Vape-Wholesale.jpg?resize=800%2C600&#038;ssl=1\" alt=\"RM LEGEND 10K Puffs Einweg Vape Gro\u00dfhandel\" width=\"800\" height=\"600\" \/><\/a> <a href=\"https:\/\/i0.wp.com\/www.disposablevapeswholesale.com\/wp-content\/uploads\/2022\/09\/RM-LEGEND-10K-Puffs-Disposable-Vape-Wholesale-Flavors.jpg?ssl=1\" target=\"_blank\" rel=\"noopener\"><img data-recalc-dims=\"1\" loading=\"lazy\" decoding=\"async\" class=\"alignnone size-full wp-image-5169\" title=\"RM LEGEND 10K Puffs Einweg Vape Gro\u00dfhandel Aromen\" src=\"https:\/\/i0.wp.com\/www.disposablevapeswholesale.com\/wp-content\/uploads\/2022\/09\/RM-LEGEND-10K-Puffs-Disposable-Vape-Wholesale-Flavors.jpg?resize=800%2C1085&#038;ssl=1\" alt=\"RM LEGEND 10K Puffs Einweg Vape Gro\u00dfhandel Aromen\" width=\"800\" height=\"1085\" \/><\/a> <a href=\"https:\/\/i0.wp.com\/www.disposablevapeswholesale.com\/wp-content\/uploads\/2022\/09\/RM-LEGEND-10K-Puffs-Disposable-Vape-Wholesale-3-Flavors.jpg?ssl=1\" target=\"_blank\" rel=\"noopener\"><img data-recalc-dims=\"1\" loading=\"lazy\" decoding=\"async\" class=\"alignnone size-full wp-image-5162\" title=\"RM LEGEND 10K Puffs Einweg Vape Gro\u00dfhandel 3 Geschmacksrichtungen\" src=\"https:\/\/i0.wp.com\/www.disposablevapeswholesale.com\/wp-content\/uploads\/2022\/09\/RM-LEGEND-10K-Puffs-Disposable-Vape-Wholesale-3-Flavors.jpg?resize=800%2C800&#038;ssl=1\" alt=\"RM LEGEND 10K Puffs Einweg Vape Gro\u00dfhandel 3 Geschmacksrichtungen\" width=\"800\" height=\"800\" \/><\/a> <a href=\"https:\/\/i0.wp.com\/www.disposablevapeswholesale.com\/wp-content\/uploads\/2022\/09\/RM-LEGEND-10K-Puffs-Disposable-Vape-Wholesale-All-Flavors.jpg?ssl=1\" target=\"_blank\" rel=\"noopener\"><img data-recalc-dims=\"1\" loading=\"lazy\" decoding=\"async\" class=\"alignnone size-full wp-image-5163\" title=\"RM LEGEND 10K Puffs Einweg-Vape-Gro\u00dfhandel alle Geschmacksrichtungen\" src=\"https:\/\/i0.wp.com\/www.disposablevapeswholesale.com\/wp-content\/uploads\/2022\/09\/RM-LEGEND-10K-Puffs-Disposable-Vape-Wholesale-All-Flavors.jpg?resize=800%2C1200&#038;ssl=1\" alt=\"RM LEGEND 10K Puffs Einweg-Vape-Gro\u00dfhandel alle Geschmacksrichtungen\" width=\"800\" height=\"1200\" \/><\/a> <a href=\"https:\/\/i0.wp.com\/www.disposablevapeswholesale.com\/wp-content\/uploads\/2022\/09\/RM-LEGEND-10K-Puffs-Disposable-Vape-Wholesale-Describe.jpg?ssl=1\" target=\"_blank\" rel=\"noopener\"><img data-recalc-dims=\"1\" loading=\"lazy\" decoding=\"async\" class=\"alignnone size-full wp-image-5168\" title=\"RM LEGEND 10K Puffs Einweg Vape Gro\u00dfhandel Beschreiben\" src=\"https:\/\/i0.wp.com\/www.disposablevapeswholesale.com\/wp-content\/uploads\/2022\/09\/RM-LEGEND-10K-Puffs-Disposable-Vape-Wholesale-Describe.jpg?resize=800%2C800&#038;ssl=1\" alt=\"RM LEGEND 10K Puffs Einweg Vape Gro\u00dfhandel Beschreiben\" width=\"800\" height=\"800\" \/><\/a> <a href=\"https:\/\/i0.wp.com\/www.disposablevapeswholesale.com\/wp-content\/uploads\/2022\/09\/RM-LEGEND-10K-Puffs-Disposable-Vape-Wholesale-Strawberry-Watermelon.jpg?ssl=1\" target=\"_blank\" rel=\"noopener\"><img data-recalc-dims=\"1\" loading=\"lazy\" decoding=\"async\" class=\"alignnone size-full wp-image-5177\" title=\"RM LEGEND 10K Puffs Einweg Vape Gro\u00dfhandel Erdbeere Wassermelone\" src=\"https:\/\/i0.wp.com\/www.disposablevapeswholesale.com\/wp-content\/uploads\/2022\/09\/RM-LEGEND-10K-Puffs-Disposable-Vape-Wholesale-Strawberry-Watermelon.jpg?resize=800%2C800&#038;ssl=1\" alt=\"RM LEGEND 10K Puffs Einweg Vape Gro\u00dfhandel Erdbeere Wassermelone\" width=\"800\" height=\"800\" \/><\/a> <a href=\"https:\/\/i0.wp.com\/www.disposablevapeswholesale.com\/wp-content\/uploads\/2022\/09\/RM-LEGEND-10K-Puffs-Disposable-Vape-Wholesale-Snow-Cone-Ice.jpg?ssl=1\" target=\"_blank\" rel=\"noopener\"><img data-recalc-dims=\"1\" loading=\"lazy\" decoding=\"async\" class=\"alignnone size-full wp-image-5176\" title=\"RM LEGEND 10K Puffs Einweg Vape Gro\u00dfhandel Schnee Kegel Eis\" src=\"https:\/\/i0.wp.com\/www.disposablevapeswholesale.com\/wp-content\/uploads\/2022\/09\/RM-LEGEND-10K-Puffs-Disposable-Vape-Wholesale-Snow-Cone-Ice.jpg?resize=800%2C800&#038;ssl=1\" alt=\"RM LEGEND 10K Puffs Einweg Vape Gro\u00dfhandel Schnee Kegel Eis\" width=\"800\" height=\"800\" \/><\/a> <a href=\"https:\/\/i0.wp.com\/www.disposablevapeswholesale.com\/wp-content\/uploads\/2022\/09\/RM-LEGEND-10K-Puffs-Disposable-Vape-Wholesale-Raspberry-Blueberry-Blackberry.jpg?ssl=1\" target=\"_blank\" rel=\"noopener\"><img data-recalc-dims=\"1\" loading=\"lazy\" decoding=\"async\" class=\"alignnone size-full wp-image-5175\" title=\"RM LEGEND 10K Puffs Einweg Vape Gro\u00dfhandel Himbeere Heidelbeere Brombeere\" src=\"https:\/\/i0.wp.com\/www.disposablevapeswholesale.com\/wp-content\/uploads\/2022\/09\/RM-LEGEND-10K-Puffs-Disposable-Vape-Wholesale-Raspberry-Blueberry-Blackberry.jpg?resize=800%2C800&#038;ssl=1\" alt=\"RM LEGEND 10K Puffs Einweg Vape Gro\u00dfhandel Himbeere Heidelbeere Brombeere\" width=\"800\" height=\"800\" \/><\/a> <a href=\"https:\/\/i0.wp.com\/www.disposablevapeswholesale.com\/wp-content\/uploads\/2022\/09\/RM-LEGEND-10K-Puffs-Disposable-Vape-Wholesale-Lush-Ice.jpg?ssl=1\" target=\"_blank\" rel=\"noopener\"><img data-recalc-dims=\"1\" loading=\"lazy\" decoding=\"async\" class=\"alignnone size-full wp-image-5174\" title=\"RM LEGEND 10K Puffs Einweg Vape Gro\u00dfhandel Lush Ice\" src=\"https:\/\/i0.wp.com\/www.disposablevapeswholesale.com\/wp-content\/uploads\/2022\/09\/RM-LEGEND-10K-Puffs-Disposable-Vape-Wholesale-Lush-Ice.jpg?resize=800%2C800&#038;ssl=1\" alt=\"RM LEGEND 10K Puffs Einweg Vape Gro\u00dfhandel Lush Ice\" width=\"800\" height=\"800\" \/><\/a> <a href=\"https:\/\/i0.wp.com\/www.disposablevapeswholesale.com\/wp-content\/uploads\/2022\/09\/RM-LEGEND-10K-Puffs-Disposable-Vape-Wholesale-Kiwi-Passionfruit.jpg?ssl=1\" target=\"_blank\" rel=\"noopener\"><img data-recalc-dims=\"1\" loading=\"lazy\" decoding=\"async\" class=\"alignnone size-full wp-image-5173\" title=\"RM LEGEND 10K Puffs Einweg Vape Gro\u00dfhandel Kiwi Passionsfrucht\" src=\"https:\/\/i0.wp.com\/www.disposablevapeswholesale.com\/wp-content\/uploads\/2022\/09\/RM-LEGEND-10K-Puffs-Disposable-Vape-Wholesale-Kiwi-Passionfruit.jpg?resize=800%2C800&#038;ssl=1\" alt=\"RM LEGEND 10K Puffs Einweg Vape Gro\u00dfhandel Kiwi Passionsfrucht\" width=\"800\" height=\"800\" \/><\/a> <a href=\"https:\/\/i0.wp.com\/www.disposablevapeswholesale.com\/wp-content\/uploads\/2022\/09\/RM-LEGEND-10K-Puffs-Disposable-Vape-Wholesale-Gummy-Bear.jpg?ssl=1\" target=\"_blank\" rel=\"noopener\"><img data-recalc-dims=\"1\" loading=\"lazy\" decoding=\"async\" class=\"alignnone size-full wp-image-5172\" title=\"RM LEGEND 10K Puffs Einweg-Vape-Gro\u00dfhandel Gummib\u00e4rchen\" src=\"https:\/\/i0.wp.com\/www.disposablevapeswholesale.com\/wp-content\/uploads\/2022\/09\/RM-LEGEND-10K-Puffs-Disposable-Vape-Wholesale-Gummy-Bear.jpg?resize=800%2C800&#038;ssl=1\" alt=\"RM LEGEND 10K Puffs Einweg-Vape-Gro\u00dfhandel Gummib\u00e4rchen\" width=\"800\" height=\"800\" \/><\/a> <a href=\"https:\/\/i0.wp.com\/www.disposablevapeswholesale.com\/wp-content\/uploads\/2022\/09\/RM-LEGEND-10K-Puffs-Disposable-Vape-Wholesale-Grape-Raspberry-Blackcurrant.jpg?ssl=1\" target=\"_blank\" rel=\"noopener\"><img data-recalc-dims=\"1\" loading=\"lazy\" decoding=\"async\" class=\"alignnone size-full wp-image-5171\" title=\"RM LEGEND 10K Puffs Einweg Vape Gro\u00dfhandel Traube Himbeere Schwarze Johannisbeere\" src=\"https:\/\/i0.wp.com\/www.disposablevapeswholesale.com\/wp-content\/uploads\/2022\/09\/RM-LEGEND-10K-Puffs-Disposable-Vape-Wholesale-Grape-Raspberry-Blackcurrant.jpg?resize=800%2C800&#038;ssl=1\" alt=\"RM LEGEND 10K Puffs Einweg Vape Gro\u00dfhandel Traube Himbeere Schwarze Johannisbeere\" width=\"800\" height=\"800\" \/><\/a> <a href=\"https:\/\/i0.wp.com\/www.disposablevapeswholesale.com\/wp-content\/uploads\/2022\/09\/RM-LEGEND-10K-Puffs-Disposable-Vape-Wholesale-Grape-Ice.jpg?ssl=1\" target=\"_blank\" rel=\"noopener\"><img data-recalc-dims=\"1\" loading=\"lazy\" decoding=\"async\" class=\"alignnone size-full wp-image-5170\" title=\"RM LEGEND 10K Puffs Einweg Vape Gro\u00dfhandel Traubeneis\" src=\"https:\/\/i0.wp.com\/www.disposablevapeswholesale.com\/wp-content\/uploads\/2022\/09\/RM-LEGEND-10K-Puffs-Disposable-Vape-Wholesale-Grape-Ice.jpg?resize=800%2C800&#038;ssl=1\" alt=\"RM LEGEND 10K Puffs Einweg Vape Gro\u00dfhandel Traubeneis\" width=\"800\" height=\"800\" \/><\/a> <a href=\"https:\/\/i0.wp.com\/www.disposablevapeswholesale.com\/wp-content\/uploads\/2022\/09\/RM-LEGEND-10K-Puffs-Disposable-Vape-Wholesale-Cotton-Candy.jpg?ssl=1\" target=\"_blank\" rel=\"noopener\"><img data-recalc-dims=\"1\" loading=\"lazy\" decoding=\"async\" class=\"alignnone size-full wp-image-5167\" title=\"RM LEGEND 10K Puffs Einweg-Vape-Gro\u00dfhandel Zuckerwatte\" src=\"https:\/\/i0.wp.com\/www.disposablevapeswholesale.com\/wp-content\/uploads\/2022\/09\/RM-LEGEND-10K-Puffs-Disposable-Vape-Wholesale-Cotton-Candy.jpg?resize=800%2C800&#038;ssl=1\" alt=\"RM LEGEND 10K Puffs Einweg-Vape-Gro\u00dfhandel Zuckerwatte\" width=\"800\" height=\"800\" \/><\/a> <a href=\"https:\/\/i0.wp.com\/www.disposablevapeswholesale.com\/wp-content\/uploads\/2022\/09\/RM-LEGEND-10K-Puffs-Disposable-Vape-Wholesale-Blueberry-Sour-Raspberry.jpg?ssl=1\" target=\"_blank\" rel=\"noopener\"><img data-recalc-dims=\"1\" loading=\"lazy\" decoding=\"async\" class=\"alignnone size-full wp-image-5166\" title=\"RM LEGEND 10K Puffs Einweg Vape Gro\u00dfhandel Heidelbeere saure Himbeere\" src=\"https:\/\/i0.wp.com\/www.disposablevapeswholesale.com\/wp-content\/uploads\/2022\/09\/RM-LEGEND-10K-Puffs-Disposable-Vape-Wholesale-Blueberry-Sour-Raspberry.jpg?resize=800%2C800&#038;ssl=1\" alt=\"RM LEGEND 10K Puffs Einweg Vape Gro\u00dfhandel Heidelbeere saure Himbeere\" width=\"800\" height=\"800\" \/><\/a> <a href=\"https:\/\/i0.wp.com\/www.disposablevapeswholesale.com\/wp-content\/uploads\/2022\/09\/RM-LEGEND-10K-Puffs-Disposable-Vape-Wholesale-Blueberry-Ice.jpg?ssl=1\" target=\"_blank\" rel=\"noopener\"><img data-recalc-dims=\"1\" loading=\"lazy\" decoding=\"async\" class=\"alignnone size-full wp-image-5165\" title=\"RM LEGEND 10K Puffs Einweg Vape Gro\u00dfhandel Heidelbeere Eis\" src=\"https:\/\/i0.wp.com\/www.disposablevapeswholesale.com\/wp-content\/uploads\/2022\/09\/RM-LEGEND-10K-Puffs-Disposable-Vape-Wholesale-Blueberry-Ice.jpg?resize=800%2C800&#038;ssl=1\" alt=\"RM LEGEND 10K Puffs Einweg Vape Gro\u00dfhandel Heidelbeere Eis\" width=\"800\" height=\"800\" \/><\/a> <a href=\"https:\/\/i0.wp.com\/www.disposablevapeswholesale.com\/wp-content\/uploads\/2022\/09\/RM-LEGEND-10K-Puffs-Disposable-Vape-Wholesale-Big-Bang-Fruits.jpg?ssl=1\" target=\"_blank\" rel=\"noopener\"><img data-recalc-dims=\"1\" loading=\"lazy\" decoding=\"async\" class=\"alignnone size-full wp-image-5164\" title=\"RM LEGEND 10K Puffs Einweg Vape Gro\u00dfhandel Big Bang Fruits\" src=\"https:\/\/i0.wp.com\/www.disposablevapeswholesale.com\/wp-content\/uploads\/2022\/09\/RM-LEGEND-10K-Puffs-Disposable-Vape-Wholesale-Big-Bang-Fruits.jpg?resize=800%2C800&#038;ssl=1\" alt=\"RM LEGEND 10K Puffs Einweg Vape Gro\u00dfhandel Big Bang Fruits\" width=\"800\" height=\"800\" \/><\/a><\/p>","protected":false},"excerpt":{"rendered":"<p>R&amp;M LEGEND 10K Puffs Disposable Vape Wholesale zeichnet sich durch eine hohe Kapazit\u00e4t, eine robuste Konstruktion und eine gleichm\u00e4\u00dfige Dampfabgabe f\u00fcr ein erstklassiges und lang anhaltendes Dampferlebnis aus.<\/p>","protected":false},"featured_media":1300,"comment_status":"closed","ping_status":"closed","template":"","meta":[],"product_brand":[],"product_cat":[481,22],"product_tag":[274,60,275,256],"class_list":{"0":"post-1127","1":"product","2":"type-product","3":"status-publish","4":"has-post-thumbnail","6":"product_cat-bang","7":"product_cat-disposable-vape-sticks","8":"product_tag-10000-puffs","9":"product_tag-disposable-vapes","10":"product_tag-rm-legend","11":"product_tag-wholesale","13":"first","14":"instock","15":"shipping-taxable","16":"purchasable","17":"product-type-simple"},"jetpack_sharing_enabled":true,"tiered_pricing_type":"fixed","tiered_pricing_fixed_rules":{"5000":7,"10000":6,"50000":5},"tiered_pricing_product_settings":{"layout":"default","base_unit_name":{"singular":null,"plural":null},"default_variation":null},"tiered_pricing_minimum_quantity":60,"tiered_pricing_roles_data":[],"tiered_pricing_percentage_rules":[],"tiered_pricing_maximum_quantity":null,"tiered_pricing_quantity_step":null,"_links":{"self":[{"href":"https:\/\/cloudsupplyvapes.com\/de\/wp-json\/wp\/v2\/product\/1127","targetHints":{"allow":["GET"]}}],"collection":[{"href":"https:\/\/cloudsupplyvapes.com\/de\/wp-json\/wp\/v2\/product"}],"about":[{"href":"https:\/\/cloudsupplyvapes.com\/de\/wp-json\/wp\/v2\/types\/product"}],"replies":[{"embeddable":true,"href":"https:\/\/cloudsupplyvapes.com\/de\/wp-json\/wp\/v2\/comments?post=1127"}],"wp:featuredmedia":[{"embeddable":true,"href":"https:\/\/cloudsupplyvapes.com\/de\/wp-json\/wp\/v2\/media\/1300"}],"wp:attachment":[{"href":"https:\/\/cloudsupplyvapes.com\/de\/wp-json\/wp\/v2\/media?parent=1127"}],"wp:term":[{"taxonomy":"product_brand","embeddable":true,"href":"https:\/\/cloudsupplyvapes.com\/de\/wp-json\/wp\/v2\/product_brand?post=1127"},{"taxonomy":"product_cat","embeddable":true,"href":"https:\/\/cloudsupplyvapes.com\/de\/wp-json\/wp\/v2\/product_cat?post=1127"},{"taxonomy":"product_tag","embeddable":true,"href":"https:\/\/cloudsupplyvapes.com\/de\/wp-json\/wp\/v2\/product_tag?post=1127"}],"curies":[{"name":"wp","href":"https:\/\/api.w.org\/{rel}","templated":true}]}}