{"id":1191,"date":"2024-10-19T02:18:22","date_gmt":"2024-10-19T02:18:22","guid":{"rendered":"https:\/\/cloudsupplyvapes.com\/?post_type=product&#038;p=1191"},"modified":"2024-11-26T08:43:39","modified_gmt":"2024-11-26T08:43:39","slug":"-45","status":"publish","type":"product","link":"https:\/\/cloudsupplyvapes.com\/de\/product\/rm-monster-6000-puffs-disposable-vape-wholesale\/","title":{"rendered":"R&amp;M Monster 6000 Puffs Einweg Vape Grosshandel Kompakt Langlebiges Design"},"content":{"rendered":"<p>R&amp;M Monster 6000 ist ein wiederaufladbarer Einwegdampfer mit eingebautem Akku und 13ml E-Liquid-\u00d6l-Kapazit\u00e4t f\u00fcr 6.000 Z\u00fcge, ultra-niedrigem Widerstand 1.0\u03a9 Mesh-Kern, gro\u00dfem Rauch, s\u00fc\u00dfem Geschmack und einer Vielzahl von Aromen zur Auswahl.<\/p>\n<p>&nbsp;<\/p>\n<h2>R&amp;M Monster 6000 Disposable Vape Spezifikationen:<\/h2>\n<p>Marke: R&amp;M<\/p>\n<p>Puffs:6000 Puffs sind pro Ger\u00e4t verf\u00fcgbar.<\/p>\n<p>Nicotine:5%\/2%\/3%0%<\/p>\n<p>E-Saft Kapazit\u00e4t:13ML<\/p>\n<p>Ladeanschluss:Typ C<\/p>\n<p>Widerstand: 1.0\u03a9 Mesh Coil<\/p>\n<p>&nbsp;<\/p>\n<h2>Geschm\u00e4cker<\/h2>\n<p>Blaues Razzeis<\/p>\n<p>Heidelbeer-Trauben-Eis<\/p>\n<p>Heidelbeer-Himbeer-Eis<\/p>\n<p>Kiwi-Drachenbeere<\/p>\n<p>Mango-Zitroneneis<\/p>\n<p>Gemischtes Obst<\/p>\n<p>Herr Blau<\/p>\n<p>Pfirsich-Passionsfrucht-Gumi<\/p>\n<p>Rosa Limonade<\/p>\n<p>Regenbogen-Bonbon<\/p>\n<p>Erdbeer-Kiwi-Eis<\/p>\n<p>Wassermelone Eis<\/p>\n<p>&nbsp;<\/p>\n<h2>Verpackung &amp; Gewicht<\/h2>\n<p>0.07KG\/PCS, einzeln mit kleiner Verpackung, 10 St\u00fcck in einer mittleren Schachtel.<\/p>\n<p>300PCS im Umkarton, 21 KG.<\/p>\n<p><a href=\"https:\/\/i0.wp.com\/www.disposablevapeswholesale.com\/wp-content\/uploads\/2022\/09\/RM-Monster-6000-Puffs-Disposable-Vape-Wholesale.jpg?ssl=1\" target=\"_blank\" rel=\"noopener\"><img data-recalc-dims=\"1\" loading=\"lazy\" decoding=\"async\" class=\"alignnone size-full wp-image-5026\" title=\"RM Monster 6000 Puffs Einweg Vape Gro\u00dfhandel\" src=\"https:\/\/i0.wp.com\/www.disposablevapeswholesale.com\/wp-content\/uploads\/2022\/09\/RM-Monster-6000-Puffs-Disposable-Vape-Wholesale.jpg?resize=800%2C1085&#038;ssl=1\" alt=\"RM Monster 6000 Puffs Einweg Vape Gro\u00dfhandel\" width=\"800\" height=\"1085\" \/><\/a> <a href=\"https:\/\/i0.wp.com\/www.disposablevapeswholesale.com\/wp-content\/uploads\/2022\/09\/RM-Monster-6000-Puffs-Disposable-Vape-Wholesale-Watermelon-Ice.jpg?ssl=1\" target=\"_blank\" rel=\"noopener\"><img data-recalc-dims=\"1\" loading=\"lazy\" decoding=\"async\" class=\"alignnone size-full wp-image-5025\" title=\"RM Monster 6000 Puffs Einweg Vape Gro\u00dfhandel Wassermelone Eis\" src=\"https:\/\/i0.wp.com\/www.disposablevapeswholesale.com\/wp-content\/uploads\/2022\/09\/RM-Monster-6000-Puffs-Disposable-Vape-Wholesale-Watermelon-Ice.jpg?resize=800%2C800&#038;ssl=1\" alt=\"RM Monster 6000 Puffs Einweg Vape Gro\u00dfhandel Wassermelone Eis\" width=\"800\" height=\"800\" \/><\/a> <a href=\"https:\/\/i0.wp.com\/www.disposablevapeswholesale.com\/wp-content\/uploads\/2022\/09\/RM-Monster-6000-Puffs-Disposable-Vape-Wholesale-Strawberry-Kiwi-Ice.jpg?ssl=1\" target=\"_blank\" rel=\"noopener\"><img data-recalc-dims=\"1\" loading=\"lazy\" decoding=\"async\" class=\"alignnone size-full wp-image-5024\" title=\"RM Monster 6000 Puffs Einweg Vape Gro\u00dfhandel Erdbeere Kiwi Eis\" src=\"https:\/\/i0.wp.com\/www.disposablevapeswholesale.com\/wp-content\/uploads\/2022\/09\/RM-Monster-6000-Puffs-Disposable-Vape-Wholesale-Strawberry-Kiwi-Ice.jpg?resize=800%2C800&#038;ssl=1\" alt=\"RM Monster 6000 Puffs Einweg Vape Gro\u00dfhandel Erdbeere Kiwi Eis\" width=\"800\" height=\"800\" \/><\/a> <a href=\"https:\/\/i0.wp.com\/www.disposablevapeswholesale.com\/wp-content\/uploads\/2022\/09\/RM-Monster-6000-Puffs-Disposable-Vape-Wholesale-Rainbow-Candy.jpg?ssl=1\" target=\"_blank\" rel=\"noopener\"><img data-recalc-dims=\"1\" loading=\"lazy\" decoding=\"async\" class=\"alignnone size-full wp-image-5023\" title=\"RM Monster 6000 Puffs Einweg Vape Gro\u00dfhandel Regenbogen Candy\" src=\"https:\/\/i0.wp.com\/www.disposablevapeswholesale.com\/wp-content\/uploads\/2022\/09\/RM-Monster-6000-Puffs-Disposable-Vape-Wholesale-Rainbow-Candy.jpg?resize=800%2C800&#038;ssl=1\" alt=\"RM Monster 6000 Puffs Einweg Vape Gro\u00dfhandel Regenbogen Candy\" width=\"800\" height=\"800\" \/><\/a> <a href=\"https:\/\/i0.wp.com\/www.disposablevapeswholesale.com\/wp-content\/uploads\/2022\/09\/RM-Monster-6000-Puffs-Disposable-Vape-Wholesale-Pink-Lemonade.jpg?ssl=1\" target=\"_blank\" rel=\"noopener\"><img data-recalc-dims=\"1\" loading=\"lazy\" decoding=\"async\" class=\"alignnone size-full wp-image-5022\" title=\"RM Monster 6000 Puffs Einweg Vape Gro\u00dfhandel Rosa Limonade\" src=\"https:\/\/i0.wp.com\/www.disposablevapeswholesale.com\/wp-content\/uploads\/2022\/09\/RM-Monster-6000-Puffs-Disposable-Vape-Wholesale-Pink-Lemonade.jpg?resize=800%2C800&#038;ssl=1\" alt=\"RM Monster 6000 Puffs Einweg Vape Gro\u00dfhandel Rosa Limonade\" width=\"800\" height=\"800\" \/><\/a> <a href=\"https:\/\/i0.wp.com\/www.disposablevapeswholesale.com\/wp-content\/uploads\/2022\/09\/RM-Monster-6000-Puffs-Disposable-Vape-Wholesale-Peach-Passionfruit-Gumi.jpg?ssl=1\" target=\"_blank\" rel=\"noopener\"><img data-recalc-dims=\"1\" loading=\"lazy\" decoding=\"async\" class=\"alignnone size-full wp-image-5021\" title=\"RM Monster 6000 Puffs Einweg Vape Gro\u00dfhandel Pfirsich Passionsfrucht Gumi\" src=\"https:\/\/i0.wp.com\/www.disposablevapeswholesale.com\/wp-content\/uploads\/2022\/09\/RM-Monster-6000-Puffs-Disposable-Vape-Wholesale-Peach-Passionfruit-Gumi.jpg?resize=800%2C800&#038;ssl=1\" alt=\"RM Monster 6000 Puffs Einweg Vape Gro\u00dfhandel Pfirsich Passionsfrucht Gumi\" width=\"800\" height=\"800\" \/><\/a> <a href=\"https:\/\/i0.wp.com\/www.disposablevapeswholesale.com\/wp-content\/uploads\/2022\/09\/RM-Monster-6000-Puffs-Disposable-Vape-Wholesale-Mr-Blue.jpg?ssl=1\" target=\"_blank\" rel=\"noopener\"><img data-recalc-dims=\"1\" loading=\"lazy\" decoding=\"async\" class=\"alignnone size-full wp-image-5020\" title=\"RM Monster 6000 Puffs Einweg Vape Gro\u00dfhandel Herr Blau\" src=\"https:\/\/i0.wp.com\/www.disposablevapeswholesale.com\/wp-content\/uploads\/2022\/09\/RM-Monster-6000-Puffs-Disposable-Vape-Wholesale-Mr-Blue.jpg?resize=800%2C800&#038;ssl=1\" alt=\"RM Monster 6000 Puffs Einweg Vape Gro\u00dfhandel Herr Blau\" width=\"800\" height=\"800\" \/><\/a> <a href=\"https:\/\/i0.wp.com\/www.disposablevapeswholesale.com\/wp-content\/uploads\/2022\/09\/RM-Monster-6000-Puffs-Disposable-Vape-Wholesale-Mixed-Fruit.jpg?ssl=1\" target=\"_blank\" rel=\"noopener\"><img data-recalc-dims=\"1\" loading=\"lazy\" decoding=\"async\" class=\"alignnone size-full wp-image-5019\" title=\"RM Monster 6000 Puffs Einweg Vape Gro\u00dfhandel gemischte Fr\u00fcchte\" src=\"https:\/\/i0.wp.com\/www.disposablevapeswholesale.com\/wp-content\/uploads\/2022\/09\/RM-Monster-6000-Puffs-Disposable-Vape-Wholesale-Mixed-Fruit.jpg?resize=800%2C800&#038;ssl=1\" alt=\"RM Monster 6000 Puffs Einweg Vape Gro\u00dfhandel gemischte Fr\u00fcchte\" width=\"800\" height=\"800\" \/><\/a> <a href=\"https:\/\/i0.wp.com\/www.disposablevapeswholesale.com\/wp-content\/uploads\/2022\/09\/RM-Monster-6000-Puffs-Disposable-Vape-Wholesale-Mango-Lemon-Ice.jpg?ssl=1\" target=\"_blank\" rel=\"noopener\"><img data-recalc-dims=\"1\" loading=\"lazy\" decoding=\"async\" class=\"alignnone size-full wp-image-5018\" title=\"RM Monster 6000 Puffs Einweg Vape Gro\u00dfhandel Mango Zitroneneis\" src=\"https:\/\/i0.wp.com\/www.disposablevapeswholesale.com\/wp-content\/uploads\/2022\/09\/RM-Monster-6000-Puffs-Disposable-Vape-Wholesale-Mango-Lemon-Ice.jpg?resize=800%2C800&#038;ssl=1\" alt=\"RM Monster 6000 Puffs Einweg Vape Gro\u00dfhandel Mango Zitroneneis\" width=\"800\" height=\"800\" \/><\/a> <a href=\"https:\/\/i0.wp.com\/www.disposablevapeswholesale.com\/wp-content\/uploads\/2022\/09\/RM-Monster-6000-Puffs-Disposable-Vape-Wholesale-Kiwi-Dragon-Berry.jpg?ssl=1\" target=\"_blank\" rel=\"noopener\"><img data-recalc-dims=\"1\" loading=\"lazy\" decoding=\"async\" class=\"alignnone size-full wp-image-5017\" title=\"RM Monster 6000 Puffs Einweg Vape Gro\u00dfhandel Kiwi Dragon Berry\" src=\"https:\/\/i0.wp.com\/www.disposablevapeswholesale.com\/wp-content\/uploads\/2022\/09\/RM-Monster-6000-Puffs-Disposable-Vape-Wholesale-Kiwi-Dragon-Berry.jpg?resize=800%2C800&#038;ssl=1\" alt=\"RM Monster 6000 Puffs Einweg Vape Gro\u00dfhandel Kiwi Dragon Berry\" width=\"800\" height=\"800\" \/><\/a> <a href=\"https:\/\/i0.wp.com\/www.disposablevapeswholesale.com\/wp-content\/uploads\/2022\/09\/RM-Monster-6000-Puffs-Disposable-Vape-Wholesale-Blueberry-Raspberry-Ice.jpg?ssl=1\" target=\"_blank\" rel=\"noopener\"><img data-recalc-dims=\"1\" loading=\"lazy\" decoding=\"async\" class=\"alignnone size-full wp-image-5016\" title=\"RM Monster 6000 Puffs Einweg Vape Gro\u00dfhandel Heidelbeere Himbeere Eis\" src=\"https:\/\/i0.wp.com\/www.disposablevapeswholesale.com\/wp-content\/uploads\/2022\/09\/RM-Monster-6000-Puffs-Disposable-Vape-Wholesale-Blueberry-Raspberry-Ice.jpg?resize=800%2C800&#038;ssl=1\" alt=\"RM Monster 6000 Puffs Einweg Vape Gro\u00dfhandel Heidelbeere Himbeere Eis\" width=\"800\" height=\"800\" \/><\/a> <a href=\"https:\/\/i0.wp.com\/www.disposablevapeswholesale.com\/wp-content\/uploads\/2022\/09\/RM-Monster-6000-Puffs-Disposable-Vape-Wholesale-Blueberry-Grape-Ice.jpg?ssl=1\" target=\"_blank\" rel=\"noopener\"><img data-recalc-dims=\"1\" loading=\"lazy\" decoding=\"async\" class=\"alignnone size-full wp-image-5015\" title=\"RM Monster 6000 Puffs Einweg Vape Gro\u00dfhandel Heidelbeere Traube Eis\" src=\"https:\/\/i0.wp.com\/www.disposablevapeswholesale.com\/wp-content\/uploads\/2022\/09\/RM-Monster-6000-Puffs-Disposable-Vape-Wholesale-Blueberry-Grape-Ice.jpg?resize=800%2C800&#038;ssl=1\" alt=\"RM Monster 6000 Puffs Einweg Vape Gro\u00dfhandel Heidelbeere Traube Eis\" width=\"800\" height=\"800\" \/><\/a> <a href=\"https:\/\/i0.wp.com\/www.disposablevapeswholesale.com\/wp-content\/uploads\/2022\/09\/RM-Monster-6000-Puffs-Disposable-Vape-Wholesale-Blue-Razz-Ice.jpg?ssl=1\" target=\"_blank\" rel=\"noopener\"><img data-recalc-dims=\"1\" loading=\"lazy\" decoding=\"async\" class=\"alignnone size-full wp-image-5014\" title=\"RM Monster 6000 Puffs Einweg Vape Gro\u00dfhandel Blau Razz Ice\" src=\"https:\/\/i0.wp.com\/www.disposablevapeswholesale.com\/wp-content\/uploads\/2022\/09\/RM-Monster-6000-Puffs-Disposable-Vape-Wholesale-Blue-Razz-Ice.jpg?resize=800%2C800&#038;ssl=1\" alt=\"RM Monster 6000 Puffs Einweg Vape Gro\u00dfhandel Blau Razz Ice\" width=\"800\" height=\"800\" \/><\/a><\/p>","protected":false},"excerpt":{"rendered":"<p>R&amp;M Monster 6000 Puffs Disposable Vape Wholesale zeichnet sich durch ein kompaktes Design, eine langlebige Konstruktion und eine gleichm\u00e4ssige Dampfabgabe aus, was zuverl\u00e4ssige und problemlose Vaping-Sessions garantiert.<\/p>","protected":false},"featured_media":1340,"comment_status":"closed","ping_status":"closed","template":"","meta":[],"product_brand":[],"product_cat":[22],"product_tag":[278,60,279,256],"class_list":{"0":"post-1191","1":"product","2":"type-product","3":"status-publish","4":"has-post-thumbnail","6":"product_cat-disposable-vape-sticks","7":"product_tag-6000-puffs","8":"product_tag-disposable-vapes","9":"product_tag-rm-monster","10":"product_tag-wholesale","12":"first","13":"instock","14":"shipping-taxable","15":"purchasable","16":"product-type-simple"},"jetpack_sharing_enabled":true,"tiered_pricing_type":"fixed","tiered_pricing_fixed_rules":{"5000":8,"10000":7,"50000":6},"tiered_pricing_product_settings":{"layout":"default","base_unit_name":{"singular":null,"plural":null},"default_variation":null},"tiered_pricing_minimum_quantity":60,"tiered_pricing_roles_data":[],"tiered_pricing_percentage_rules":[],"tiered_pricing_maximum_quantity":null,"tiered_pricing_quantity_step":null,"_links":{"self":[{"href":"https:\/\/cloudsupplyvapes.com\/de\/wp-json\/wp\/v2\/product\/1191","targetHints":{"allow":["GET"]}}],"collection":[{"href":"https:\/\/cloudsupplyvapes.com\/de\/wp-json\/wp\/v2\/product"}],"about":[{"href":"https:\/\/cloudsupplyvapes.com\/de\/wp-json\/wp\/v2\/types\/product"}],"replies":[{"embeddable":true,"href":"https:\/\/cloudsupplyvapes.com\/de\/wp-json\/wp\/v2\/comments?post=1191"}],"wp:featuredmedia":[{"embeddable":true,"href":"https:\/\/cloudsupplyvapes.com\/de\/wp-json\/wp\/v2\/media\/1340"}],"wp:attachment":[{"href":"https:\/\/cloudsupplyvapes.com\/de\/wp-json\/wp\/v2\/media?parent=1191"}],"wp:term":[{"taxonomy":"product_brand","embeddable":true,"href":"https:\/\/cloudsupplyvapes.com\/de\/wp-json\/wp\/v2\/product_brand?post=1191"},{"taxonomy":"product_cat","embeddable":true,"href":"https:\/\/cloudsupplyvapes.com\/de\/wp-json\/wp\/v2\/product_cat?post=1191"},{"taxonomy":"product_tag","embeddable":true,"href":"https:\/\/cloudsupplyvapes.com\/de\/wp-json\/wp\/v2\/product_tag?post=1191"}],"curies":[{"name":"wp","href":"https:\/\/api.w.org\/{rel}","templated":true}]}}