{"id":1192,"date":"2024-10-19T02:18:22","date_gmt":"2024-10-19T02:18:22","guid":{"rendered":"https:\/\/cloudsupplyvapes.com\/?post_type=product&#038;p=1192"},"modified":"2024-11-26T08:43:56","modified_gmt":"2024-11-26T08:43:56","slug":"-46","status":"publish","type":"product","link":"https:\/\/cloudsupplyvapes.com\/de\/product\/rm-bar-9000-puffs-disposable-vape-wholesale\/","title":{"rendered":"R&amp;M BAR 9000 Puffs Disposable Vape Gro\u00dfhandel Einstellbare Airflow Hohe Kapazit\u00e4t"},"content":{"rendered":"<p>R&amp;M BAR 9000 ist ein wiederaufladbarer Einweg-VAPE mit RGB-Blinklicht, integriertem 650-mA-Hochleistungsakku und 15 ml E-Liquid-Fassungsverm\u00f6gen. Er erm\u00f6glicht 9000 Z\u00fcge, verf\u00fcgt \u00fcber einen extrem niedrigen Widerstand von 1,0 \u03a9 Mesh-Kern, erzeugt viel Rauch, hat einen s\u00fc\u00dfen Geschmack und ist in verschiedenen Geschmacksrichtungen erh\u00e4ltlich.<\/p>\n<p>&nbsp;<\/p>\n<h2>R&amp;M BAR 9000 Einweg-Vape Technische Daten:<\/h2>\n<p>Marke: R&amp;M<\/p>\n<p>Puffs: Pro Ger\u00e4t sind 9000 Puffs verf\u00fcgbar.<\/p>\n<p>Nikotin: 2%\/5%<\/p>\n<p>E-Liquid-F\u00fcllmenge: 15 ml<\/p>\n<p>Akku: 650 mAh<\/p>\n<p>Ladeanschluss:Typ C<\/p>\n<p>Widerstand: 1.0\u03a9 Mesh Coil<\/p>\n<p>&nbsp;<\/p>\n<h2>Geschm\u00e4cker<\/h2>\n<p>Beeren-Fusion<\/p>\n<p>Regenbogenbonbons<\/p>\n<p>Pfirsich Mango Wassermelone<\/p>\n<p>Eiskonus-Eis<\/p>\n<p>Fidschi-Melonen-Eis<\/p>\n<p>Fuji-Apfel-Eis<\/p>\n<p>Blaue Razz Granatapfel<\/p>\n<p>Himbeere Kirsche<\/p>\n<p>Erdbeere Wassermelone<\/p>\n<p>Blaues Himbeereis<\/p>\n<p>Wassermelone Kaugummi<\/p>\n<p>Gr\u00fcne Minze<\/p>\n<p>Himbeer-Pfirsich-Eis<\/p>\n<p>Tropischer Punsch<\/p>\n<p>Energy-Drink<\/p>\n<p>Kiwi-Drachenbeere<\/p>\n<p>&nbsp;<\/p>\n<h2>Verpackung &amp; Gewicht<\/h2>\n<p>0,064 kg\/St\u00fcck, einzeln mit kleiner Verpackung, 10 St\u00fcck in einer mittelgro\u00dfen Schachtel.<\/p>\n<p>300 St\u00fcck im Umkarton, 19,1 kg.<\/p>\n<p><a href=\"https:\/\/i0.wp.com\/www.disposablevapeswholesale.com\/wp-content\/uploads\/2022\/09\/RM-BAR-9000-Puffs-Disposable-Vape-Wholesale-All-Flavors.jpg?ssl=1\" target=\"_blank\" rel=\"noopener\"><img data-recalc-dims=\"1\" loading=\"lazy\" decoding=\"async\" class=\"alignnone size-full wp-image-4978\" title=\"RM BAR 9000 Puffs Einweg-Vape Gro\u00dfhandel Alle Geschmacksrichtungen\" src=\"https:\/\/i0.wp.com\/www.disposablevapeswholesale.com\/wp-content\/uploads\/2022\/09\/RM-BAR-9000-Puffs-Disposable-Vape-Wholesale-All-Flavors.jpg?resize=800%2C800&#038;ssl=1\" alt=\"RM BAR 9000 Puffs Einweg-Vape Gro\u00dfhandel Alle Geschmacksrichtungen\" width=\"800\" height=\"800\" \/><\/a> <a href=\"https:\/\/i0.wp.com\/www.disposablevapeswholesale.com\/wp-content\/uploads\/2022\/09\/RM-BAR-9000-Puffs-Disposable-Vape-Wholesale-3-Flavors.jpg?ssl=1\" target=\"_blank\" rel=\"noopener\"><img data-recalc-dims=\"1\" loading=\"lazy\" decoding=\"async\" class=\"alignnone size-full wp-image-4977\" title=\"RM BAR 9000 Puffs Einweg-Vape Gro\u00dfhandel 3 Geschmacksrichtungen\" src=\"https:\/\/i0.wp.com\/www.disposablevapeswholesale.com\/wp-content\/uploads\/2022\/09\/RM-BAR-9000-Puffs-Disposable-Vape-Wholesale-3-Flavors.jpg?resize=800%2C800&#038;ssl=1\" alt=\"RM BAR 9000 Puffs Einweg-Vape Gro\u00dfhandel 3 Geschmacksrichtungen\" width=\"800\" height=\"800\" \/><\/a> <a href=\"https:\/\/i0.wp.com\/www.disposablevapeswholesale.com\/wp-content\/uploads\/2022\/09\/RM-BAR-9000-Puffs-Disposable-Vape-Wholesale-Flavors.jpg?ssl=1\" target=\"_blank\" rel=\"noopener\"><img data-recalc-dims=\"1\" loading=\"lazy\" decoding=\"async\" class=\"alignnone size-full wp-image-4984\" title=\"RM BAR 9000 Puffs Einweg-Vape Gro\u00dfhandel Aromen\" src=\"https:\/\/i0.wp.com\/www.disposablevapeswholesale.com\/wp-content\/uploads\/2022\/09\/RM-BAR-9000-Puffs-Disposable-Vape-Wholesale-Flavors.jpg?resize=800%2C800&#038;ssl=1\" alt=\"RM BAR 9000 Puffs Einweg-Vape Gro\u00dfhandel Aromen\" width=\"800\" height=\"800\" \/><\/a> <a href=\"https:\/\/i0.wp.com\/www.disposablevapeswholesale.com\/wp-content\/uploads\/2022\/09\/RM-BAR-9000-Puffs-Disposable-Vape-Wholesale.jpg?ssl=1\" target=\"_blank\" rel=\"noopener\"><img data-recalc-dims=\"1\" loading=\"lazy\" decoding=\"async\" class=\"alignnone size-full wp-image-4996\" title=\"RM BAR 9000 Puffs Einweg-Vape Gro\u00dfhandel\" src=\"https:\/\/i0.wp.com\/www.disposablevapeswholesale.com\/wp-content\/uploads\/2022\/09\/RM-BAR-9000-Puffs-Disposable-Vape-Wholesale.jpg?resize=800%2C1131&#038;ssl=1\" alt=\"RM BAR 9000 Puffs Einweg-Vape Gro\u00dfhandel\" width=\"800\" height=\"1131\" \/><\/a> <a href=\"https:\/\/i0.wp.com\/www.disposablevapeswholesale.com\/wp-content\/uploads\/2022\/09\/RM-BAR-9000-Puffs-Disposable-Vape-Wholesale-Watermelon-Bubble-Gum.jpg?ssl=1\" target=\"_blank\" rel=\"noopener\"><img data-recalc-dims=\"1\" loading=\"lazy\" decoding=\"async\" class=\"alignnone size-full wp-image-4995\" title=\"RM BAR 9000 Puffs Einweg-Vape Gro\u00dfhandel Wassermelone-Kaugummi\" src=\"https:\/\/i0.wp.com\/www.disposablevapeswholesale.com\/wp-content\/uploads\/2022\/09\/RM-BAR-9000-Puffs-Disposable-Vape-Wholesale-Watermelon-Bubble-Gum.jpg?resize=800%2C800&#038;ssl=1\" alt=\"RM BAR 9000 Puffs Einweg-Vape Gro\u00dfhandel Wassermelone-Kaugummi\" width=\"800\" height=\"800\" \/><\/a> <a href=\"https:\/\/i0.wp.com\/www.disposablevapeswholesale.com\/wp-content\/uploads\/2022\/09\/RM-BAR-9000-Puffs-Disposable-Vape-Wholesale-Tropical-Punch.jpg?ssl=1\" target=\"_blank\" rel=\"noopener\"><img data-recalc-dims=\"1\" loading=\"lazy\" decoding=\"async\" class=\"alignnone size-full wp-image-4994\" title=\"RM BAR 9000 Puffs Einweg-Vape Gro\u00dfhandel Tropical Punch\" src=\"https:\/\/i0.wp.com\/www.disposablevapeswholesale.com\/wp-content\/uploads\/2022\/09\/RM-BAR-9000-Puffs-Disposable-Vape-Wholesale-Tropical-Punch.jpg?resize=800%2C800&#038;ssl=1\" alt=\"RM BAR 9000 Puffs Einweg-Vape Gro\u00dfhandel Tropical Punch\" width=\"800\" height=\"800\" \/><\/a> <a href=\"https:\/\/i0.wp.com\/www.disposablevapeswholesale.com\/wp-content\/uploads\/2022\/09\/RM-BAR-9000-Puffs-Disposable-Vape-Wholesale-Strawberry-Watermelon.jpg?ssl=1\" target=\"_blank\" rel=\"noopener\"><img data-recalc-dims=\"1\" loading=\"lazy\" decoding=\"async\" class=\"alignnone size-full wp-image-4993\" title=\"RM BAR 9000 Puffs Einweg-Vape Gro\u00dfhandel Erdbeere-Wassermelone\" src=\"https:\/\/i0.wp.com\/www.disposablevapeswholesale.com\/wp-content\/uploads\/2022\/09\/RM-BAR-9000-Puffs-Disposable-Vape-Wholesale-Strawberry-Watermelon.jpg?resize=800%2C800&#038;ssl=1\" alt=\"RM BAR 9000 Puffs Einweg-Vape Gro\u00dfhandel Erdbeere-Wassermelone\" width=\"800\" height=\"800\" \/><\/a> <a href=\"https:\/\/i0.wp.com\/www.disposablevapeswholesale.com\/wp-content\/uploads\/2022\/09\/RM-BAR-9000-Puffs-Disposable-Vape-Wholesale-Spear-Mint.jpg?ssl=1\" target=\"_blank\" rel=\"noopener\"><img data-recalc-dims=\"1\" loading=\"lazy\" decoding=\"async\" class=\"alignnone size-full wp-image-4992\" title=\"RM BAR 9000 Puffs Einweg-Vape Gro\u00dfhandel Spear Mint\" src=\"https:\/\/i0.wp.com\/www.disposablevapeswholesale.com\/wp-content\/uploads\/2022\/09\/RM-BAR-9000-Puffs-Disposable-Vape-Wholesale-Spear-Mint.jpg?resize=800%2C800&#038;ssl=1\" alt=\"RM BAR 9000 Puffs Einweg-Vape Gro\u00dfhandel Spear Mint\" width=\"800\" height=\"800\" \/><\/a> <a href=\"https:\/\/i0.wp.com\/www.disposablevapeswholesale.com\/wp-content\/uploads\/2022\/09\/RM-BAR-9000-Puffs-Disposable-Vape-Wholesale-Snow-Cone-Ice.jpg?ssl=1\" target=\"_blank\" rel=\"noopener\"><img data-recalc-dims=\"1\" loading=\"lazy\" decoding=\"async\" class=\"alignnone size-full wp-image-4991\" title=\"RM BAR 9000 Puffs Einweg-Vape Gro\u00dfhandel Snow Cone Ice\" src=\"https:\/\/i0.wp.com\/www.disposablevapeswholesale.com\/wp-content\/uploads\/2022\/09\/RM-BAR-9000-Puffs-Disposable-Vape-Wholesale-Snow-Cone-Ice.jpg?resize=800%2C800&#038;ssl=1\" alt=\"RM BAR 9000 Puffs Einweg-Vape Gro\u00dfhandel Snow Cone Ice\" width=\"800\" height=\"800\" \/><\/a> <a href=\"https:\/\/i0.wp.com\/www.disposablevapeswholesale.com\/wp-content\/uploads\/2022\/09\/RM-BAR-9000-Puffs-Disposable-Vape-Wholesale-Raspberry-Peach-Ice.jpg?ssl=1\" target=\"_blank\" rel=\"noopener\"><img data-recalc-dims=\"1\" loading=\"lazy\" decoding=\"async\" class=\"alignnone size-full wp-image-4990\" title=\"RM BAR 9000 Puffs Einweg-Vape Gro\u00dfhandel Himbeer-Pfirsich-Eis\" src=\"https:\/\/i0.wp.com\/www.disposablevapeswholesale.com\/wp-content\/uploads\/2022\/09\/RM-BAR-9000-Puffs-Disposable-Vape-Wholesale-Raspberry-Peach-Ice.jpg?resize=800%2C800&#038;ssl=1\" alt=\"RM BAR 9000 Puffs Einweg-Vape Gro\u00dfhandel Himbeer-Pfirsich-Eis\" width=\"800\" height=\"800\" \/><\/a> <a href=\"https:\/\/i0.wp.com\/www.disposablevapeswholesale.com\/wp-content\/uploads\/2022\/09\/RM-BAR-9000-Puffs-Disposable-Vape-Wholesale-Raspberry-Cherry.jpg?ssl=1\" target=\"_blank\" rel=\"noopener\"><img data-recalc-dims=\"1\" loading=\"lazy\" decoding=\"async\" class=\"alignnone size-full wp-image-4989\" title=\"RM BAR 9000 Puffs Einweg-Vape Gro\u00dfhandel Himbeere-Kirsche\" src=\"https:\/\/i0.wp.com\/www.disposablevapeswholesale.com\/wp-content\/uploads\/2022\/09\/RM-BAR-9000-Puffs-Disposable-Vape-Wholesale-Raspberry-Cherry.jpg?resize=800%2C800&#038;ssl=1\" alt=\"RM BAR 9000 Puffs Einweg-Vape Gro\u00dfhandel Himbeere-Kirsche\" width=\"800\" height=\"800\" \/><\/a> <a href=\"https:\/\/i0.wp.com\/www.disposablevapeswholesale.com\/wp-content\/uploads\/2022\/09\/RM-BAR-9000-Puffs-Disposable-Vape-Wholesale-Peach-Mango-Watermelon.jpg?ssl=1\" target=\"_blank\" rel=\"noopener\"><img data-recalc-dims=\"1\" loading=\"lazy\" decoding=\"async\" class=\"alignnone size-full wp-image-4987\" title=\"RM BAR 9000 Puffs Einweg-Vape Gro\u00dfhandel Pfirsich Mango Wassermelone\" src=\"https:\/\/i0.wp.com\/www.disposablevapeswholesale.com\/wp-content\/uploads\/2022\/09\/RM-BAR-9000-Puffs-Disposable-Vape-Wholesale-Peach-Mango-Watermelon.jpg?resize=800%2C800&#038;ssl=1\" alt=\"RM BAR 9000 Puffs Einweg-Vape Gro\u00dfhandel Pfirsich Mango Wassermelone\" width=\"800\" height=\"800\" \/><\/a> <a href=\"https:\/\/i0.wp.com\/www.disposablevapeswholesale.com\/wp-content\/uploads\/2022\/09\/RM-BAR-9000-Puffs-Disposable-Vape-Wholesale-Kiwi-Dragon-Berry.jpg?ssl=1\" target=\"_blank\" rel=\"noopener\"><img data-recalc-dims=\"1\" loading=\"lazy\" decoding=\"async\" class=\"alignnone size-full wp-image-4986\" title=\"RM BAR 9000 Puffs Einweg-Vape Gro\u00dfhandel Kiwi Dragon Berry\" src=\"https:\/\/i0.wp.com\/www.disposablevapeswholesale.com\/wp-content\/uploads\/2022\/09\/RM-BAR-9000-Puffs-Disposable-Vape-Wholesale-Kiwi-Dragon-Berry.jpg?resize=800%2C800&#038;ssl=1\" alt=\"RM BAR 9000 Puffs Einweg-Vape Gro\u00dfhandel Kiwi Dragon Berry\" width=\"800\" height=\"800\" \/><\/a> <a href=\"https:\/\/i0.wp.com\/www.disposablevapeswholesale.com\/wp-content\/uploads\/2022\/09\/RM-BAR-9000-Puffs-Disposable-Vape-Wholesale-Fuji-Apple-Ice.jpg?ssl=1\" target=\"_blank\" rel=\"noopener\"><img data-recalc-dims=\"1\" loading=\"lazy\" decoding=\"async\" class=\"alignnone size-full wp-image-4985\" title=\"RM BAR 9000 Puffs Einweg-Vape Gro\u00dfhandel Fuji Apple Ice\" src=\"https:\/\/i0.wp.com\/www.disposablevapeswholesale.com\/wp-content\/uploads\/2022\/09\/RM-BAR-9000-Puffs-Disposable-Vape-Wholesale-Fuji-Apple-Ice.jpg?resize=800%2C800&#038;ssl=1\" alt=\"RM BAR 9000 Puffs Einweg-Vape Gro\u00dfhandel Fuji Apple Ice\" width=\"800\" height=\"800\" \/><\/a> <a href=\"https:\/\/i0.wp.com\/www.disposablevapeswholesale.com\/wp-content\/uploads\/2022\/09\/RM-BAR-9000-Puffs-Disposable-Vape-Wholesale-Fiji-Melons-Ice.jpg?ssl=1\" target=\"_blank\" rel=\"noopener\"><img data-recalc-dims=\"1\" loading=\"lazy\" decoding=\"async\" class=\"alignnone size-full wp-image-4983\" title=\"RM BAR 9000 Puffs Einweg-Vape Gro\u00dfhandel Fidschi-Melonen Eis\" src=\"https:\/\/i0.wp.com\/www.disposablevapeswholesale.com\/wp-content\/uploads\/2022\/09\/RM-BAR-9000-Puffs-Disposable-Vape-Wholesale-Fiji-Melons-Ice.jpg?resize=800%2C800&#038;ssl=1\" alt=\"RM BAR 9000 Puffs Einweg-Vape Gro\u00dfhandel Fidschi-Melonen Eis\" width=\"800\" height=\"800\" \/><\/a> <a href=\"https:\/\/i0.wp.com\/www.disposablevapeswholesale.com\/wp-content\/uploads\/2022\/09\/RM-BAR-9000-Puffs-Disposable-Vape-Wholesale-Energy-Drink.jpg?ssl=1\" target=\"_blank\" rel=\"noopener\"><img data-recalc-dims=\"1\" loading=\"lazy\" decoding=\"async\" class=\"alignnone size-full wp-image-4982\" title=\"RM BAR 9000 Puffs Einweg-Vape Gro\u00dfhandel Energy Drink\" src=\"https:\/\/i0.wp.com\/www.disposablevapeswholesale.com\/wp-content\/uploads\/2022\/09\/RM-BAR-9000-Puffs-Disposable-Vape-Wholesale-Energy-Drink.jpg?resize=800%2C800&#038;ssl=1\" alt=\"RM BAR 9000 Puffs Einweg-Vape Gro\u00dfhandel Energy Drink\" width=\"800\" height=\"800\" \/><\/a> <a href=\"https:\/\/i0.wp.com\/www.disposablevapeswholesale.com\/wp-content\/uploads\/2022\/09\/RM-BAR-9000-Puffs-Disposable-Vape-Wholesale-Blue-Razz-Pomegranate.jpg?ssl=1\" target=\"_blank\" rel=\"noopener\"><img data-recalc-dims=\"1\" loading=\"lazy\" decoding=\"async\" class=\"alignnone size-full wp-image-4981\" title=\"RM BAR 9000 Puffs Einweg-Vape Gro\u00dfhandel Blue Razz Granatapfel\" src=\"https:\/\/i0.wp.com\/www.disposablevapeswholesale.com\/wp-content\/uploads\/2022\/09\/RM-BAR-9000-Puffs-Disposable-Vape-Wholesale-Blue-Razz-Pomegranate.jpg?resize=800%2C800&#038;ssl=1\" alt=\"RM BAR 9000 Puffs Einweg-Vape Gro\u00dfhandel Blue Razz Granatapfel\" width=\"800\" height=\"800\" \/><\/a> <a href=\"https:\/\/i0.wp.com\/www.disposablevapeswholesale.com\/wp-content\/uploads\/2022\/09\/RM-BAR-9000-Puffs-Disposable-Vape-Wholesale-Blue-Raspberry-Ice.jpg?ssl=1\" target=\"_blank\" rel=\"noopener\"><img data-recalc-dims=\"1\" loading=\"lazy\" decoding=\"async\" class=\"alignnone size-full wp-image-4980\" title=\"RM BAR 9000 Puffs Einweg-Vape Gro\u00dfhandel Blaubeere-Eis\" src=\"https:\/\/i0.wp.com\/www.disposablevapeswholesale.com\/wp-content\/uploads\/2022\/09\/RM-BAR-9000-Puffs-Disposable-Vape-Wholesale-Blue-Raspberry-Ice.jpg?resize=800%2C800&#038;ssl=1\" alt=\"RM BAR 9000 Puffs Einweg-Vape Gro\u00dfhandel Blaubeere-Eis\" width=\"800\" height=\"800\" \/><\/a> <a href=\"https:\/\/i0.wp.com\/www.disposablevapeswholesale.com\/wp-content\/uploads\/2022\/09\/RM-BAR-9000-Puffs-Disposable-Vape-Wholesale-Berry-Fusion.jpg?ssl=1\" target=\"_blank\" rel=\"noopener\"><img data-recalc-dims=\"1\" loading=\"lazy\" decoding=\"async\" class=\"alignnone size-full wp-image-4979\" title=\"RM BAR 9000 Puffs Einweg-Vape Gro\u00dfhandel Berry Fusion\" src=\"https:\/\/i0.wp.com\/www.disposablevapeswholesale.com\/wp-content\/uploads\/2022\/09\/RM-BAR-9000-Puffs-Disposable-Vape-Wholesale-Berry-Fusion.jpg?resize=800%2C800&#038;ssl=1\" alt=\"RM BAR 9000 Puffs Einweg-Vape Gro\u00dfhandel Berry Fusion\" width=\"800\" height=\"800\" \/><\/a> <a href=\"https:\/\/i0.wp.com\/www.disposablevapeswholesale.com\/wp-content\/uploads\/2022\/09\/RM-BAR-9000-Puffs-Disposable-Vape-Wholesale-Rainbow-candy.jpg?ssl=1\" target=\"_blank\" rel=\"noopener\"><img data-recalc-dims=\"1\" loading=\"lazy\" decoding=\"async\" class=\"alignnone size-full wp-image-4988\" title=\"RM BAR 9000 Puffs Einweg-Vape Gro\u00dfhandel Regenbogenbonbons\" src=\"https:\/\/i0.wp.com\/www.disposablevapeswholesale.com\/wp-content\/uploads\/2022\/09\/RM-BAR-9000-Puffs-Disposable-Vape-Wholesale-Rainbow-candy.jpg?resize=800%2C800&#038;ssl=1\" alt=\"RM BAR 9000 Puffs Einweg-Vape Gro\u00dfhandel Regenbogenbonbons\" width=\"800\" height=\"800\" \/><\/a><\/p>","protected":false},"excerpt":{"rendered":"<p>R&amp;M BAR 9000 Puffs Disposable Vape Wholesale offers adjustable airflow, high capacity, and consistent vapor production for customizable and satisfying vaping experiences.<\/p>","protected":false},"featured_media":1358,"comment_status":"closed","ping_status":"closed","template":"","meta":[],"product_brand":[],"product_cat":[22],"product_tag":[280,60,281,256],"class_list":{"0":"post-1192","1":"product","2":"type-product","3":"status-publish","4":"has-post-thumbnail","6":"product_cat-disposable-vape-sticks","7":"product_tag-9000-puffs","8":"product_tag-disposable-vapes","9":"product_tag-rm-bar","10":"product_tag-wholesale","12":"first","13":"instock","14":"shipping-taxable","15":"purchasable","16":"product-type-simple"},"jetpack_sharing_enabled":true,"tiered_pricing_type":"fixed","tiered_pricing_fixed_rules":{"5000":9,"10000":8,"50000":7},"tiered_pricing_product_settings":{"layout":"default","base_unit_name":{"singular":null,"plural":null},"default_variation":null},"tiered_pricing_minimum_quantity":60,"tiered_pricing_roles_data":[],"tiered_pricing_percentage_rules":[],"tiered_pricing_maximum_quantity":null,"tiered_pricing_quantity_step":null,"_links":{"self":[{"href":"https:\/\/cloudsupplyvapes.com\/de\/wp-json\/wp\/v2\/product\/1192","targetHints":{"allow":["GET"]}}],"collection":[{"href":"https:\/\/cloudsupplyvapes.com\/de\/wp-json\/wp\/v2\/product"}],"about":[{"href":"https:\/\/cloudsupplyvapes.com\/de\/wp-json\/wp\/v2\/types\/product"}],"replies":[{"embeddable":true,"href":"https:\/\/cloudsupplyvapes.com\/de\/wp-json\/wp\/v2\/comments?post=1192"}],"wp:featuredmedia":[{"embeddable":true,"href":"https:\/\/cloudsupplyvapes.com\/de\/wp-json\/wp\/v2\/media\/1358"}],"wp:attachment":[{"href":"https:\/\/cloudsupplyvapes.com\/de\/wp-json\/wp\/v2\/media?parent=1192"}],"wp:term":[{"taxonomy":"product_brand","embeddable":true,"href":"https:\/\/cloudsupplyvapes.com\/de\/wp-json\/wp\/v2\/product_brand?post=1192"},{"taxonomy":"product_cat","embeddable":true,"href":"https:\/\/cloudsupplyvapes.com\/de\/wp-json\/wp\/v2\/product_cat?post=1192"},{"taxonomy":"product_tag","embeddable":true,"href":"https:\/\/cloudsupplyvapes.com\/de\/wp-json\/wp\/v2\/product_tag?post=1192"}],"curies":[{"name":"wp","href":"https:\/\/api.w.org\/{rel}","templated":true}]}}