{"id":1193,"date":"2024-10-19T02:18:23","date_gmt":"2024-10-19T02:18:23","guid":{"rendered":"https:\/\/cloudsupplyvapes.com\/?post_type=product&#038;p=1193"},"modified":"2024-11-26T08:38:45","modified_gmt":"2024-11-26T08:38:45","slug":"-47","status":"publish","type":"product","link":"https:\/\/cloudsupplyvapes.com\/de\/product\/lavie-max-cup-8000-puffs-disposable-vape-wholesale\/","title":{"rendered":"LAVIE Max Cup 8000 Puffs Einweg Vape Gro\u00dfhandel Langlebig Langlebig Vape"},"content":{"rendered":"<p>Der LAVIE Max Cup 8000 ist ein einzigartig gestalteter Einwegdampfer mit einer kleinen und niedlichen Form, wie eine Tasse Milchtee, eingebautem 600 mAh Hochleistungsakku und 20 ml e-liquid \u00d6lkapazit\u00e4t. Es kann 8000 Z\u00fcge mit glatten Geschmack und eine Vielzahl von Aromen zur Auswahl rauchen.<\/p>\n<p>&nbsp;<\/p>\n<h2>LAVIE Max Cup 8000 Einweg Vape Spezifikationen:<\/h2>\n<p>Marke: LAVIE<\/p>\n<p>Puffs:8000 Puffs sind pro Ger\u00e4t verf\u00fcgbar.<\/p>\n<p>Nicotine:0%\/2%\/5%<\/p>\n<p>E-Saft Kapazit\u00e4t:20ML<\/p>\n<p>Akku:600mAh<\/p>\n<p>&nbsp;<\/p>\n<h2>Geschm\u00e4cker<\/h2>\n<p>Bananenmilch<\/p>\n<p>Cola-Eis<\/p>\n<p>Energy-Drink<\/p>\n<p>Traubeneis<\/p>\n<p>\u00dcppiges Eis<\/p>\n<p>Mango-Eis<\/p>\n<p>Minze Eis<\/p>\n<p>Socola-Sahne<\/p>\n<p>Taro-Eis<\/p>\n<p>&nbsp;<\/p>\n<h2>Verpackung &amp; Gewicht<\/h2>\n<p>0.1KG\/PCS, einzeln mit kleiner Verpackung, 10 St\u00fcck in einer mittleren Schachtel.<\/p>\n<p>200PCS im Umkarton, 20KG.<\/p>\n<p><a href=\"https:\/\/i0.wp.com\/www.disposablevapeswholesale.com\/wp-content\/uploads\/2022\/09\/LAVIE-Max-Cup-8000-Puffs-Disposable-Vape-Wholesale.jpg?ssl=1\" target=\"_blank\" rel=\"noopener\"><img data-recalc-dims=\"1\" loading=\"lazy\" decoding=\"async\" class=\"alignnone size-full wp-image-4939\" title=\"LAVIE Max Cup 8000 Puffs Einweg Vape Gro\u00dfhandel\" src=\"https:\/\/i0.wp.com\/www.disposablevapeswholesale.com\/wp-content\/uploads\/2022\/09\/LAVIE-Max-Cup-8000-Puffs-Disposable-Vape-Wholesale.jpg?resize=800%2C333&#038;ssl=1\" alt=\"LAVIE Max Cup 8000 Puffs Einweg Vape Gro\u00dfhandel\" width=\"800\" height=\"333\" \/><\/a> <a href=\"https:\/\/i0.wp.com\/www.disposablevapeswholesale.com\/wp-content\/uploads\/2022\/09\/LAVIE-Max-Cup-8000-Puffs-Disposable-Vape-Wholesale-Flavors.jpg?ssl=1\" target=\"_blank\" rel=\"noopener\"><img data-recalc-dims=\"1\" loading=\"lazy\" decoding=\"async\" class=\"alignnone size-full wp-image-4921\" title=\"LAVIE Max Cup 8000 Puffs Einweg Vape Gro\u00dfhandel Aromen\" src=\"https:\/\/i0.wp.com\/www.disposablevapeswholesale.com\/wp-content\/uploads\/2022\/09\/LAVIE-Max-Cup-8000-Puffs-Disposable-Vape-Wholesale-Flavors.jpg?resize=800%2C800&#038;ssl=1\" alt=\"LAVIE Max Cup 8000 Puffs Einweg Vape Gro\u00dfhandel Aromen\" width=\"800\" height=\"800\" \/><\/a> <a href=\"https:\/\/i0.wp.com\/www.disposablevapeswholesale.com\/wp-content\/uploads\/2022\/09\/LAVIE-Max-Cup-8000-Puffs-Disposable-Vape-Wholesale-All-Flavors.jpg?ssl=1\" target=\"_blank\" rel=\"noopener\"><img data-recalc-dims=\"1\" loading=\"lazy\" decoding=\"async\" class=\"alignnone size-full wp-image-4913\" title=\"LAVIE Max Cup 8000 Puffs Einweg Vape Gro\u00dfhandel alle Aromen\" src=\"https:\/\/i0.wp.com\/www.disposablevapeswholesale.com\/wp-content\/uploads\/2022\/09\/LAVIE-Max-Cup-8000-Puffs-Disposable-Vape-Wholesale-All-Flavors.jpg?resize=800%2C800&#038;ssl=1\" alt=\"LAVIE Max Cup 8000 Puffs Einweg Vape Gro\u00dfhandel alle Aromen\" width=\"800\" height=\"800\" \/><\/a> <a href=\"https:\/\/i0.wp.com\/www.disposablevapeswholesale.com\/wp-content\/uploads\/2022\/09\/LAVIE-Max-Cup-8000-Puffs-Disposable-Vape-Wholesale-Describe.jpg?ssl=1\" target=\"_blank\" rel=\"noopener\"><img data-recalc-dims=\"1\" loading=\"lazy\" decoding=\"async\" class=\"alignnone size-full wp-image-4918\" title=\"LAVIE Max Cup 8000 Puffs Einweg Vape Gro\u00dfhandel beschreiben\" src=\"https:\/\/i0.wp.com\/www.disposablevapeswholesale.com\/wp-content\/uploads\/2022\/09\/LAVIE-Max-Cup-8000-Puffs-Disposable-Vape-Wholesale-Describe.jpg?resize=800%2C800&#038;ssl=1\" alt=\"LAVIE Max Cup 8000 Puffs Einweg Vape Gro\u00dfhandel beschreiben\" width=\"800\" height=\"800\" \/><\/a> <a href=\"https:\/\/i0.wp.com\/www.disposablevapeswholesale.com\/wp-content\/uploads\/2022\/09\/LAVIE-Max-Cup-8000-Puffs-Disposable-Vape-Wholesale-5-Flavors.jpg?ssl=1\" target=\"_blank\" rel=\"noopener\"><img data-recalc-dims=\"1\" loading=\"lazy\" decoding=\"async\" class=\"alignnone size-full wp-image-4912\" title=\"LAVIE Max Cup 8000 Puffs Einweg Vape Gro\u00dfhandel 5 Geschmacksrichtungen\" src=\"https:\/\/i0.wp.com\/www.disposablevapeswholesale.com\/wp-content\/uploads\/2022\/09\/LAVIE-Max-Cup-8000-Puffs-Disposable-Vape-Wholesale-5-Flavors.jpg?resize=800%2C800&#038;ssl=1\" alt=\"LAVIE Max Cup 8000 Puffs Einweg Vape Gro\u00dfhandel 5 Geschmacksrichtungen\" width=\"800\" height=\"800\" \/><\/a> <a href=\"https:\/\/i0.wp.com\/www.disposablevapeswholesale.com\/wp-content\/uploads\/2022\/09\/LAVIE-Max-Cup-8000-Puffs-Disposable-Vape-Wholesale-Scense.jpg?ssl=1\" target=\"_blank\" rel=\"noopener\"><img data-recalc-dims=\"1\" loading=\"lazy\" decoding=\"async\" class=\"alignnone size-full wp-image-4933\" title=\"LAVIE Max Cup 8000 Puffs Einweg Vape Gro\u00dfhandel Scense\" src=\"https:\/\/i0.wp.com\/www.disposablevapeswholesale.com\/wp-content\/uploads\/2022\/09\/LAVIE-Max-Cup-8000-Puffs-Disposable-Vape-Wholesale-Scense.jpg?resize=800%2C800&#038;ssl=1\" alt=\"LAVIE Max Cup 8000 Puffs Einweg Vape Gro\u00dfhandel Scense\" width=\"800\" height=\"800\" \/><\/a> <a href=\"https:\/\/i0.wp.com\/www.disposablevapeswholesale.com\/wp-content\/uploads\/2022\/09\/LAVIE-Max-Cup-8000-Puffs-Disposable-Vape-Wholesale-Pakage.jpg?ssl=1\" target=\"_blank\" rel=\"noopener\"><img data-recalc-dims=\"1\" loading=\"lazy\" decoding=\"async\" class=\"alignnone size-full wp-image-4932\" title=\"LAVIE Max Cup 8000 Puffs Einweg Vape Gro\u00dfhandelspaket\" src=\"https:\/\/i0.wp.com\/www.disposablevapeswholesale.com\/wp-content\/uploads\/2022\/09\/LAVIE-Max-Cup-8000-Puffs-Disposable-Vape-Wholesale-Pakage.jpg?resize=800%2C800&#038;ssl=1\" alt=\"LAVIE Max Cup 8000 Puffs Einweg Vape Gro\u00dfhandelspaket\" width=\"800\" height=\"800\" \/><\/a> <a href=\"https:\/\/i0.wp.com\/www.disposablevapeswholesale.com\/wp-content\/uploads\/2022\/09\/LAVIE-Max-Cup-8000-Puffs-Disposable-Vape-Wholesale-Usage-Scenarios.jpg?ssl=1\" target=\"_blank\" rel=\"noopener\"><img data-recalc-dims=\"1\" loading=\"lazy\" decoding=\"async\" class=\"alignnone size-full wp-image-4938\" title=\"LAVIE Max Cup 8000 Puffs Einweg Vape Gro\u00dfhandel Nutzungsszenarien\" src=\"https:\/\/i0.wp.com\/www.disposablevapeswholesale.com\/wp-content\/uploads\/2022\/09\/LAVIE-Max-Cup-8000-Puffs-Disposable-Vape-Wholesale-Usage-Scenarios.jpg?resize=800%2C800&#038;ssl=1\" alt=\"LAVIE Max Cup 8000 Puffs Einweg Vape Gro\u00dfhandel Nutzungsszenarien\" width=\"800\" height=\"800\" \/><\/a> <a href=\"https:\/\/i0.wp.com\/www.disposablevapeswholesale.com\/wp-content\/uploads\/2022\/09\/LAVIE-Max-Cup-8000-Puffs-Disposable-Vape-Wholesale-Taro-Ice.jpg?ssl=1\" target=\"_blank\" rel=\"noopener\"><img data-recalc-dims=\"1\" loading=\"lazy\" decoding=\"async\" class=\"alignnone size-full wp-image-4937\" title=\"LAVIE Max Cup 8000 Puffs Einweg Vape Gro\u00dfhandel Taro Ice\" src=\"https:\/\/i0.wp.com\/www.disposablevapeswholesale.com\/wp-content\/uploads\/2022\/09\/LAVIE-Max-Cup-8000-Puffs-Disposable-Vape-Wholesale-Taro-Ice.jpg?resize=800%2C800&#038;ssl=1\" alt=\"LAVIE Max Cup 8000 Puffs Einweg Vape Gro\u00dfhandel Taro Ice\" width=\"800\" height=\"800\" \/><\/a> <a href=\"https:\/\/i0.wp.com\/www.disposablevapeswholesale.com\/wp-content\/uploads\/2022\/09\/LAVIE-Max-Cup-8000-Puffs-Disposable-Vape-Wholesale-Socola-Cream.jpg?ssl=1\" target=\"_blank\" rel=\"noopener\"><img data-recalc-dims=\"1\" loading=\"lazy\" decoding=\"async\" class=\"alignnone size-full wp-image-4935\" title=\"LAVIE Max Cup 8000 Puffs Einweg Vape Gro\u00dfhandel Socola Creme\" src=\"https:\/\/i0.wp.com\/www.disposablevapeswholesale.com\/wp-content\/uploads\/2022\/09\/LAVIE-Max-Cup-8000-Puffs-Disposable-Vape-Wholesale-Socola-Cream.jpg?resize=800%2C800&#038;ssl=1\" alt=\"LAVIE Max Cup 8000 Puffs Einweg Vape Gro\u00dfhandel Socola Creme\" width=\"800\" height=\"800\" \/><\/a> <a href=\"https:\/\/i0.wp.com\/www.disposablevapeswholesale.com\/wp-content\/uploads\/2022\/09\/LAVIE-Max-Cup-8000-Puffs-Disposable-Vape-Wholesale-Mint-Ice.jpg?ssl=1\" target=\"_blank\" rel=\"noopener\"><img data-recalc-dims=\"1\" loading=\"lazy\" decoding=\"async\" class=\"alignnone size-full wp-image-4931\" title=\"LAVIE Max Cup 8000 Puffs Einweg Vape Gro\u00dfhandel Minze Eis\" src=\"https:\/\/i0.wp.com\/www.disposablevapeswholesale.com\/wp-content\/uploads\/2022\/09\/LAVIE-Max-Cup-8000-Puffs-Disposable-Vape-Wholesale-Mint-Ice.jpg?resize=800%2C800&#038;ssl=1\" alt=\"LAVIE Max Cup 8000 Puffs Einweg Vape Gro\u00dfhandel Minze Eis\" width=\"800\" height=\"800\" \/><\/a> <a href=\"https:\/\/i0.wp.com\/www.disposablevapeswholesale.com\/wp-content\/uploads\/2022\/09\/LAVIE-Max-Cup-8000-Puffs-Disposable-Vape-Wholesale-Mango-Strawberry-Ice.jpg?ssl=1\" target=\"_blank\" rel=\"noopener\"><img data-recalc-dims=\"1\" loading=\"lazy\" decoding=\"async\" class=\"alignnone size-full wp-image-4929\" title=\"LAVIE Max Cup 8000 Puffs Einweg Vape Gro\u00dfhandel Mango Erdbeere Eis\" src=\"https:\/\/i0.wp.com\/www.disposablevapeswholesale.com\/wp-content\/uploads\/2022\/09\/LAVIE-Max-Cup-8000-Puffs-Disposable-Vape-Wholesale-Mango-Strawberry-Ice.jpg?resize=800%2C800&#038;ssl=1\" alt=\"LAVIE Max Cup 8000 Puffs Einweg Vape Gro\u00dfhandel Mango Erdbeere Eis\" width=\"800\" height=\"800\" \/><\/a> <a href=\"https:\/\/i0.wp.com\/www.disposablevapeswholesale.com\/wp-content\/uploads\/2022\/09\/LAVIE-Max-Cup-8000-Puffs-Disposable-Vape-Wholesale-Mango-Ice.jpg?ssl=1\" target=\"_blank\" rel=\"noopener\"><img data-recalc-dims=\"1\" loading=\"lazy\" decoding=\"async\" class=\"alignnone size-full wp-image-4927\" title=\"LAVIE Max Cup 8000 Puffs Einweg Vape Gro\u00dfhandel Mango Ice\" src=\"https:\/\/i0.wp.com\/www.disposablevapeswholesale.com\/wp-content\/uploads\/2022\/09\/LAVIE-Max-Cup-8000-Puffs-Disposable-Vape-Wholesale-Mango-Ice.jpg?resize=800%2C800&#038;ssl=1\" alt=\"LAVIE Max Cup 8000 Puffs Einweg Vape Gro\u00dfhandel Mango Ice\" width=\"800\" height=\"800\" \/><\/a> <a href=\"https:\/\/i0.wp.com\/www.disposablevapeswholesale.com\/wp-content\/uploads\/2022\/09\/LAVIE-Max-Cup-8000-Puffs-Disposable-Vape-Wholesale-Lush-Ice.jpg?ssl=1\" target=\"_blank\" rel=\"noopener\"><img data-recalc-dims=\"1\" loading=\"lazy\" decoding=\"async\" class=\"alignnone size-full wp-image-4925\" title=\"LAVIE Max Cup 8000 Puffs Einweg Vape Gro\u00dfhandel Lush Ice\" src=\"https:\/\/i0.wp.com\/www.disposablevapeswholesale.com\/wp-content\/uploads\/2022\/09\/LAVIE-Max-Cup-8000-Puffs-Disposable-Vape-Wholesale-Lush-Ice.jpg?resize=800%2C800&#038;ssl=1\" alt=\"LAVIE Max Cup 8000 Puffs Einweg Vape Gro\u00dfhandel Lush Ice\" width=\"800\" height=\"800\" \/><\/a> <a href=\"https:\/\/i0.wp.com\/www.disposablevapeswholesale.com\/wp-content\/uploads\/2022\/09\/LAVIE-Max-Cup-8000-Puffs-Disposable-Vape-Wholesale-Grape-Ice.jpg?ssl=1\" target=\"_blank\" rel=\"noopener\"><img data-recalc-dims=\"1\" loading=\"lazy\" decoding=\"async\" class=\"alignnone size-full wp-image-4923\" title=\"LAVIE Max Cup 8000 Puffs Einweg Vape Gro\u00dfhandel Traubeneis\" src=\"https:\/\/i0.wp.com\/www.disposablevapeswholesale.com\/wp-content\/uploads\/2022\/09\/LAVIE-Max-Cup-8000-Puffs-Disposable-Vape-Wholesale-Grape-Ice.jpg?resize=800%2C800&#038;ssl=1\" alt=\"LAVIE Max Cup 8000 Puffs Einweg Vape Gro\u00dfhandel Traubeneis\" width=\"800\" height=\"800\" \/><\/a> <a href=\"https:\/\/i0.wp.com\/www.disposablevapeswholesale.com\/wp-content\/uploads\/2022\/09\/LAVIE-Max-Cup-8000-Puffs-Disposable-Vape-Wholesale-Energy-Drink.jpg?ssl=1\" target=\"_blank\" rel=\"noopener\"><img data-recalc-dims=\"1\" loading=\"lazy\" decoding=\"async\" class=\"alignnone size-full wp-image-4920\" title=\"LAVIE Max Cup 8000 Puffs Einweg Vape Gro\u00dfhandel Energy Drink\" src=\"https:\/\/i0.wp.com\/www.disposablevapeswholesale.com\/wp-content\/uploads\/2022\/09\/LAVIE-Max-Cup-8000-Puffs-Disposable-Vape-Wholesale-Energy-Drink.jpg?resize=800%2C800&#038;ssl=1\" alt=\"LAVIE Max Cup 8000 Puffs Einweg Vape Gro\u00dfhandel Energy Drink\" width=\"800\" height=\"800\" \/><\/a> <a href=\"https:\/\/i0.wp.com\/www.disposablevapeswholesale.com\/wp-content\/uploads\/2022\/09\/LAVIE-Max-Cup-8000-Puffs-Disposable-Vape-Wholesale-Cola-Ice.jpg?ssl=1\" target=\"_blank\" rel=\"noopener\"><img data-recalc-dims=\"1\" loading=\"lazy\" decoding=\"async\" class=\"alignnone size-full wp-image-4917\" title=\"LAVIE Max Cup 8000 Puffs Einweg Vape Gro\u00dfhandel Cola Eis\" src=\"https:\/\/i0.wp.com\/www.disposablevapeswholesale.com\/wp-content\/uploads\/2022\/09\/LAVIE-Max-Cup-8000-Puffs-Disposable-Vape-Wholesale-Cola-Ice.jpg?resize=800%2C800&#038;ssl=1\" alt=\"LAVIE Max Cup 8000 Puffs Einweg Vape Gro\u00dfhandel Cola Eis\" width=\"800\" height=\"800\" \/><\/a> <a href=\"https:\/\/i0.wp.com\/www.disposablevapeswholesale.com\/wp-content\/uploads\/2022\/09\/LAVIE-Max-Cup-8000-Puffs-Disposable-Vape-Wholesale-Banana-Milk.jpg?ssl=1\" target=\"_blank\" rel=\"noopener\"><img data-recalc-dims=\"1\" loading=\"lazy\" decoding=\"async\" class=\"alignnone size-full wp-image-4915\" title=\"LAVIE Max Cup 8000 Puffs Einweg Vape Gro\u00dfhandel Bananenmilch\" src=\"https:\/\/i0.wp.com\/www.disposablevapeswholesale.com\/wp-content\/uploads\/2022\/09\/LAVIE-Max-Cup-8000-Puffs-Disposable-Vape-Wholesale-Banana-Milk.jpg?resize=800%2C800&#038;ssl=1\" alt=\"LAVIE Max Cup 8000 Puffs Einweg Vape Gro\u00dfhandel Bananenmilch\" width=\"800\" height=\"800\" \/><\/a><\/p>\n<p><a href=\"https:\/\/i0.wp.com\/www.disposablevapeswholesale.com\/wp-content\/uploads\/2022\/09\/LAVIE-Max-Cup-8000-Puffs-Disposable-Vape-Wholesale-Mint-Ice-Flavors.jpg?ssl=1\" target=\"_blank\" rel=\"noopener\"><img data-recalc-dims=\"1\" loading=\"lazy\" decoding=\"async\" class=\"alignnone size-full wp-image-4930\" title=\"LAVIE Max Cup 8000 Puffs Einweg Vape Gro\u00dfhandel Minze Eis Geschmacksrichtungen\" src=\"https:\/\/i0.wp.com\/www.disposablevapeswholesale.com\/wp-content\/uploads\/2022\/09\/LAVIE-Max-Cup-8000-Puffs-Disposable-Vape-Wholesale-Mint-Ice-Flavors.jpg?resize=800%2C800&#038;ssl=1\" alt=\"LAVIE Max Cup 8000 Puffs Einweg Vape Gro\u00dfhandel Minze Eis Geschmacksrichtungen\" width=\"800\" height=\"800\" \/><\/a> <a href=\"https:\/\/i0.wp.com\/www.disposablevapeswholesale.com\/wp-content\/uploads\/2022\/09\/LAVIE-Max-Cup-8000-Puffs-Disposable-Vape-Wholesale-Mango-Strawberry-Ice-Pakage.jpg?ssl=1\" target=\"_blank\" rel=\"noopener\"><img data-recalc-dims=\"1\" loading=\"lazy\" decoding=\"async\" class=\"alignnone size-full wp-image-4928\" title=\"LAVIE Max Cup 8000 Puffs Einweg Vape Gro\u00dfhandel Mango Erdbeere Eis Paket\" src=\"https:\/\/i0.wp.com\/www.disposablevapeswholesale.com\/wp-content\/uploads\/2022\/09\/LAVIE-Max-Cup-8000-Puffs-Disposable-Vape-Wholesale-Mango-Strawberry-Ice-Pakage.jpg?resize=800%2C800&#038;ssl=1\" alt=\"LAVIE Max Cup 8000 Puffs Einweg Vape Gro\u00dfhandel Mango Erdbeere Eis Paket\" width=\"800\" height=\"800\" \/><\/a> <a href=\"https:\/\/i0.wp.com\/www.disposablevapeswholesale.com\/wp-content\/uploads\/2022\/09\/LAVIE-Max-Cup-8000-Puffs-Disposable-Vape-Wholesale-Mango-Ice-Flavors.jpg?ssl=1\" target=\"_blank\" rel=\"noopener\"><img data-recalc-dims=\"1\" loading=\"lazy\" decoding=\"async\" class=\"alignnone size-full wp-image-4926\" title=\"LAVIE Max Cup 8000 Puffs Einweg Vape Gro\u00dfhandel Mango Eis Geschmacksrichtungen\" src=\"https:\/\/i0.wp.com\/www.disposablevapeswholesale.com\/wp-content\/uploads\/2022\/09\/LAVIE-Max-Cup-8000-Puffs-Disposable-Vape-Wholesale-Mango-Ice-Flavors.jpg?resize=800%2C800&#038;ssl=1\" alt=\"LAVIE Max Cup 8000 Puffs Einweg Vape Gro\u00dfhandel Mango Eis Geschmacksrichtungen\" width=\"800\" height=\"800\" \/><\/a> <a href=\"https:\/\/i0.wp.com\/www.disposablevapeswholesale.com\/wp-content\/uploads\/2022\/09\/LAVIE-Max-Cup-8000-Puffs-Disposable-Vape-Wholesale-Lush-Ice-Pakage.jpg?ssl=1\" target=\"_blank\" rel=\"noopener\"><img data-recalc-dims=\"1\" loading=\"lazy\" decoding=\"async\" class=\"alignnone size-full wp-image-4924\" title=\"LAVIE Max Cup 8000 Puffs Einweg Vape Gro\u00dfhandel Lush Ice Paket\" src=\"https:\/\/i0.wp.com\/www.disposablevapeswholesale.com\/wp-content\/uploads\/2022\/09\/LAVIE-Max-Cup-8000-Puffs-Disposable-Vape-Wholesale-Lush-Ice-Pakage.jpg?resize=800%2C800&#038;ssl=1\" alt=\"LAVIE Max Cup 8000 Puffs Einweg Vape Gro\u00dfhandel Lush Ice Paket\" width=\"800\" height=\"800\" \/><\/a> <a href=\"https:\/\/i0.wp.com\/www.disposablevapeswholesale.com\/wp-content\/uploads\/2022\/09\/LAVIE-Max-Cup-8000-Puffs-Disposable-Vape-Wholesale-Grape-Ice-Pakage.jpg?ssl=1\" target=\"_blank\" rel=\"noopener\"><img data-recalc-dims=\"1\" loading=\"lazy\" decoding=\"async\" class=\"alignnone size-full wp-image-4922\" title=\"LAVIE Max Cup 8000 Puffs Einweg-Vape Gro\u00dfhandel Trauben-Eis-Paket\" src=\"https:\/\/i0.wp.com\/www.disposablevapeswholesale.com\/wp-content\/uploads\/2022\/09\/LAVIE-Max-Cup-8000-Puffs-Disposable-Vape-Wholesale-Grape-Ice-Pakage.jpg?resize=800%2C800&#038;ssl=1\" alt=\"LAVIE Max Cup 8000 Puffs Einweg-Vape Gro\u00dfhandel Trauben-Eis-Paket\" width=\"800\" height=\"800\" \/><\/a> <a href=\"https:\/\/i0.wp.com\/www.disposablevapeswholesale.com\/wp-content\/uploads\/2022\/09\/LAVIE-Max-Cup-8000-Puffs-Disposable-Vape-Wholesale-Energy-Drink-Pakage.jpg?ssl=1\" target=\"_blank\" rel=\"noopener\"><img data-recalc-dims=\"1\" loading=\"lazy\" decoding=\"async\" class=\"alignnone size-full wp-image-4919\" title=\"LAVIE Max Cup 8000 Puffs Einweg Vape Gro\u00dfhandel Energy Drink Paket\" src=\"https:\/\/i0.wp.com\/www.disposablevapeswholesale.com\/wp-content\/uploads\/2022\/09\/LAVIE-Max-Cup-8000-Puffs-Disposable-Vape-Wholesale-Energy-Drink-Pakage.jpg?resize=800%2C800&#038;ssl=1\" alt=\"LAVIE Max Cup 8000 Puffs Einweg Vape Gro\u00dfhandel Energy Drink Paket\" width=\"800\" height=\"800\" \/><\/a> <a href=\"https:\/\/i0.wp.com\/www.disposablevapeswholesale.com\/wp-content\/uploads\/2022\/09\/LAVIE-Max-Cup-8000-Puffs-Disposable-Vape-Wholesale-Cola-Ice-Pakage.jpg?ssl=1\" target=\"_blank\" rel=\"noopener\"><img data-recalc-dims=\"1\" loading=\"lazy\" decoding=\"async\" class=\"alignnone size-full wp-image-4916\" title=\"LAVIE Max Cup 8000 Puffs Einweg-Vape-Gro\u00dfhandel Cola-Eis-Paket\" src=\"https:\/\/i0.wp.com\/www.disposablevapeswholesale.com\/wp-content\/uploads\/2022\/09\/LAVIE-Max-Cup-8000-Puffs-Disposable-Vape-Wholesale-Cola-Ice-Pakage.jpg?resize=800%2C800&#038;ssl=1\" alt=\"LAVIE Max Cup 8000 Puffs Einweg-Vape-Gro\u00dfhandel Cola-Eis-Paket\" width=\"800\" height=\"800\" \/><\/a> <a href=\"https:\/\/i0.wp.com\/www.disposablevapeswholesale.com\/wp-content\/uploads\/2022\/09\/LAVIE-Max-Cup-8000-Puffs-Disposable-Vape-Wholesale-Banana-Milk-Pakage.jpg?ssl=1\" target=\"_blank\" rel=\"noopener\"><img data-recalc-dims=\"1\" loading=\"lazy\" decoding=\"async\" class=\"alignnone size-full wp-image-4914\" title=\"LAVIE Max Cup 8000 Puffs Einweg-Vape-Gro\u00dfhandel Bananen-Milch-Paket\" src=\"https:\/\/i0.wp.com\/www.disposablevapeswholesale.com\/wp-content\/uploads\/2022\/09\/LAVIE-Max-Cup-8000-Puffs-Disposable-Vape-Wholesale-Banana-Milk-Pakage.jpg?resize=800%2C800&#038;ssl=1\" alt=\"LAVIE Max Cup 8000 Puffs Einweg-Vape-Gro\u00dfhandel Bananen-Milch-Paket\" width=\"800\" height=\"800\" \/><\/a><\/p>","protected":false},"excerpt":{"rendered":"<p>Der LAVIE Max Cup 8000 Puffs Einweg-Vape-Gro\u00dfhandel bietet eine robuste Konstruktion, einen langlebigen Akku und eine konstante Dampfabgabe f\u00fcr zufriedenstellende und zuverl\u00e4ssige Vaping-Sessions.<\/p>","protected":false},"featured_media":1368,"comment_status":"closed","ping_status":"closed","template":"","meta":[],"product_brand":[],"product_cat":[22],"product_tag":[272,60,282,256],"class_list":{"0":"post-1193","1":"product","2":"type-product","3":"status-publish","4":"has-post-thumbnail","6":"product_cat-disposable-vape-sticks","7":"product_tag-8000-puffs","8":"product_tag-disposable-vapes","9":"product_tag-lavie-max-cup","10":"product_tag-wholesale","12":"first","13":"instock","14":"shipping-taxable","15":"purchasable","16":"product-type-simple"},"jetpack_sharing_enabled":true,"tiered_pricing_type":"fixed","tiered_pricing_fixed_rules":{"5000":10,"10000":9,"50000":8},"tiered_pricing_product_settings":{"layout":"default","base_unit_name":{"singular":null,"plural":null},"default_variation":null},"tiered_pricing_minimum_quantity":60,"tiered_pricing_roles_data":[],"tiered_pricing_percentage_rules":[],"tiered_pricing_maximum_quantity":null,"tiered_pricing_quantity_step":null,"_links":{"self":[{"href":"https:\/\/cloudsupplyvapes.com\/de\/wp-json\/wp\/v2\/product\/1193","targetHints":{"allow":["GET"]}}],"collection":[{"href":"https:\/\/cloudsupplyvapes.com\/de\/wp-json\/wp\/v2\/product"}],"about":[{"href":"https:\/\/cloudsupplyvapes.com\/de\/wp-json\/wp\/v2\/types\/product"}],"replies":[{"embeddable":true,"href":"https:\/\/cloudsupplyvapes.com\/de\/wp-json\/wp\/v2\/comments?post=1193"}],"wp:featuredmedia":[{"embeddable":true,"href":"https:\/\/cloudsupplyvapes.com\/de\/wp-json\/wp\/v2\/media\/1368"}],"wp:attachment":[{"href":"https:\/\/cloudsupplyvapes.com\/de\/wp-json\/wp\/v2\/media?parent=1193"}],"wp:term":[{"taxonomy":"product_brand","embeddable":true,"href":"https:\/\/cloudsupplyvapes.com\/de\/wp-json\/wp\/v2\/product_brand?post=1193"},{"taxonomy":"product_cat","embeddable":true,"href":"https:\/\/cloudsupplyvapes.com\/de\/wp-json\/wp\/v2\/product_cat?post=1193"},{"taxonomy":"product_tag","embeddable":true,"href":"https:\/\/cloudsupplyvapes.com\/de\/wp-json\/wp\/v2\/product_tag?post=1193"}],"curies":[{"name":"wp","href":"https:\/\/api.w.org\/{rel}","templated":true}]}}