{"id":1203,"date":"2024-10-19T02:18:24","date_gmt":"2024-10-19T02:18:24","guid":{"rendered":"https:\/\/cloudsupplyvapes.com\/?post_type=product&#038;p=1203"},"modified":"2024-11-26T08:38:29","modified_gmt":"2024-11-26T08:38:29","slug":"-50","status":"publish","type":"product","link":"https:\/\/cloudsupplyvapes.com\/de\/product\/ovns-08-2500-puffs-disposable-vape-wholesale\/","title":{"rendered":"OVNS 08 2500 Puffs Einweg Vape Gro\u00dfhandel Leichtgewicht Anf\u00e4nger Freundlich Vape"},"content":{"rendered":"<p>OVNS 08 ist eine einzigartig gestaltete Einweg-Dampfger\u00e4t mit einem eingebauten 1150 mAh Akku mit hoher Kapazit\u00e4t, 8 ml e-Fl\u00fcssigkeit \u00d6l-Kapazit\u00e4t, und kann vape 2500 Puffs mit einer Vielzahl von Aromen zur Auswahl.<\/p>\n<p>&nbsp;<\/p>\n<h2>OVNS 08 2500 Einweg-Vape Spezifikationen:<\/h2>\n<p>Marke: OVNS<\/p>\n<p>Puffs: 2500 Puffs sind pro Ger\u00e4t verf\u00fcgbar.<\/p>\n<p>Nikotin:5%<\/p>\n<p>E-Saft Kapazit\u00e4t: 8ML<\/p>\n<p>Akku: 1150mAh<\/p>\n<p>Widerstand: 1.0\u03a9 Mesh Coil<\/p>\n<p>&nbsp;<\/p>\n<h2>Geschm\u00e4cker<\/h2>\n<p>Trauben-Razz-Eis<\/p>\n<p>\u00dcppiges Eis<\/p>\n<p>Blaubeere<\/p>\n<p>Bananeneis<\/p>\n<p>Gemischte Beere<\/p>\n<p>Orange-Pfirsich-Eis<\/p>\n<p>Ananas-Kokosnuss<\/p>\n<p>Ananaseis<\/p>\n<p>Erdbeere Wassermelone<\/p>\n<p>Mango<\/p>\n<p>Blue Razz Lemon<\/p>\n<p>Erdbeerflossin<\/p>\n<p>Wassermelone Kirsche<\/p>\n<p>&nbsp;<\/p>\n<h2>Verpackung &amp; Gewicht<\/h2>\n<p>0.065KG\/PCS, einzeln mit kleiner Verpackung, 10 St\u00fcck in einer mittleren Schachtel.<\/p>\n<p>300PCS im Umkarton, 19.3KG.<\/p>\n<p><a href=\"https:\/\/i0.wp.com\/www.disposablevapeswholesale.com\/wp-content\/uploads\/2022\/08\/OVNS-08-2500-Puffs-Disposable-Vape-Wholesale-All-Flavors.jpg?ssl=1\" target=\"_blank\" rel=\"noopener\"><img data-recalc-dims=\"1\" loading=\"lazy\" decoding=\"async\" class=\"alignnone size-full wp-image-4459\" title=\"OVNS 08 2500 Puffs Einweg Vape Gro\u00dfhandel alle Aromen\" src=\"https:\/\/i0.wp.com\/www.disposablevapeswholesale.com\/wp-content\/uploads\/2022\/08\/OVNS-08-2500-Puffs-Disposable-Vape-Wholesale-All-Flavors.jpg?resize=800%2C450&#038;ssl=1\" alt=\"OVNS 08 2500 Puffs Einweg Vape Gro\u00dfhandel alle Aromen\" width=\"800\" height=\"450\" \/><\/a> <a href=\"https:\/\/i0.wp.com\/www.disposablevapeswholesale.com\/wp-content\/uploads\/2022\/08\/OVNS-08-2500-Puffs-Disposable-Vape-Wholesale-6-Flavors.jpg?ssl=1\" target=\"_blank\" rel=\"noopener\"><img data-recalc-dims=\"1\" loading=\"lazy\" decoding=\"async\" class=\"alignnone size-full wp-image-4458\" title=\"OVNS 08 2500 Puffs Einweg Vape Gro\u00dfhandel 6 Geschmacksrichtungen\" src=\"https:\/\/i0.wp.com\/www.disposablevapeswholesale.com\/wp-content\/uploads\/2022\/08\/OVNS-08-2500-Puffs-Disposable-Vape-Wholesale-6-Flavors.jpg?resize=800%2C591&#038;ssl=1\" alt=\"OVNS 08 2500 Puffs Einweg Vape Gro\u00dfhandel 6 Geschmacksrichtungen\" width=\"800\" height=\"591\" \/><\/a> <a href=\"https:\/\/i0.wp.com\/www.disposablevapeswholesale.com\/wp-content\/uploads\/2022\/08\/OVNS-08-2500-Puffs-Disposable-Vape-Wholesale-Flavors.jpg?ssl=1\" target=\"_blank\" rel=\"noopener\"><img data-recalc-dims=\"1\" loading=\"lazy\" decoding=\"async\" class=\"alignnone size-full wp-image-4471\" title=\"OVNS 08 2500 Puffs Einweg Vape Gro\u00dfhandel Aromen\" src=\"https:\/\/i0.wp.com\/www.disposablevapeswholesale.com\/wp-content\/uploads\/2022\/08\/OVNS-08-2500-Puffs-Disposable-Vape-Wholesale-Flavors.jpg?resize=800%2C580&#038;ssl=1\" alt=\"OVNS 08 2500 Puffs Einweg Vape Gro\u00dfhandel Aromen\" width=\"800\" height=\"580\" \/><\/a> <a href=\"https:\/\/i0.wp.com\/www.disposablevapeswholesale.com\/wp-content\/uploads\/2022\/08\/OVNS-08-2500-Puffs-Disposable-Vape-Wholesale-Describe.jpg?ssl=1\" target=\"_blank\" rel=\"noopener\"><img data-recalc-dims=\"1\" loading=\"lazy\" decoding=\"async\" class=\"alignnone size-full wp-image-4470\" title=\"OVNS 08 2500 Puffs Einweg Vape Gro\u00dfhandel Beschreiben\" src=\"https:\/\/i0.wp.com\/www.disposablevapeswholesale.com\/wp-content\/uploads\/2022\/08\/OVNS-08-2500-Puffs-Disposable-Vape-Wholesale-Describe.jpg?resize=800%2C450&#038;ssl=1\" alt=\"OVNS 08 2500 Puffs Einweg Vape Gro\u00dfhandel Beschreiben\" width=\"800\" height=\"450\" \/><\/a> <a href=\"https:\/\/i0.wp.com\/www.disposablevapeswholesale.com\/wp-content\/uploads\/2022\/08\/OVNS-08-2500-Puffs-Disposable-Vape-Wholesale-Blue-RazzMixed-Berry.jpg?ssl=1\" target=\"_blank\" rel=\"noopener\"><img data-recalc-dims=\"1\" loading=\"lazy\" decoding=\"async\" class=\"alignnone size-full wp-image-4468\" title=\"OVNS 08 2500 Puffs Einweg Vape Gro\u00dfhandel blau RazzMixed Berry\" src=\"https:\/\/i0.wp.com\/www.disposablevapeswholesale.com\/wp-content\/uploads\/2022\/08\/OVNS-08-2500-Puffs-Disposable-Vape-Wholesale-Blue-RazzMixed-Berry.jpg?resize=800%2C450&#038;ssl=1\" alt=\"OVNS 08 2500 Puffs Einweg Vape Gro\u00dfhandel blau RazzMixed Berry\" width=\"800\" height=\"450\" \/><\/a> <a href=\"https:\/\/i0.wp.com\/www.disposablevapeswholesale.com\/wp-content\/uploads\/2022\/08\/OVNS-08-2500-Puffs-Disposable-Vape-Wholesale-Blue-RazzMixed-Berry-Describe.jpg?ssl=1\" target=\"_blank\" rel=\"noopener\"><img data-recalc-dims=\"1\" loading=\"lazy\" decoding=\"async\" class=\"alignnone size-full wp-image-4466\" title=\"OVNS 08 2500 Puffs Einweg Vape Gro\u00dfhandel Blau RazzMixed Berry Beschreiben\" src=\"https:\/\/i0.wp.com\/www.disposablevapeswholesale.com\/wp-content\/uploads\/2022\/08\/OVNS-08-2500-Puffs-Disposable-Vape-Wholesale-Blue-RazzMixed-Berry-Describe.jpg?resize=800%2C450&#038;ssl=1\" alt=\"OVNS 08 2500 Puffs Einweg Vape Gro\u00dfhandel Blau RazzMixed Berry Beschreiben\" width=\"800\" height=\"450\" \/><\/a> <a href=\"https:\/\/i0.wp.com\/www.disposablevapeswholesale.com\/wp-content\/uploads\/2022\/08\/OVNS-08-2500-Puffs-Disposable-Vape-Wholesale-Blue-Razz-Lemon-Describe.jpg?ssl=1\" target=\"_blank\" rel=\"noopener\"><img data-recalc-dims=\"1\" loading=\"lazy\" decoding=\"async\" class=\"alignnone size-full wp-image-4462\" title=\"OVNS 08 2500 Puffs Einweg Vape Gro\u00dfhandel blau Razz Zitrone beschreiben\" src=\"https:\/\/i0.wp.com\/www.disposablevapeswholesale.com\/wp-content\/uploads\/2022\/08\/OVNS-08-2500-Puffs-Disposable-Vape-Wholesale-Blue-Razz-Lemon-Describe.jpg?resize=800%2C450&#038;ssl=1\" alt=\"OVNS 08 2500 Puffs Einweg Vape Gro\u00dfhandel blau Razz Zitrone beschreiben\" width=\"800\" height=\"450\" \/><\/a> <a href=\"https:\/\/i0.wp.com\/www.disposablevapeswholesale.com\/wp-content\/uploads\/2022\/08\/OVNS-08-2500-Puffs-Disposable-Vape-Wholesale-Battery.jpg?ssl=1\" target=\"_blank\" rel=\"noopener\"><img data-recalc-dims=\"1\" loading=\"lazy\" decoding=\"async\" class=\"alignnone size-full wp-image-4461\" title=\"OVNS 08 2500 Puffs Einweg Vape Gro\u00dfhandel Batterie\" src=\"https:\/\/i0.wp.com\/www.disposablevapeswholesale.com\/wp-content\/uploads\/2022\/08\/OVNS-08-2500-Puffs-Disposable-Vape-Wholesale-Battery.jpg?resize=800%2C450&#038;ssl=1\" alt=\"OVNS 08 2500 Puffs Einweg Vape Gro\u00dfhandel Batterie\" width=\"800\" height=\"450\" \/><\/a> <a href=\"https:\/\/i0.wp.com\/www.disposablevapeswholesale.com\/wp-content\/uploads\/2022\/08\/OVNS-08-2500-Puffs-Disposable-Vape-Wholesale.jpg?ssl=1\" target=\"_blank\" rel=\"noopener\"><img data-recalc-dims=\"1\" loading=\"lazy\" decoding=\"async\" class=\"alignnone size-full wp-image-4482\" title=\"OVNS 08 2500 Puffs Einweg Vape Gro\u00dfhandel\" src=\"https:\/\/i0.wp.com\/www.disposablevapeswholesale.com\/wp-content\/uploads\/2022\/08\/OVNS-08-2500-Puffs-Disposable-Vape-Wholesale.jpg?resize=800%2C450&#038;ssl=1\" alt=\"OVNS 08 2500 Puffs Einweg Vape Gro\u00dfhandel\" width=\"800\" height=\"450\" \/><\/a><\/p>\n<p><a href=\"https:\/\/i0.wp.com\/www.disposablevapeswholesale.com\/wp-content\/uploads\/2022\/08\/OVNS-08-2500-Puffs-Disposable-Vape-Wholesale-Blue-RazzMixed-Berry-Flavors.jpg?ssl=1\" target=\"_blank\" rel=\"noopener\"><img data-recalc-dims=\"1\" loading=\"lazy\" decoding=\"async\" class=\"alignnone size-full wp-image-4467\" title=\"OVNS 08 2500 Puffs Einweg Vape Gro\u00dfhandel Blau RazzMixed Berry Aromen\" src=\"https:\/\/i0.wp.com\/www.disposablevapeswholesale.com\/wp-content\/uploads\/2022\/08\/OVNS-08-2500-Puffs-Disposable-Vape-Wholesale-Blue-RazzMixed-Berry-Flavors.jpg?resize=800%2C800&#038;ssl=1\" alt=\"OVNS 08 2500 Puffs Einweg Vape Gro\u00dfhandel Blau RazzMixed Berry Aromen\" width=\"800\" height=\"800\" \/><\/a> <a href=\"https:\/\/i0.wp.com\/www.disposablevapeswholesale.com\/wp-content\/uploads\/2022\/08\/OVNS-08-2500-Puffs-Disposable-Vape-Wholesale-Blue-Razz-Lemon-Flavors.jpg?ssl=1\" target=\"_blank\" rel=\"noopener\"><img data-recalc-dims=\"1\" loading=\"lazy\" decoding=\"async\" class=\"alignnone size-full wp-image-4463\" title=\"OVNS 08 2500 Puffs Einweg Vape Gro\u00dfhandel blau Razz Zitrone Aromen\" src=\"https:\/\/i0.wp.com\/www.disposablevapeswholesale.com\/wp-content\/uploads\/2022\/08\/OVNS-08-2500-Puffs-Disposable-Vape-Wholesale-Blue-Razz-Lemon-Flavors.jpg?resize=800%2C800&#038;ssl=1\" alt=\"OVNS 08 2500 Puffs Einweg Vape Gro\u00dfhandel blau Razz Zitrone Aromen\" width=\"800\" height=\"800\" \/><\/a> <a href=\"https:\/\/i0.wp.com\/www.disposablevapeswholesale.com\/wp-content\/uploads\/2022\/08\/OVNS-08-2500-Puffs-Disposable-Vape-Wholesale-4-Flavors.jpg?ssl=1\" target=\"_blank\" rel=\"noopener\"><img data-recalc-dims=\"1\" loading=\"lazy\" decoding=\"async\" class=\"alignnone size-full wp-image-4457\" title=\"OVNS 08 2500 Puffs Einweg Vape Gro\u00dfhandel 4 Geschmacksrichtungen\" src=\"https:\/\/i0.wp.com\/www.disposablevapeswholesale.com\/wp-content\/uploads\/2022\/08\/OVNS-08-2500-Puffs-Disposable-Vape-Wholesale-4-Flavors.jpg?resize=800%2C800&#038;ssl=1\" alt=\"OVNS 08 2500 Puffs Einweg Vape Gro\u00dfhandel 4 Geschmacksrichtungen\" width=\"800\" height=\"800\" \/><\/a> <a href=\"https:\/\/i0.wp.com\/www.disposablevapeswholesale.com\/wp-content\/uploads\/2022\/08\/OVNS-08-2500-Puffs-Disposable-Vape-Wholesale-2-Flavors.jpg?ssl=1\" target=\"_blank\" rel=\"noopener\"><img data-recalc-dims=\"1\" loading=\"lazy\" decoding=\"async\" class=\"alignnone size-full wp-image-4456\" title=\"OVNS 08 2500 Puffs Einweg Vape Gro\u00dfhandel 2 Geschmacksrichtungen\" src=\"https:\/\/i0.wp.com\/www.disposablevapeswholesale.com\/wp-content\/uploads\/2022\/08\/OVNS-08-2500-Puffs-Disposable-Vape-Wholesale-2-Flavors.jpg?resize=800%2C800&#038;ssl=1\" alt=\"OVNS 08 2500 Puffs Einweg Vape Gro\u00dfhandel 2 Geschmacksrichtungen\" width=\"800\" height=\"800\" \/><\/a> <a href=\"https:\/\/i0.wp.com\/www.disposablevapeswholesale.com\/wp-content\/uploads\/2022\/08\/OVNS-08-2500-Puffs-Disposable-Vape-Wholesale-Watermelon-Cherry.jpg?ssl=1\" target=\"_blank\" rel=\"noopener\"><img data-recalc-dims=\"1\" loading=\"lazy\" decoding=\"async\" class=\"alignnone size-full wp-image-4481\" title=\"OVNS 08 2500 Puffs Einweg Vape Gro\u00dfhandel Wassermelone Kirsche\" src=\"https:\/\/i0.wp.com\/www.disposablevapeswholesale.com\/wp-content\/uploads\/2022\/08\/OVNS-08-2500-Puffs-Disposable-Vape-Wholesale-Watermelon-Cherry.jpg?resize=800%2C800&#038;ssl=1\" alt=\"OVNS 08 2500 Puffs Einweg Vape Gro\u00dfhandel Wassermelone Kirsche\" width=\"800\" height=\"800\" \/><\/a> <a href=\"https:\/\/i0.wp.com\/www.disposablevapeswholesale.com\/wp-content\/uploads\/2022\/08\/OVNS-08-2500-Puffs-Disposable-Vape-Wholesale-Strawberry-Watermelon.jpg?ssl=1\" target=\"_blank\" rel=\"noopener\"><img data-recalc-dims=\"1\" loading=\"lazy\" decoding=\"async\" class=\"alignnone size-full wp-image-4480\" title=\"OVNS 08 2500 Puffs Einweg Vape Gro\u00dfhandel Erdbeere Wassermelone\" src=\"https:\/\/i0.wp.com\/www.disposablevapeswholesale.com\/wp-content\/uploads\/2022\/08\/OVNS-08-2500-Puffs-Disposable-Vape-Wholesale-Strawberry-Watermelon.jpg?resize=800%2C800&#038;ssl=1\" alt=\"OVNS 08 2500 Puffs Einweg Vape Gro\u00dfhandel Erdbeere Wassermelone\" width=\"800\" height=\"800\" \/><\/a> <a href=\"https:\/\/i0.wp.com\/www.disposablevapeswholesale.com\/wp-content\/uploads\/2022\/08\/OVNS-08-2500-Puffs-Disposable-Vape-Wholesale-Strawberry-Flossin.jpg?ssl=1\" target=\"_blank\" rel=\"noopener\"><img data-recalc-dims=\"1\" loading=\"lazy\" decoding=\"async\" class=\"alignnone size-full wp-image-4479\" title=\"OVNS 08 2500 Puffs Einweg Vape Gro\u00dfhandel Erdbeere Flossin\" src=\"https:\/\/i0.wp.com\/www.disposablevapeswholesale.com\/wp-content\/uploads\/2022\/08\/OVNS-08-2500-Puffs-Disposable-Vape-Wholesale-Strawberry-Flossin.jpg?resize=800%2C800&#038;ssl=1\" alt=\"OVNS 08 2500 Puffs Einweg Vape Gro\u00dfhandel Erdbeere Flossin\" width=\"800\" height=\"800\" \/><\/a> <a href=\"https:\/\/i0.wp.com\/www.disposablevapeswholesale.com\/wp-content\/uploads\/2022\/08\/OVNS-08-2500-Puffs-Disposable-Vape-Wholesale-Pineapple-Ice.jpg?ssl=1\" target=\"_blank\" rel=\"noopener\"><img data-recalc-dims=\"1\" loading=\"lazy\" decoding=\"async\" class=\"alignnone size-full wp-image-4478\" title=\"OVNS 08 2500 Puffs Einweg Vape Gro\u00dfhandel Ananas Eis\" src=\"https:\/\/i0.wp.com\/www.disposablevapeswholesale.com\/wp-content\/uploads\/2022\/08\/OVNS-08-2500-Puffs-Disposable-Vape-Wholesale-Pineapple-Ice.jpg?resize=800%2C800&#038;ssl=1\" alt=\"OVNS 08 2500 Puffs Einweg Vape Gro\u00dfhandel Ananas Eis\" width=\"800\" height=\"800\" \/><\/a> <a href=\"https:\/\/i0.wp.com\/www.disposablevapeswholesale.com\/wp-content\/uploads\/2022\/08\/OVNS-08-2500-Puffs-Disposable-Vape-Wholesale-Pineapple-Coconut.jpg?ssl=1\" target=\"_blank\" rel=\"noopener\"><img data-recalc-dims=\"1\" loading=\"lazy\" decoding=\"async\" class=\"alignnone size-full wp-image-4477\" title=\"OVNS 08 2500 Puffs Einweg Vape Gro\u00dfhandel Ananas Kokosnuss\" src=\"https:\/\/i0.wp.com\/www.disposablevapeswholesale.com\/wp-content\/uploads\/2022\/08\/OVNS-08-2500-Puffs-Disposable-Vape-Wholesale-Pineapple-Coconut.jpg?resize=800%2C800&#038;ssl=1\" alt=\"OVNS 08 2500 Puffs Einweg Vape Gro\u00dfhandel Ananas Kokosnuss\" width=\"800\" height=\"800\" \/><\/a> <a href=\"https:\/\/i0.wp.com\/www.disposablevapeswholesale.com\/wp-content\/uploads\/2022\/08\/OVNS-08-2500-Puffs-Disposable-Vape-Wholesale-Orange-Peach-Ice.jpg?ssl=1\" target=\"_blank\" rel=\"noopener\"><img data-recalc-dims=\"1\" loading=\"lazy\" decoding=\"async\" class=\"alignnone size-full wp-image-4476\" title=\"OVNS 08 2500 Puffs Einweg Vape Gro\u00dfhandel Orange Pfirsich Eis\" src=\"https:\/\/i0.wp.com\/www.disposablevapeswholesale.com\/wp-content\/uploads\/2022\/08\/OVNS-08-2500-Puffs-Disposable-Vape-Wholesale-Orange-Peach-Ice.jpg?resize=800%2C800&#038;ssl=1\" alt=\"OVNS 08 2500 Puffs Einweg Vape Gro\u00dfhandel Orange Pfirsich Eis\" width=\"800\" height=\"800\" \/><\/a> <a href=\"https:\/\/i0.wp.com\/www.disposablevapeswholesale.com\/wp-content\/uploads\/2022\/08\/OVNS-08-2500-Puffs-Disposable-Vape-Wholesale-Mixed-Berry.jpg?ssl=1\" target=\"_blank\" rel=\"noopener\"><img data-recalc-dims=\"1\" loading=\"lazy\" decoding=\"async\" class=\"alignnone size-full wp-image-4475\" title=\"OVNS 08 2500 Puffs Einweg Vape Gro\u00dfhandel Mixed Berry\" src=\"https:\/\/i0.wp.com\/www.disposablevapeswholesale.com\/wp-content\/uploads\/2022\/08\/OVNS-08-2500-Puffs-Disposable-Vape-Wholesale-Mixed-Berry.jpg?resize=800%2C800&#038;ssl=1\" alt=\"OVNS 08 2500 Puffs Einweg Vape Gro\u00dfhandel Mixed Berry\" width=\"800\" height=\"800\" \/><\/a> <a href=\"https:\/\/i0.wp.com\/www.disposablevapeswholesale.com\/wp-content\/uploads\/2022\/08\/OVNS-08-2500-Puffs-Disposable-Vape-Wholesale-Mango.jpg?ssl=1\" target=\"_blank\" rel=\"noopener\"><img data-recalc-dims=\"1\" loading=\"lazy\" decoding=\"async\" class=\"alignnone size-full wp-image-4474\" title=\"OVNS 08 2500 Puffs Einweg Vape Gro\u00dfhandel Mango\" src=\"https:\/\/i0.wp.com\/www.disposablevapeswholesale.com\/wp-content\/uploads\/2022\/08\/OVNS-08-2500-Puffs-Disposable-Vape-Wholesale-Mango.jpg?resize=800%2C800&#038;ssl=1\" alt=\"OVNS 08 2500 Puffs Einweg Vape Gro\u00dfhandel Mango\" width=\"800\" height=\"800\" \/><\/a> <a href=\"https:\/\/i0.wp.com\/www.disposablevapeswholesale.com\/wp-content\/uploads\/2022\/08\/OVNS-08-2500-Puffs-Disposable-Vape-Wholesale-Lush-Ice.jpg?ssl=1\" target=\"_blank\" rel=\"noopener\"><img data-recalc-dims=\"1\" loading=\"lazy\" decoding=\"async\" class=\"alignnone size-full wp-image-4473\" title=\"OVNS 08 2500 Puffs Einweg Vape Gro\u00dfhandel Lush Ice\" src=\"https:\/\/i0.wp.com\/www.disposablevapeswholesale.com\/wp-content\/uploads\/2022\/08\/OVNS-08-2500-Puffs-Disposable-Vape-Wholesale-Lush-Ice.jpg?resize=800%2C800&#038;ssl=1\" alt=\"OVNS 08 2500 Puffs Einweg Vape Gro\u00dfhandel Lush Ice\" width=\"800\" height=\"800\" \/><\/a> <a href=\"https:\/\/i0.wp.com\/www.disposablevapeswholesale.com\/wp-content\/uploads\/2022\/08\/OVNS-08-2500-Puffs-Disposable-Vape-Wholesale-Grape-Razz-Ice.jpg?ssl=1\" target=\"_blank\" rel=\"noopener\"><img data-recalc-dims=\"1\" loading=\"lazy\" decoding=\"async\" class=\"alignnone size-full wp-image-4472\" title=\"OVNS 08 2500 Puffs Einweg Vape Gro\u00dfhandel Traube Razz Ice\" src=\"https:\/\/i0.wp.com\/www.disposablevapeswholesale.com\/wp-content\/uploads\/2022\/08\/OVNS-08-2500-Puffs-Disposable-Vape-Wholesale-Grape-Razz-Ice.jpg?resize=800%2C800&#038;ssl=1\" alt=\"OVNS 08 2500 Puffs Einweg Vape Gro\u00dfhandel Traube Razz Ice\" width=\"800\" height=\"800\" \/><\/a> <a href=\"https:\/\/i0.wp.com\/www.disposablevapeswholesale.com\/wp-content\/uploads\/2022\/08\/OVNS-08-2500-Puffs-Disposable-Vape-Wholesale-Blue-Razz-Lemon.jpg?ssl=1\" target=\"_blank\" rel=\"noopener\"><img data-recalc-dims=\"1\" loading=\"lazy\" decoding=\"async\" class=\"alignnone size-full wp-image-4464\" title=\"OVNS 08 2500 Puffs Einweg Vape Gro\u00dfhandel blau Razz Zitrone\" src=\"https:\/\/i0.wp.com\/www.disposablevapeswholesale.com\/wp-content\/uploads\/2022\/08\/OVNS-08-2500-Puffs-Disposable-Vape-Wholesale-Blue-Razz-Lemon.jpg?resize=800%2C800&#038;ssl=1\" alt=\"OVNS 08 2500 Puffs Einweg Vape Gro\u00dfhandel blau Razz Zitrone\" width=\"800\" height=\"800\" \/><\/a> <a href=\"https:\/\/i0.wp.com\/www.disposablevapeswholesale.com\/wp-content\/uploads\/2022\/08\/OVNS-08-2500-Puffs-Disposable-Vape-Wholesale-Banana-Ice.jpg?ssl=1\" target=\"_blank\" rel=\"noopener\"><img data-recalc-dims=\"1\" loading=\"lazy\" decoding=\"async\" class=\"alignnone size-full wp-image-4460\" title=\"OVNS 08 2500 Puffs Einweg Vape Gro\u00dfhandel Banane Eis\" src=\"https:\/\/i0.wp.com\/www.disposablevapeswholesale.com\/wp-content\/uploads\/2022\/08\/OVNS-08-2500-Puffs-Disposable-Vape-Wholesale-Banana-Ice.jpg?resize=800%2C800&#038;ssl=1\" alt=\"OVNS 08 2500 Puffs Einweg Vape Gro\u00dfhandel Banane Eis\" width=\"800\" height=\"800\" \/><\/a><\/p>","protected":false},"excerpt":{"rendered":"<p>OVNS 08 2500 Puffs Einweg-Vape-Gro\u00dfhandel ist anf\u00e4ngerfreundlich und ultra-portabel, liefert glatte Dampfleistung und problemlosen Betrieb f\u00fcr bequemes Dampfen.<\/p>","protected":false},"featured_media":1474,"comment_status":"closed","ping_status":"closed","template":"","meta":[],"product_brand":[],"product_cat":[22],"product_tag":[266,60,296,256],"class_list":{"0":"post-1203","1":"product","2":"type-product","3":"status-publish","4":"has-post-thumbnail","6":"product_cat-disposable-vape-sticks","7":"product_tag-2500-puffs","8":"product_tag-disposable-vapes","9":"product_tag-ovns-08","10":"product_tag-wholesale","12":"first","13":"instock","14":"shipping-taxable","15":"purchasable","16":"product-type-simple"},"jetpack_sharing_enabled":true,"tiered_pricing_type":"fixed","tiered_pricing_fixed_rules":{"5000":6,"10000":5,"50000":4},"tiered_pricing_product_settings":{"layout":"default","base_unit_name":{"singular":null,"plural":null},"default_variation":null},"tiered_pricing_minimum_quantity":60,"tiered_pricing_roles_data":[],"tiered_pricing_percentage_rules":[],"tiered_pricing_maximum_quantity":null,"tiered_pricing_quantity_step":null,"_links":{"self":[{"href":"https:\/\/cloudsupplyvapes.com\/de\/wp-json\/wp\/v2\/product\/1203","targetHints":{"allow":["GET"]}}],"collection":[{"href":"https:\/\/cloudsupplyvapes.com\/de\/wp-json\/wp\/v2\/product"}],"about":[{"href":"https:\/\/cloudsupplyvapes.com\/de\/wp-json\/wp\/v2\/types\/product"}],"replies":[{"embeddable":true,"href":"https:\/\/cloudsupplyvapes.com\/de\/wp-json\/wp\/v2\/comments?post=1203"}],"wp:featuredmedia":[{"embeddable":true,"href":"https:\/\/cloudsupplyvapes.com\/de\/wp-json\/wp\/v2\/media\/1474"}],"wp:attachment":[{"href":"https:\/\/cloudsupplyvapes.com\/de\/wp-json\/wp\/v2\/media?parent=1203"}],"wp:term":[{"taxonomy":"product_brand","embeddable":true,"href":"https:\/\/cloudsupplyvapes.com\/de\/wp-json\/wp\/v2\/product_brand?post=1203"},{"taxonomy":"product_cat","embeddable":true,"href":"https:\/\/cloudsupplyvapes.com\/de\/wp-json\/wp\/v2\/product_cat?post=1203"},{"taxonomy":"product_tag","embeddable":true,"href":"https:\/\/cloudsupplyvapes.com\/de\/wp-json\/wp\/v2\/product_tag?post=1203"}],"curies":[{"name":"wp","href":"https:\/\/api.w.org\/{rel}","templated":true}]}}