{"id":1263,"date":"2024-10-19T02:18:48","date_gmt":"2024-10-19T02:18:48","guid":{"rendered":"https:\/\/cloudsupplyvapes.com\/?post_type=product&#038;p=1263"},"modified":"2024-11-26T08:38:12","modified_gmt":"2024-11-26T08:38:12","slug":"-51","status":"publish","type":"product","link":"https:\/\/cloudsupplyvapes.com\/de\/product\/super21-6000-puffs-disposable-vape-wholesale\/","title":{"rendered":"Super21+ 6000 Puffs Einweg Vape Gro\u00dfhandel hohe Kapazit\u00e4t kompaktes Design"},"content":{"rendered":"<p>Super21+ 6000 ist ein einzigartiges, wiederaufladbares Einwegger\u00e4t mit einem eingebauten 400 mAh Akku und 13 ML E-Liquid-Kapazit\u00e4t f\u00fcr 6000 Z\u00fcge. Reich an Geschmack und sch\u00f6n verpackt, ist es beliebt bei allen Menschen.<\/p>\n<p>&nbsp;<\/p>\n<h2>Super21+ 6000 Einweg-Vape Spezifikationen:<\/h2>\n<p>Marke: Super21+<\/p>\n<p>Puffs: 6000 Puffs sind pro Ger\u00e4t verf\u00fcgbar.<\/p>\n<p>Nikotin: 5%<\/p>\n<p>E-Saft Kapazit\u00e4t: 13ML<\/p>\n<p>Akku: 400mAh<\/p>\n<p>&nbsp;<\/p>\n<h2>Geschm\u00e4cker<\/h2>\n<p>Weintraube Plus<\/p>\n<p>Mango<\/p>\n<p>Erdbeer-Eiscreme<\/p>\n<p>Energie-Bulle<\/p>\n<p>Wassermelone<\/p>\n<p>Honigmelone<\/p>\n<p>Erdbeereis<\/p>\n<p>Blaubeere Plus<\/p>\n<p>Kiwi-Guave<\/p>\n<p>Fruchtfleisch Lychee<\/p>\n<p>&nbsp;<\/p>\n<h2>Verpackung &amp; Gewicht<\/h2>\n<p>0.06KG\/PCS, einzeln mit kleiner Verpackung, 10 St\u00fcck in einer mittleren Schachtel.<\/p>\n<p>200PCS im Umkarton, 12KG.<\/p>\n<p><a href=\"https:\/\/i0.wp.com\/www.disposablevapeswholesale.com\/wp-content\/uploads\/2022\/07\/Super21-6000-Puffs-Disposable-Vape-Wholesale.jpg?ssl=1\" target=\"_blank\" rel=\"noopener\"><img data-recalc-dims=\"1\" loading=\"lazy\" decoding=\"async\" class=\"alignnone size-full wp-image-4293\" title=\"Super21 6000 Puffs Einweg Vape Gro\u00dfhandel\" src=\"https:\/\/i0.wp.com\/www.disposablevapeswholesale.com\/wp-content\/uploads\/2022\/07\/Super21-6000-Puffs-Disposable-Vape-Wholesale.jpg?resize=800%2C509&#038;ssl=1\" alt=\"Super21 6000 Puffs Einweg Vape Gro\u00dfhandel\" width=\"800\" height=\"509\" \/><\/a><\/p>\n<p><a href=\"https:\/\/i0.wp.com\/www.disposablevapeswholesale.com\/wp-content\/uploads\/2022\/07\/Super21-6000-Puffs-Disposable-Vape-Wholesale-All-Flavors.jpg?ssl=1\" target=\"_blank\" rel=\"noopener\"><img data-recalc-dims=\"1\" loading=\"lazy\" decoding=\"async\" class=\"alignnone size-full wp-image-4272\" title=\"Super21 6000 Puffs Einweg Vape Gro\u00dfhandel alle Aromen\" src=\"https:\/\/i0.wp.com\/www.disposablevapeswholesale.com\/wp-content\/uploads\/2022\/07\/Super21-6000-Puffs-Disposable-Vape-Wholesale-All-Flavors.jpg?resize=800%2C1238&#038;ssl=1\" alt=\"Super21 6000 Puffs Einweg Vape Gro\u00dfhandel alle Aromen\" width=\"800\" height=\"1238\" \/><\/a> <a href=\"https:\/\/i0.wp.com\/www.disposablevapeswholesale.com\/wp-content\/uploads\/2022\/07\/Super21-6000-Puffs-Disposable-Vape-Wholesale-Watermelon.jpg?ssl=1\" target=\"_blank\" rel=\"noopener\"><img data-recalc-dims=\"1\" loading=\"lazy\" decoding=\"async\" class=\"alignnone size-full wp-image-4292\" title=\"Super21 6000 Puffs Einweg Vape Gro\u00dfhandel Wassermelone\" src=\"https:\/\/i0.wp.com\/www.disposablevapeswholesale.com\/wp-content\/uploads\/2022\/07\/Super21-6000-Puffs-Disposable-Vape-Wholesale-Watermelon.jpg?resize=800%2C800&#038;ssl=1\" alt=\"Super21 6000 Puffs Einweg Vape Gro\u00dfhandel Wassermelone\" width=\"800\" height=\"800\" \/><\/a> <a href=\"https:\/\/i0.wp.com\/www.disposablevapeswholesale.com\/wp-content\/uploads\/2022\/07\/Super21-6000-Puffs-Disposable-Vape-Wholesale-Strawberry-Ice.jpg?ssl=1\" target=\"_blank\" rel=\"noopener\"><img data-recalc-dims=\"1\" loading=\"lazy\" decoding=\"async\" class=\"alignnone size-full wp-image-4290\" title=\"Super21 6000 Puffs Einweg Vape Gro\u00dfhandel Strawberry Ice\" src=\"https:\/\/i0.wp.com\/www.disposablevapeswholesale.com\/wp-content\/uploads\/2022\/07\/Super21-6000-Puffs-Disposable-Vape-Wholesale-Strawberry-Ice.jpg?resize=800%2C800&#038;ssl=1\" alt=\"Super21 6000 Puffs Einweg Vape Gro\u00dfhandel Strawberry Ice\" width=\"800\" height=\"800\" \/><\/a> <a href=\"https:\/\/i0.wp.com\/www.disposablevapeswholesale.com\/wp-content\/uploads\/2022\/07\/Super21-6000-Puffs-Disposable-Vape-Wholesale-Mango.jpg?ssl=1\" target=\"_blank\" rel=\"noopener\"><img data-recalc-dims=\"1\" loading=\"lazy\" decoding=\"async\" class=\"alignnone size-full wp-image-4286\" title=\"Super21 6000 Puffs Einweg Vape Gro\u00dfhandel Mango\" src=\"https:\/\/i0.wp.com\/www.disposablevapeswholesale.com\/wp-content\/uploads\/2022\/07\/Super21-6000-Puffs-Disposable-Vape-Wholesale-Mango.jpg?resize=800%2C800&#038;ssl=1\" alt=\"Super21 6000 Puffs Einweg Vape Gro\u00dfhandel Mango\" width=\"800\" height=\"800\" \/><\/a> <a href=\"https:\/\/i0.wp.com\/www.disposablevapeswholesale.com\/wp-content\/uploads\/2022\/07\/Super21-6000-Puffs-Disposable-Vape-Wholesale-Kiwi-Guava.jpg?ssl=1\" target=\"_blank\" rel=\"noopener\"><img data-recalc-dims=\"1\" loading=\"lazy\" decoding=\"async\" class=\"alignnone size-full wp-image-4284\" title=\"Super21 6000 Puffs Einweg Vape Gro\u00dfhandel Kiwi Guave\" src=\"https:\/\/i0.wp.com\/www.disposablevapeswholesale.com\/wp-content\/uploads\/2022\/07\/Super21-6000-Puffs-Disposable-Vape-Wholesale-Kiwi-Guava.jpg?resize=800%2C800&#038;ssl=1\" alt=\"Super21 6000 Puffs Einweg Vape Gro\u00dfhandel Kiwi Guave\" width=\"800\" height=\"800\" \/><\/a> <a href=\"https:\/\/i0.wp.com\/www.disposablevapeswholesale.com\/wp-content\/uploads\/2022\/07\/Super21-6000-Puffs-Disposable-Vape-Wholesale-Honeydew-Melon.jpg?ssl=1\" target=\"_blank\" rel=\"noopener\"><img data-recalc-dims=\"1\" loading=\"lazy\" decoding=\"async\" class=\"alignnone size-full wp-image-4282\" title=\"Super21 6000 Puffs Einweg Vape Gro\u00dfhandel Honigtau Melone\" src=\"https:\/\/i0.wp.com\/www.disposablevapeswholesale.com\/wp-content\/uploads\/2022\/07\/Super21-6000-Puffs-Disposable-Vape-Wholesale-Honeydew-Melon.jpg?resize=800%2C800&#038;ssl=1\" alt=\"Super21 6000 Puffs Einweg Vape Gro\u00dfhandel Honigtau Melone\" width=\"800\" height=\"800\" \/><\/a> <a href=\"https:\/\/i0.wp.com\/www.disposablevapeswholesale.com\/wp-content\/uploads\/2022\/07\/Super21-6000-Puffs-Disposable-Vape-Wholesale-Grape-Plus.jpg?ssl=1\" target=\"_blank\" rel=\"noopener\"><img data-recalc-dims=\"1\" loading=\"lazy\" decoding=\"async\" class=\"alignnone size-full wp-image-4280\" title=\"Super21 6000 Puffs Einweg Vape Gro\u00dfhandel Traube Plus\" src=\"https:\/\/i0.wp.com\/www.disposablevapeswholesale.com\/wp-content\/uploads\/2022\/07\/Super21-6000-Puffs-Disposable-Vape-Wholesale-Grape-Plus.jpg?resize=800%2C800&#038;ssl=1\" alt=\"Super21 6000 Puffs Einweg Vape Gro\u00dfhandel Traube Plus\" width=\"800\" height=\"800\" \/><\/a> <a href=\"https:\/\/i0.wp.com\/www.disposablevapeswholesale.com\/wp-content\/uploads\/2022\/07\/Super21-6000-Puffs-Disposable-Vape-Wholesale-Flesh-Lychee.jpg?ssl=1\" target=\"_blank\" rel=\"noopener\"><img data-recalc-dims=\"1\" loading=\"lazy\" decoding=\"async\" class=\"alignnone size-full wp-image-4278\" title=\"Super21 6000 Puffs Einweg Vape Gro\u00dfhandel Fleisch Lychee\" src=\"https:\/\/i0.wp.com\/www.disposablevapeswholesale.com\/wp-content\/uploads\/2022\/07\/Super21-6000-Puffs-Disposable-Vape-Wholesale-Flesh-Lychee.jpg?resize=800%2C800&#038;ssl=1\" alt=\"Super21 6000 Puffs Einweg Vape Gro\u00dfhandel Fleisch Lychee\" width=\"800\" height=\"800\" \/><\/a> <a href=\"https:\/\/i0.wp.com\/www.disposablevapeswholesale.com\/wp-content\/uploads\/2022\/07\/Super21-6000-Puffs-Disposable-Vape-Wholesale-Energy-Bull.jpg?ssl=1\" target=\"_blank\" rel=\"noopener\"><img data-recalc-dims=\"1\" loading=\"lazy\" decoding=\"async\" class=\"alignnone size-full wp-image-4276\" title=\"Super21 6000 Puffs Einweg Vape Gro\u00dfhandel Energie Bull\" src=\"https:\/\/i0.wp.com\/www.disposablevapeswholesale.com\/wp-content\/uploads\/2022\/07\/Super21-6000-Puffs-Disposable-Vape-Wholesale-Energy-Bull.jpg?resize=800%2C800&#038;ssl=1\" alt=\"Super21 6000 Puffs Einweg Vape Gro\u00dfhandel Energie Bull\" width=\"800\" height=\"800\" \/><\/a><\/p>\n<p><a href=\"https:\/\/i0.wp.com\/www.disposablevapeswholesale.com\/wp-content\/uploads\/2022\/07\/Super21-6000-Puffs-Disposable-Vape-Wholesale-Strawberry-Ice-Cream.jpg?ssl=1\" target=\"_blank\" rel=\"noopener\"><img data-recalc-dims=\"1\" loading=\"lazy\" decoding=\"async\" class=\"alignnone size-full wp-image-4288\" title=\"Super21 6000 Puffs Einweg Vape Gro\u00dfhandel Erdbeere Eiscreme\" src=\"https:\/\/i0.wp.com\/www.disposablevapeswholesale.com\/wp-content\/uploads\/2022\/07\/Super21-6000-Puffs-Disposable-Vape-Wholesale-Strawberry-Ice-Cream.jpg?resize=800%2C800&#038;ssl=1\" alt=\"Super21 6000 Puffs Einweg Vape Gro\u00dfhandel Erdbeere Eiscreme\" width=\"800\" height=\"800\" \/><\/a> <a href=\"https:\/\/i0.wp.com\/www.disposablevapeswholesale.com\/wp-content\/uploads\/2022\/07\/Super21-6000-Puffs-Disposable-Vape-Wholesale-Blueberry-Plus.jpg?ssl=1\" target=\"_blank\" rel=\"noopener\"><img data-recalc-dims=\"1\" loading=\"lazy\" decoding=\"async\" class=\"alignnone size-full wp-image-4274\" title=\"Super21 6000 Puffs Einweg Vape Gro\u00dfhandel Heidelbeere Plus\" src=\"https:\/\/i0.wp.com\/www.disposablevapeswholesale.com\/wp-content\/uploads\/2022\/07\/Super21-6000-Puffs-Disposable-Vape-Wholesale-Blueberry-Plus.jpg?resize=800%2C800&#038;ssl=1\" alt=\"Super21 6000 Puffs Einweg Vape Gro\u00dfhandel Heidelbeere Plus\" width=\"800\" height=\"800\" \/><\/a> <a href=\"https:\/\/i0.wp.com\/www.disposablevapeswholesale.com\/wp-content\/uploads\/2022\/07\/Super21-6000-Puffs-Disposable-Vape-Wholesale-Blueberry-Plus-Flavors.jpg?ssl=1\" target=\"_blank\" rel=\"noopener\"><img data-recalc-dims=\"1\" loading=\"lazy\" decoding=\"async\" class=\"alignnone size-full wp-image-4273\" title=\"Super21 6000 Puffs Einweg Vape Gro\u00dfhandel Heidelbeere Plus Aromen\" src=\"https:\/\/i0.wp.com\/www.disposablevapeswholesale.com\/wp-content\/uploads\/2022\/07\/Super21-6000-Puffs-Disposable-Vape-Wholesale-Blueberry-Plus-Flavors.jpg?resize=800%2C1000&#038;ssl=1\" alt=\"Super21 6000 Puffs Einweg Vape Gro\u00dfhandel Heidelbeere Plus Aromen\" width=\"800\" height=\"1000\" \/><\/a> <a href=\"https:\/\/i0.wp.com\/www.disposablevapeswholesale.com\/wp-content\/uploads\/2022\/07\/Super21-6000-Puffs-Disposable-Vape-Wholesale-Energy-Bull-Flavors.jpg?ssl=1\" target=\"_blank\" rel=\"noopener\"><img data-recalc-dims=\"1\" loading=\"lazy\" decoding=\"async\" class=\"alignnone size-full wp-image-4275\" title=\"Super21 6000 Puffs Einweg Vape Gro\u00dfhandel Energie Bull Aromen\" src=\"https:\/\/i0.wp.com\/www.disposablevapeswholesale.com\/wp-content\/uploads\/2022\/07\/Super21-6000-Puffs-Disposable-Vape-Wholesale-Energy-Bull-Flavors.jpg?resize=800%2C1000&#038;ssl=1\" alt=\"Super21 6000 Puffs Einweg Vape Gro\u00dfhandel Energie Bull Aromen\" width=\"800\" height=\"1000\" \/><\/a> <a href=\"https:\/\/i0.wp.com\/www.disposablevapeswholesale.com\/wp-content\/uploads\/2022\/07\/Super21-6000-Puffs-Disposable-Vape-Wholesale-Flesh-Lychee-Flavors.jpg?ssl=1\" target=\"_blank\" rel=\"noopener\"><img data-recalc-dims=\"1\" loading=\"lazy\" decoding=\"async\" class=\"alignnone size-full wp-image-4277\" title=\"Super21 6000 Puffs Einweg Vape Gro\u00dfhandel Fleisch Lychee Aromen\" src=\"https:\/\/i0.wp.com\/www.disposablevapeswholesale.com\/wp-content\/uploads\/2022\/07\/Super21-6000-Puffs-Disposable-Vape-Wholesale-Flesh-Lychee-Flavors.jpg?resize=800%2C1000&#038;ssl=1\" alt=\"Super21 6000 Puffs Einweg Vape Gro\u00dfhandel Fleisch Lychee Aromen\" width=\"800\" height=\"1000\" \/><\/a> <a href=\"https:\/\/i0.wp.com\/www.disposablevapeswholesale.com\/wp-content\/uploads\/2022\/07\/Super21-6000-Puffs-Disposable-Vape-Wholesale-Grape-Plus-Flavors.jpg?ssl=1\" target=\"_blank\" rel=\"noopener\"><img data-recalc-dims=\"1\" loading=\"lazy\" decoding=\"async\" class=\"alignnone size-full wp-image-4279\" title=\"Super21 6000 Puffs Einweg Vape Gro\u00dfhandel Traube Plus Aromen\" src=\"https:\/\/i0.wp.com\/www.disposablevapeswholesale.com\/wp-content\/uploads\/2022\/07\/Super21-6000-Puffs-Disposable-Vape-Wholesale-Grape-Plus-Flavors.jpg?resize=800%2C1000&#038;ssl=1\" alt=\"Super21 6000 Puffs Einweg Vape Gro\u00dfhandel Traube Plus Aromen\" width=\"800\" height=\"1000\" \/><\/a> <a href=\"https:\/\/i0.wp.com\/www.disposablevapeswholesale.com\/wp-content\/uploads\/2022\/07\/Super21-6000-Puffs-Disposable-Vape-Wholesale-Honeydew-Melon-Flavors.jpg?ssl=1\" target=\"_blank\" rel=\"noopener\"><img data-recalc-dims=\"1\" loading=\"lazy\" decoding=\"async\" class=\"alignnone size-full wp-image-4281\" title=\"Super21 6000 Puffs Einweg Vape Gro\u00dfhandel Honigmelone Aromen\" src=\"https:\/\/i0.wp.com\/www.disposablevapeswholesale.com\/wp-content\/uploads\/2022\/07\/Super21-6000-Puffs-Disposable-Vape-Wholesale-Honeydew-Melon-Flavors.jpg?resize=800%2C1000&#038;ssl=1\" alt=\"Super21 6000 Puffs Einweg Vape Gro\u00dfhandel Honigmelone Aromen\" width=\"800\" height=\"1000\" \/><\/a> <a href=\"https:\/\/i0.wp.com\/www.disposablevapeswholesale.com\/wp-content\/uploads\/2022\/07\/Super21-6000-Puffs-Disposable-Vape-Wholesale-Kiwi-Guava-Flavors.jpg?ssl=1\" target=\"_blank\" rel=\"noopener\"><img data-recalc-dims=\"1\" loading=\"lazy\" decoding=\"async\" class=\"alignnone size-full wp-image-4283\" title=\"Super21 6000 Puffs Einweg Vape Gro\u00dfhandel Kiwi Guave Aromen\" src=\"https:\/\/i0.wp.com\/www.disposablevapeswholesale.com\/wp-content\/uploads\/2022\/07\/Super21-6000-Puffs-Disposable-Vape-Wholesale-Kiwi-Guava-Flavors.jpg?resize=800%2C1000&#038;ssl=1\" alt=\"Super21 6000 Puffs Einweg Vape Gro\u00dfhandel Kiwi Guave Aromen\" width=\"800\" height=\"1000\" \/><\/a> <a href=\"https:\/\/i0.wp.com\/www.disposablevapeswholesale.com\/wp-content\/uploads\/2022\/07\/Super21-6000-Puffs-Disposable-Vape-Wholesale-Mango-Flavors.jpg?ssl=1\" target=\"_blank\" rel=\"noopener\"><img data-recalc-dims=\"1\" loading=\"lazy\" decoding=\"async\" class=\"alignnone size-full wp-image-4285\" title=\"Super21 6000 Puffs Einweg Vape Gro\u00dfhandel Mango Aromen\" src=\"https:\/\/i0.wp.com\/www.disposablevapeswholesale.com\/wp-content\/uploads\/2022\/07\/Super21-6000-Puffs-Disposable-Vape-Wholesale-Mango-Flavors.jpg?resize=800%2C1000&#038;ssl=1\" alt=\"Super21 6000 Puffs Einweg Vape Gro\u00dfhandel Mango Aromen\" width=\"800\" height=\"1000\" \/><\/a> <a href=\"https:\/\/i0.wp.com\/www.disposablevapeswholesale.com\/wp-content\/uploads\/2022\/07\/Super21-6000-Puffs-Disposable-Vape-Wholesale-Watermelon-Flavors.jpg?ssl=1\" target=\"_blank\" rel=\"noopener\"><img data-recalc-dims=\"1\" loading=\"lazy\" decoding=\"async\" class=\"alignnone size-full wp-image-4291\" title=\"Super21 6000 Puffs Einweg Vape Gro\u00dfhandel Wassermelone Geschmacksrichtungen\" src=\"https:\/\/i0.wp.com\/www.disposablevapeswholesale.com\/wp-content\/uploads\/2022\/07\/Super21-6000-Puffs-Disposable-Vape-Wholesale-Watermelon-Flavors.jpg?resize=800%2C1000&#038;ssl=1\" alt=\"Super21 6000 Puffs Einweg Vape Gro\u00dfhandel Wassermelone Geschmacksrichtungen\" width=\"800\" height=\"1000\" \/><\/a> <a href=\"https:\/\/i0.wp.com\/www.disposablevapeswholesale.com\/wp-content\/uploads\/2022\/07\/Super21-6000-Puffs-Disposable-Vape-Wholesale-Strawberry-Ice-Flavors.jpg?ssl=1\" target=\"_blank\" rel=\"noopener\"><img data-recalc-dims=\"1\" loading=\"lazy\" decoding=\"async\" class=\"alignnone size-full wp-image-4289\" title=\"Super21 6000 Puffs Einweg Vape Gro\u00dfhandel Erdbeere Eis Geschmacksrichtungen\" src=\"https:\/\/i0.wp.com\/www.disposablevapeswholesale.com\/wp-content\/uploads\/2022\/07\/Super21-6000-Puffs-Disposable-Vape-Wholesale-Strawberry-Ice-Flavors.jpg?resize=800%2C1000&#038;ssl=1\" alt=\"Super21 6000 Puffs Einweg Vape Gro\u00dfhandel Erdbeere Eis Geschmacksrichtungen\" width=\"800\" height=\"1000\" \/><\/a> <a href=\"https:\/\/i0.wp.com\/www.disposablevapeswholesale.com\/wp-content\/uploads\/2022\/07\/Super21-6000-Puffs-Disposable-Vape-Wholesale-Strawberry-Ice-Cream-Flavors.jpg?ssl=1\" target=\"_blank\" rel=\"noopener\"><img data-recalc-dims=\"1\" loading=\"lazy\" decoding=\"async\" class=\"alignnone size-full wp-image-4287\" title=\"Super21 6000 Puffs Einweg Vape Gro\u00dfhandel Erdbeere Eis Geschmacksrichtungen\" src=\"https:\/\/i0.wp.com\/www.disposablevapeswholesale.com\/wp-content\/uploads\/2022\/07\/Super21-6000-Puffs-Disposable-Vape-Wholesale-Strawberry-Ice-Cream-Flavors.jpg?resize=800%2C1000&#038;ssl=1\" alt=\"Super21 6000 Puffs Einweg Vape Gro\u00dfhandel Erdbeere Eis Geschmacksrichtungen\" width=\"800\" height=\"1000\" \/><\/a><\/p>","protected":false},"excerpt":{"rendered":"<p>Super21+ 6000 Puffs Disposable Vape Wholesale kombiniert hohe Kapazit\u00e4t, kompakte Bauweise und gleichm\u00e4\u00dfige Dampfproduktion f\u00fcr ein langes und angenehmes Dampferlebnis.<\/p>","protected":false},"featured_media":1502,"comment_status":"closed","ping_status":"closed","template":"","meta":[],"product_brand":[],"product_cat":[22],"product_tag":[278,60,299,256],"class_list":{"0":"post-1263","1":"product","2":"type-product","3":"status-publish","4":"has-post-thumbnail","6":"product_cat-disposable-vape-sticks","7":"product_tag-6000-puffs","8":"product_tag-disposable-vapes","9":"product_tag-super21","10":"product_tag-wholesale","12":"first","13":"instock","14":"shipping-taxable","15":"purchasable","16":"product-type-simple"},"jetpack_sharing_enabled":true,"tiered_pricing_type":"fixed","tiered_pricing_fixed_rules":{"5000":5,"10000":4,"50000":3},"tiered_pricing_product_settings":{"layout":"default","base_unit_name":{"singular":null,"plural":null},"default_variation":null},"tiered_pricing_minimum_quantity":60,"tiered_pricing_roles_data":[],"tiered_pricing_percentage_rules":[],"tiered_pricing_maximum_quantity":null,"tiered_pricing_quantity_step":null,"_links":{"self":[{"href":"https:\/\/cloudsupplyvapes.com\/de\/wp-json\/wp\/v2\/product\/1263","targetHints":{"allow":["GET"]}}],"collection":[{"href":"https:\/\/cloudsupplyvapes.com\/de\/wp-json\/wp\/v2\/product"}],"about":[{"href":"https:\/\/cloudsupplyvapes.com\/de\/wp-json\/wp\/v2\/types\/product"}],"replies":[{"embeddable":true,"href":"https:\/\/cloudsupplyvapes.com\/de\/wp-json\/wp\/v2\/comments?post=1263"}],"wp:featuredmedia":[{"embeddable":true,"href":"https:\/\/cloudsupplyvapes.com\/de\/wp-json\/wp\/v2\/media\/1502"}],"wp:attachment":[{"href":"https:\/\/cloudsupplyvapes.com\/de\/wp-json\/wp\/v2\/media?parent=1263"}],"wp:term":[{"taxonomy":"product_brand","embeddable":true,"href":"https:\/\/cloudsupplyvapes.com\/de\/wp-json\/wp\/v2\/product_brand?post=1263"},{"taxonomy":"product_cat","embeddable":true,"href":"https:\/\/cloudsupplyvapes.com\/de\/wp-json\/wp\/v2\/product_cat?post=1263"},{"taxonomy":"product_tag","embeddable":true,"href":"https:\/\/cloudsupplyvapes.com\/de\/wp-json\/wp\/v2\/product_tag?post=1263"}],"curies":[{"name":"wp","href":"https:\/\/api.w.org\/{rel}","templated":true}]}}