{"id":1265,"date":"2024-10-19T02:18:49","date_gmt":"2024-10-19T02:18:49","guid":{"rendered":"https:\/\/cloudsupplyvapes.com\/?post_type=product&#038;p=1265"},"modified":"2024-11-26T08:37:21","modified_gmt":"2024-11-26T08:37:21","slug":"-53","status":"publish","type":"product","link":"https:\/\/cloudsupplyvapes.com\/de\/product\/breze-stiik-2-in-1-2000-puffs-disposable-vape-wholesale\/","title":{"rendered":"Breze Stiik 2 in 1 2000 Puffs Einweg Vape Gro\u00dfhandel Dual Flavor Compact Design"},"content":{"rendered":"<p>Diese neue Breze Stiik Einweg hat zwei Geschmacksrichtungen zur Auswahl, die beide in der gleichen device.Easy, um den Schalter an der Unterseite des device.The kompakte Ger\u00e4t kommt mit vorgef\u00fcllten 3ml Salz nic e-Saft und buil-in 850mAh Akku, der bis zu 2000 Z\u00fcge dauern kann.<\/p>\n<p>&nbsp;<\/p>\n<h2>Breze Stiik 2 in 1 Disposable Vape Spezifikationen:<\/h2>\n<p>Marke: Breze Stiik<\/p>\n<p>Puffs: 2000 Puffs sind pro Ger\u00e4t verf\u00fcgbar.<\/p>\n<p>Nikotin: 5%<\/p>\n<p>E-Saft Kapazit\u00e4t: 3ML<\/p>\n<p>Akku: 850mAh<\/p>\n<p>&nbsp;<\/p>\n<h2>Geschm\u00e4cker<\/h2>\n<p>Lychee-Eis&amp;Blaubeer-Eis<\/p>\n<p>Grape Freeze&amp;Green Apple<\/p>\n<p>Blau Raz&amp;Cool Mint<\/p>\n<p>Wassermelone&amp;Orange Soda<\/p>\n<p>Melone&amp;Cola Eis<\/p>\n<p>Ananas&amp;Pink Limonade<\/p>\n<p>Pfirsich-Eis&amp;Mango-Eis<\/p>\n<p>Erdbeere Eis&amp;Banane Freeze<\/p>\n<p>&nbsp;<\/p>\n<h2>Verpackung &amp; Gewicht<\/h2>\n<p>0.054KG\/PCS, einzeln mit kleiner Verpackung, 10 St\u00fcck in einer mittleren Schachtel.<\/p>\n<p>300PCS im Umkarton, 16KG.<\/p>\n<p><a href=\"https:\/\/i0.wp.com\/www.disposablevapeswholesale.com\/wp-content\/uploads\/2022\/07\/Breze-Stiik-2-in-1-2000-Puffs-Disposable-Vape-Wholesale-WatermelonOrange-Soda.jpg?ssl=1\" target=\"_blank\" rel=\"noopener\"><img data-recalc-dims=\"1\" loading=\"lazy\" decoding=\"async\" class=\"alignnone size-full wp-image-4230\" title=\"Breze Stiik 2 in 1 2000 Puffs Einweg Vape Gro\u00dfhandel WassermeloneOrange Soda\" src=\"https:\/\/i0.wp.com\/www.disposablevapeswholesale.com\/wp-content\/uploads\/2022\/07\/Breze-Stiik-2-in-1-2000-Puffs-Disposable-Vape-Wholesale-WatermelonOrange-Soda.jpg?resize=800%2C800&#038;ssl=1\" alt=\"Breze Stiik 2 in 1 2000 Puffs Einweg Vape Gro\u00dfhandel WassermeloneOrange Soda\" width=\"800\" height=\"800\" \/><\/a> <a href=\"https:\/\/i0.wp.com\/www.disposablevapeswholesale.com\/wp-content\/uploads\/2022\/07\/Breze-Stiik-2-in-1-2000-Puffs-Disposable-Vape-Wholesale-Strawberry-IceBanana-Freeze.jpg?ssl=1\" target=\"_blank\" rel=\"noopener\"><img data-recalc-dims=\"1\" loading=\"lazy\" decoding=\"async\" class=\"alignnone size-full wp-image-4229\" title=\"Breze Stiik 2 in 1 2000 Puffs Einweg Vape Gro\u00dfhandel Erdbeere IceBanana Freeze\" src=\"https:\/\/i0.wp.com\/www.disposablevapeswholesale.com\/wp-content\/uploads\/2022\/07\/Breze-Stiik-2-in-1-2000-Puffs-Disposable-Vape-Wholesale-Strawberry-IceBanana-Freeze.jpg?resize=800%2C800&#038;ssl=1\" alt=\"Breze Stiik 2 in 1 2000 Puffs Einweg Vape Gro\u00dfhandel Erdbeere IceBanana Freeze\" width=\"800\" height=\"800\" \/><\/a> <a href=\"https:\/\/i0.wp.com\/www.disposablevapeswholesale.com\/wp-content\/uploads\/2022\/07\/Breze-Stiik-2-in-1-2000-Puffs-Disposable-Vape-Wholesale-PineapplePink-Lemonade.jpg?ssl=1\" target=\"_blank\" rel=\"noopener\"><img data-recalc-dims=\"1\" loading=\"lazy\" decoding=\"async\" class=\"alignnone size-full wp-image-4228\" title=\"Breze Stiik 2 in 1 2000 Puffs Einweg Vape Gro\u00dfhandel PineapplePink Lemonade\" src=\"https:\/\/i0.wp.com\/www.disposablevapeswholesale.com\/wp-content\/uploads\/2022\/07\/Breze-Stiik-2-in-1-2000-Puffs-Disposable-Vape-Wholesale-PineapplePink-Lemonade.jpg?resize=800%2C800&#038;ssl=1\" alt=\"Breze Stiik 2 in 1 2000 Puffs Einweg Vape Gro\u00dfhandel PineapplePink Lemonade\" width=\"800\" height=\"800\" \/><\/a> <a href=\"https:\/\/i0.wp.com\/www.disposablevapeswholesale.com\/wp-content\/uploads\/2022\/07\/Breze-Stiik-2-in-1-2000-Puffs-Disposable-Vape-Wholesale-Peach-IceMango-Ice.jpg?ssl=1\" target=\"_blank\" rel=\"noopener\"><img data-recalc-dims=\"1\" loading=\"lazy\" decoding=\"async\" class=\"alignnone size-full wp-image-4227\" title=\"Breze Stiik 2 in 1 2000 Puffs Einweg Vape Gro\u00dfhandel Peach IceMango Ice\" src=\"https:\/\/i0.wp.com\/www.disposablevapeswholesale.com\/wp-content\/uploads\/2022\/07\/Breze-Stiik-2-in-1-2000-Puffs-Disposable-Vape-Wholesale-Peach-IceMango-Ice.jpg?resize=800%2C800&#038;ssl=1\" alt=\"Breze Stiik 2 in 1 2000 Puffs Einweg Vape Gro\u00dfhandel Peach IceMango Ice\" width=\"800\" height=\"800\" \/><\/a> <a href=\"https:\/\/i0.wp.com\/www.disposablevapeswholesale.com\/wp-content\/uploads\/2022\/07\/Breze-Stiik-2-in-1-2000-Puffs-Disposable-Vape-Wholesale-MelonCola-Ice.jpg?ssl=1\" target=\"_blank\" rel=\"noopener\"><img data-recalc-dims=\"1\" loading=\"lazy\" decoding=\"async\" class=\"alignnone size-full wp-image-4225\" title=\"Breze Stiik 2 in 1 2000 Puffs Einweg Vape Gro\u00dfhandel MelonCola Ice\" src=\"https:\/\/i0.wp.com\/www.disposablevapeswholesale.com\/wp-content\/uploads\/2022\/07\/Breze-Stiik-2-in-1-2000-Puffs-Disposable-Vape-Wholesale-MelonCola-Ice.jpg?resize=800%2C800&#038;ssl=1\" alt=\"Breze Stiik 2 in 1 2000 Puffs Einweg Vape Gro\u00dfhandel MelonCola Ice\" width=\"800\" height=\"800\" \/><\/a> <a href=\"https:\/\/i0.wp.com\/www.disposablevapeswholesale.com\/wp-content\/uploads\/2022\/07\/Breze-Stiik-2-in-1-2000-Puffs-Disposable-Vape-Wholesale-Lychee-IceBlueberry-Ice.jpg?ssl=1\" target=\"_blank\" rel=\"noopener\"><img data-recalc-dims=\"1\" loading=\"lazy\" decoding=\"async\" class=\"alignnone size-full wp-image-4224\" title=\"Breze Stiik 2 in 1 2000 Puffs Einweg Vape Gro\u00dfhandel Lychee IceBlueberry Ice\" src=\"https:\/\/i0.wp.com\/www.disposablevapeswholesale.com\/wp-content\/uploads\/2022\/07\/Breze-Stiik-2-in-1-2000-Puffs-Disposable-Vape-Wholesale-Lychee-IceBlueberry-Ice.jpg?resize=800%2C800&#038;ssl=1\" alt=\"Breze Stiik 2 in 1 2000 Puffs Einweg Vape Gro\u00dfhandel Lychee IceBlueberry Ice\" width=\"800\" height=\"800\" \/><\/a> <a href=\"https:\/\/i0.wp.com\/www.disposablevapeswholesale.com\/wp-content\/uploads\/2022\/07\/Breze-Stiik-2-in-1-2000-Puffs-Disposable-Vape-Wholesale-Grape-FreezeGreen-Apple.jpg?ssl=1\" target=\"_blank\" rel=\"noopener\"><img data-recalc-dims=\"1\" loading=\"lazy\" decoding=\"async\" class=\"alignnone size-full wp-image-4223\" title=\"Breze Stiik 2 in 1 2000 Puffs Einweg Vape Gro\u00dfhandel Grape FreezeGreen Apple\" src=\"https:\/\/i0.wp.com\/www.disposablevapeswholesale.com\/wp-content\/uploads\/2022\/07\/Breze-Stiik-2-in-1-2000-Puffs-Disposable-Vape-Wholesale-Grape-FreezeGreen-Apple.jpg?resize=800%2C800&#038;ssl=1\" alt=\"Breze Stiik 2 in 1 2000 Puffs Einweg Vape Gro\u00dfhandel Grape FreezeGreen Apple\" width=\"800\" height=\"800\" \/><\/a> <a href=\"https:\/\/i0.wp.com\/www.disposablevapeswholesale.com\/wp-content\/uploads\/2022\/07\/Breze-Stiik-2-in-1-2000-Puffs-Disposable-Vape-Wholesale-Blue-RazCool-Mint.jpg?ssl=1\" target=\"_blank\" rel=\"noopener\"><img data-recalc-dims=\"1\" loading=\"lazy\" decoding=\"async\" class=\"alignnone size-full wp-image-4221\" title=\"Breze Stiik 2 in 1 2000 Puffs Einweg Vape Gro\u00dfhandel blau RazCool Mint\" src=\"https:\/\/i0.wp.com\/www.disposablevapeswholesale.com\/wp-content\/uploads\/2022\/07\/Breze-Stiik-2-in-1-2000-Puffs-Disposable-Vape-Wholesale-Blue-RazCool-Mint.jpg?resize=800%2C800&#038;ssl=1\" alt=\"Breze Stiik 2 in 1 2000 Puffs Einweg Vape Gro\u00dfhandel blau RazCool Mint\" width=\"800\" height=\"800\" \/><\/a> <a href=\"https:\/\/i0.wp.com\/www.disposablevapeswholesale.com\/wp-content\/uploads\/2022\/07\/Breze-Stiik-2-in-1-2000-Puffs-Disposable-Vape-Wholesale-Flavors.jpg?ssl=1\" target=\"_blank\" rel=\"noopener\"><img data-recalc-dims=\"1\" loading=\"lazy\" decoding=\"async\" class=\"alignnone size-full wp-image-4222\" title=\"Breze Stiik 2 in 1 2000 Puffs Einweg Vape Gro\u00dfhandel Aromen\" src=\"https:\/\/i0.wp.com\/www.disposablevapeswholesale.com\/wp-content\/uploads\/2022\/07\/Breze-Stiik-2-in-1-2000-Puffs-Disposable-Vape-Wholesale-Flavors.jpg?resize=800%2C800&#038;ssl=1\" alt=\"Breze Stiik 2 in 1 2000 Puffs Einweg Vape Gro\u00dfhandel Aromen\" width=\"800\" height=\"800\" \/><\/a> <a href=\"https:\/\/i0.wp.com\/www.disposablevapeswholesale.com\/wp-content\/uploads\/2022\/07\/Breze-Stiik-2-in-1-2000-Puffs-Disposable-Vape-Wholesale-Pakage.jpg?ssl=1\" target=\"_blank\" rel=\"noopener\"><img data-recalc-dims=\"1\" loading=\"lazy\" decoding=\"async\" class=\"alignnone size-full wp-image-4226\" title=\"Breze Stiik 2 in 1 2000 Puffs Einweg Vape Gro\u00dfhandelspaket\" src=\"https:\/\/i0.wp.com\/www.disposablevapeswholesale.com\/wp-content\/uploads\/2022\/07\/Breze-Stiik-2-in-1-2000-Puffs-Disposable-Vape-Wholesale-Pakage.jpg?resize=800%2C800&#038;ssl=1\" alt=\"Breze Stiik 2 in 1 2000 Puffs Einweg Vape Gro\u00dfhandelspaket\" width=\"800\" height=\"800\" \/><\/a> <a href=\"https:\/\/i0.wp.com\/www.disposablevapeswholesale.com\/wp-content\/uploads\/2022\/07\/Breze-Stiik-2-in-1-2000-Puffs-Disposable-Vape-Wholesale-8-Flavors.jpg?ssl=1\" target=\"_blank\" rel=\"noopener\"><img data-recalc-dims=\"1\" loading=\"lazy\" decoding=\"async\" class=\"alignnone size-full wp-image-4219\" title=\"Breze Stiik 2 in 1 2000 Puffs Einweg Vape Gro\u00dfhandel 8 Geschmacksrichtungen\" src=\"https:\/\/i0.wp.com\/www.disposablevapeswholesale.com\/wp-content\/uploads\/2022\/07\/Breze-Stiik-2-in-1-2000-Puffs-Disposable-Vape-Wholesale-8-Flavors.jpg?resize=800%2C800&#038;ssl=1\" alt=\"Breze Stiik 2 in 1 2000 Puffs Einweg Vape Gro\u00dfhandel 8 Geschmacksrichtungen\" width=\"800\" height=\"800\" \/><\/a> <a href=\"https:\/\/i0.wp.com\/www.disposablevapeswholesale.com\/wp-content\/uploads\/2022\/07\/Breze-Stiik-2-in-1-2000-Puffs-Disposable-Vape-Wholesale-All-Flavors.jpg?ssl=1\" target=\"_blank\" rel=\"noopener\"><img data-recalc-dims=\"1\" loading=\"lazy\" decoding=\"async\" class=\"alignnone size-full wp-image-4220\" title=\"Breze Stiik 2 in 1 2000 Puffs Einweg Vape Gro\u00dfhandel alle Geschmacksrichtungen\" src=\"https:\/\/i0.wp.com\/www.disposablevapeswholesale.com\/wp-content\/uploads\/2022\/07\/Breze-Stiik-2-in-1-2000-Puffs-Disposable-Vape-Wholesale-All-Flavors.jpg?resize=800%2C800&#038;ssl=1\" alt=\"Breze Stiik 2 in 1 2000 Puffs Einweg Vape Gro\u00dfhandel alle Geschmacksrichtungen\" width=\"800\" height=\"800\" \/><\/a> <a href=\"https:\/\/i0.wp.com\/www.disposablevapeswholesale.com\/wp-content\/uploads\/2022\/07\/Breze-Stiik-2-in-1-2000-Puffs-Disposable-Vape-Wholesale.jpg?ssl=1\" target=\"_blank\" rel=\"noopener\"><img data-recalc-dims=\"1\" loading=\"lazy\" decoding=\"async\" class=\"alignnone size-full wp-image-4231\" title=\"Breze Stiik 2 in 1 2000 Puffs Einweg Vape Gro\u00dfhandel\" src=\"https:\/\/i0.wp.com\/www.disposablevapeswholesale.com\/wp-content\/uploads\/2022\/07\/Breze-Stiik-2-in-1-2000-Puffs-Disposable-Vape-Wholesale.jpg?resize=800%2C800&#038;ssl=1\" alt=\"Breze Stiik 2 in 1 2000 Puffs Einweg Vape Gro\u00dfhandel\" width=\"800\" height=\"800\" \/><\/a><\/p>","protected":false},"excerpt":{"rendered":"<p>Breze Stiik 2 in 1 2000 Puffs Disposable Vape Wholesale bietet zwei Geschmacksoptionen, ein kompaktes Design und eine gleichm\u00e4\u00dfige Dampfleistung f\u00fcr ein vielseitiges und angenehmes Dampferlebnis.<\/p>","protected":false},"featured_media":1528,"comment_status":"closed","ping_status":"closed","template":"","meta":[],"product_brand":[],"product_cat":[22],"product_tag":[302,303,60,256],"class_list":{"0":"post-1265","1":"product","2":"type-product","3":"status-publish","4":"has-post-thumbnail","6":"product_cat-disposable-vape-sticks","7":"product_tag-2000-puffs","8":"product_tag-breze-stiik-2-in-1","9":"product_tag-disposable-vapes","10":"product_tag-wholesale","12":"first","13":"instock","14":"shipping-taxable","15":"purchasable","16":"product-type-simple"},"jetpack_sharing_enabled":true,"tiered_pricing_type":"fixed","tiered_pricing_fixed_rules":{"5000":9,"10000":8,"50000":7},"tiered_pricing_product_settings":{"layout":"default","base_unit_name":{"singular":null,"plural":null},"default_variation":null},"tiered_pricing_minimum_quantity":60,"tiered_pricing_roles_data":[],"tiered_pricing_percentage_rules":[],"tiered_pricing_maximum_quantity":null,"tiered_pricing_quantity_step":null,"_links":{"self":[{"href":"https:\/\/cloudsupplyvapes.com\/de\/wp-json\/wp\/v2\/product\/1265","targetHints":{"allow":["GET"]}}],"collection":[{"href":"https:\/\/cloudsupplyvapes.com\/de\/wp-json\/wp\/v2\/product"}],"about":[{"href":"https:\/\/cloudsupplyvapes.com\/de\/wp-json\/wp\/v2\/types\/product"}],"replies":[{"embeddable":true,"href":"https:\/\/cloudsupplyvapes.com\/de\/wp-json\/wp\/v2\/comments?post=1265"}],"wp:featuredmedia":[{"embeddable":true,"href":"https:\/\/cloudsupplyvapes.com\/de\/wp-json\/wp\/v2\/media\/1528"}],"wp:attachment":[{"href":"https:\/\/cloudsupplyvapes.com\/de\/wp-json\/wp\/v2\/media?parent=1265"}],"wp:term":[{"taxonomy":"product_brand","embeddable":true,"href":"https:\/\/cloudsupplyvapes.com\/de\/wp-json\/wp\/v2\/product_brand?post=1265"},{"taxonomy":"product_cat","embeddable":true,"href":"https:\/\/cloudsupplyvapes.com\/de\/wp-json\/wp\/v2\/product_cat?post=1265"},{"taxonomy":"product_tag","embeddable":true,"href":"https:\/\/cloudsupplyvapes.com\/de\/wp-json\/wp\/v2\/product_tag?post=1265"}],"curies":[{"name":"wp","href":"https:\/\/api.w.org\/{rel}","templated":true}]}}