{"id":138,"date":"2024-10-10T07:28:49","date_gmt":"2024-10-10T07:28:49","guid":{"rendered":"https:\/\/cloudsupplyvapes.com\/?post_type=product&#038;p=138"},"modified":"2024-11-26T09:38:05","modified_gmt":"2024-11-26T09:38:05","slug":"bang-king-12000-puff-disposable-vape-wholesale","status":"publish","type":"product","link":"https:\/\/cloudsupplyvapes.com\/de\/product\/bang-king-12000-puff-disposable-vape-wholesale\/","title":{"rendered":"Bang King 12000 Puffs Disposable Vape | Gro\u00dfhandel hohe Kapazit\u00e4t langlebig Vape"},"content":{"rendered":"<h2><strong>Bang King 12000 Puffs Einweg-Vape Spezifikation<\/strong><\/h2>\n<ul>\n<li>Puffs: Bis zu 12000<\/li>\n<li>Fl\u00fcssigkeit: 23ml<\/li>\n<li>Nikotin: 0%\/ 3%\/ 5%<\/li>\n<li>Akku: 650mAh Typ-C<\/li>\n<li>Typen:Einweg<\/li>\n<li>Gewicht: 110g\/St\u00fcck<\/li>\n<li>Schachtel verpacken: 10 St\u00fcck\/Karton<\/li>\n<\/ul>\n<p>&nbsp;<\/p>\n<div>\n<div class=\"wmkc-template-12\">\n<h2 class=\"wmkc-white\"><strong>Produkte Geschmacksrichtungen<\/strong><\/h2>\n<\/div>\n<ol>\n<li>Ananas-Kokosnuss-Eis<\/li>\n<li>Wassermelone Kaugummi<\/li>\n<li>Dreifach-Beereneis<\/li>\n<li>Pfirsich-Eis<\/li>\n<li>Granatapfel<\/li>\n<li>Blaues Razzeis<\/li>\n<li>Erdbeere-Wassermelone<\/li>\n<li>Melone-Minze<\/li>\n<li>Regenbogen-Sherbert<\/li>\n<li>Erdbeer-Mango<\/li>\n<\/ol>\n<\/div>","protected":false},"excerpt":{"rendered":"<p>Bang King 12000 Puffs Disposable Vape Wholesale bietet eine hohe Kapazit\u00e4t, ein langlebiges Design und eine konstante Dampfproduktion f\u00fcr l\u00e4ngere Vaping-Sessions.<\/p>","protected":false},"featured_media":139,"comment_status":"open","ping_status":"closed","template":"","meta":[],"product_brand":[],"product_cat":[16],"product_tag":[],"class_list":{"0":"post-138","1":"product","2":"type-product","3":"status-publish","4":"has-post-thumbnail","6":"product_cat-disposable-vapes-for-wholesale","8":"first","9":"instock","10":"shipping-taxable","11":"purchasable","12":"product-type-simple"},"jetpack_sharing_enabled":true,"tiered_pricing_type":"fixed","tiered_pricing_fixed_rules":{"100":8.9000000000000003552713678800500929355621337890625,"500":7.9000000000000003552713678800500929355621337890625},"tiered_pricing_product_settings":{"layout":"default","base_unit_name":{"singular":null,"plural":null},"default_variation":null},"tiered_pricing_minimum_quantity":10,"tiered_pricing_roles_data":[],"tiered_pricing_percentage_rules":[],"tiered_pricing_maximum_quantity":null,"tiered_pricing_quantity_step":"10","_links":{"self":[{"href":"https:\/\/cloudsupplyvapes.com\/de\/wp-json\/wp\/v2\/product\/138","targetHints":{"allow":["GET"]}}],"collection":[{"href":"https:\/\/cloudsupplyvapes.com\/de\/wp-json\/wp\/v2\/product"}],"about":[{"href":"https:\/\/cloudsupplyvapes.com\/de\/wp-json\/wp\/v2\/types\/product"}],"replies":[{"embeddable":true,"href":"https:\/\/cloudsupplyvapes.com\/de\/wp-json\/wp\/v2\/comments?post=138"}],"wp:featuredmedia":[{"embeddable":true,"href":"https:\/\/cloudsupplyvapes.com\/de\/wp-json\/wp\/v2\/media\/139"}],"wp:attachment":[{"href":"https:\/\/cloudsupplyvapes.com\/de\/wp-json\/wp\/v2\/media?parent=138"}],"wp:term":[{"taxonomy":"product_brand","embeddable":true,"href":"https:\/\/cloudsupplyvapes.com\/de\/wp-json\/wp\/v2\/product_brand?post=138"},{"taxonomy":"product_cat","embeddable":true,"href":"https:\/\/cloudsupplyvapes.com\/de\/wp-json\/wp\/v2\/product_cat?post=138"},{"taxonomy":"product_tag","embeddable":true,"href":"https:\/\/cloudsupplyvapes.com\/de\/wp-json\/wp\/v2\/product_tag?post=138"}],"curies":[{"name":"wp","href":"https:\/\/api.w.org\/{rel}","templated":true}]}}