{"id":1527,"date":"2024-10-19T02:20:08","date_gmt":"2024-10-19T02:20:08","guid":{"rendered":"https:\/\/cloudsupplyvapes.com\/?post_type=product&#038;p=1527"},"modified":"2024-11-26T08:36:49","modified_gmt":"2024-11-26T08:36:49","slug":"-56","status":"publish","type":"product","link":"https:\/\/cloudsupplyvapes.com\/de\/product\/randm-max-pro-3600-puffs-disposable-vape-wholesale\/","title":{"rendered":"RandM Max Pro 3600 Puffs Einweg Vape Gro\u00dfhandel kompakt langlebig bauen"},"content":{"rendered":"<p>RandM Max Pro ist eine wiederaufladbare Einweg-Vape-Ger\u00e4t, mit dem beliebten Cartoon-Design Einweg-Vape-Patronen, sehr nett und stilvoll. Built-in 1100 mAh Akku mit hoher Kapazit\u00e4t, 10 ml e-Fl\u00fcssigkeit \u00d6lkapazit\u00e4t, bis zu 3600 puffs, gibt es 8 Aromen zur Auswahl. die Animation Design mit dem blinkenden LED-Licht an der Taste macht es die coolste Einweg-Ger\u00e4t plus es kommt mit einem wiederaufladbaren USB-Anschluss an der buttom des Ger\u00e4tes, die gurantte Sie beenden den letzten Tropfen des ejuice.<\/p>\n<p>&nbsp;<\/p>\n<h2>RandM Max Pro Einwegger\u00e4t Merkmale:<\/h2>\n<p>? % Nikotinsalz.<\/p>\n<p>? 0ML von E-Fl\u00fcssigkeit.<\/p>\n<p>? 600 Puffs pro Ger\u00e4t.<\/p>\n<p>\u2611Cartoon-Design.<\/p>\n<p>\u2611USB-Ladeanschluss.<\/p>\n<p>\u2611Integrierter 1100mAh Akku.<\/p>\n<p>?? Verf\u00fcgbare Geschmacksrichtungen.<\/p>\n<p>\u2611Einwegger\u00e4t (nicht wiederaufladbar&amp;nicht wiederbef\u00fcllbar)<\/p>\n<p>&nbsp;<\/p>\n<h2>Geschm\u00e4cker<\/h2>\n<p>Ananaseis<\/p>\n<p>Rosa Limonade<\/p>\n<p>Mango-Eis<\/p>\n<p>Blaues Razzeis<\/p>\n<p>Aloe Traube<\/p>\n<p>Erdbeere-Banane<\/p>\n<p>Gemischte Beeren<\/p>\n<p>\u00dcppiges Eis<\/p>\n<p>&nbsp;<\/p>\n<h2>Verpackung &amp; Gewicht<\/h2>\n<p>0.046KG\/PCS, einzeln mit kleiner Verpackung, 10 St\u00fcck in einer mittleren Schachtel.<\/p>\n<p>280PCS im Umkarton, 13KG.<\/p>\n<p>&nbsp;<\/p>\n<h2>OEM<\/h2>\n<p>Mindestbestellmenge f\u00fcr OEM: 1000 PCS gleiche Geschmacksrichtung.<\/p>\n<p><a href=\"https:\/\/i0.wp.com\/www.disposablevapeswholesale.com\/wp-content\/uploads\/2022\/03\/RandM-Max-Pro-3600-Puffs-Disposable-Vape-Wholesale.jpg?ssl=1\" target=\"_blank\" rel=\"noopener\"><img data-recalc-dims=\"1\" loading=\"lazy\" decoding=\"async\" class=\"alignnone size-full wp-image-2204\" title=\"RandM Max Pro 3600 Puffs Einweg Vape Gro\u00dfhandel\" src=\"https:\/\/i0.wp.com\/www.disposablevapeswholesale.com\/wp-content\/uploads\/2022\/03\/RandM-Max-Pro-3600-Puffs-Disposable-Vape-Wholesale.jpg?resize=800%2C800&#038;ssl=1\" alt=\"RandM Max Pro 3600 Puffs Einweg Vape Gro\u00dfhandel\" width=\"800\" height=\"800\" \/><\/a> <a href=\"https:\/\/i0.wp.com\/www.disposablevapeswholesale.com\/wp-content\/uploads\/2022\/03\/RandM-Max-Pro-3600-Puffs-Disposable-Vape-Wholesale-Aloe-Grape-Flavors.jpg?ssl=1\" target=\"_blank\" rel=\"noopener\"><img data-recalc-dims=\"1\" loading=\"lazy\" decoding=\"async\" class=\"alignnone size-full wp-image-2195\" title=\"RandM Max Pro 3600 Puffs Einweg Vape Gro\u00dfhandel Aloe Traube Aromen\" src=\"https:\/\/i0.wp.com\/www.disposablevapeswholesale.com\/wp-content\/uploads\/2022\/03\/RandM-Max-Pro-3600-Puffs-Disposable-Vape-Wholesale-Aloe-Grape-Flavors.jpg?resize=800%2C800&#038;ssl=1\" alt=\"RandM Max Pro 3600 Puffs Einweg Vape Gro\u00dfhandel Aloe Traube Aromen\" width=\"800\" height=\"800\" \/><\/a> <a href=\"https:\/\/i0.wp.com\/www.disposablevapeswholesale.com\/wp-content\/uploads\/2022\/03\/RandM-Max-Pro-3600-Puffs-Disposable-Vape-Wholesale-Strawberry-Banana.jpg?ssl=1\" target=\"_blank\" rel=\"noopener\"><img data-recalc-dims=\"1\" loading=\"lazy\" decoding=\"async\" class=\"alignnone size-full wp-image-2203\" title=\"RandM Max Pro 3600 Puffs Einweg Vape Gro\u00dfhandel Erdbeere Banane\" src=\"https:\/\/i0.wp.com\/www.disposablevapeswholesale.com\/wp-content\/uploads\/2022\/03\/RandM-Max-Pro-3600-Puffs-Disposable-Vape-Wholesale-Strawberry-Banana.jpg?resize=800%2C800&#038;ssl=1\" alt=\"RandM Max Pro 3600 Puffs Einweg Vape Gro\u00dfhandel Erdbeere Banane\" width=\"800\" height=\"800\" \/><\/a> <a href=\"https:\/\/i0.wp.com\/www.disposablevapeswholesale.com\/wp-content\/uploads\/2022\/03\/RandM-Max-Pro-3600-Puffs-Disposable-Vape-Wholesale-Pink-lemonade.jpg?ssl=1\" target=\"_blank\" rel=\"noopener\"><img data-recalc-dims=\"1\" loading=\"lazy\" decoding=\"async\" class=\"alignnone size-full wp-image-2202\" title=\"RandM Max Pro 3600 Puffs Einweg Vape Gro\u00dfhandel Rosa Limonade\" src=\"https:\/\/i0.wp.com\/www.disposablevapeswholesale.com\/wp-content\/uploads\/2022\/03\/RandM-Max-Pro-3600-Puffs-Disposable-Vape-Wholesale-Pink-lemonade.jpg?resize=800%2C800&#038;ssl=1\" alt=\"RandM Max Pro 3600 Puffs Einweg Vape Gro\u00dfhandel Rosa Limonade\" width=\"800\" height=\"800\" \/><\/a> <a href=\"https:\/\/i0.wp.com\/www.disposablevapeswholesale.com\/wp-content\/uploads\/2022\/03\/RandM-Max-Pro-3600-Puffs-Disposable-Vape-Wholesale-Pineapple-Ice.jpg?ssl=1\" target=\"_blank\" rel=\"noopener\"><img data-recalc-dims=\"1\" loading=\"lazy\" decoding=\"async\" class=\"alignnone size-full wp-image-2201\" title=\"RandM Max Pro 3600 Puffs Einweg Vape Gro\u00dfhandel Ananas Eis\" src=\"https:\/\/i0.wp.com\/www.disposablevapeswholesale.com\/wp-content\/uploads\/2022\/03\/RandM-Max-Pro-3600-Puffs-Disposable-Vape-Wholesale-Pineapple-Ice.jpg?resize=800%2C800&#038;ssl=1\" alt=\"RandM Max Pro 3600 Puffs Einweg Vape Gro\u00dfhandel Ananas Eis\" width=\"800\" height=\"800\" \/><\/a> <a href=\"https:\/\/i0.wp.com\/www.disposablevapeswholesale.com\/wp-content\/uploads\/2022\/03\/RandM-Max-Pro-3600-Puffs-Disposable-Vape-Wholesale-Mixed-Berries.jpg?ssl=1\" target=\"_blank\" rel=\"noopener\"><img data-recalc-dims=\"1\" loading=\"lazy\" decoding=\"async\" class=\"alignnone size-full wp-image-2200\" title=\"RandM Max Pro 3600 Puffs Einweg Vape Gro\u00dfhandel gemischte Beeren\" src=\"https:\/\/i0.wp.com\/www.disposablevapeswholesale.com\/wp-content\/uploads\/2022\/03\/RandM-Max-Pro-3600-Puffs-Disposable-Vape-Wholesale-Mixed-Berries.jpg?resize=800%2C800&#038;ssl=1\" alt=\"RandM Max Pro 3600 Puffs Einweg Vape Gro\u00dfhandel gemischte Beeren\" width=\"800\" height=\"800\" \/><\/a> <a href=\"https:\/\/i0.wp.com\/www.disposablevapeswholesale.com\/wp-content\/uploads\/2022\/03\/RandM-Max-Pro-3600-Puffs-Disposable-Vape-Wholesale-Mango-Ice.jpg?ssl=1\" target=\"_blank\" rel=\"noopener\"><img data-recalc-dims=\"1\" loading=\"lazy\" decoding=\"async\" class=\"alignnone size-full wp-image-2199\" title=\"RandM Max Pro 3600 Puffs Einweg Vape Gro\u00dfhandel Mango Ice\" src=\"https:\/\/i0.wp.com\/www.disposablevapeswholesale.com\/wp-content\/uploads\/2022\/03\/RandM-Max-Pro-3600-Puffs-Disposable-Vape-Wholesale-Mango-Ice.jpg?resize=800%2C800&#038;ssl=1\" alt=\"RandM Max Pro 3600 Puffs Einweg Vape Gro\u00dfhandel Mango Ice\" width=\"800\" height=\"800\" \/><\/a> <a href=\"https:\/\/i0.wp.com\/www.disposablevapeswholesale.com\/wp-content\/uploads\/2022\/03\/RandM-Max-Pro-3600-Puffs-Disposable-Vape-Wholesale-Lush-Ice.jpg?ssl=1\" target=\"_blank\" rel=\"noopener\"><img data-recalc-dims=\"1\" loading=\"lazy\" decoding=\"async\" class=\"alignnone size-full wp-image-2198\" title=\"RandM Max Pro 3600 Puffs Einweg Vape Gro\u00dfhandel Lush Ice\" src=\"https:\/\/i0.wp.com\/www.disposablevapeswholesale.com\/wp-content\/uploads\/2022\/03\/RandM-Max-Pro-3600-Puffs-Disposable-Vape-Wholesale-Lush-Ice.jpg?resize=800%2C800&#038;ssl=1\" alt=\"RandM Max Pro 3600 Puffs Einweg Vape Gro\u00dfhandel Lush Ice\" width=\"800\" height=\"800\" \/><\/a> <a href=\"https:\/\/i0.wp.com\/www.disposablevapeswholesale.com\/wp-content\/uploads\/2022\/03\/RandM-Max-Pro-3600-Puffs-Disposable-Vape-Wholesale-Blue-Razz-Ice.jpg?ssl=1\" target=\"_blank\" rel=\"noopener\"><img data-recalc-dims=\"1\" loading=\"lazy\" decoding=\"async\" class=\"alignnone size-full wp-image-2197\" title=\"RandM Max Pro 3600 Puffs Einweg Vape Gro\u00dfhandel blau Razz Ice\" src=\"https:\/\/i0.wp.com\/www.disposablevapeswholesale.com\/wp-content\/uploads\/2022\/03\/RandM-Max-Pro-3600-Puffs-Disposable-Vape-Wholesale-Blue-Razz-Ice.jpg?resize=800%2C800&#038;ssl=1\" alt=\"RandM Max Pro 3600 Puffs Einweg Vape Gro\u00dfhandel blau Razz Ice\" width=\"800\" height=\"800\" \/><\/a> <a href=\"https:\/\/i0.wp.com\/www.disposablevapeswholesale.com\/wp-content\/uploads\/2022\/03\/RandM-Max-Pro-3600-Puffs-Disposable-Vape-Wholesale-Aloe-Grape.jpg?ssl=1\" target=\"_blank\" rel=\"noopener\"><img data-recalc-dims=\"1\" loading=\"lazy\" decoding=\"async\" class=\"alignnone size-full wp-image-2196\" title=\"RandM Max Pro 3600 Puffs Einweg Vape Gro\u00dfhandel Aloe Traube\" src=\"https:\/\/i0.wp.com\/www.disposablevapeswholesale.com\/wp-content\/uploads\/2022\/03\/RandM-Max-Pro-3600-Puffs-Disposable-Vape-Wholesale-Aloe-Grape.jpg?resize=800%2C800&#038;ssl=1\" alt=\"RandM Max Pro 3600 Puffs Einweg Vape Gro\u00dfhandel Aloe Traube\" width=\"800\" height=\"800\" \/><\/a><\/p>","protected":false},"excerpt":{"rendered":"<p>RandM Max Pro 3600 Puffs Disposable Vape Wholesale kombiniert ein kompaktes Design, eine langlebige Konstruktion und eine gleichm\u00e4\u00dfige Dampfabgabe f\u00fcr zuverl\u00e4ssige und befriedigende Vaping-Sessions.<\/p>","protected":false},"featured_media":1814,"comment_status":"closed","ping_status":"closed","template":"","meta":[],"product_brand":[],"product_cat":[22],"product_tag":[329,60,331,256],"class_list":{"0":"post-1527","1":"product","2":"type-product","3":"status-publish","4":"has-post-thumbnail","6":"product_cat-disposable-vape-sticks","7":"product_tag-3600-puffs","8":"product_tag-disposable-vapes","9":"product_tag-randm-max-pro","10":"product_tag-wholesale","12":"first","13":"instock","14":"shipping-taxable","15":"purchasable","16":"product-type-simple"},"jetpack_sharing_enabled":true,"tiered_pricing_type":"fixed","tiered_pricing_fixed_rules":{"5000":6,"10000":5,"50000":4},"tiered_pricing_product_settings":{"layout":"default","base_unit_name":{"singular":null,"plural":null},"default_variation":null},"tiered_pricing_minimum_quantity":60,"tiered_pricing_roles_data":[],"tiered_pricing_percentage_rules":[],"tiered_pricing_maximum_quantity":null,"tiered_pricing_quantity_step":null,"_links":{"self":[{"href":"https:\/\/cloudsupplyvapes.com\/de\/wp-json\/wp\/v2\/product\/1527","targetHints":{"allow":["GET"]}}],"collection":[{"href":"https:\/\/cloudsupplyvapes.com\/de\/wp-json\/wp\/v2\/product"}],"about":[{"href":"https:\/\/cloudsupplyvapes.com\/de\/wp-json\/wp\/v2\/types\/product"}],"replies":[{"embeddable":true,"href":"https:\/\/cloudsupplyvapes.com\/de\/wp-json\/wp\/v2\/comments?post=1527"}],"wp:featuredmedia":[{"embeddable":true,"href":"https:\/\/cloudsupplyvapes.com\/de\/wp-json\/wp\/v2\/media\/1814"}],"wp:attachment":[{"href":"https:\/\/cloudsupplyvapes.com\/de\/wp-json\/wp\/v2\/media?parent=1527"}],"wp:term":[{"taxonomy":"product_brand","embeddable":true,"href":"https:\/\/cloudsupplyvapes.com\/de\/wp-json\/wp\/v2\/product_brand?post=1527"},{"taxonomy":"product_cat","embeddable":true,"href":"https:\/\/cloudsupplyvapes.com\/de\/wp-json\/wp\/v2\/product_cat?post=1527"},{"taxonomy":"product_tag","embeddable":true,"href":"https:\/\/cloudsupplyvapes.com\/de\/wp-json\/wp\/v2\/product_tag?post=1527"}],"curies":[{"name":"wp","href":"https:\/\/api.w.org\/{rel}","templated":true}]}}