{"id":1605,"date":"2024-10-19T02:20:31","date_gmt":"2024-10-19T02:20:31","guid":{"rendered":"https:\/\/cloudsupplyvapes.com\/?post_type=product&#038;p=1605"},"modified":"2024-11-26T07:51:52","modified_gmt":"2024-11-26T07:51:52","slug":"-57","status":"publish","type":"product","link":"https:\/\/cloudsupplyvapes.com\/de\/product\/randm-switch-rm-2in1-2400-puffs-disposable-vape-wholesale\/","title":{"rendered":"RandM Switch 2in1 2400 Puffs Einweg Vape Gro\u00dfhandel Dual Flavor Portable Design"},"content":{"rendered":"<p>RandM Switch ist ein Einweg-Vape-Ger\u00e4t mit Aroma-Switch-Funktion, stilvolle und einfache Design, eingebaute 1100 mAh Akku mit hoher Kapazit\u00e4t, 8 ml e-Fl\u00fcssigkeit \u00d6l-Kapazit\u00e4t, bis zu 2400 mal, mit 6 Aromen zur Auswahl.Sie k\u00f6nnen zwischen den Aromen sofort \u00fcber die Taste an der Unterseite des Ger\u00e4tes zu wechseln.<\/p>\n<p>&nbsp;<\/p>\n<h2>RandM SWITCH Einwegger\u00e4t Merkmale:<\/h2>\n<p>? % Nikotinsalz.<\/p>\n<p>? ML von E-Fl\u00fcssigkeit.<\/p>\n<p>? 400 Puffs pro Ger\u00e4t.<\/p>\n<p>??in1 Geschmacksschalter<\/p>\n<p>\u2611Zugbet\u00e4tigter Ausl\u00f6semechanismus.<\/p>\n<p>\u2611Integrierter 1100mAh Akku.<\/p>\n<p>? 2 Geschmacksrichtungen verf\u00fcgbar.<\/p>\n<p>\u2611Einwegger\u00e4t (nicht wiederaufladbar&amp;nicht wiederbef\u00fcllbar)<\/p>\n<p>&nbsp;<\/p>\n<h2>Geschm\u00e4cker<\/h2>\n<p>Blaubeereis &amp; Gummib\u00e4rchen<\/p>\n<p>Orangenlimonade &amp; Meloneneis<\/p>\n<p>Wassermelonen-Eis &amp; Cola-Eis<\/p>\n<p>Bananen-Apfel-Eis &amp; Pfirsich-Eis<\/p>\n<p>Gemischte Beeren &amp; k\u00fchle Minze<\/p>\n<p>Erdbeer-Donut &amp; Ananaseis<\/p>\n<p>&nbsp;<\/p>\n<h2>Verpackung &amp; Gewicht<\/h2>\n<p>0.063KG\/PCS, einzeln mit kleiner Verpackung, 10 St\u00fcck in einer mittleren Schachtel.<\/p>\n<p>300PCS im Umkarton, 19KG.<\/p>\n<p>&nbsp;<\/p>\n<h2>OEM<\/h2>\n<p>Mindestbestellmenge f\u00fcr OEM: 1000 PCS gleiche Geschmacksrichtung.<\/p>\n<p><a href=\"https:\/\/i0.wp.com\/www.disposablevapeswholesale.com\/wp-content\/uploads\/2022\/03\/RandM-Switch-RM-2in1-2400-Puffs-Disposable-Vape-Wholesale.jpg?ssl=1\" target=\"_blank\" rel=\"noopener\"><img data-recalc-dims=\"1\" loading=\"lazy\" decoding=\"async\" class=\"alignnone size-full wp-image-2186\" title=\"RandM Schalter RM 2in1 2400 Puffs Einweg Vape Gro\u00dfhandel\" src=\"https:\/\/i0.wp.com\/www.disposablevapeswholesale.com\/wp-content\/uploads\/2022\/03\/RandM-Switch-RM-2in1-2400-Puffs-Disposable-Vape-Wholesale.jpg?resize=800%2C800&#038;ssl=1\" alt=\"RandM Schalter RM 2in1 2400 Puffs Einweg Vape Gro\u00dfhandel\" width=\"800\" height=\"800\" \/><\/a> <a href=\"https:\/\/i0.wp.com\/www.disposablevapeswholesale.com\/wp-content\/uploads\/2022\/03\/RandM-Switch-RM-2in1-2400-Puffs-Disposable-Vape-Wholesale-Flavors.jpg?ssl=1\" target=\"_blank\" rel=\"noopener\"><img data-recalc-dims=\"1\" loading=\"lazy\" decoding=\"async\" class=\"alignnone size-full wp-image-2181\" title=\"RandM Schalter RM 2in1 2400 Puffs Einweg Vape Gro\u00dfhandel Aromen\" src=\"https:\/\/i0.wp.com\/www.disposablevapeswholesale.com\/wp-content\/uploads\/2022\/03\/RandM-Switch-RM-2in1-2400-Puffs-Disposable-Vape-Wholesale-Flavors.jpg?resize=800%2C800&#038;ssl=1\" alt=\"RandM Schalter RM 2in1 2400 Puffs Einweg Vape Gro\u00dfhandel Aromen\" width=\"800\" height=\"800\" \/><\/a> <a href=\"https:\/\/i0.wp.com\/www.disposablevapeswholesale.com\/wp-content\/uploads\/2022\/03\/RandM-Switch-RM-2in1-2400-Puffs-Disposable-Vape-Wholesale-6-Flavors.jpg?ssl=1\" target=\"_blank\" rel=\"noopener\"><img data-recalc-dims=\"1\" loading=\"lazy\" decoding=\"async\" class=\"alignnone size-full wp-image-2178\" title=\"RandM Schalter RM 2in1 2400 Puffs Einweg Vape Gro\u00dfhandel 6 Geschmacksrichtungen\" src=\"https:\/\/i0.wp.com\/www.disposablevapeswholesale.com\/wp-content\/uploads\/2022\/03\/RandM-Switch-RM-2in1-2400-Puffs-Disposable-Vape-Wholesale-6-Flavors.jpg?resize=800%2C800&#038;ssl=1\" alt=\"RandM Schalter RM 2in1 2400 Puffs Einweg Vape Gro\u00dfhandel 6 Geschmacksrichtungen\" width=\"800\" height=\"800\" \/><\/a> <a href=\"https:\/\/i0.wp.com\/www.disposablevapeswholesale.com\/wp-content\/uploads\/2022\/03\/RandM-Switch-RM-2in1-2400-Puffs-Disposable-Vape-Wholesale-Watermelon-Ice-Cola-Ice.jpg?ssl=1\" target=\"_blank\" rel=\"noopener\"><img data-recalc-dims=\"1\" loading=\"lazy\" decoding=\"async\" class=\"alignnone size-full wp-image-2185\" title=\"RandM Schalter RM 2in1 2400 Puffs Einweg Vape Gro\u00dfhandel Wassermelone Eis Cola Eis\" src=\"https:\/\/i0.wp.com\/www.disposablevapeswholesale.com\/wp-content\/uploads\/2022\/03\/RandM-Switch-RM-2in1-2400-Puffs-Disposable-Vape-Wholesale-Watermelon-Ice-Cola-Ice.jpg?resize=800%2C800&#038;ssl=1\" alt=\"RandM Schalter RM 2in1 2400 Puffs Einweg Vape Gro\u00dfhandel Wassermelone Eis Cola Eis\" width=\"800\" height=\"800\" \/><\/a> <a href=\"https:\/\/i0.wp.com\/www.disposablevapeswholesale.com\/wp-content\/uploads\/2022\/03\/RandM-Switch-RM-2in1-2400-Puffs-Disposable-Vape-Wholesale-Strawberry-Donut-Pineapple-Ice.jpg?ssl=1\" target=\"_blank\" rel=\"noopener\"><img data-recalc-dims=\"1\" loading=\"lazy\" decoding=\"async\" class=\"alignnone size-full wp-image-2184\" title=\"RandM Switch RM 2in1 2400 Puffs Einweg Vape Gro\u00dfhandel Erdbeere Donut Ananas Eis\" src=\"https:\/\/i0.wp.com\/www.disposablevapeswholesale.com\/wp-content\/uploads\/2022\/03\/RandM-Switch-RM-2in1-2400-Puffs-Disposable-Vape-Wholesale-Strawberry-Donut-Pineapple-Ice.jpg?resize=800%2C800&#038;ssl=1\" alt=\"RandM Switch RM 2in1 2400 Puffs Einweg Vape Gro\u00dfhandel Erdbeere Donut Ananas Eis\" width=\"800\" height=\"800\" \/><\/a> <a href=\"https:\/\/i0.wp.com\/www.disposablevapeswholesale.com\/wp-content\/uploads\/2022\/03\/RandM-Switch-RM-2in1-2400-Puffs-Disposable-Vape-Wholesale-Orange-Soda-Melon-Ice.jpg?ssl=1\" target=\"_blank\" rel=\"noopener\"><img data-recalc-dims=\"1\" loading=\"lazy\" decoding=\"async\" class=\"alignnone size-full wp-image-2183\" title=\"RandM Schalter RM 2in1 2400 Puffs Einweg Vape Gro\u00dfhandel Orange Soda Melone Eis\" src=\"https:\/\/i0.wp.com\/www.disposablevapeswholesale.com\/wp-content\/uploads\/2022\/03\/RandM-Switch-RM-2in1-2400-Puffs-Disposable-Vape-Wholesale-Orange-Soda-Melon-Ice.jpg?resize=800%2C800&#038;ssl=1\" alt=\"RandM Schalter RM 2in1 2400 Puffs Einweg Vape Gro\u00dfhandel Orange Soda Melone Eis\" width=\"800\" height=\"800\" \/><\/a> <a href=\"https:\/\/i0.wp.com\/www.disposablevapeswholesale.com\/wp-content\/uploads\/2022\/03\/RandM-Switch-RM-2in1-2400-Puffs-Disposable-Vape-Wholesale-Mixed-Berries-Cool-Mint.jpg?ssl=1\" target=\"_blank\" rel=\"noopener\"><img data-recalc-dims=\"1\" loading=\"lazy\" decoding=\"async\" class=\"alignnone size-full wp-image-2182\" title=\"RandM Schalter RM 2in1 2400 Puffs Einweg Vape Gro\u00dfhandel gemischte Beeren Cool Mint\" src=\"https:\/\/i0.wp.com\/www.disposablevapeswholesale.com\/wp-content\/uploads\/2022\/03\/RandM-Switch-RM-2in1-2400-Puffs-Disposable-Vape-Wholesale-Mixed-Berries-Cool-Mint.jpg?resize=800%2C800&#038;ssl=1\" alt=\"RandM Schalter RM 2in1 2400 Puffs Einweg Vape Gro\u00dfhandel gemischte Beeren Cool Mint\" width=\"800\" height=\"800\" \/><\/a> <a href=\"https:\/\/i0.wp.com\/www.disposablevapeswholesale.com\/wp-content\/uploads\/2022\/03\/RandM-Switch-RM-2in1-2400-Puffs-Disposable-Vape-Wholesale-Blueberry-Ice-Gummy-Bear.jpg?ssl=1\" target=\"_blank\" rel=\"noopener\"><img data-recalc-dims=\"1\" loading=\"lazy\" decoding=\"async\" class=\"alignnone size-full wp-image-2180\" title=\"RandM Switch RM 2in1 2400 Puffs Einweg Vape Gro\u00dfhandel Heidelbeere Eis Gummib\u00e4rchen\" src=\"https:\/\/i0.wp.com\/www.disposablevapeswholesale.com\/wp-content\/uploads\/2022\/03\/RandM-Switch-RM-2in1-2400-Puffs-Disposable-Vape-Wholesale-Blueberry-Ice-Gummy-Bear.jpg?resize=800%2C800&#038;ssl=1\" alt=\"RandM Switch RM 2in1 2400 Puffs Einweg Vape Gro\u00dfhandel Heidelbeere Eis Gummib\u00e4rchen\" width=\"800\" height=\"800\" \/><\/a> <a href=\"https:\/\/i0.wp.com\/www.disposablevapeswholesale.com\/wp-content\/uploads\/2022\/03\/RandM-Switch-RM-2in1-2400-Puffs-Disposable-Vape-Wholesale-Banana-Apple-Ice-Peach-Ice.jpg?ssl=1\" target=\"_blank\" rel=\"noopener\"><img data-recalc-dims=\"1\" loading=\"lazy\" decoding=\"async\" class=\"alignnone size-full wp-image-2179\" title=\"RandM Schalter RM 2in1 2400 Puffs Einweg Vape Gro\u00dfhandel Banane Apfel Eis Pfirsich Eis\" src=\"https:\/\/i0.wp.com\/www.disposablevapeswholesale.com\/wp-content\/uploads\/2022\/03\/RandM-Switch-RM-2in1-2400-Puffs-Disposable-Vape-Wholesale-Banana-Apple-Ice-Peach-Ice.jpg?resize=800%2C800&#038;ssl=1\" alt=\"RandM Schalter RM 2in1 2400 Puffs Einweg Vape Gro\u00dfhandel Banane Apfel Eis Pfirsich Eis\" width=\"800\" height=\"800\" \/><\/a><\/p>","protected":false},"excerpt":{"rendered":"<p>RandM Switch 2in1 2400 Puffs Disposable Vape Wholesale bietet zwei Geschmacksoptionen, ein tragbares Design und eine sanfte Dampfabgabe f\u00fcr ein vielseitiges und befriedigendes Dampferlebnis.<\/p>","protected":false},"featured_media":1821,"comment_status":"closed","ping_status":"closed","template":"","meta":[],"product_brand":[],"product_cat":[22],"product_tag":[332,60,333,256],"class_list":{"0":"post-1605","1":"product","2":"type-product","3":"status-publish","4":"has-post-thumbnail","6":"product_cat-disposable-vape-sticks","7":"product_tag-2400-puffs","8":"product_tag-disposable-vapes","9":"product_tag-randm-switch-rm-2in1","10":"product_tag-wholesale","12":"first","13":"instock","14":"shipping-taxable","15":"purchasable","16":"product-type-simple"},"jetpack_sharing_enabled":true,"tiered_pricing_type":"fixed","tiered_pricing_fixed_rules":{"5000":5,"10000":4,"50000":3},"tiered_pricing_product_settings":{"layout":"default","base_unit_name":{"singular":null,"plural":null},"default_variation":null},"tiered_pricing_minimum_quantity":60,"tiered_pricing_roles_data":[],"tiered_pricing_percentage_rules":[],"tiered_pricing_maximum_quantity":null,"tiered_pricing_quantity_step":null,"_links":{"self":[{"href":"https:\/\/cloudsupplyvapes.com\/de\/wp-json\/wp\/v2\/product\/1605","targetHints":{"allow":["GET"]}}],"collection":[{"href":"https:\/\/cloudsupplyvapes.com\/de\/wp-json\/wp\/v2\/product"}],"about":[{"href":"https:\/\/cloudsupplyvapes.com\/de\/wp-json\/wp\/v2\/types\/product"}],"replies":[{"embeddable":true,"href":"https:\/\/cloudsupplyvapes.com\/de\/wp-json\/wp\/v2\/comments?post=1605"}],"wp:featuredmedia":[{"embeddable":true,"href":"https:\/\/cloudsupplyvapes.com\/de\/wp-json\/wp\/v2\/media\/1821"}],"wp:attachment":[{"href":"https:\/\/cloudsupplyvapes.com\/de\/wp-json\/wp\/v2\/media?parent=1605"}],"wp:term":[{"taxonomy":"product_brand","embeddable":true,"href":"https:\/\/cloudsupplyvapes.com\/de\/wp-json\/wp\/v2\/product_brand?post=1605"},{"taxonomy":"product_cat","embeddable":true,"href":"https:\/\/cloudsupplyvapes.com\/de\/wp-json\/wp\/v2\/product_cat?post=1605"},{"taxonomy":"product_tag","embeddable":true,"href":"https:\/\/cloudsupplyvapes.com\/de\/wp-json\/wp\/v2\/product_tag?post=1605"}],"curies":[{"name":"wp","href":"https:\/\/api.w.org\/{rel}","templated":true}]}}