{"id":1606,"date":"2024-10-19T02:20:31","date_gmt":"2024-10-19T02:20:31","guid":{"rendered":"https:\/\/cloudsupplyvapes.com\/?post_type=product&#038;p=1606"},"modified":"2024-11-26T07:52:08","modified_gmt":"2024-11-26T07:52:08","slug":"-58","status":"publish","type":"product","link":"https:\/\/cloudsupplyvapes.com\/de\/product\/randm-switch-r-and-m-2in1-2400-puffs-disposable-vape-wholesale\/","title":{"rendered":"RandM Schalter R und M 2in1 2400 Puffs Einweg Vape Gro\u00dfhandel kompakte Hassle-Free Design"},"content":{"rendered":"<p>Der RandM Switch ist ein Einweg-Dampfger\u00e4t mit einer Geschmacksumschaltfunktion. Eingebauter 1100 mAh Hochleistungsakku, 8 ml E-Liquid-\u00d6lkapazit\u00e4t, bis zu 2400 Z\u00fcge, 6 Geschmacksrichtungen zur Auswahl. Sie k\u00f6nnen zwischen den Geschmacksrichtungen sofort \u00fcber die Taste an der Unterseite des Ger\u00e4ts zu wechseln.<\/p>\n<p>&nbsp;<\/p>\n<h2>RandM SWITCH Einwegger\u00e4t Merkmale:<\/h2>\n<p>? % Nikotinsalz.<\/p>\n<p>? ML von E-Fl\u00fcssigkeit.<\/p>\n<p>? 400 Puffs pro Ger\u00e4t.<\/p>\n<p>??in1 Geschmacksschalter<\/p>\n<p>\u2611Zugbet\u00e4tigter Ausl\u00f6semechanismus.<\/p>\n<p>\u2611Integrierter 1100mAh Akku.<\/p>\n<p>?? Verf\u00fcgbare Geschmacksrichtungen.<\/p>\n<p>\u2611Einwegger\u00e4t (nicht wiederaufladbar&amp;nicht wiederbef\u00fcllbar)<\/p>\n<p>&nbsp;<\/p>\n<h2>Geschm\u00e4cker<\/h2>\n<p>Energydrink &amp; Guaveneis<\/p>\n<p>Aloe Traube &amp; Mango Eis<\/p>\n<p>Honigtau-Eis &amp; Saurer Apfel<\/p>\n<p>Erdbeer-Kiwi &amp; Pina Colada<\/p>\n<p>Roter Apfel-Zitrone-Oreo-Milchshake<\/p>\n<p>Orange Ananas Mango &amp; Tigerblut<\/p>\n<p>&nbsp;<\/p>\n<h2>Verpackung &amp; Gewicht<\/h2>\n<p>0.063KG\/PCS, einzeln mit kleiner Verpackung, 10 St\u00fcck in einer mittleren Schachtel.<\/p>\n<p>300PCS im Umkarton, 19KG.<\/p>\n<p>&nbsp;<\/p>\n<h2>OEM<\/h2>\n<p>Mindestbestellmenge f\u00fcr OEM: 1000 PCS gleiche Geschmacksrichtung.<\/p>\n<p><a href=\"https:\/\/i0.wp.com\/www.disposablevapeswholesale.com\/wp-content\/uploads\/2022\/03\/RandM-Switch-R-And-M-2in1-2400-Puffs-Disposable-Vape-Wholesale.jpg?ssl=1\" target=\"_blank\" rel=\"noopener\"><img data-recalc-dims=\"1\" loading=\"lazy\" decoding=\"async\" class=\"alignnone size-full wp-image-2140\" title=\"RandM Schalter R und M 2in1 2400 Puffs Einweg Vape Gro\u00dfhandel\" src=\"https:\/\/i0.wp.com\/www.disposablevapeswholesale.com\/wp-content\/uploads\/2022\/03\/RandM-Switch-R-And-M-2in1-2400-Puffs-Disposable-Vape-Wholesale.jpg?resize=800%2C800&#038;ssl=1\" alt=\"RandM Schalter R und M 2in1 2400 Puffs Einweg Vape Gro\u00dfhandel\" width=\"800\" height=\"800\" \/><\/a> <a href=\"https:\/\/i0.wp.com\/www.disposablevapeswholesale.com\/wp-content\/uploads\/2022\/03\/RandM-Switch-R-And-M-2in1-2400-Puffs-Disposable-Vape-Wholesale-Flavors.jpg?ssl=1\" target=\"_blank\" rel=\"noopener\"><img data-recalc-dims=\"1\" loading=\"lazy\" decoding=\"async\" class=\"alignnone size-full wp-image-2135\" title=\"RandM Schalter R und M 2in1 2400 Puffs Einweg Vape Gro\u00dfhandel Aromen\" src=\"https:\/\/i0.wp.com\/www.disposablevapeswholesale.com\/wp-content\/uploads\/2022\/03\/RandM-Switch-R-And-M-2in1-2400-Puffs-Disposable-Vape-Wholesale-Flavors.jpg?resize=800%2C800&#038;ssl=1\" alt=\"RandM Schalter R und M 2in1 2400 Puffs Einweg Vape Gro\u00dfhandel Aromen\" width=\"800\" height=\"800\" \/><\/a> <a href=\"https:\/\/i0.wp.com\/www.disposablevapeswholesale.com\/wp-content\/uploads\/2022\/03\/RandM-Switch-R-And-M-2in1-2400-Puffs-Disposable-Vape-Wholesale-5-Flavors.jpg?ssl=1\" target=\"_blank\" rel=\"noopener\"><img data-recalc-dims=\"1\" loading=\"lazy\" decoding=\"async\" class=\"alignnone size-full wp-image-2129\" title=\"RandM Schalter R und M 2in1 2400 Puffs Einweg Vape Gro\u00dfhandel 5 Geschmacksrichtungen\" src=\"https:\/\/i0.wp.com\/www.disposablevapeswholesale.com\/wp-content\/uploads\/2022\/03\/RandM-Switch-R-And-M-2in1-2400-Puffs-Disposable-Vape-Wholesale-5-Flavors.jpg?resize=800%2C800&#038;ssl=1\" alt=\"RandM Schalter R und M 2in1 2400 Puffs Einweg Vape Gro\u00dfhandel 5 Geschmacksrichtungen\" width=\"800\" height=\"800\" \/><\/a> <a href=\"https:\/\/i0.wp.com\/www.disposablevapeswholesale.com\/wp-content\/uploads\/2022\/03\/RandM-Switch-R-And-M-2in1-2400-Puffs-Disposable-Vape-Wholesale-Energy-DrinkGuava-ice.jpg?ssl=1\" target=\"_blank\" rel=\"noopener\"><img data-recalc-dims=\"1\" loading=\"lazy\" decoding=\"async\" class=\"alignnone size-full wp-image-2134\" title=\"RandM Schalter R und M 2in1 2400 Puffs Einweg Vape Gro\u00dfhandel Energy DrinkGuava Eis\" src=\"https:\/\/i0.wp.com\/www.disposablevapeswholesale.com\/wp-content\/uploads\/2022\/03\/RandM-Switch-R-And-M-2in1-2400-Puffs-Disposable-Vape-Wholesale-Energy-DrinkGuava-ice.jpg?resize=800%2C800&#038;ssl=1\" alt=\"RandM Schalter R und M 2in1 2400 Puffs Einweg Vape Gro\u00dfhandel Energy DrinkGuava Eis\" width=\"800\" height=\"800\" \/><\/a> <a href=\"https:\/\/i0.wp.com\/www.disposablevapeswholesale.com\/wp-content\/uploads\/2022\/03\/RandM-Switch-R-And-M-2in1-2400-Puffs-Disposable-Vape-Wholesale-Strawberry-Kiwi-Pina-Colada.jpg?ssl=1\" target=\"_blank\" rel=\"noopener\"><img data-recalc-dims=\"1\" loading=\"lazy\" decoding=\"async\" class=\"alignnone size-full wp-image-2139\" title=\"RandM Schalter R und M 2in1 2400 Puffs Einweg Vape Gro\u00dfhandel Erdbeere Kiwi Pina Colada\" src=\"https:\/\/i0.wp.com\/www.disposablevapeswholesale.com\/wp-content\/uploads\/2022\/03\/RandM-Switch-R-And-M-2in1-2400-Puffs-Disposable-Vape-Wholesale-Strawberry-Kiwi-Pina-Colada.jpg?resize=800%2C800&#038;ssl=1\" alt=\"RandM Schalter R und M 2in1 2400 Puffs Einweg Vape Gro\u00dfhandel Erdbeere Kiwi Pina Colada\" width=\"800\" height=\"800\" \/><\/a> <a href=\"https:\/\/i0.wp.com\/www.disposablevapeswholesale.com\/wp-content\/uploads\/2022\/03\/RandM-Switch-R-And-M-2in1-2400-Puffs-Disposable-Vape-Wholesale-Orange-Pineapple-Mango-Tiger-Blood.jpg?ssl=1\" target=\"_blank\" rel=\"noopener\"><img data-recalc-dims=\"1\" loading=\"lazy\" decoding=\"async\" class=\"alignnone size-full wp-image-2137\" title=\"RandM Schalter R und M 2in1 2400 Puffs Einweg Vape Gro\u00dfhandel Orange Ananas Mango Tiger Blood\" src=\"https:\/\/i0.wp.com\/www.disposablevapeswholesale.com\/wp-content\/uploads\/2022\/03\/RandM-Switch-R-And-M-2in1-2400-Puffs-Disposable-Vape-Wholesale-Orange-Pineapple-Mango-Tiger-Blood.jpg?resize=800%2C800&#038;ssl=1\" alt=\"RandM Schalter R und M 2in1 2400 Puffs Einweg Vape Gro\u00dfhandel Orange Ananas Mango Tiger Blood\" width=\"800\" height=\"800\" \/><\/a> <a href=\"https:\/\/i0.wp.com\/www.disposablevapeswholesale.com\/wp-content\/uploads\/2022\/03\/RandM-Switch-R-And-M-2in1-2400-Puffs-Disposable-Vape-Wholesale-Red-Apple-Lemon-Oreo-Milkshake.jpg?ssl=1\" target=\"_blank\" rel=\"noopener\"><img data-recalc-dims=\"1\" loading=\"lazy\" decoding=\"async\" class=\"alignnone size-full wp-image-2138\" title=\"RandM Schalter R und M 2in1 2400 Puffs Einweg Vape Gro\u00dfhandel roten Apfel Zitrone Oreo Milchshake\" src=\"https:\/\/i0.wp.com\/www.disposablevapeswholesale.com\/wp-content\/uploads\/2022\/03\/RandM-Switch-R-And-M-2in1-2400-Puffs-Disposable-Vape-Wholesale-Red-Apple-Lemon-Oreo-Milkshake.jpg?resize=800%2C800&#038;ssl=1\" alt=\"RandM Schalter R und M 2in1 2400 Puffs Einweg Vape Gro\u00dfhandel roten Apfel Zitrone Oreo Milchshake\" width=\"800\" height=\"800\" \/><\/a> <a href=\"https:\/\/i0.wp.com\/www.disposablevapeswholesale.com\/wp-content\/uploads\/2022\/03\/RandM-Switch-R-And-M-2in1-2400-Puffs-Disposable-Vape-Wholesale-Honeydew-ice-Sour-Apple.jpg?ssl=1\" target=\"_blank\" rel=\"noopener\"><img data-recalc-dims=\"1\" loading=\"lazy\" decoding=\"async\" class=\"alignnone size-full wp-image-2136\" title=\"RandM Schalter R und M 2in1 2400 Puffs Einweg Vape Gro\u00dfhandel Honigtau Eis Sour Apple\" src=\"https:\/\/i0.wp.com\/www.disposablevapeswholesale.com\/wp-content\/uploads\/2022\/03\/RandM-Switch-R-And-M-2in1-2400-Puffs-Disposable-Vape-Wholesale-Honeydew-ice-Sour-Apple.jpg?resize=800%2C800&#038;ssl=1\" alt=\"RandM Schalter R und M 2in1 2400 Puffs Einweg Vape Gro\u00dfhandel Honigtau Eis Sour Apple\" width=\"800\" height=\"800\" \/><\/a> <a href=\"https:\/\/i0.wp.com\/www.disposablevapeswholesale.com\/wp-content\/uploads\/2022\/03\/RandM-Switch-R-And-M-2in1-2400-Puffs-Disposable-Vape-Wholesale-Energy-Drink-Guava-ice.jpg?ssl=1\" target=\"_blank\" rel=\"noopener\"><img data-recalc-dims=\"1\" loading=\"lazy\" decoding=\"async\" class=\"alignnone size-full wp-image-2133\" title=\"RandM Schalter R und M 2in1 2400 Puffs Einweg Vape Gro\u00dfhandel Energy Drink Guave Eis\" src=\"https:\/\/i0.wp.com\/www.disposablevapeswholesale.com\/wp-content\/uploads\/2022\/03\/RandM-Switch-R-And-M-2in1-2400-Puffs-Disposable-Vape-Wholesale-Energy-Drink-Guava-ice.jpg?resize=800%2C800&#038;ssl=1\" alt=\"RandM Schalter R und M 2in1 2400 Puffs Einweg Vape Gro\u00dfhandel Energy Drink Guave Eis\" width=\"800\" height=\"800\" \/><\/a> <a href=\"https:\/\/i0.wp.com\/www.disposablevapeswholesale.com\/wp-content\/uploads\/2022\/03\/RandM-Switch-R-And-M-2in1-2400-Puffs-Disposable-Vape-Wholesale-Aloe-Grape-Mango-ice.jpg?ssl=1\" target=\"_blank\" rel=\"noopener\"><img data-recalc-dims=\"1\" loading=\"lazy\" decoding=\"async\" class=\"alignnone size-full wp-image-2130\" title=\"RandM Schalter R und M 2in1 2400 Puffs Einweg Vape Gro\u00dfhandel Aloe Traube Mango Eis\" src=\"https:\/\/i0.wp.com\/www.disposablevapeswholesale.com\/wp-content\/uploads\/2022\/03\/RandM-Switch-R-And-M-2in1-2400-Puffs-Disposable-Vape-Wholesale-Aloe-Grape-Mango-ice.jpg?resize=800%2C800&#038;ssl=1\" alt=\"RandM Schalter R und M 2in1 2400 Puffs Einweg Vape Gro\u00dfhandel Aloe Traube Mango Eis\" width=\"800\" height=\"800\" \/><\/a> <a href=\"https:\/\/i0.wp.com\/www.disposablevapeswholesale.com\/wp-content\/uploads\/2022\/03\/RandM-Switch-R-And-M-2in1-2400-Puffs-Disposable-Vape-Wholesale-Aloe-Grape-Mango-ice-1.jpg?ssl=1\" target=\"_blank\" rel=\"noopener\"><img data-recalc-dims=\"1\" loading=\"lazy\" decoding=\"async\" class=\"alignnone size-full wp-image-2131\" title=\"RandM Schalter R und M 2in1 2400 Puffs Einweg Vape Gro\u00dfhandel Aloe Traube Mango Eis 1\" src=\"https:\/\/i0.wp.com\/www.disposablevapeswholesale.com\/wp-content\/uploads\/2022\/03\/RandM-Switch-R-And-M-2in1-2400-Puffs-Disposable-Vape-Wholesale-Aloe-Grape-Mango-ice-1.jpg?resize=800%2C800&#038;ssl=1\" alt=\"RandM Schalter R und M 2in1 2400 Puffs Einweg Vape Gro\u00dfhandel Aloe Traube Mango Eis 1\" width=\"800\" height=\"800\" \/><\/a> <a href=\"https:\/\/i0.wp.com\/www.disposablevapeswholesale.com\/wp-content\/uploads\/2022\/03\/RandM-Switch-R-And-M-2in1-2400-Puffs-Disposable-Vape-Wholesale-Energy-Drink-Guava-ice-Flavors.jpg?ssl=1\" target=\"_blank\" rel=\"noopener\"><img data-recalc-dims=\"1\" loading=\"lazy\" decoding=\"async\" class=\"alignnone size-full wp-image-2132\" title=\"RandM Schalter R und M 2in1 2400 Puffs Einweg Vape Gro\u00dfhandel Energie trinken Guave Eis Aromen\" src=\"https:\/\/i0.wp.com\/www.disposablevapeswholesale.com\/wp-content\/uploads\/2022\/03\/RandM-Switch-R-And-M-2in1-2400-Puffs-Disposable-Vape-Wholesale-Energy-Drink-Guava-ice-Flavors.jpg?resize=800%2C800&#038;ssl=1\" alt=\"RandM Schalter R und M 2in1 2400 Puffs Einweg Vape Gro\u00dfhandel Energie trinken Guave Eis Aromen\" width=\"800\" height=\"800\" \/><\/a><\/p>","protected":false},"excerpt":{"rendered":"<p>RandM Switch R And M 2in1 2400 Puffs Disposable Vape Wholesale bietet ein kompaktes Design, problemlose Bedienung und zwei Geschmacksrichtungen f\u00fcr bequemes und angenehmes Dampfen.<\/p>","protected":false},"featured_media":1828,"comment_status":"closed","ping_status":"closed","template":"","meta":[],"product_brand":[],"product_cat":[22],"product_tag":[60,334,256],"class_list":{"0":"post-1606","1":"product","2":"type-product","3":"status-publish","4":"has-post-thumbnail","6":"product_cat-disposable-vape-sticks","7":"product_tag-disposable-vapes","8":"product_tag-randm-switch-r-and-m-2in1","9":"product_tag-wholesale","11":"first","12":"instock","13":"shipping-taxable","14":"purchasable","15":"product-type-simple"},"jetpack_sharing_enabled":true,"tiered_pricing_type":"fixed","tiered_pricing_fixed_rules":{"5000":7,"10000":6,"50000":5},"tiered_pricing_product_settings":{"layout":"default","base_unit_name":{"singular":null,"plural":null},"default_variation":null},"tiered_pricing_minimum_quantity":60,"tiered_pricing_roles_data":[],"tiered_pricing_percentage_rules":[],"tiered_pricing_maximum_quantity":null,"tiered_pricing_quantity_step":null,"_links":{"self":[{"href":"https:\/\/cloudsupplyvapes.com\/de\/wp-json\/wp\/v2\/product\/1606","targetHints":{"allow":["GET"]}}],"collection":[{"href":"https:\/\/cloudsupplyvapes.com\/de\/wp-json\/wp\/v2\/product"}],"about":[{"href":"https:\/\/cloudsupplyvapes.com\/de\/wp-json\/wp\/v2\/types\/product"}],"replies":[{"embeddable":true,"href":"https:\/\/cloudsupplyvapes.com\/de\/wp-json\/wp\/v2\/comments?post=1606"}],"wp:featuredmedia":[{"embeddable":true,"href":"https:\/\/cloudsupplyvapes.com\/de\/wp-json\/wp\/v2\/media\/1828"}],"wp:attachment":[{"href":"https:\/\/cloudsupplyvapes.com\/de\/wp-json\/wp\/v2\/media?parent=1606"}],"wp:term":[{"taxonomy":"product_brand","embeddable":true,"href":"https:\/\/cloudsupplyvapes.com\/de\/wp-json\/wp\/v2\/product_brand?post=1606"},{"taxonomy":"product_cat","embeddable":true,"href":"https:\/\/cloudsupplyvapes.com\/de\/wp-json\/wp\/v2\/product_cat?post=1606"},{"taxonomy":"product_tag","embeddable":true,"href":"https:\/\/cloudsupplyvapes.com\/de\/wp-json\/wp\/v2\/product_tag?post=1606"}],"curies":[{"name":"wp","href":"https:\/\/api.w.org\/{rel}","templated":true}]}}