{"id":1608,"date":"2024-10-19T02:20:32","date_gmt":"2024-10-19T02:20:32","guid":{"rendered":"https:\/\/cloudsupplyvapes.com\/?post_type=product&#038;p=1608"},"modified":"2024-11-26T07:50:17","modified_gmt":"2024-11-26T07:50:17","slug":"-59","status":"publish","type":"product","link":"https:\/\/cloudsupplyvapes.com\/de\/product\/randm-twins-2in1-6000-puffs-led-light-disposable-vape-wholesale\/","title":{"rendered":"RANDM TWINS 2IN1 6000 Puffs LED Licht Einweg Vape Gro\u00dfhandel Dual Flavor Durable Build"},"content":{"rendered":"<p>RandM Twins ist ein Typ-C wiederaufladbare Einweg-2-in-1-Vape-Ger\u00e4t mit LED-Licht, integrierte 550 mAh Akku mit hoher Kapazit\u00e4t, 14 ml e-Fl\u00fcssigkeit \u00d6l Kapazit\u00e4t, bis zu 6000 Puffs und 8 Aromen zur Auswahl.Sie k\u00f6nnen zwischen den Aromen sofort wechseln, wann immer Sie wollen, plus es kommt mit einem wiederaufladbaren Typ-C-Anschluss an der Unterseite des Ger\u00e4tes, die gurantte Sie den letzten Tropfen des ejuice in den Tank die ganze Zeit zu beenden. Die bunte LED-Licht macht dieses Ger\u00e4t attraktiver, w\u00e4hrend vaping.<\/p>\n<p>&nbsp;<\/p>\n<h2>RandM Twins 2in1 Einwegger\u00e4t Merkmale:<\/h2>\n<p>\u26115% Nikotinsalz.<\/p>\n<p>\u26114ML von E-Fl\u00fcssigkeit.<\/p>\n<p>\u26112in1 Geschmacksrichtung.<\/p>\n<p>\u2611Mesh-Spule.<\/p>\n<p>\u2611 Farben RGB-Licht<\/p>\n<p>\u2611Akku wiederaufladbar Typ-C<\/p>\n<p>\u2611Integrierter 550mAh Akku.<\/p>\n<p>\u2611 Verf\u00fcgbare Geschmacksrichtungen.<\/p>\n<p>\u2611300 St\u00fcck in einem Displaykarton.<\/p>\n<p>\u261140 St\u00fcck im Karton.<\/p>\n<p>&nbsp;<\/p>\n<h2>Geschm\u00e4cker<\/h2>\n<p>Erdbeereis + gemischtes Obst<\/p>\n<p>Pfirsich-Eis + Skittles<\/p>\n<p>Ananaseis + Kokosnussmilch<\/p>\n<p>K\u00fchle Minze + Gummib\u00e4rchen<\/p>\n<p>Blaues Razz-Eis + Rosa Zitrone<\/p>\n<p>Lush Ice + Bananeneis<\/p>\n<p>Energy-Drink + Guave-Eis<\/p>\n<p>Mango-Eis + Kaugummi<\/p>\n<p>&nbsp;<\/p>\n<h2>Verpackung &amp; Gewicht<\/h2>\n<p>0.07KG\/PCS, einzeln mit kleiner Verpackung, 10 St\u00fcck in einer mittleren Schachtel.<\/p>\n<p>300PCS im Umkarton, 21KG.<\/p>\n<p>&nbsp;<\/p>\n<h2>OEM<\/h2>\n<p>Mindestbestellmenge f\u00fcr OEM: 1000 PCS gleiche Geschmacksrichtung.<\/p>\n<p><a href=\"https:\/\/i0.wp.com\/www.disposablevapeswholesale.com\/wp-content\/uploads\/2022\/03\/RANDM-TWINS-2IN1-6000-Puffs-LED-Light-Disposable-Vape-Wholesale.jpg?ssl=1\" target=\"_blank\" rel=\"noopener\"><img data-recalc-dims=\"1\" loading=\"lazy\" decoding=\"async\" class=\"alignnone size-full wp-image-2091\" title=\"RANDM TWINS 2IN1 6000 Puffs LED Licht Einweg Vape Gro\u00dfhandel\" src=\"https:\/\/i0.wp.com\/www.disposablevapeswholesale.com\/wp-content\/uploads\/2022\/03\/RANDM-TWINS-2IN1-6000-Puffs-LED-Light-Disposable-Vape-Wholesale.jpg?resize=800%2C800&#038;ssl=1\" alt=\"RANDM TWINS 2IN1 6000 Puffs LED Licht Einweg Vape Gro\u00dfhandel\" width=\"800\" height=\"800\" \/><\/a> <a href=\"https:\/\/i0.wp.com\/www.disposablevapeswholesale.com\/wp-content\/uploads\/2022\/03\/RANDM-TWINS-2IN1-6000-Puffs-LED-Light-Disposable-Vape-Wholesale-Flavors.jpg?ssl=1\" target=\"_blank\" rel=\"noopener\"><img data-recalc-dims=\"1\" loading=\"lazy\" decoding=\"async\" class=\"alignnone size-full wp-image-2085\" title=\"RANDM TWINS 2IN1 6000 Puffs LED Licht Einweg Vape Gro\u00dfhandel Aromen\" src=\"https:\/\/i0.wp.com\/www.disposablevapeswholesale.com\/wp-content\/uploads\/2022\/03\/RANDM-TWINS-2IN1-6000-Puffs-LED-Light-Disposable-Vape-Wholesale-Flavors.jpg?resize=800%2C800&#038;ssl=1\" alt=\"RANDM TWINS 2IN1 6000 Puffs LED Licht Einweg Vape Gro\u00dfhandel Aromen\" width=\"800\" height=\"800\" \/><\/a> <a href=\"https:\/\/i0.wp.com\/www.disposablevapeswholesale.com\/wp-content\/uploads\/2022\/03\/RANDM-TWINS-2IN1-6000-Puffs-LED-Light-Disposable-Vape-Wholesale-8-Flavors.jpg?ssl=1\" target=\"_blank\" rel=\"noopener\"><img data-recalc-dims=\"1\" loading=\"lazy\" decoding=\"async\" class=\"alignnone size-full wp-image-2081\" title=\"RANDM TWINS 2IN1 6000 Puffs LED Licht Einweg Vape Gro\u00dfhandel 8 Geschmacksrichtungen\" src=\"https:\/\/i0.wp.com\/www.disposablevapeswholesale.com\/wp-content\/uploads\/2022\/03\/RANDM-TWINS-2IN1-6000-Puffs-LED-Light-Disposable-Vape-Wholesale-8-Flavors.jpg?resize=800%2C800&#038;ssl=1\" alt=\"RANDM TWINS 2IN1 6000 Puffs LED Licht Einweg Vape Gro\u00dfhandel 8 Geschmacksrichtungen\" width=\"800\" height=\"800\" \/><\/a> <a href=\"https:\/\/i0.wp.com\/www.disposablevapeswholesale.com\/wp-content\/uploads\/2022\/03\/RANDM-TWINS-2IN1-6000-Puffs-LED-Light-Disposable-Vape-Wholesale-Strawberry-Ice-Mixed-Fruit.jpg?ssl=1\" target=\"_blank\" rel=\"noopener\"><img data-recalc-dims=\"1\" loading=\"lazy\" decoding=\"async\" class=\"alignnone size-full wp-image-2090\" title=\"RANDM TWINS 2IN1 6000 Puffs LED Licht Einweg Vape Gro\u00dfhandel Erdbeere Eis gemischte Fr\u00fcchte\" src=\"https:\/\/i0.wp.com\/www.disposablevapeswholesale.com\/wp-content\/uploads\/2022\/03\/RANDM-TWINS-2IN1-6000-Puffs-LED-Light-Disposable-Vape-Wholesale-Strawberry-Ice-Mixed-Fruit.jpg?resize=800%2C800&#038;ssl=1\" alt=\"RANDM TWINS 2IN1 6000 Puffs LED Licht Einweg Vape Gro\u00dfhandel Erdbeere Eis gemischte Fr\u00fcchte\" width=\"800\" height=\"800\" \/><\/a> <a href=\"https:\/\/i0.wp.com\/www.disposablevapeswholesale.com\/wp-content\/uploads\/2022\/03\/RANDM-TWINS-2IN1-6000-Puffs-LED-Light-Disposable-Vape-Wholesale-Pineapple-Ice-Coconut-Milk.jpg?ssl=1\" target=\"_blank\" rel=\"noopener\"><img data-recalc-dims=\"1\" loading=\"lazy\" decoding=\"async\" class=\"alignnone size-full wp-image-2089\" title=\"RANDM TWINS 2IN1 6000 Puffs LED Licht Einweg Vape Gro\u00dfhandel Ananas Eis Kokosnuss Milch\" src=\"https:\/\/i0.wp.com\/www.disposablevapeswholesale.com\/wp-content\/uploads\/2022\/03\/RANDM-TWINS-2IN1-6000-Puffs-LED-Light-Disposable-Vape-Wholesale-Pineapple-Ice-Coconut-Milk.jpg?resize=800%2C800&#038;ssl=1\" alt=\"RANDM TWINS 2IN1 6000 Puffs LED Licht Einweg Vape Gro\u00dfhandel Ananas Eis Kokosnuss Milch\" width=\"800\" height=\"800\" \/><\/a> <a href=\"https:\/\/i0.wp.com\/www.disposablevapeswholesale.com\/wp-content\/uploads\/2022\/03\/RANDM-TWINS-2IN1-6000-Puffs-LED-Light-Disposable-Vape-Wholesale-Peach-Ice-Skittles.jpg?ssl=1\" target=\"_blank\" rel=\"noopener\"><img data-recalc-dims=\"1\" loading=\"lazy\" decoding=\"async\" class=\"alignnone size-full wp-image-2088\" title=\"RANDM TWINS 2IN1 6000 Puffs LED Licht Einweg Vape Gro\u00dfhandel Pfirsich Ice Skittles\" src=\"https:\/\/i0.wp.com\/www.disposablevapeswholesale.com\/wp-content\/uploads\/2022\/03\/RANDM-TWINS-2IN1-6000-Puffs-LED-Light-Disposable-Vape-Wholesale-Peach-Ice-Skittles.jpg?resize=800%2C800&#038;ssl=1\" alt=\"RANDM TWINS 2IN1 6000 Puffs LED Licht Einweg Vape Gro\u00dfhandel Pfirsich Ice Skittles\" width=\"800\" height=\"800\" \/><\/a> <a href=\"https:\/\/i0.wp.com\/www.disposablevapeswholesale.com\/wp-content\/uploads\/2022\/03\/RANDM-TWINS-2IN1-6000-Puffs-LED-Light-Disposable-Vape-Wholesale-Mango-Ice-Bubble-Gum.jpg?ssl=1\" target=\"_blank\" rel=\"noopener\"><img data-recalc-dims=\"1\" loading=\"lazy\" decoding=\"async\" class=\"alignnone size-full wp-image-2087\" title=\"RANDM TWINS 2IN1 6000 Puffs LED Licht Einweg Vape Gro\u00dfhandel Mango Ice Bubble Gum\" src=\"https:\/\/i0.wp.com\/www.disposablevapeswholesale.com\/wp-content\/uploads\/2022\/03\/RANDM-TWINS-2IN1-6000-Puffs-LED-Light-Disposable-Vape-Wholesale-Mango-Ice-Bubble-Gum.jpg?resize=800%2C800&#038;ssl=1\" alt=\"RANDM TWINS 2IN1 6000 Puffs LED Licht Einweg Vape Gro\u00dfhandel Mango Ice Bubble Gum\" width=\"800\" height=\"800\" \/><\/a> <a href=\"https:\/\/i0.wp.com\/www.disposablevapeswholesale.com\/wp-content\/uploads\/2022\/03\/RANDM-TWINS-2IN1-6000-Puffs-LED-Light-Disposable-Vape-Wholesale-Lush-Ice-Banana-Ice.jpg?ssl=1\" target=\"_blank\" rel=\"noopener\"><img data-recalc-dims=\"1\" loading=\"lazy\" decoding=\"async\" class=\"alignnone size-full wp-image-2086\" title=\"RANDM TWINS 2IN1 6000 Puffs LED Licht Einweg Vape Gro\u00dfhandel Lush Ice Banana Ice\" src=\"https:\/\/i0.wp.com\/www.disposablevapeswholesale.com\/wp-content\/uploads\/2022\/03\/RANDM-TWINS-2IN1-6000-Puffs-LED-Light-Disposable-Vape-Wholesale-Lush-Ice-Banana-Ice.jpg?resize=800%2C800&#038;ssl=1\" alt=\"RANDM TWINS 2IN1 6000 Puffs LED Licht Einweg Vape Gro\u00dfhandel Lush Ice Banana Ice\" width=\"800\" height=\"800\" \/><\/a> <a href=\"https:\/\/i0.wp.com\/www.disposablevapeswholesale.com\/wp-content\/uploads\/2022\/03\/RANDM-TWINS-2IN1-6000-Puffs-LED-Light-Disposable-Vape-Wholesale-Energy-Drink-Guava-Ice.jpg?ssl=1\" target=\"_blank\" rel=\"noopener\"><img data-recalc-dims=\"1\" loading=\"lazy\" decoding=\"async\" class=\"alignnone size-full wp-image-2084\" title=\"RANDM TWINS 2IN1 6000 Puffs LED Licht Einweg Vape Gro\u00dfhandel Energy Drink Guava Ice\" src=\"https:\/\/i0.wp.com\/www.disposablevapeswholesale.com\/wp-content\/uploads\/2022\/03\/RANDM-TWINS-2IN1-6000-Puffs-LED-Light-Disposable-Vape-Wholesale-Energy-Drink-Guava-Ice.jpg?resize=800%2C800&#038;ssl=1\" alt=\"RANDM TWINS 2IN1 6000 Puffs LED Licht Einweg Vape Gro\u00dfhandel Energy Drink Guava Ice\" width=\"800\" height=\"800\" \/><\/a> <a href=\"https:\/\/i0.wp.com\/www.disposablevapeswholesale.com\/wp-content\/uploads\/2022\/03\/RANDM-TWINS-2IN1-6000-Puffs-LED-Light-Disposable-Vape-Wholesale-Cool-Mint-Gummy-Bear.jpg?ssl=1\" target=\"_blank\" rel=\"noopener\"><img data-recalc-dims=\"1\" loading=\"lazy\" decoding=\"async\" class=\"alignnone size-full wp-image-2083\" title=\"RANDM TWINS 2IN1 6000 Puffs LED Licht Einweg Vape Gro\u00dfhandel Cool Mint Gummib\u00e4rchen\" src=\"https:\/\/i0.wp.com\/www.disposablevapeswholesale.com\/wp-content\/uploads\/2022\/03\/RANDM-TWINS-2IN1-6000-Puffs-LED-Light-Disposable-Vape-Wholesale-Cool-Mint-Gummy-Bear.jpg?resize=800%2C800&#038;ssl=1\" alt=\"RANDM TWINS 2IN1 6000 Puffs LED Licht Einweg Vape Gro\u00dfhandel Cool Mint Gummib\u00e4rchen\" width=\"800\" height=\"800\" \/><\/a> <a href=\"https:\/\/i0.wp.com\/www.disposablevapeswholesale.com\/wp-content\/uploads\/2022\/03\/RANDM-TWINS-2IN1-6000-Puffs-LED-Light-Disposable-Vape-Wholesale-Blue-Razz-Ice-Pink-Lemon.jpg?ssl=1\" target=\"_blank\" rel=\"noopener\"><img data-recalc-dims=\"1\" loading=\"lazy\" decoding=\"async\" class=\"alignnone size-full wp-image-2082\" title=\"RANDM TWINS 2IN1 6000 Puffs LED Licht Einweg Vape Gro\u00dfhandel blau Razz Eis rosa Zitrone\" src=\"https:\/\/i0.wp.com\/www.disposablevapeswholesale.com\/wp-content\/uploads\/2022\/03\/RANDM-TWINS-2IN1-6000-Puffs-LED-Light-Disposable-Vape-Wholesale-Blue-Razz-Ice-Pink-Lemon.jpg?resize=800%2C800&#038;ssl=1\" alt=\"RANDM TWINS 2IN1 6000 Puffs LED Licht Einweg Vape Gro\u00dfhandel blau Razz Eis rosa Zitrone\" width=\"800\" height=\"800\" \/><\/a><\/p>","protected":false},"excerpt":{"rendered":"<p>RANDM TWINS 2IN1 6000 Puffs LED Light Disposable Vape Wholesale kombiniert zwei Geschmacksoptionen, LED-Beleuchtung und eine robuste Konstruktion f\u00fcr ein vielseitiges und angenehmes Dampferlebnis.<\/p>","protected":false},"featured_media":1842,"comment_status":"closed","ping_status":"closed","template":"","meta":[],"product_brand":[],"product_cat":[22],"product_tag":[278,60,336,256],"class_list":{"0":"post-1608","1":"product","2":"type-product","3":"status-publish","4":"has-post-thumbnail","6":"product_cat-disposable-vape-sticks","7":"product_tag-6000-puffs","8":"product_tag-disposable-vapes","9":"product_tag-randm-twins-2in1","10":"product_tag-wholesale","12":"first","13":"instock","14":"shipping-taxable","15":"purchasable","16":"product-type-simple"},"jetpack_sharing_enabled":true,"tiered_pricing_type":"fixed","tiered_pricing_fixed_rules":{"5000":6,"10000":5,"50000":4},"tiered_pricing_product_settings":{"layout":"default","base_unit_name":{"singular":null,"plural":null},"default_variation":null},"tiered_pricing_minimum_quantity":60,"tiered_pricing_roles_data":[],"tiered_pricing_percentage_rules":[],"tiered_pricing_maximum_quantity":null,"tiered_pricing_quantity_step":null,"_links":{"self":[{"href":"https:\/\/cloudsupplyvapes.com\/de\/wp-json\/wp\/v2\/product\/1608","targetHints":{"allow":["GET"]}}],"collection":[{"href":"https:\/\/cloudsupplyvapes.com\/de\/wp-json\/wp\/v2\/product"}],"about":[{"href":"https:\/\/cloudsupplyvapes.com\/de\/wp-json\/wp\/v2\/types\/product"}],"replies":[{"embeddable":true,"href":"https:\/\/cloudsupplyvapes.com\/de\/wp-json\/wp\/v2\/comments?post=1608"}],"wp:featuredmedia":[{"embeddable":true,"href":"https:\/\/cloudsupplyvapes.com\/de\/wp-json\/wp\/v2\/media\/1842"}],"wp:attachment":[{"href":"https:\/\/cloudsupplyvapes.com\/de\/wp-json\/wp\/v2\/media?parent=1608"}],"wp:term":[{"taxonomy":"product_brand","embeddable":true,"href":"https:\/\/cloudsupplyvapes.com\/de\/wp-json\/wp\/v2\/product_brand?post=1608"},{"taxonomy":"product_cat","embeddable":true,"href":"https:\/\/cloudsupplyvapes.com\/de\/wp-json\/wp\/v2\/product_cat?post=1608"},{"taxonomy":"product_tag","embeddable":true,"href":"https:\/\/cloudsupplyvapes.com\/de\/wp-json\/wp\/v2\/product_tag?post=1608"}],"curies":[{"name":"wp","href":"https:\/\/api.w.org\/{rel}","templated":true}]}}