{"id":1609,"date":"2024-10-19T02:20:32","date_gmt":"2024-10-19T02:20:32","guid":{"rendered":"https:\/\/cloudsupplyvapes.com\/?post_type=product&#038;p=1609"},"modified":"2024-11-26T07:50:37","modified_gmt":"2024-11-26T07:50:37","slug":"-60","status":"publish","type":"product","link":"https:\/\/cloudsupplyvapes.com\/de\/product\/randm-dazzle-king-3000-puffs-led-light-glowing-disposable-vape-wholesale\/","title":{"rendered":"RandM Dazzle King 3000 Puffs LED Licht leuchtende Einweg Vape Gro\u00dfhandel kompakt stilvolles Design"},"content":{"rendered":"<p>Der RandM Dazzle King ist ein Einweg-Dampfger\u00e4t mit einem beliebten klaren Tank und farbigen RGB-Lichtern. Es enth\u00e4lt 8 ml 0\/2\/3\/5% Nikotinsalz e-Fl\u00fcssigkeit \u00d6l, eine eingebaute 1000 mAh Akku mit hoher Kapazit\u00e4t, und bis zu 3000 puffs.The RGB-Licht macht es die coolsten Einweg-Ger\u00e4t plus es kommt mit einem wiederaufladbaren USB-Anschluss an der buttom des Ger\u00e4tes, die gurantte Sie beenden den letzten Tropfen des ejuice in den Tank und Licht leuchten die ganze Zeit.<\/p>\n<p>&nbsp;<\/p>\n<h2>RandM Dazzle King Einwegger\u00e4t Merkmale:<\/h2>\n<p>\/2\/3\/5% Nikotinsalz.<\/p>\n<p>? ML von E-Fl\u00fcssigkeit.<\/p>\n<p>??000 Puffs pro Ger\u00e4t.<\/p>\n<p>?? Farben RGB-Licht<\/p>\n<p>\u2611Akku wiederaufladbar<\/p>\n<p>\u2611Nicht nachf\u00fcllbar<\/p>\n<p>\u2611Integrierter 1000mAh Akku.<\/p>\n<p>? 2 Geschmacksrichtungen verf\u00fcgbar.<\/p>\n<p>0 St\u00fcck in einem Displaykarton.<\/p>\n<p>??00St\u00fcck im Karton.<\/p>\n<p>&nbsp;<\/p>\n<h2>Geschm\u00e4cker<\/h2>\n<p>Erdbeer-Kiwi<\/p>\n<p>Blaues Razzeis<\/p>\n<p>Traubeneis<\/p>\n<p>M\u00e4chtige Minze<\/p>\n<p>Erdbeer-Joghurt<\/p>\n<p>Bananen-Vanille-Eiscreme<\/p>\n<p>Kiwi-Beere<\/p>\n<p>\u00dcppiges Eis<\/p>\n<p>Gummib\u00e4rchen<\/p>\n<p>Gemischte Beeren<\/p>\n<p>Gr\u00fcner Apfel-Zitrone<\/p>\n<p>Energy-Drink<\/p>\n<h2><\/h2>\n<h2>Verpackung &amp; Gewicht<\/h2>\n<p>0.05KG\/PCS, einzeln mit kleiner Verpackung, 10 St\u00fcck in einer mittleren Schachtel.<\/p>\n<p>400PCS im Umkarton, 21KG.<\/p>\n<p>&nbsp;<\/p>\n<h2>OEM<\/h2>\n<p>Mindestbestellmenge f\u00fcr OEM: 1000 PCS gleiche Geschmacksrichtung.<\/p>\n<p><a href=\"https:\/\/i0.wp.com\/www.disposablevapeswholesale.com\/wp-content\/uploads\/2022\/03\/RandM-Dazzle-King-3000-Puffs-Led-Light-Glowing-Disposable-Vape-Wholesale.jpg?ssl=1\" target=\"_blank\" rel=\"noopener\"><img data-recalc-dims=\"1\" loading=\"lazy\" decoding=\"async\" class=\"alignnone size-full wp-image-2060\" title=\"RandM Dazzle King 3000 Puffs Led Licht leuchtende Einweg Vape Gro\u00dfhandel\" src=\"https:\/\/i0.wp.com\/www.disposablevapeswholesale.com\/wp-content\/uploads\/2022\/03\/RandM-Dazzle-King-3000-Puffs-Led-Light-Glowing-Disposable-Vape-Wholesale.jpg?resize=800%2C800&#038;ssl=1\" alt=\"RandM Dazzle King 3000 Puffs Led Licht leuchtende Einweg Vape Gro\u00dfhandel\" width=\"800\" height=\"800\" \/><\/a> <a href=\"https:\/\/i0.wp.com\/www.disposablevapeswholesale.com\/wp-content\/uploads\/2022\/03\/RandM-Dazzle-King-3000-Puffs-Led-Light-Glowing-Disposable-Vape-Wholesale-Flavors.jpg?ssl=1\" target=\"_blank\" rel=\"noopener\"><img data-recalc-dims=\"1\" loading=\"lazy\" decoding=\"async\" class=\"alignnone size-full wp-image-2051\" title=\"RandM Dazzle King 3000 Puffs Led Licht leuchtende Einweg Vape Gro\u00dfhandel Aromen\" src=\"https:\/\/i0.wp.com\/www.disposablevapeswholesale.com\/wp-content\/uploads\/2022\/03\/RandM-Dazzle-King-3000-Puffs-Led-Light-Glowing-Disposable-Vape-Wholesale-Flavors.jpg?resize=800%2C800&#038;ssl=1\" alt=\"RandM Dazzle King 3000 Puffs Led Licht leuchtende Einweg Vape Gro\u00dfhandel Aromen\" width=\"800\" height=\"800\" \/><\/a> <a href=\"https:\/\/i0.wp.com\/www.disposablevapeswholesale.com\/wp-content\/uploads\/2022\/03\/RandM-Dazzle-King-3000-Puffs-Led-Light-Glowing-Disposable-Vape-Wholesale-Energy-Drink-Flavors.jpg?ssl=1\" target=\"_blank\" rel=\"noopener\"><img data-recalc-dims=\"1\" loading=\"lazy\" decoding=\"async\" class=\"alignnone size-full wp-image-2049\" title=\"RandM Dazzle King 3000 Puffs Led Licht leuchtende Einweg Vape Gro\u00dfhandel Energy Drink Aromen\" src=\"https:\/\/i0.wp.com\/www.disposablevapeswholesale.com\/wp-content\/uploads\/2022\/03\/RandM-Dazzle-King-3000-Puffs-Led-Light-Glowing-Disposable-Vape-Wholesale-Energy-Drink-Flavors.jpg?resize=800%2C800&#038;ssl=1\" alt=\"RandM Dazzle King 3000 Puffs Led Licht leuchtende Einweg Vape Gro\u00dfhandel Energy Drink Aromen\" width=\"800\" height=\"800\" \/><\/a> <a href=\"https:\/\/i0.wp.com\/www.disposablevapeswholesale.com\/wp-content\/uploads\/2022\/03\/RandM-Dazzle-King-3000-Puffs-Led-Light-Glowing-Disposable-Vape-Wholesale-Strawberry-Yogurt.jpg?ssl=1\" target=\"_blank\" rel=\"noopener\"><img data-recalc-dims=\"1\" loading=\"lazy\" decoding=\"async\" class=\"alignnone size-full wp-image-2059\" title=\"RandM Dazzle King 3000 Puffs Led Licht leuchtende Einweg Vape Gro\u00dfhandel Erdbeere Joghurt\" src=\"https:\/\/i0.wp.com\/www.disposablevapeswholesale.com\/wp-content\/uploads\/2022\/03\/RandM-Dazzle-King-3000-Puffs-Led-Light-Glowing-Disposable-Vape-Wholesale-Strawberry-Yogurt.jpg?resize=800%2C800&#038;ssl=1\" alt=\"RandM Dazzle King 3000 Puffs Led Licht leuchtende Einweg Vape Gro\u00dfhandel Erdbeere Joghurt\" width=\"800\" height=\"800\" \/><\/a> <a href=\"https:\/\/i0.wp.com\/www.disposablevapeswholesale.com\/wp-content\/uploads\/2022\/03\/RandM-Dazzle-King-3000-Puffs-Led-Light-Glowing-Disposable-Vape-Wholesale-Strawberry-Kiwi.jpg?ssl=1\" target=\"_blank\" rel=\"noopener\"><img data-recalc-dims=\"1\" loading=\"lazy\" decoding=\"async\" class=\"alignnone size-full wp-image-2058\" title=\"RandM Dazzle King 3000 Puffs Led Licht leuchtende Einweg Vape Gro\u00dfhandel Erdbeere Kiwi\" src=\"https:\/\/i0.wp.com\/www.disposablevapeswholesale.com\/wp-content\/uploads\/2022\/03\/RandM-Dazzle-King-3000-Puffs-Led-Light-Glowing-Disposable-Vape-Wholesale-Strawberry-Kiwi.jpg?resize=800%2C800&#038;ssl=1\" alt=\"RandM Dazzle King 3000 Puffs Led Licht leuchtende Einweg Vape Gro\u00dfhandel Erdbeere Kiwi\" width=\"800\" height=\"800\" \/><\/a> <a href=\"https:\/\/i0.wp.com\/www.disposablevapeswholesale.com\/wp-content\/uploads\/2022\/03\/RandM-Dazzle-King-3000-Puffs-Led-Light-Glowing-Disposable-Vape-Wholesale-Mixed-Berries.jpg?ssl=1\" target=\"_blank\" rel=\"noopener\"><img data-recalc-dims=\"1\" loading=\"lazy\" decoding=\"async\" class=\"alignnone size-full wp-image-2057\" title=\"RandM Dazzle King 3000 Puffs Led Licht leuchtende Einweg Vape Gro\u00dfhandel gemischte Beeren\" src=\"https:\/\/i0.wp.com\/www.disposablevapeswholesale.com\/wp-content\/uploads\/2022\/03\/RandM-Dazzle-King-3000-Puffs-Led-Light-Glowing-Disposable-Vape-Wholesale-Mixed-Berries.jpg?resize=800%2C800&#038;ssl=1\" alt=\"RandM Dazzle King 3000 Puffs Led Licht leuchtende Einweg Vape Gro\u00dfhandel gemischte Beeren\" width=\"800\" height=\"800\" \/><\/a> <a href=\"https:\/\/i0.wp.com\/www.disposablevapeswholesale.com\/wp-content\/uploads\/2022\/03\/RandM-Dazzle-King-3000-Puffs-Led-Light-Glowing-Disposable-Vape-Wholesale-Mighty-Mint.jpg?ssl=1\" target=\"_blank\" rel=\"noopener\"><img data-recalc-dims=\"1\" loading=\"lazy\" decoding=\"async\" class=\"alignnone size-full wp-image-2056\" title=\"RandM Dazzle King 3000 Puffs Led Licht leuchtende Einweg Vape Gro\u00dfhandel Mighty Mint\" src=\"https:\/\/i0.wp.com\/www.disposablevapeswholesale.com\/wp-content\/uploads\/2022\/03\/RandM-Dazzle-King-3000-Puffs-Led-Light-Glowing-Disposable-Vape-Wholesale-Mighty-Mint.jpg?resize=800%2C800&#038;ssl=1\" alt=\"RandM Dazzle King 3000 Puffs Led Licht leuchtende Einweg Vape Gro\u00dfhandel Mighty Mint\" width=\"800\" height=\"800\" \/><\/a> <a href=\"https:\/\/i0.wp.com\/www.disposablevapeswholesale.com\/wp-content\/uploads\/2022\/03\/RandM-Dazzle-King-3000-Puffs-Led-Light-Glowing-Disposable-Vape-Wholesale-Lush-Ice.jpg?ssl=1\" target=\"_blank\" rel=\"noopener\"><img data-recalc-dims=\"1\" loading=\"lazy\" decoding=\"async\" class=\"alignnone size-full wp-image-2055\" title=\"RandM Dazzle King 3000 Puffs Led Licht leuchtende Einweg Vape Gro\u00dfhandel Lush Ice\" src=\"https:\/\/i0.wp.com\/www.disposablevapeswholesale.com\/wp-content\/uploads\/2022\/03\/RandM-Dazzle-King-3000-Puffs-Led-Light-Glowing-Disposable-Vape-Wholesale-Lush-Ice.jpg?resize=800%2C800&#038;ssl=1\" alt=\"RandM Dazzle King 3000 Puffs Led Licht leuchtende Einweg Vape Gro\u00dfhandel Lush Ice\" width=\"800\" height=\"800\" \/><\/a> <a href=\"https:\/\/i0.wp.com\/www.disposablevapeswholesale.com\/wp-content\/uploads\/2022\/03\/RandM-Dazzle-King-3000-Puffs-Led-Light-Glowing-Disposable-Vape-Wholesale-Gummy-Bear.jpg?ssl=1\" target=\"_blank\" rel=\"noopener\"><img data-recalc-dims=\"1\" loading=\"lazy\" decoding=\"async\" class=\"alignnone size-full wp-image-2054\" title=\"RandM Dazzle King 3000 Puffs Led Licht leuchtende Einweg Vape Gro\u00dfhandel Gummib\u00e4rchen\" src=\"https:\/\/i0.wp.com\/www.disposablevapeswholesale.com\/wp-content\/uploads\/2022\/03\/RandM-Dazzle-King-3000-Puffs-Led-Light-Glowing-Disposable-Vape-Wholesale-Gummy-Bear.jpg?resize=800%2C800&#038;ssl=1\" alt=\"RandM Dazzle King 3000 Puffs Led Licht leuchtende Einweg Vape Gro\u00dfhandel Gummib\u00e4rchen\" width=\"800\" height=\"800\" \/><\/a><\/p>","protected":false},"excerpt":{"rendered":"<p>RandM Dazzle King 3000 Puffs LED Light Glowing Disposable Vape Wholesale bietet ein kompaktes und stilvolles Design, leuchtende LED-Effekte, und glatte Dampf f\u00fcr tragbare und Spa\u00df vaping.<\/p>","protected":false},"featured_media":1849,"comment_status":"closed","ping_status":"closed","template":"","meta":[],"product_brand":[],"product_cat":[22],"product_tag":[79,60,337,256],"class_list":{"0":"post-1609","1":"product","2":"type-product","3":"status-publish","4":"has-post-thumbnail","6":"product_cat-disposable-vape-sticks","7":"product_tag-3000-puffs","8":"product_tag-disposable-vapes","9":"product_tag-randm-dazzle-king","10":"product_tag-wholesale","12":"first","13":"instock","14":"shipping-taxable","15":"purchasable","16":"product-type-simple"},"jetpack_sharing_enabled":true,"tiered_pricing_type":"fixed","tiered_pricing_fixed_rules":{"5000":8,"10000":7,"50000":6},"tiered_pricing_product_settings":{"layout":"default","base_unit_name":{"singular":null,"plural":null},"default_variation":null},"tiered_pricing_minimum_quantity":60,"tiered_pricing_roles_data":[],"tiered_pricing_percentage_rules":[],"tiered_pricing_maximum_quantity":null,"tiered_pricing_quantity_step":null,"_links":{"self":[{"href":"https:\/\/cloudsupplyvapes.com\/de\/wp-json\/wp\/v2\/product\/1609","targetHints":{"allow":["GET"]}}],"collection":[{"href":"https:\/\/cloudsupplyvapes.com\/de\/wp-json\/wp\/v2\/product"}],"about":[{"href":"https:\/\/cloudsupplyvapes.com\/de\/wp-json\/wp\/v2\/types\/product"}],"replies":[{"embeddable":true,"href":"https:\/\/cloudsupplyvapes.com\/de\/wp-json\/wp\/v2\/comments?post=1609"}],"wp:featuredmedia":[{"embeddable":true,"href":"https:\/\/cloudsupplyvapes.com\/de\/wp-json\/wp\/v2\/media\/1849"}],"wp:attachment":[{"href":"https:\/\/cloudsupplyvapes.com\/de\/wp-json\/wp\/v2\/media?parent=1609"}],"wp:term":[{"taxonomy":"product_brand","embeddable":true,"href":"https:\/\/cloudsupplyvapes.com\/de\/wp-json\/wp\/v2\/product_brand?post=1609"},{"taxonomy":"product_cat","embeddable":true,"href":"https:\/\/cloudsupplyvapes.com\/de\/wp-json\/wp\/v2\/product_cat?post=1609"},{"taxonomy":"product_tag","embeddable":true,"href":"https:\/\/cloudsupplyvapes.com\/de\/wp-json\/wp\/v2\/product_tag?post=1609"}],"curies":[{"name":"wp","href":"https:\/\/api.w.org\/{rel}","templated":true}]}}