{"id":1610,"date":"2024-10-19T02:20:32","date_gmt":"2024-10-19T02:20:32","guid":{"rendered":"https:\/\/cloudsupplyvapes.com\/?post_type=product&#038;p=1610"},"modified":"2024-11-26T07:50:52","modified_gmt":"2024-11-26T07:50:52","slug":"-61","status":"publish","type":"product","link":"https:\/\/cloudsupplyvapes.com\/de\/product\/randm-dazzle-5000-puffs-rgb-light-glowing-disposable-vape-wholesale\/","title":{"rendered":"RandM Dazzle 5000 Puffs RGB Licht leuchtende Einweg Vape Gro\u00dfhandel Langlebig Sleek Design"},"content":{"rendered":"<p>Die RandM Dazzle 5000 ist ein Einweg-Vape-Ger\u00e4t mit dem beliebten klaren Tank, farbige RGB-Lichter, und nachf\u00fcllbar. Es enth\u00e4lt 10ml von 0\/2\/3\/5% Nikotinsalz e-Fl\u00fcssigkeit \u00d6l und hat eine eingebaute 1000 mAh Akku mit hoher Kapazit\u00e4t f\u00fcr bis zu 5000 puffs.The RGB-Licht macht es die coolsten Einweg-Ger\u00e4t plus es kommt mit einem wiederaufladbaren USB-Anschluss an der buttom des Ger\u00e4tes, die gurantte Sie den letzten Tropfen des ejuice in den Tank und Licht leuchten die ganze Zeit zu beenden.<\/p>\n<p>&nbsp;<\/p>\n<h2>RandM Dazzle 5000 Einwegger\u00e4t Merkmale:<\/h2>\n<p>\/2\/3\/5% Nikotinsalz.<\/p>\n<p>? 0ML von E-Fl\u00fcssigkeit.<\/p>\n<p>??000 Puffs pro Ger\u00e4t.<\/p>\n<p>?? Farben RGB-Licht<\/p>\n<p>\u2611Akku wiederaufladbar<\/p>\n<p>\u2611Tank nachf\u00fcllen<\/p>\n<p>\u2611Integrierter 1000mAh Akku.<\/p>\n<p>? 2 Geschmacksrichtungen verf\u00fcgbar.<\/p>\n<p>0 St\u00fcck in einem Displaykarton.<\/p>\n<p>??00St\u00fcck im Karton.<\/p>\n<p>&nbsp;<\/p>\n<h2>Geschm\u00e4cker<\/h2>\n<p>\u00dcppiges Eis<\/p>\n<p>Bananeneis<\/p>\n<p>Gummib\u00e4rchen<\/p>\n<p>Erdbeer-Joghurt<\/p>\n<p>Orange Soda<\/p>\n<p>Blaues Razzeis<\/p>\n<p>Erdbeere Wassermelone<\/p>\n<p>Baumwollbirnen<\/p>\n<p>Granatapfel<\/p>\n<p>Pfirsich-Eiscreme<\/p>\n<p>Rotes Apfel-Melonen-Eis<\/p>\n<p>Gemischte Beeren<\/p>\n<p>&nbsp;<\/p>\n<h2>Verpackung &amp; Gewicht<\/h2>\n<p>0.075KG\/PCS, einzeln mit kleiner Verpackung, 10 St\u00fcck in einer mittleren Schachtel.<\/p>\n<p>240PCS im Umkarton, 18KG.<\/p>\n<p>&nbsp;<\/p>\n<h2>OEM<\/h2>\n<p>Mindestbestellmenge f\u00fcr OEM: 1000 PCS gleiche Geschmacksrichtung.<a href=\"https:\/\/i0.wp.com\/www.disposablevapeswholesale.com\/wp-content\/uploads\/2022\/03\/RandM-Dazzle-5000-Puffs-RGB-Light-Glowing-Disposable-Vape-Wholesale.jpg?ssl=1\" target=\"_blank\" rel=\"noopener\"><img data-recalc-dims=\"1\" loading=\"lazy\" decoding=\"async\" class=\"alignnone size-full wp-image-2032\" title=\"RandM Dazzle 5000 Puffs RGB Licht leuchtende Einweg Vape Gro\u00dfhandel\" src=\"https:\/\/i0.wp.com\/www.disposablevapeswholesale.com\/wp-content\/uploads\/2022\/03\/RandM-Dazzle-5000-Puffs-RGB-Light-Glowing-Disposable-Vape-Wholesale.jpg?resize=800%2C800&#038;ssl=1\" alt=\"RandM Dazzle 5000 Puffs RGB Licht leuchtende Einweg Vape Gro\u00dfhandel\" width=\"800\" height=\"800\" \/><\/a> <a href=\"https:\/\/i0.wp.com\/www.disposablevapeswholesale.com\/wp-content\/uploads\/2022\/03\/RandM-Dazzle-5000-Puffs-RGB-Light-Glowing-Disposable-Vape-Wholesale-5-Flavors.jpg?ssl=1\" target=\"_blank\" rel=\"noopener\"><img data-recalc-dims=\"1\" loading=\"lazy\" decoding=\"async\" class=\"alignnone size-full wp-image-2018\" title=\"RandM Dazzle 5000 Puffs RGB Licht leuchtende Einweg Vape Gro\u00dfhandel 5 Aromen\" src=\"https:\/\/i0.wp.com\/www.disposablevapeswholesale.com\/wp-content\/uploads\/2022\/03\/RandM-Dazzle-5000-Puffs-RGB-Light-Glowing-Disposable-Vape-Wholesale-5-Flavors.jpg?resize=800%2C800&#038;ssl=1\" alt=\"RandM Dazzle 5000 Puffs RGB Licht leuchtende Einweg Vape Gro\u00dfhandel 5 Aromen\" width=\"800\" height=\"800\" \/><\/a> <a href=\"https:\/\/i0.wp.com\/www.disposablevapeswholesale.com\/wp-content\/uploads\/2022\/03\/RandM-Dazzle-5000-Puffs-RGB-Light-Glowing-Disposable-Vape-Wholesale-Flavors.jpg?ssl=1\" target=\"_blank\" rel=\"noopener\"><img data-recalc-dims=\"1\" loading=\"lazy\" decoding=\"async\" class=\"alignnone size-full wp-image-2022\" title=\"RandM Dazzle 5000 Puffs RGB Licht leuchtende Einweg Vape Gro\u00dfhandel Aromen\" src=\"https:\/\/i0.wp.com\/www.disposablevapeswholesale.com\/wp-content\/uploads\/2022\/03\/RandM-Dazzle-5000-Puffs-RGB-Light-Glowing-Disposable-Vape-Wholesale-Flavors.jpg?resize=800%2C800&#038;ssl=1\" alt=\"RandM Dazzle 5000 Puffs RGB Licht leuchtende Einweg Vape Gro\u00dfhandel Aromen\" width=\"800\" height=\"800\" \/><\/a> <a href=\"https:\/\/i0.wp.com\/www.disposablevapeswholesale.com\/wp-content\/uploads\/2022\/03\/RandM-Dazzle-5000-Puffs-RGB-Light-Glowing-Disposable-Vape-Wholesale-Strawberry-Yougurt.jpg?ssl=1\" target=\"_blank\" rel=\"noopener\"><img data-recalc-dims=\"1\" loading=\"lazy\" decoding=\"async\" class=\"alignnone size-full wp-image-2031\" title=\"RandM Dazzle 5000 Puffs RGB Licht leuchtende Einweg Vape Gro\u00dfhandel Erdbeere Yougurt\" src=\"https:\/\/i0.wp.com\/www.disposablevapeswholesale.com\/wp-content\/uploads\/2022\/03\/RandM-Dazzle-5000-Puffs-RGB-Light-Glowing-Disposable-Vape-Wholesale-Strawberry-Yougurt.jpg?resize=800%2C800&#038;ssl=1\" alt=\"RandM Dazzle 5000 Puffs RGB Licht leuchtende Einweg Vape Gro\u00dfhandel Erdbeere Yougurt\" width=\"800\" height=\"800\" \/><\/a> <a href=\"https:\/\/i0.wp.com\/www.disposablevapeswholesale.com\/wp-content\/uploads\/2022\/03\/RandM-Dazzle-5000-Puffs-RGB-Light-Glowing-Disposable-Vape-Wholesale-Lush-Ice.jpg?ssl=1\" target=\"_blank\" rel=\"noopener\"><img data-recalc-dims=\"1\" loading=\"lazy\" decoding=\"async\" class=\"alignnone size-full wp-image-2024\" title=\"RandM Dazzle 5000 Puffs RGB Licht leuchtende Einweg Vape Gro\u00dfhandel Lush Ice\" src=\"https:\/\/i0.wp.com\/www.disposablevapeswholesale.com\/wp-content\/uploads\/2022\/03\/RandM-Dazzle-5000-Puffs-RGB-Light-Glowing-Disposable-Vape-Wholesale-Lush-Ice.jpg?resize=800%2C800&#038;ssl=1\" alt=\"RandM Dazzle 5000 Puffs RGB Licht leuchtende Einweg Vape Gro\u00dfhandel Lush Ice\" width=\"800\" height=\"800\" \/><\/a> <a href=\"https:\/\/i0.wp.com\/www.disposablevapeswholesale.com\/wp-content\/uploads\/2022\/03\/RandM-Dazzle-5000-Puffs-RGB-Light-Glowing-Disposable-Vape-Wholesale-Gummy-Bear.jpg?ssl=1\" target=\"_blank\" rel=\"noopener\"><img data-recalc-dims=\"1\" loading=\"lazy\" decoding=\"async\" class=\"alignnone size-full wp-image-2023\" title=\"RandM Dazzle 5000 Puffs RGB Licht leuchtende Einweg Vape Gro\u00dfhandel Gummib\u00e4rchen\" src=\"https:\/\/i0.wp.com\/www.disposablevapeswholesale.com\/wp-content\/uploads\/2022\/03\/RandM-Dazzle-5000-Puffs-RGB-Light-Glowing-Disposable-Vape-Wholesale-Gummy-Bear.jpg?resize=800%2C800&#038;ssl=1\" alt=\"RandM Dazzle 5000 Puffs RGB Licht leuchtende Einweg Vape Gro\u00dfhandel Gummib\u00e4rchen\" width=\"800\" height=\"800\" \/><\/a> <a href=\"https:\/\/i0.wp.com\/www.disposablevapeswholesale.com\/wp-content\/uploads\/2022\/03\/RandM-Dazzle-5000-Puffs-RGB-Light-Glowing-Disposable-Vape-Wholesale-Orange-Soda.jpg?ssl=1\" target=\"_blank\" rel=\"noopener\"><img data-recalc-dims=\"1\" loading=\"lazy\" decoding=\"async\" class=\"alignnone size-full wp-image-2026\" title=\"RandM Dazzle 5000 Puffs RGB Licht leuchtende Einweg Vape Gro\u00dfhandel Orange Soda\" src=\"https:\/\/i0.wp.com\/www.disposablevapeswholesale.com\/wp-content\/uploads\/2022\/03\/RandM-Dazzle-5000-Puffs-RGB-Light-Glowing-Disposable-Vape-Wholesale-Orange-Soda.jpg?resize=800%2C800&#038;ssl=1\" alt=\"RandM Dazzle 5000 Puffs RGB Licht leuchtende Einweg Vape Gro\u00dfhandel Orange Soda\" width=\"800\" height=\"800\" \/><\/a> <a href=\"https:\/\/i0.wp.com\/www.disposablevapeswholesale.com\/wp-content\/uploads\/2022\/03\/RandM-Dazzle-5000-Puffs-RGB-Light-Glowing-Disposable-Vape-Wholesale-Blue-Razz-Ice.jpg?ssl=1\" target=\"_blank\" rel=\"noopener\"><img data-recalc-dims=\"1\" loading=\"lazy\" decoding=\"async\" class=\"alignnone size-full wp-image-2020\" title=\"RandM Dazzle 5000 Puffs RGB Licht leuchtende Einweg Vape Gro\u00dfhandel blau Razz Ice\" src=\"https:\/\/i0.wp.com\/www.disposablevapeswholesale.com\/wp-content\/uploads\/2022\/03\/RandM-Dazzle-5000-Puffs-RGB-Light-Glowing-Disposable-Vape-Wholesale-Blue-Razz-Ice.jpg?resize=800%2C800&#038;ssl=1\" alt=\"RandM Dazzle 5000 Puffs RGB Licht leuchtende Einweg Vape Gro\u00dfhandel blau Razz Ice\" width=\"800\" height=\"800\" \/><\/a> <a href=\"https:\/\/i0.wp.com\/www.disposablevapeswholesale.com\/wp-content\/uploads\/2022\/03\/RandM-Dazzle-5000-Puffs-RGB-Light-Glowing-Disposable-Vape-Wholesale-Banana-Ice.jpg?ssl=1\" target=\"_blank\" rel=\"noopener\"><img data-recalc-dims=\"1\" loading=\"lazy\" decoding=\"async\" class=\"alignnone size-full wp-image-2019\" title=\"RandM Dazzle 5000 Puffs RGB Licht leuchtende Einweg Vape Gro\u00dfhandel Banane Eis\" src=\"https:\/\/i0.wp.com\/www.disposablevapeswholesale.com\/wp-content\/uploads\/2022\/03\/RandM-Dazzle-5000-Puffs-RGB-Light-Glowing-Disposable-Vape-Wholesale-Banana-Ice.jpg?resize=800%2C800&#038;ssl=1\" alt=\"RandM Dazzle 5000 Puffs RGB Licht leuchtende Einweg Vape Gro\u00dfhandel Banane Eis\" width=\"800\" height=\"800\" \/><\/a> <a href=\"https:\/\/i0.wp.com\/www.disposablevapeswholesale.com\/wp-content\/uploads\/2022\/03\/RandM-Dazzle-5000-Puffs-RGB-Light-Glowing-Disposable-Vape-Wholesale-Cotton-Pears.jpg?ssl=1\" target=\"_blank\" rel=\"noopener\"><img data-recalc-dims=\"1\" loading=\"lazy\" decoding=\"async\" class=\"alignnone size-full wp-image-2021\" title=\"RandM Dazzle 5000 Puffs RGB Licht leuchtende Einweg Vape Gro\u00dfhandel Baumwolle Birnen\" src=\"https:\/\/i0.wp.com\/www.disposablevapeswholesale.com\/wp-content\/uploads\/2022\/03\/RandM-Dazzle-5000-Puffs-RGB-Light-Glowing-Disposable-Vape-Wholesale-Cotton-Pears.jpg?resize=800%2C800&#038;ssl=1\" alt=\"RandM Dazzle 5000 Puffs RGB Licht leuchtende Einweg Vape Gro\u00dfhandel Baumwolle Birnen\" width=\"800\" height=\"800\" \/><\/a> <a href=\"https:\/\/i0.wp.com\/www.disposablevapeswholesale.com\/wp-content\/uploads\/2022\/03\/RandM-Dazzle-5000-Puffs-RGB-Light-Glowing-Disposable-Vape-Wholesale-Peach-Ice-Cream.jpg?ssl=1\" target=\"_blank\" rel=\"noopener\"><img data-recalc-dims=\"1\" loading=\"lazy\" decoding=\"async\" class=\"alignnone size-full wp-image-2027\" title=\"RandM Dazzle 5000 Puffs RGB Licht leuchtende Einweg Vape Gro\u00dfhandel Pfirsich Eis\" src=\"https:\/\/i0.wp.com\/www.disposablevapeswholesale.com\/wp-content\/uploads\/2022\/03\/RandM-Dazzle-5000-Puffs-RGB-Light-Glowing-Disposable-Vape-Wholesale-Peach-Ice-Cream.jpg?resize=800%2C800&#038;ssl=1\" alt=\"RandM Dazzle 5000 Puffs RGB Licht leuchtende Einweg Vape Gro\u00dfhandel Pfirsich Eis\" width=\"800\" height=\"800\" \/><\/a><\/p>\n<p>&nbsp;<\/p>","protected":false},"excerpt":{"rendered":"<p>RandM Dazzle 5000 Puffs RGB Light Glowing Disposable Vape Wholesale bietet eine langlebige Batterie, schlankes Design und lebendige LED-Effekte f\u00fcr ein einzigartiges und angenehmes Dampferlebnis.<\/p>","protected":false},"featured_media":1855,"comment_status":"closed","ping_status":"closed","template":"","meta":[],"product_brand":[],"product_cat":[22],"product_tag":[60,338,256],"class_list":{"0":"post-1610","1":"product","2":"type-product","3":"status-publish","4":"has-post-thumbnail","6":"product_cat-disposable-vape-sticks","7":"product_tag-disposable-vapes","8":"product_tag-randm-dazzle-5000","9":"product_tag-wholesale","11":"first","12":"instock","13":"shipping-taxable","14":"purchasable","15":"product-type-simple"},"jetpack_sharing_enabled":true,"tiered_pricing_type":"fixed","tiered_pricing_fixed_rules":{"5000":10,"10000":8,"50000":6},"tiered_pricing_product_settings":{"layout":"default","base_unit_name":{"singular":null,"plural":null},"default_variation":null},"tiered_pricing_minimum_quantity":60,"tiered_pricing_roles_data":[],"tiered_pricing_percentage_rules":[],"tiered_pricing_maximum_quantity":null,"tiered_pricing_quantity_step":null,"_links":{"self":[{"href":"https:\/\/cloudsupplyvapes.com\/de\/wp-json\/wp\/v2\/product\/1610","targetHints":{"allow":["GET"]}}],"collection":[{"href":"https:\/\/cloudsupplyvapes.com\/de\/wp-json\/wp\/v2\/product"}],"about":[{"href":"https:\/\/cloudsupplyvapes.com\/de\/wp-json\/wp\/v2\/types\/product"}],"replies":[{"embeddable":true,"href":"https:\/\/cloudsupplyvapes.com\/de\/wp-json\/wp\/v2\/comments?post=1610"}],"wp:featuredmedia":[{"embeddable":true,"href":"https:\/\/cloudsupplyvapes.com\/de\/wp-json\/wp\/v2\/media\/1855"}],"wp:attachment":[{"href":"https:\/\/cloudsupplyvapes.com\/de\/wp-json\/wp\/v2\/media?parent=1610"}],"wp:term":[{"taxonomy":"product_brand","embeddable":true,"href":"https:\/\/cloudsupplyvapes.com\/de\/wp-json\/wp\/v2\/product_brand?post=1610"},{"taxonomy":"product_cat","embeddable":true,"href":"https:\/\/cloudsupplyvapes.com\/de\/wp-json\/wp\/v2\/product_cat?post=1610"},{"taxonomy":"product_tag","embeddable":true,"href":"https:\/\/cloudsupplyvapes.com\/de\/wp-json\/wp\/v2\/product_tag?post=1610"}],"curies":[{"name":"wp","href":"https:\/\/api.w.org\/{rel}","templated":true}]}}