{"id":1613,"date":"2024-10-19T02:20:32","date_gmt":"2024-10-19T02:20:32","guid":{"rendered":"https:\/\/cloudsupplyvapes.com\/?post_type=product&#038;p=1613"},"modified":"2024-11-26T07:51:38","modified_gmt":"2024-11-26T07:51:38","slug":"-64","status":"publish","type":"product","link":"https:\/\/cloudsupplyvapes.com\/de\/product\/randm-tornado-8000-puffs-airflow-control-disposable-vape-wholesale\/","title":{"rendered":"RANDM TORNADO 8000 Puffs Airflow Control Einweg Vape Gro\u00dfhandel Langlebig Einstellbare Design"},"content":{"rendered":"<p>RandM Tornado 8000 ist ein Einweg-Vape-Ger\u00e4t mit Airflow-Steuerung und es ist rechargable.Built-in 1000 mAh Akku mit hoher Kapazit\u00e4t und 16 ml e-liquid capacity.The Airflow-Steuerung k\u00f6nnen Sie die beste Stelle w\u00e4hlen, sich selbst plus es kommt mit einem wiederaufladbaren Typ-C-Anschluss an der Unterseite des Ger\u00e4ts, die gurantte Sie beenden den letzten Tropfen des ejuice in den Tank die ganze Zeit. Es gibt 20 Arten von Geschmacksrichtungen zur Auswahl, die von vielen Menschen gemocht werden.<\/p>\n<p>&nbsp;<\/p>\n<h2>RandM Tornado Einwegger\u00e4t Merkmale:<\/h2>\n<p>? % Nikotinsalz.<\/p>\n<p>? 6ML von E-Fl\u00fcssigkeit.<\/p>\n<p>\u2611Luftstromregelung<\/p>\n<p>\u2611Mesh-Spule<\/p>\n<p>\u2611Akku wiederaufladbar<\/p>\n<p>\u2611Integrierter 1000mAh Akku.<\/p>\n<p>??0 Verf\u00fcgbare Geschmacksrichtungen.<\/p>\n<p>0 St\u00fcck in einem Displaykarton.<\/p>\n<p>? 40 St\u00fcck in einem Karton.<\/p>\n<p>&nbsp;<\/p>\n<h2>Geschm\u00e4cker<\/h2>\n<p>\u00dcppiges Eis<\/p>\n<p>Blaues Razzeis<\/p>\n<p>Erdbeere Wassermelone<\/p>\n<p>Erdbeer-Limonade<\/p>\n<p>Saurer Apfel<\/p>\n<p>Baumwollbirne<\/p>\n<p>Skittles-Bonbons<\/p>\n<p>Gummib\u00e4rchen<\/p>\n<p>Weintraube Orange<\/p>\n<p>Ananaseis<\/p>\n<p>Meloneneis<\/p>\n<p>Roter Apfel Melone<\/p>\n<p>Granatapfeleis<\/p>\n<p>Bananeneis<\/p>\n<p>Blaubeereis<\/p>\n<p>K\u00fchle Minze<\/p>\n<p>Erdbeer-Kiwi<\/p>\n<p>Pfirsich-Mango<\/p>\n<p>Pina Colada<\/p>\n<p>Kirsche-Litschi<\/p>\n<p>&nbsp;<\/p>\n<h2>Verpackung &amp; Gewicht<\/h2>\n<p>0.075KG\/PCS, einzeln mit kleiner Verpackung, 10 St\u00fcck in einer mittleren Schachtel.<\/p>\n<p>240PCS im Umkarton, 18KG.<\/p>\n<p>&nbsp;<\/p>\n<h2>OEM<\/h2>\n<p>Mindestbestellmenge f\u00fcr OEM: 1000 PCS gleiche Geschmacksrichtung.<\/p>\n<p><a href=\"https:\/\/i0.wp.com\/www.disposablevapeswholesale.com\/wp-content\/uploads\/2022\/03\/RANDM-TORNADO-8000-Puffs-Airflow-Control-Disposable-Vape-Wholesale.jpg?ssl=1\" target=\"_blank\" rel=\"noopener\"><img data-recalc-dims=\"1\" loading=\"lazy\" decoding=\"async\" class=\"alignnone size-full wp-image-1940\" title=\"RANDM TORNADO 8000 Puffs Airflow Kontrolle Einweg Vape Gro\u00dfhandel\" src=\"https:\/\/i0.wp.com\/www.disposablevapeswholesale.com\/wp-content\/uploads\/2022\/03\/RANDM-TORNADO-8000-Puffs-Airflow-Control-Disposable-Vape-Wholesale.jpg?resize=800%2C800&#038;ssl=1\" alt=\"RANDM TORNADO 8000 Puffs Airflow Kontrolle Einweg Vape Gro\u00dfhandel\" width=\"800\" height=\"800\" \/><\/a> <a href=\"https:\/\/i0.wp.com\/www.disposablevapeswholesale.com\/wp-content\/uploads\/2022\/03\/RANDM-TORNADO-8000-Puffs-Airflow-Control-Disposable-Vape-Wholesale-10-Flavors.jpg?ssl=1\" target=\"_blank\" rel=\"noopener\"><img data-recalc-dims=\"1\" loading=\"lazy\" decoding=\"async\" class=\"alignnone size-full wp-image-1919\" title=\"RANDM TORNADO 8000 Puffs Airflow Control Einweg Vape Gro\u00dfhandel 10 Geschmacksrichtungen\" src=\"https:\/\/i0.wp.com\/www.disposablevapeswholesale.com\/wp-content\/uploads\/2022\/03\/RANDM-TORNADO-8000-Puffs-Airflow-Control-Disposable-Vape-Wholesale-10-Flavors.jpg?resize=800%2C800&#038;ssl=1\" alt=\"RANDM TORNADO 8000 Puffs Airflow Control Einweg Vape Gro\u00dfhandel 10 Geschmacksrichtungen\" width=\"800\" height=\"800\" \/><\/a> <a href=\"https:\/\/i0.wp.com\/www.disposablevapeswholesale.com\/wp-content\/uploads\/2022\/03\/RANDM-TORNADO-8000-Puffs-Airflow-Control-Disposable-Vape-Wholesale-5-Flavors.jpg?ssl=1\" target=\"_blank\" rel=\"noopener\"><img data-recalc-dims=\"1\" loading=\"lazy\" decoding=\"async\" class=\"alignnone size-full wp-image-1918\" title=\"RANDM TORNADO 8000 Puffs Airflow Control Einweg Vape Gro\u00dfhandel 5 Aromen\" src=\"https:\/\/i0.wp.com\/www.disposablevapeswholesale.com\/wp-content\/uploads\/2022\/03\/RANDM-TORNADO-8000-Puffs-Airflow-Control-Disposable-Vape-Wholesale-5-Flavors.jpg?resize=800%2C800&#038;ssl=1\" alt=\"RANDM TORNADO 8000 Puffs Airflow Control Einweg Vape Gro\u00dfhandel 5 Aromen\" width=\"800\" height=\"800\" \/><\/a> <a href=\"https:\/\/i0.wp.com\/www.disposablevapeswholesale.com\/wp-content\/uploads\/2022\/03\/RANDM-TORNADO-8000-Puffs-Airflow-Control-Disposable-Vape-Wholesale-Strawberry-Watermelon.jpg?ssl=1\" target=\"_blank\" rel=\"noopener\"><img data-recalc-dims=\"1\" loading=\"lazy\" decoding=\"async\" class=\"alignnone size-full wp-image-1939\" title=\"RANDM TORNADO 8000 Puffs Airflow Control Einweg Vape Gro\u00dfhandel Erdbeere Wassermelone\" src=\"https:\/\/i0.wp.com\/www.disposablevapeswholesale.com\/wp-content\/uploads\/2022\/03\/RANDM-TORNADO-8000-Puffs-Airflow-Control-Disposable-Vape-Wholesale-Strawberry-Watermelon.jpg?resize=800%2C800&#038;ssl=1\" alt=\"RANDM TORNADO 8000 Puffs Airflow Control Einweg Vape Gro\u00dfhandel Erdbeere Wassermelone\" width=\"800\" height=\"800\" \/><\/a> <a href=\"https:\/\/i0.wp.com\/www.disposablevapeswholesale.com\/wp-content\/uploads\/2022\/03\/RANDM-TORNADO-8000-Puffs-Airflow-Control-Disposable-Vape-Wholesale-Strawberry-Lemonade.jpg?ssl=1\" target=\"_blank\" rel=\"noopener\"><img data-recalc-dims=\"1\" loading=\"lazy\" decoding=\"async\" class=\"alignnone size-full wp-image-1938\" title=\"RANDM TORNADO 8000 Puffs Airflow Control Einweg Vape Gro\u00dfhandel Erdbeerlimonade\" src=\"https:\/\/i0.wp.com\/www.disposablevapeswholesale.com\/wp-content\/uploads\/2022\/03\/RANDM-TORNADO-8000-Puffs-Airflow-Control-Disposable-Vape-Wholesale-Strawberry-Lemonade.jpg?resize=800%2C800&#038;ssl=1\" alt=\"RANDM TORNADO 8000 Puffs Airflow Control Einweg Vape Gro\u00dfhandel Erdbeerlimonade\" width=\"800\" height=\"800\" \/><\/a> <a href=\"https:\/\/i0.wp.com\/www.disposablevapeswholesale.com\/wp-content\/uploads\/2022\/03\/RANDM-TORNADO-8000-Puffs-Airflow-Control-Disposable-Vape-Wholesale-Strawberry-Kiwi.jpg?ssl=1\" target=\"_blank\" rel=\"noopener\"><img data-recalc-dims=\"1\" loading=\"lazy\" decoding=\"async\" class=\"alignnone size-full wp-image-1937\" title=\"RANDM TORNADO 8000 Puffs Airflow Control Einweg Vape Gro\u00dfhandel Erdbeere Kiwi\" src=\"https:\/\/i0.wp.com\/www.disposablevapeswholesale.com\/wp-content\/uploads\/2022\/03\/RANDM-TORNADO-8000-Puffs-Airflow-Control-Disposable-Vape-Wholesale-Strawberry-Kiwi.jpg?resize=800%2C800&#038;ssl=1\" alt=\"RANDM TORNADO 8000 Puffs Airflow Control Einweg Vape Gro\u00dfhandel Erdbeere Kiwi\" width=\"800\" height=\"800\" \/><\/a> <a href=\"https:\/\/i0.wp.com\/www.disposablevapeswholesale.com\/wp-content\/uploads\/2022\/03\/RANDM-TORNADO-8000-Puffs-Airflow-Control-Disposable-Vape-Wholesale-Sour-Apple.jpg?ssl=1\" target=\"_blank\" rel=\"noopener\"><img data-recalc-dims=\"1\" loading=\"lazy\" decoding=\"async\" class=\"alignnone size-full wp-image-1936\" title=\"RANDM TORNADO 8000 Puffs Airflow Control Einweg Vape Gro\u00dfhandel Sour Apple\" src=\"https:\/\/i0.wp.com\/www.disposablevapeswholesale.com\/wp-content\/uploads\/2022\/03\/RANDM-TORNADO-8000-Puffs-Airflow-Control-Disposable-Vape-Wholesale-Sour-Apple.jpg?resize=800%2C800&#038;ssl=1\" alt=\"RANDM TORNADO 8000 Puffs Airflow Control Einweg Vape Gro\u00dfhandel Sour Apple\" width=\"800\" height=\"800\" \/><\/a> <a href=\"https:\/\/i0.wp.com\/www.disposablevapeswholesale.com\/wp-content\/uploads\/2022\/03\/RANDM-TORNADO-8000-Puffs-Airflow-Control-Disposable-Vape-Wholesale-Skittles-Candy.jpg?ssl=1\" target=\"_blank\" rel=\"noopener\"><img data-recalc-dims=\"1\" loading=\"lazy\" decoding=\"async\" class=\"alignnone size-full wp-image-1935\" title=\"RANDM TORNADO 8000 Puffs Airflow Control Einweg Vape Gro\u00dfhandel Skittles Candy\" src=\"https:\/\/i0.wp.com\/www.disposablevapeswholesale.com\/wp-content\/uploads\/2022\/03\/RANDM-TORNADO-8000-Puffs-Airflow-Control-Disposable-Vape-Wholesale-Skittles-Candy.jpg?resize=800%2C800&#038;ssl=1\" alt=\"RANDM TORNADO 8000 Puffs Airflow Control Einweg Vape Gro\u00dfhandel Skittles Candy\" width=\"800\" height=\"800\" \/><\/a> <a href=\"https:\/\/i0.wp.com\/www.disposablevapeswholesale.com\/wp-content\/uploads\/2022\/03\/RANDM-TORNADO-8000-Puffs-Airflow-Control-Disposable-Vape-Wholesale-Red-Apple-Melon.jpg?ssl=1\" target=\"_blank\" rel=\"noopener\"><img data-recalc-dims=\"1\" loading=\"lazy\" decoding=\"async\" class=\"alignnone size-full wp-image-1934\" title=\"RANDM TORNADO 8000 Puffs Airflow Control Einweg Vape Gro\u00dfhandel roten Apfel Melone\" src=\"https:\/\/i0.wp.com\/www.disposablevapeswholesale.com\/wp-content\/uploads\/2022\/03\/RANDM-TORNADO-8000-Puffs-Airflow-Control-Disposable-Vape-Wholesale-Red-Apple-Melon.jpg?resize=800%2C800&#038;ssl=1\" alt=\"RANDM TORNADO 8000 Puffs Airflow Control Einweg Vape Gro\u00dfhandel roten Apfel Melone\" width=\"800\" height=\"800\" \/><\/a> <a href=\"https:\/\/i0.wp.com\/www.disposablevapeswholesale.com\/wp-content\/uploads\/2022\/03\/RANDM-TORNADO-8000-Puffs-Airflow-Control-Disposable-Vape-Wholesale-Pomegranate-Ice.jpg?ssl=1\" target=\"_blank\" rel=\"noopener\"><img data-recalc-dims=\"1\" loading=\"lazy\" decoding=\"async\" class=\"alignnone size-full wp-image-1933\" title=\"RANDM TORNADO 8000 Puffs Airflow Control Einweg Vape Gro\u00dfhandel Granatapfel Eis\" src=\"https:\/\/i0.wp.com\/www.disposablevapeswholesale.com\/wp-content\/uploads\/2022\/03\/RANDM-TORNADO-8000-Puffs-Airflow-Control-Disposable-Vape-Wholesale-Pomegranate-Ice.jpg?resize=800%2C800&#038;ssl=1\" alt=\"RANDM TORNADO 8000 Puffs Airflow Control Einweg Vape Gro\u00dfhandel Granatapfel Eis\" width=\"800\" height=\"800\" \/><\/a><\/p>","protected":false},"excerpt":{"rendered":"<p>RANDM TORNADO 8000 Puffs Airflow Control Disposable Vape Gro\u00dfhandel kombiniert einstellbare Luftstrom, langlebige Batterie und konsistente Dampf Lieferung f\u00fcr Premium-Dampf-Sessions.<\/p>","protected":false},"featured_media":1887,"comment_status":"closed","ping_status":"closed","template":"","meta":[],"product_brand":[],"product_cat":[22],"product_tag":[60,341,256],"class_list":{"0":"post-1613","1":"product","2":"type-product","3":"status-publish","4":"has-post-thumbnail","6":"product_cat-disposable-vape-sticks","7":"product_tag-disposable-vapes","8":"product_tag-randm-tornado-8000","9":"product_tag-wholesale","11":"first","12":"instock","13":"shipping-taxable","14":"purchasable","15":"product-type-simple"},"jetpack_sharing_enabled":true,"tiered_pricing_type":"fixed","tiered_pricing_fixed_rules":{"5000":8,"10000":7,"50000":6},"tiered_pricing_product_settings":{"layout":"default","base_unit_name":{"singular":null,"plural":null},"default_variation":null},"tiered_pricing_minimum_quantity":60,"tiered_pricing_roles_data":[],"tiered_pricing_percentage_rules":[],"tiered_pricing_maximum_quantity":null,"tiered_pricing_quantity_step":null,"_links":{"self":[{"href":"https:\/\/cloudsupplyvapes.com\/de\/wp-json\/wp\/v2\/product\/1613","targetHints":{"allow":["GET"]}}],"collection":[{"href":"https:\/\/cloudsupplyvapes.com\/de\/wp-json\/wp\/v2\/product"}],"about":[{"href":"https:\/\/cloudsupplyvapes.com\/de\/wp-json\/wp\/v2\/types\/product"}],"replies":[{"embeddable":true,"href":"https:\/\/cloudsupplyvapes.com\/de\/wp-json\/wp\/v2\/comments?post=1613"}],"wp:featuredmedia":[{"embeddable":true,"href":"https:\/\/cloudsupplyvapes.com\/de\/wp-json\/wp\/v2\/media\/1887"}],"wp:attachment":[{"href":"https:\/\/cloudsupplyvapes.com\/de\/wp-json\/wp\/v2\/media?parent=1613"}],"wp:term":[{"taxonomy":"product_brand","embeddable":true,"href":"https:\/\/cloudsupplyvapes.com\/de\/wp-json\/wp\/v2\/product_brand?post=1613"},{"taxonomy":"product_cat","embeddable":true,"href":"https:\/\/cloudsupplyvapes.com\/de\/wp-json\/wp\/v2\/product_cat?post=1613"},{"taxonomy":"product_tag","embeddable":true,"href":"https:\/\/cloudsupplyvapes.com\/de\/wp-json\/wp\/v2\/product_tag?post=1613"}],"curies":[{"name":"wp","href":"https:\/\/api.w.org\/{rel}","templated":true}]}}