{"id":1699,"date":"2024-10-19T02:21:01","date_gmt":"2024-10-19T02:21:01","guid":{"rendered":"https:\/\/cloudsupplyvapes.com\/?post_type=product&#038;p=1699"},"modified":"2024-11-26T07:37:08","modified_gmt":"2024-11-26T07:37:08","slug":"-65","status":"publish","type":"product","link":"https:\/\/cloudsupplyvapes.com\/de\/product\/randm-tornado-7000-rechargeable-airflow-control-disposable-vape-wholesale\/","title":{"rendered":"RandM Tornado 7000 wiederaufladbare Airflow Control Einweg Vape Gro\u00dfhandel hohe Kapazit\u00e4t Vape"},"content":{"rendered":"<p>Der RandM Tornado 7000 ist ein wiederaufladbares Einweg-Vape-Ger\u00e4t mit Airflow-Kontrolle, mit einem wiederaufladbaren Typ-C-Anschluss an der Unterseite des Ger\u00e4ts, das 7000 Z\u00fcge rauchen kann, eine eingebaute 850 mAh Akku mit hoher Kapazit\u00e4t und 14 ml e-Fl\u00fcssigkeit Kapazit\u00e4t 5% Nikotinsalz e-Zigarette \u00d6l, mit einer Vielzahl von Aromen f\u00fcr Sie zu w\u00e4hlen.<\/p>\n<p>&nbsp;<\/p>\n<h2>Geschm\u00e4cker<\/h2>\n<p>\u00dcppiges Eis<\/p>\n<p>K\u00fchle Minze<\/p>\n<p>Erdbeer-Donut<\/p>\n<p>Mandarinen-Eis<\/p>\n<p>Gummib\u00e4rchen<\/p>\n<p>Mango auf Eis<\/p>\n<p>Heidelbeere auf Eis<\/p>\n<p>Pfirsich-Eis<\/p>\n<p>Bananeneis<\/p>\n<p>Rosa Limonade<\/p>\n<p>Traubeneis<\/p>\n<p>Pina Colada Rum<\/p>\n<p>Gemischte Beeren<\/p>\n<p>Erdbeere Wassermelone<\/p>\n<p>Ananaseis<\/p>\n<p>Bananen-Milchshake<\/p>\n<p>Roter Apfel-Zitrone<\/p>\n<p>Erdbeere-Banane<\/p>\n<p>Erdbeereis<\/p>\n<p>Zuckerwatte<\/p>\n<p>&nbsp;<\/p>\n<h2>Verpackung &amp; Gewicht<\/h2>\n<p>0.08KG\/PCS, einzeln mit kleiner Verpackung, 10 St\u00fcck in einer mittleren Schachtel.<\/p>\n<p>240PCS im Umkarton, 17KG.<\/p>\n<p>&nbsp;<\/p>\n<h2>OEM<\/h2>\n<p>Mindestbestellmenge f\u00fcr OEM: 1000 PCS gleiche Geschmacksrichtung.<\/p>\n<p><a href=\"https:\/\/i0.wp.com\/www.disposablevapeswholesale.com\/wp-content\/uploads\/2022\/02\/RandM-Tornado-7000-Rechargeable-Airflow-Control-Disposable-Vape-Wholesale.jpg?ssl=1\" target=\"_blank\" rel=\"noopener\"><img data-recalc-dims=\"1\" loading=\"lazy\" decoding=\"async\" class=\"alignnone size-full wp-image-1879\" title=\"RandM Tornado 7000 Wiederaufladbare Airflow Control Einweg Vape Gro\u00dfhandel\" src=\"https:\/\/i0.wp.com\/www.disposablevapeswholesale.com\/wp-content\/uploads\/2022\/02\/RandM-Tornado-7000-Rechargeable-Airflow-Control-Disposable-Vape-Wholesale.jpg?resize=800%2C684&#038;ssl=1\" alt=\"RandM Tornado 7000 Wiederaufladbare Airflow Control Einweg Vape Gro\u00dfhandel\" width=\"800\" height=\"684\" \/><\/a> <a href=\"https:\/\/i0.wp.com\/www.disposablevapeswholesale.com\/wp-content\/uploads\/2022\/02\/RandM-Tornado-7000-Rechargeable-Airflow-Control-Disposable-Vape-Wholesale-Flavors.jpg?ssl=1\" target=\"_blank\" rel=\"noopener\"><img data-recalc-dims=\"1\" loading=\"lazy\" decoding=\"async\" class=\"alignnone size-full wp-image-1878\" title=\"RandM Tornado 7000 wiederaufladbare Airflow Control Einweg Vape Gro\u00dfhandel Aromen\" src=\"https:\/\/i0.wp.com\/www.disposablevapeswholesale.com\/wp-content\/uploads\/2022\/02\/RandM-Tornado-7000-Rechargeable-Airflow-Control-Disposable-Vape-Wholesale-Flavors.jpg?resize=800%2C450&#038;ssl=1\" alt=\"RandM Tornado 7000 wiederaufladbare Airflow Control Einweg Vape Gro\u00dfhandel Aromen\" width=\"800\" height=\"450\" \/><\/a> <a href=\"https:\/\/i0.wp.com\/www.disposablevapeswholesale.com\/wp-content\/uploads\/2022\/02\/RandM-Tornado-7000-Rechargeable-Airflow-Control-Disposable-Vape-Wholesale-20-Flavors.jpg?ssl=1\" target=\"_blank\" rel=\"noopener\"><img data-recalc-dims=\"1\" loading=\"lazy\" decoding=\"async\" class=\"alignnone size-full wp-image-1877\" title=\"RandM Tornado 7000 wiederaufladbare Airflow Control Einweg Vape Gro\u00dfhandel 20 Aromen\" src=\"https:\/\/i0.wp.com\/www.disposablevapeswholesale.com\/wp-content\/uploads\/2022\/02\/RandM-Tornado-7000-Rechargeable-Airflow-Control-Disposable-Vape-Wholesale-20-Flavors.jpg?resize=800%2C800&#038;ssl=1\" alt=\"RandM Tornado 7000 wiederaufladbare Airflow Control Einweg Vape Gro\u00dfhandel 20 Aromen\" width=\"800\" height=\"800\" \/><\/a> <a href=\"https:\/\/i0.wp.com\/www.disposablevapeswholesale.com\/wp-content\/uploads\/2022\/02\/RandM-Tornado-7000-Rechargeable-Airflow-Control-Disposable-Vape-Wholesale-3-Flavors.jpg?ssl=1\" target=\"_blank\" rel=\"noopener\"><img data-recalc-dims=\"1\" loading=\"lazy\" decoding=\"async\" class=\"alignnone size-full wp-image-1875\" title=\"RandM Tornado 7000 wiederaufladbare Airflow Control Einweg Vape Gro\u00dfhandel 3 Aromen\" src=\"https:\/\/i0.wp.com\/www.disposablevapeswholesale.com\/wp-content\/uploads\/2022\/02\/RandM-Tornado-7000-Rechargeable-Airflow-Control-Disposable-Vape-Wholesale-3-Flavors.jpg?resize=800%2C800&#038;ssl=1\" alt=\"RandM Tornado 7000 wiederaufladbare Airflow Control Einweg Vape Gro\u00dfhandel 3 Aromen\" width=\"800\" height=\"800\" \/><\/a> <a href=\"https:\/\/i0.wp.com\/www.disposablevapeswholesale.com\/wp-content\/uploads\/2022\/02\/RandM-Tornado-7000-Disposable-Vape-Wholesale-Tangerine-Ice-Flavors.jpg?ssl=1\" target=\"_blank\" rel=\"noopener\"><img data-recalc-dims=\"1\" loading=\"lazy\" decoding=\"async\" class=\"alignnone size-full wp-image-1874\" title=\"RandM Tornado 7000 Einweg Vape Gro\u00dfhandel Mandarine Eis Aromen\" src=\"https:\/\/i0.wp.com\/www.disposablevapeswholesale.com\/wp-content\/uploads\/2022\/02\/RandM-Tornado-7000-Disposable-Vape-Wholesale-Tangerine-Ice-Flavors.jpg?resize=800%2C800&#038;ssl=1\" alt=\"RandM Tornado 7000 Einweg Vape Gro\u00dfhandel Mandarine Eis Aromen\" width=\"800\" height=\"800\" \/><\/a> <a href=\"https:\/\/i0.wp.com\/www.disposablevapeswholesale.com\/wp-content\/uploads\/2022\/02\/RandM-Tornado-7000-Disposable-Vape-Wholesale-Strawberry-Watermelon-Flavors.jpg?ssl=1\" target=\"_blank\" rel=\"noopener\"><img data-recalc-dims=\"1\" loading=\"lazy\" decoding=\"async\" class=\"alignnone size-full wp-image-1873\" title=\"RandM Tornado 7000 Disposable Vape Gro\u00dfhandel Erdbeere Wassermelone Aromen\" src=\"https:\/\/i0.wp.com\/www.disposablevapeswholesale.com\/wp-content\/uploads\/2022\/02\/RandM-Tornado-7000-Disposable-Vape-Wholesale-Strawberry-Watermelon-Flavors.jpg?resize=800%2C800&#038;ssl=1\" alt=\"RandM Tornado 7000 Disposable Vape Gro\u00dfhandel Erdbeere Wassermelone Aromen\" width=\"800\" height=\"800\" \/><\/a> <a href=\"https:\/\/i0.wp.com\/www.disposablevapeswholesale.com\/wp-content\/uploads\/2022\/02\/RandM-Tornado-7000-Disposable-Vape-Wholesale-Strawberry-ice-Flavors.jpg?ssl=1\" target=\"_blank\" rel=\"noopener\"><img data-recalc-dims=\"1\" loading=\"lazy\" decoding=\"async\" class=\"alignnone size-full wp-image-1872\" title=\"RandM Tornado 7000 Disposable Vape Gro\u00dfhandel Erdbeere Eis Aromen\" src=\"https:\/\/i0.wp.com\/www.disposablevapeswholesale.com\/wp-content\/uploads\/2022\/02\/RandM-Tornado-7000-Disposable-Vape-Wholesale-Strawberry-ice-Flavors.jpg?resize=800%2C800&#038;ssl=1\" alt=\"RandM Tornado 7000 Disposable Vape Gro\u00dfhandel Erdbeere Eis Aromen\" width=\"800\" height=\"800\" \/><\/a> <a href=\"https:\/\/i0.wp.com\/www.disposablevapeswholesale.com\/wp-content\/uploads\/2022\/02\/RandM-Tornado-7000-Disposable-Vape-Wholesale-Strawberry-Donut-Flavors.jpg?ssl=1\" target=\"_blank\" rel=\"noopener\"><img data-recalc-dims=\"1\" loading=\"lazy\" decoding=\"async\" class=\"alignnone size-full wp-image-1871\" title=\"RandM Tornado 7000 Disposable Vape Gro\u00dfhandel Erdbeer Donut Aromen\" src=\"https:\/\/i0.wp.com\/www.disposablevapeswholesale.com\/wp-content\/uploads\/2022\/02\/RandM-Tornado-7000-Disposable-Vape-Wholesale-Strawberry-Donut-Flavors.jpg?resize=800%2C800&#038;ssl=1\" alt=\"RandM Tornado 7000 Disposable Vape Gro\u00dfhandel Erdbeer Donut Aromen\" width=\"800\" height=\"800\" \/><\/a> <a href=\"https:\/\/i0.wp.com\/www.disposablevapeswholesale.com\/wp-content\/uploads\/2022\/02\/RandM-Tornado-7000-Disposable-Vape-Wholesale-Strawberry-Banana-Flavors.jpg?ssl=1\" target=\"_blank\" rel=\"noopener\"><img data-recalc-dims=\"1\" loading=\"lazy\" decoding=\"async\" class=\"alignnone size-full wp-image-1870\" title=\"RandM Tornado 7000 Disposable Vape Gro\u00dfhandel Erdbeere Banane Aromen\" src=\"https:\/\/i0.wp.com\/www.disposablevapeswholesale.com\/wp-content\/uploads\/2022\/02\/RandM-Tornado-7000-Disposable-Vape-Wholesale-Strawberry-Banana-Flavors.jpg?resize=800%2C800&#038;ssl=1\" alt=\"RandM Tornado 7000 Disposable Vape Gro\u00dfhandel Erdbeere Banane Aromen\" width=\"800\" height=\"800\" \/><\/a><\/p>","protected":false},"excerpt":{"rendered":"<p>RandM Tornado 7000 Rechargeable Airflow Control Disposable Vape Wholesale verf\u00fcgt \u00fcber einstellbare Airflow, hohe Kapazit\u00e4t und wiederaufladbare Komfort f\u00fcr anpassbare und lang anhaltende vaping.<\/p>","protected":false},"featured_media":1894,"comment_status":"closed","ping_status":"closed","template":"","meta":[],"product_brand":[],"product_cat":[22],"product_tag":[60,342,256],"class_list":{"0":"post-1699","1":"product","2":"type-product","3":"status-publish","4":"has-post-thumbnail","6":"product_cat-disposable-vape-sticks","7":"product_tag-disposable-vapes","8":"product_tag-randm-tornado-7000","9":"product_tag-wholesale","11":"first","12":"instock","13":"shipping-taxable","14":"purchasable","15":"product-type-simple"},"jetpack_sharing_enabled":true,"tiered_pricing_type":"fixed","tiered_pricing_fixed_rules":{"5000":6,"10000":5,"50000":4},"tiered_pricing_product_settings":{"layout":"default","base_unit_name":{"singular":null,"plural":null},"default_variation":null},"tiered_pricing_minimum_quantity":500,"tiered_pricing_roles_data":[],"tiered_pricing_percentage_rules":[],"tiered_pricing_maximum_quantity":null,"tiered_pricing_quantity_step":null,"_links":{"self":[{"href":"https:\/\/cloudsupplyvapes.com\/de\/wp-json\/wp\/v2\/product\/1699","targetHints":{"allow":["GET"]}}],"collection":[{"href":"https:\/\/cloudsupplyvapes.com\/de\/wp-json\/wp\/v2\/product"}],"about":[{"href":"https:\/\/cloudsupplyvapes.com\/de\/wp-json\/wp\/v2\/types\/product"}],"replies":[{"embeddable":true,"href":"https:\/\/cloudsupplyvapes.com\/de\/wp-json\/wp\/v2\/comments?post=1699"}],"wp:featuredmedia":[{"embeddable":true,"href":"https:\/\/cloudsupplyvapes.com\/de\/wp-json\/wp\/v2\/media\/1894"}],"wp:attachment":[{"href":"https:\/\/cloudsupplyvapes.com\/de\/wp-json\/wp\/v2\/media?parent=1699"}],"wp:term":[{"taxonomy":"product_brand","embeddable":true,"href":"https:\/\/cloudsupplyvapes.com\/de\/wp-json\/wp\/v2\/product_brand?post=1699"},{"taxonomy":"product_cat","embeddable":true,"href":"https:\/\/cloudsupplyvapes.com\/de\/wp-json\/wp\/v2\/product_cat?post=1699"},{"taxonomy":"product_tag","embeddable":true,"href":"https:\/\/cloudsupplyvapes.com\/de\/wp-json\/wp\/v2\/product_tag?post=1699"}],"curies":[{"name":"wp","href":"https:\/\/api.w.org\/{rel}","templated":true}]}}