{"id":1761,"date":"2024-10-19T02:21:25","date_gmt":"2024-10-19T02:21:25","guid":{"rendered":"https:\/\/cloudsupplyvapes.com\/?post_type=product&#038;p=1761"},"modified":"2024-11-26T07:34:47","modified_gmt":"2024-11-26T07:34:47","slug":"-67","status":"publish","type":"product","link":"https:\/\/cloudsupplyvapes.com\/de\/product\/aokit-nano-3000-puffs-disposable-vape-wholesale\/","title":{"rendered":"Aokit NANO 3000 Puffs Einweg Vape Gro\u00dfhandel Kompakt Langlebig Design"},"content":{"rendered":"<p>Aokit NANO ist ein Einweg-Vape, das 3000 Z\u00fcge rauchen kann, mit einem eingebauten 1100mAh Hochleistungs-Akku, 8ML E-Liquid-Kapazit\u00e4t, ein neuartiges und einzigartiges Design, und ist von vielen Kunden geliebt.<\/p>\n<p>&nbsp;<\/p>\n<h2>Geschm\u00e4cker<\/h2>\n<p>Erdbeer-Mango<\/p>\n<p>Rosa Limonade<\/p>\n<p>Ananas-Kokos<\/p>\n<p>Gemischte Beeren<\/p>\n<p>K\u00fchle Minze<\/p>\n<p>Aloe Traube<\/p>\n<p>Rote Energie<\/p>\n<p>Erdbeer-Eiscreme<\/p>\n<p>Blaues Razzeis<\/p>\n<p>Erdbeere-Banane<\/p>\n<p>\u00dcppiges Eis<\/p>\n<p>&nbsp;<\/p>\n<h2>Verpackung &amp; Gewicht<\/h2>\n<p>0.0725KG\/PC, einzeln mit kleiner Verpackung,<\/p>\n<p>200PCS im Umkarton, 14,5KG.<\/p>\n<p>&nbsp;<\/p>\n<h2>OEM<\/h2>\n<p>Mindestbestellmenge f\u00fcr OEM: 1000 PCS gleiche Geschmacksrichtung.<\/p>\n<p><a href=\"https:\/\/i0.wp.com\/www.disposablevapeswholesale.com\/wp-content\/uploads\/2021\/12\/Aokit-NANO-3000-Puffs-Disposable-Vape-Wholesale-6-Flavors.jpg?ssl=1\" target=\"_blank\" rel=\"noopener\"><img data-recalc-dims=\"1\" loading=\"lazy\" decoding=\"async\" class=\"alignnone size-full wp-image-1264\" title=\"Aokit NANO 3000 Puffs Einweg Vape Gro\u00dfhandel 6 Geschmacksrichtungen\" src=\"https:\/\/i0.wp.com\/www.disposablevapeswholesale.com\/wp-content\/uploads\/2021\/12\/Aokit-NANO-3000-Puffs-Disposable-Vape-Wholesale-6-Flavors.jpg?resize=800%2C800&#038;ssl=1\" alt=\"Aokit NANO 3000 Puffs Einweg Vape Gro\u00dfhandel 6 Geschmacksrichtungen\" width=\"800\" height=\"800\" \/><\/a> <a href=\"https:\/\/i0.wp.com\/www.disposablevapeswholesale.com\/wp-content\/uploads\/2021\/12\/Aokit-NANO-3000-Puffs-Disposable-Vape-Wholesale-5-Flavors.jpg?ssl=1\" target=\"_blank\" rel=\"noopener\"><img data-recalc-dims=\"1\" loading=\"lazy\" decoding=\"async\" class=\"alignnone size-full wp-image-1263\" title=\"Aokit NANO 3000 Puffs Einweg Vape Gro\u00dfhandel 5 Geschmacksrichtungen\" src=\"https:\/\/i0.wp.com\/www.disposablevapeswholesale.com\/wp-content\/uploads\/2021\/12\/Aokit-NANO-3000-Puffs-Disposable-Vape-Wholesale-5-Flavors.jpg?resize=800%2C800&#038;ssl=1\" alt=\"Aokit NANO 3000 Puffs Einweg Vape Gro\u00dfhandel 5 Geschmacksrichtungen\" width=\"800\" height=\"800\" \/><\/a> <a href=\"https:\/\/i0.wp.com\/www.disposablevapeswholesale.com\/wp-content\/uploads\/2021\/12\/Aokit-NANO-3000-Puffs-Disposable-Vape-Wholesale-10-Flavors.jpg?ssl=1\" target=\"_blank\" rel=\"noopener\"><img data-recalc-dims=\"1\" loading=\"lazy\" decoding=\"async\" class=\"alignnone size-full wp-image-1265\" title=\"Aokit NANO 3000 Puffs Einweg Vape Gro\u00dfhandel 10 Geschmacksrichtungen\" src=\"https:\/\/i0.wp.com\/www.disposablevapeswholesale.com\/wp-content\/uploads\/2021\/12\/Aokit-NANO-3000-Puffs-Disposable-Vape-Wholesale-10-Flavors.jpg?resize=800%2C1131&#038;ssl=1\" alt=\"Aokit NANO 3000 Puffs Einweg Vape Gro\u00dfhandel 10 Geschmacksrichtungen\" width=\"800\" height=\"1131\" \/><\/a> <a href=\"https:\/\/i0.wp.com\/www.disposablevapeswholesale.com\/wp-content\/uploads\/2021\/12\/Aokit-NANO-3000-Puffs-Disposable-Vape-Wholesale-Strawberry-Ice-Cream-good-flavors.jpg?ssl=1\" target=\"_blank\" rel=\"noopener\"><img data-recalc-dims=\"1\" loading=\"lazy\" decoding=\"async\" class=\"alignnone size-full wp-image-1285\" title=\"Aokit NANO 3000 Puffs Einweg Vape Gro\u00dfhandel Erdbeere Eiscreme gute Aromen\" src=\"https:\/\/i0.wp.com\/www.disposablevapeswholesale.com\/wp-content\/uploads\/2021\/12\/Aokit-NANO-3000-Puffs-Disposable-Vape-Wholesale-Strawberry-Ice-Cream-good-flavors.jpg?resize=800%2C533&#038;ssl=1\" alt=\"Aokit NANO 3000 Puffs Einweg Vape Gro\u00dfhandel Erdbeere Eiscreme gute Aromen\" width=\"800\" height=\"533\" \/><\/a> <a href=\"https:\/\/i0.wp.com\/www.disposablevapeswholesale.com\/wp-content\/uploads\/2021\/12\/Aokit-NANO-3000-Puffs-Disposable-Vape-Wholesale-Strawberry-Banana.jpg?ssl=1\" target=\"_blank\" rel=\"noopener\"><img data-recalc-dims=\"1\" loading=\"lazy\" decoding=\"async\" class=\"alignnone size-full wp-image-1283\" title=\"Aokit NANO 3000 Puffs Einweg Vape Gro\u00dfhandel Erdbeere Banane\" src=\"https:\/\/i0.wp.com\/www.disposablevapeswholesale.com\/wp-content\/uploads\/2021\/12\/Aokit-NANO-3000-Puffs-Disposable-Vape-Wholesale-Strawberry-Banana.jpg?resize=800%2C533&#038;ssl=1\" alt=\"Aokit NANO 3000 Puffs Einweg Vape Gro\u00dfhandel Erdbeere Banane\" width=\"800\" height=\"533\" \/><\/a> <a href=\"https:\/\/i0.wp.com\/www.disposablevapeswholesale.com\/wp-content\/uploads\/2021\/12\/Aokit-NANO-3000-Puffs-Disposable-Vape-Wholesale-Red-Energy-Flavors.jpg?ssl=1\" target=\"_blank\" rel=\"noopener\"><img data-recalc-dims=\"1\" loading=\"lazy\" decoding=\"async\" class=\"alignnone size-full wp-image-1280\" title=\"Aokit NANO 3000 Puffs Einweg Vape Gro\u00dfhandel rote Energie Aromen\" src=\"https:\/\/i0.wp.com\/www.disposablevapeswholesale.com\/wp-content\/uploads\/2021\/12\/Aokit-NANO-3000-Puffs-Disposable-Vape-Wholesale-Red-Energy-Flavors.jpg?resize=800%2C533&#038;ssl=1\" alt=\"Aokit NANO 3000 Puffs Einweg Vape Gro\u00dfhandel rote Energie Aromen\" width=\"800\" height=\"533\" \/><\/a> <a href=\"https:\/\/i0.wp.com\/www.disposablevapeswholesale.com\/wp-content\/uploads\/2021\/12\/Aokit-NANO-3000-Puffs-Disposable-Vape-Wholesale-Pineapple-Coc-Flavors.jpg?ssl=1\" target=\"_blank\" rel=\"noopener\"><img data-recalc-dims=\"1\" loading=\"lazy\" decoding=\"async\" class=\"alignnone size-full wp-image-1277\" title=\"Aokit NANO 3000 Puffs Einweg Vape Gro\u00dfhandel Ananas Coc Aromen\" src=\"https:\/\/i0.wp.com\/www.disposablevapeswholesale.com\/wp-content\/uploads\/2021\/12\/Aokit-NANO-3000-Puffs-Disposable-Vape-Wholesale-Pineapple-Coc-Flavors.jpg?resize=800%2C533&#038;ssl=1\" alt=\"Aokit NANO 3000 Puffs Einweg Vape Gro\u00dfhandel Ananas Coc Aromen\" width=\"800\" height=\"533\" \/><\/a> <a href=\"https:\/\/i0.wp.com\/www.disposablevapeswholesale.com\/wp-content\/uploads\/2021\/12\/Aokit-NANO-3000-Puffs-Disposable-Vape-Wholesale-Lush-Ice-Flavors.jpg?ssl=1\" target=\"_blank\" rel=\"noopener\"><img data-recalc-dims=\"1\" loading=\"lazy\" decoding=\"async\" class=\"alignnone size-full wp-image-1274\" title=\"Aokit NANO 3000 Puffs Einweg Vape Gro\u00dfhandel Lush Ice Aromen\" src=\"https:\/\/i0.wp.com\/www.disposablevapeswholesale.com\/wp-content\/uploads\/2021\/12\/Aokit-NANO-3000-Puffs-Disposable-Vape-Wholesale-Lush-Ice-Flavors.jpg?resize=800%2C534&#038;ssl=1\" alt=\"Aokit NANO 3000 Puffs Einweg Vape Gro\u00dfhandel Lush Ice Aromen\" width=\"800\" height=\"534\" \/><\/a> <a href=\"https:\/\/i0.wp.com\/www.disposablevapeswholesale.com\/wp-content\/uploads\/2021\/12\/Aokit-NANO-3000-Puffs-Disposable-Vape-Wholesale-Cool-Mint-good-Flavors.jpg?ssl=1\" target=\"_blank\" rel=\"noopener\"><img data-recalc-dims=\"1\" loading=\"lazy\" decoding=\"async\" class=\"alignnone size-full wp-image-1270\" title=\"Aokit NANO 3000 Puffs Einweg Vape Gro\u00dfhandel k\u00fchle Minze gut Aromen\" src=\"https:\/\/i0.wp.com\/www.disposablevapeswholesale.com\/wp-content\/uploads\/2021\/12\/Aokit-NANO-3000-Puffs-Disposable-Vape-Wholesale-Cool-Mint-good-Flavors.jpg?resize=800%2C533&#038;ssl=1\" alt=\"Aokit NANO 3000 Puffs Einweg Vape Gro\u00dfhandel k\u00fchle Minze gut Aromen\" width=\"800\" height=\"533\" \/><\/a><\/p>\n<p><a href=\"https:\/\/i0.wp.com\/www.disposablevapeswholesale.com\/wp-content\/uploads\/2021\/12\/Aokit-NANO-3000-Puffs-Disposable-Vape-Wholesale-Strawberry-Ice-Cream-Flavors.jpg?ssl=1\" target=\"_blank\" rel=\"noopener\"><img data-recalc-dims=\"1\" loading=\"lazy\" decoding=\"async\" class=\"alignnone size-full wp-image-1284\" title=\"Aokit NANO 3000 Puffs Einweg Vape Gro\u00dfhandel Erdbeere Eis Geschmacksrichtungen\" src=\"https:\/\/i0.wp.com\/www.disposablevapeswholesale.com\/wp-content\/uploads\/2021\/12\/Aokit-NANO-3000-Puffs-Disposable-Vape-Wholesale-Strawberry-Ice-Cream-Flavors.jpg?resize=800%2C800&#038;ssl=1\" alt=\"Aokit NANO 3000 Puffs Einweg Vape Gro\u00dfhandel Erdbeere Eis Geschmacksrichtungen\" width=\"800\" height=\"800\" \/><\/a><\/p>","protected":false},"excerpt":{"rendered":"<p>Aokit NANO 3000 Puffs Disposable Vape Wholesale kombiniert ein kompaktes Design, eine langlebige Batterie und eine gleichm\u00e4\u00dfige Dampfleistung f\u00fcr zuverl\u00e4ssiges und tragbares Dampfen.<\/p>","protected":false},"featured_media":2016,"comment_status":"closed","ping_status":"closed","template":"","meta":[],"product_brand":[],"product_cat":[22],"product_tag":[79,349,60,256],"class_list":{"0":"post-1761","1":"product","2":"type-product","3":"status-publish","4":"has-post-thumbnail","6":"product_cat-disposable-vape-sticks","7":"product_tag-3000-puffs","8":"product_tag-aokit-nano","9":"product_tag-disposable-vapes","10":"product_tag-wholesale","12":"first","13":"instock","14":"shipping-taxable","15":"purchasable","16":"product-type-simple"},"jetpack_sharing_enabled":true,"tiered_pricing_type":"fixed","tiered_pricing_fixed_rules":{"5000":7,"10000":6,"50000":5},"tiered_pricing_product_settings":{"layout":"default","base_unit_name":{"singular":null,"plural":null},"default_variation":null},"tiered_pricing_minimum_quantity":60,"tiered_pricing_roles_data":[],"tiered_pricing_percentage_rules":[],"tiered_pricing_maximum_quantity":null,"tiered_pricing_quantity_step":null,"_links":{"self":[{"href":"https:\/\/cloudsupplyvapes.com\/de\/wp-json\/wp\/v2\/product\/1761","targetHints":{"allow":["GET"]}}],"collection":[{"href":"https:\/\/cloudsupplyvapes.com\/de\/wp-json\/wp\/v2\/product"}],"about":[{"href":"https:\/\/cloudsupplyvapes.com\/de\/wp-json\/wp\/v2\/types\/product"}],"replies":[{"embeddable":true,"href":"https:\/\/cloudsupplyvapes.com\/de\/wp-json\/wp\/v2\/comments?post=1761"}],"wp:featuredmedia":[{"embeddable":true,"href":"https:\/\/cloudsupplyvapes.com\/de\/wp-json\/wp\/v2\/media\/2016"}],"wp:attachment":[{"href":"https:\/\/cloudsupplyvapes.com\/de\/wp-json\/wp\/v2\/media?parent=1761"}],"wp:term":[{"taxonomy":"product_brand","embeddable":true,"href":"https:\/\/cloudsupplyvapes.com\/de\/wp-json\/wp\/v2\/product_brand?post=1761"},{"taxonomy":"product_cat","embeddable":true,"href":"https:\/\/cloudsupplyvapes.com\/de\/wp-json\/wp\/v2\/product_cat?post=1761"},{"taxonomy":"product_tag","embeddable":true,"href":"https:\/\/cloudsupplyvapes.com\/de\/wp-json\/wp\/v2\/product_tag?post=1761"}],"curies":[{"name":"wp","href":"https:\/\/api.w.org\/{rel}","templated":true}]}}