{"id":1762,"date":"2024-10-19T02:21:25","date_gmt":"2024-10-19T02:21:25","guid":{"rendered":"https:\/\/cloudsupplyvapes.com\/?post_type=product&#038;p=1762"},"modified":"2024-11-26T07:35:01","modified_gmt":"2024-11-26T07:35:01","slug":"-68","status":"publish","type":"product","link":"https:\/\/cloudsupplyvapes.com\/de\/product\/aokit-omi-pro-3500-puffs-disposable-vape-wholesale\/","title":{"rendered":"Aokit Omi Pro 3500 Puffs Einweg Vape Gro\u00dfhandel langlebig leichtes Vape Design"},"content":{"rendered":"<p>Der Aokit Omi Pro ist ein wiederaufladbarer Einweg-Vape mit 3500 Z\u00fcgen, einem integrierten 850-mAh-Akku und einer E-Liquid-Kapazit\u00e4t von 10 ml. Stilvolles und kompaktes Design, leicht zu transportieren.<\/p>\n<p>&nbsp;<\/p>\n<h2>Geschm\u00e4cker<\/h2>\n<p>Erdbeereis<\/p>\n<p>Erdbeere-Banane<\/p>\n<p>\u00dcppiges Eis<\/p>\n<p>Rosa Limonade<\/p>\n<p>Bananeneis<\/p>\n<p>Wassermelonenlimonade<\/p>\n<p>Doppelter Apfel<\/p>\n<p>Ananas-Eis<\/p>\n<p>Energiegetr\u00e4nk<\/p>\n<p>Meloneneis<\/p>\n<p>Doppelte Beere<\/p>\n<p>Mango-Eis<\/p>\n<p>&nbsp;<\/p>\n<h2>Verpackung &amp; Gewicht<\/h2>\n<p>0,074 kg\/St\u00fcck, einzeln mit kleiner Verpackung,<\/p>\n<p>300 St\u00fcck im Umkarton, 22 kg.<\/p>\n<p>&nbsp;<\/p>\n<h2>OEM<\/h2>\n<p>Mindestbestellmenge f\u00fcr OEM: 1000 PCS gleiche Geschmacksrichtung.<\/p>\n<p><a href=\"https:\/\/i0.wp.com\/www.disposablevapeswholesale.com\/wp-content\/uploads\/2021\/12\/Aokit-Omi-Pro-3500-Puffs-Disposable-Vape-Wholesale-Flavors.jpg?ssl=1\" target=\"_blank\" rel=\"noopener\"><img data-recalc-dims=\"1\" loading=\"lazy\" decoding=\"async\" class=\"alignnone size-full wp-image-1219\" title=\"Aokit Omi Pro 3500 Puffs Einweg-Vape Gro\u00dfhandel Aromen\" src=\"https:\/\/i0.wp.com\/www.disposablevapeswholesale.com\/wp-content\/uploads\/2021\/12\/Aokit-Omi-Pro-3500-Puffs-Disposable-Vape-Wholesale-Flavors.jpg?resize=800%2C800&#038;ssl=1\" alt=\"Aokit Omi Pro 3500 Puffs Einweg-Vape Gro\u00dfhandel Aromen\" width=\"800\" height=\"800\" \/><\/a> <a href=\"https:\/\/i0.wp.com\/www.disposablevapeswholesale.com\/wp-content\/uploads\/2021\/12\/Aokit-Omi-Pro-3500-Puffs-Disposable-Vape-Wholesale-5-Flavors.jpg?ssl=1\" target=\"_blank\" rel=\"noopener\"><img data-recalc-dims=\"1\" loading=\"lazy\" decoding=\"async\" class=\"alignnone size-full wp-image-1212\" title=\"Aokit Omi Pro 3500 Puffs Einweg-Vape Gro\u00dfhandel 5 Geschmacksrichtungen\" src=\"https:\/\/i0.wp.com\/www.disposablevapeswholesale.com\/wp-content\/uploads\/2021\/12\/Aokit-Omi-Pro-3500-Puffs-Disposable-Vape-Wholesale-5-Flavors.jpg?resize=800%2C800&#038;ssl=1\" alt=\"Aokit Omi Pro 3500 Puffs Einweg-Vape Gro\u00dfhandel 5 Geschmacksrichtungen\" width=\"800\" height=\"800\" \/><\/a> <a href=\"https:\/\/i0.wp.com\/www.disposablevapeswholesale.com\/wp-content\/uploads\/2021\/12\/Aokit-Omi-Pro-3500-Puffs-Disposable-Vape-Wholesale-Melon-Ice-Flavors.jpg?ssl=1\" target=\"_blank\" rel=\"noopener\"><img data-recalc-dims=\"1\" loading=\"lazy\" decoding=\"async\" class=\"alignnone size-full wp-image-1223\" title=\"Aokit Omi Pro 3500 Puffs Einweg-Vape Gro\u00dfhandel Melonen-Eis-Aromen\" src=\"https:\/\/i0.wp.com\/www.disposablevapeswholesale.com\/wp-content\/uploads\/2021\/12\/Aokit-Omi-Pro-3500-Puffs-Disposable-Vape-Wholesale-Melon-Ice-Flavors.jpg?resize=800%2C800&#038;ssl=1\" alt=\"Aokit Omi Pro 3500 Puffs Einweg-Vape Gro\u00dfhandel Melonen-Eis-Aromen\" width=\"800\" height=\"800\" \/><\/a> <a href=\"https:\/\/i0.wp.com\/www.disposablevapeswholesale.com\/wp-content\/uploads\/2021\/12\/Aokit-Omi-Pro-3500-Puffs-Disposable-Vape-Wholesale-Mango-Ice-Flavors.jpg?ssl=1\" target=\"_blank\" rel=\"noopener\"><img data-recalc-dims=\"1\" loading=\"lazy\" decoding=\"async\" class=\"alignnone size-full wp-image-1221\" title=\"Aokit Omi Pro 3500 Puffs Einweg-Vape Gro\u00dfhandel Mango-Eis-Aromen\" src=\"https:\/\/i0.wp.com\/www.disposablevapeswholesale.com\/wp-content\/uploads\/2021\/12\/Aokit-Omi-Pro-3500-Puffs-Disposable-Vape-Wholesale-Mango-Ice-Flavors.jpg?resize=800%2C800&#038;ssl=1\" alt=\"Aokit Omi Pro 3500 Puffs Einweg-Vape Gro\u00dfhandel Mango-Eis-Aromen\" width=\"800\" height=\"800\" \/><\/a> <a href=\"https:\/\/i0.wp.com\/www.disposablevapeswholesale.com\/wp-content\/uploads\/2021\/12\/Aokit-Omi-Pro-3500-Puffs-Disposable-Vape-Wholesale-Strawberry-Banana-Flavors.jpg?ssl=1\" target=\"_blank\" rel=\"noopener\"><img data-recalc-dims=\"1\" loading=\"lazy\" decoding=\"async\" class=\"alignnone size-full wp-image-1229\" title=\"Aokit Omi Pro 3500 Puffs Einweg-Vape Gro\u00dfhandel Erdbeer-Bananen-Aromen\" src=\"https:\/\/i0.wp.com\/www.disposablevapeswholesale.com\/wp-content\/uploads\/2021\/12\/Aokit-Omi-Pro-3500-Puffs-Disposable-Vape-Wholesale-Strawberry-Banana-Flavors.jpg?resize=800%2C800&#038;ssl=1\" alt=\"Aokit Omi Pro 3500 Puffs Einweg-Vape Gro\u00dfhandel Erdbeer-Bananen-Aromen\" width=\"800\" height=\"800\" \/><\/a> <a href=\"https:\/\/i0.wp.com\/www.disposablevapeswholesale.com\/wp-content\/uploads\/2021\/12\/Aokit-Omi-Pro-3500-Puffs-Disposable-Vape-Wholesale-Strawberry-Ice-Flavors.jpg?ssl=1\" target=\"_blank\" rel=\"noopener\"><img data-recalc-dims=\"1\" loading=\"lazy\" decoding=\"async\" class=\"alignnone size-full wp-image-1231\" title=\"Aokit Omi Pro 3500 Puffs Einweg-Vape Gro\u00dfhandel Erdbeer-Eis-Aromen\" src=\"https:\/\/i0.wp.com\/www.disposablevapeswholesale.com\/wp-content\/uploads\/2021\/12\/Aokit-Omi-Pro-3500-Puffs-Disposable-Vape-Wholesale-Strawberry-Ice-Flavors.jpg?resize=800%2C800&#038;ssl=1\" alt=\"Aokit Omi Pro 3500 Puffs Einweg-Vape Gro\u00dfhandel Erdbeer-Eis-Aromen\" width=\"800\" height=\"800\" \/><\/a> <a href=\"https:\/\/i0.wp.com\/www.disposablevapeswholesale.com\/wp-content\/uploads\/2021\/12\/Aokit-Omi-Pro-3500-Puffs-Disposable-Vape-Wholesale-Pink-lemonade-Flavors.jpg?ssl=1\" target=\"_blank\" rel=\"noopener\"><img data-recalc-dims=\"1\" loading=\"lazy\" decoding=\"async\" class=\"alignnone size-full wp-image-1227\" title=\"Aokit Omi Pro 3500 Puffs Einweg-Vape Gro\u00dfhandel Pink Lemonade Aromen\" src=\"https:\/\/i0.wp.com\/www.disposablevapeswholesale.com\/wp-content\/uploads\/2021\/12\/Aokit-Omi-Pro-3500-Puffs-Disposable-Vape-Wholesale-Pink-lemonade-Flavors.jpg?resize=800%2C800&#038;ssl=1\" alt=\"Aokit Omi Pro 3500 Puffs Einweg-Vape Gro\u00dfhandel Pink Lemonade Aromen\" width=\"800\" height=\"800\" \/><\/a> <a href=\"https:\/\/i0.wp.com\/www.disposablevapeswholesale.com\/wp-content\/uploads\/2021\/12\/Aokit-Omi-Pro-3500-Puffs-Disposable-Vape-Wholesale-Engergy-Drink-Flavors.jpg?ssl=1\" target=\"_blank\" rel=\"noopener\"><img data-recalc-dims=\"1\" loading=\"lazy\" decoding=\"async\" class=\"alignnone size-full wp-image-1217\" title=\"Aokit Omi Pro 3500 Puffs Einweg-Vape Gro\u00dfhandel Energy-Drink-Aromen\" src=\"https:\/\/i0.wp.com\/www.disposablevapeswholesale.com\/wp-content\/uploads\/2021\/12\/Aokit-Omi-Pro-3500-Puffs-Disposable-Vape-Wholesale-Engergy-Drink-Flavors.jpg?resize=800%2C800&#038;ssl=1\" alt=\"Aokit Omi Pro 3500 Puffs Einweg-Vape Gro\u00dfhandel Energy-Drink-Aromen\" width=\"800\" height=\"800\" \/><\/a><\/p>\n<p><a href=\"https:\/\/i0.wp.com\/www.disposablevapeswholesale.com\/wp-content\/uploads\/2021\/12\/Aokit-Omi-Pro-3500-Puffs-Disposable-Vape-Wholesale-Watermelon-Lemonade.jpg?ssl=1\" target=\"_blank\" rel=\"noopener\"><img data-recalc-dims=\"1\" loading=\"lazy\" decoding=\"async\" class=\"alignnone size-full wp-image-1233\" title=\"Aokit Omi Pro 3500 Puffs Einweg-Vape Gro\u00dfhandel Wassermelonen-Limonade\" src=\"https:\/\/i0.wp.com\/www.disposablevapeswholesale.com\/wp-content\/uploads\/2021\/12\/Aokit-Omi-Pro-3500-Puffs-Disposable-Vape-Wholesale-Watermelon-Lemonade.jpg?resize=800%2C800&#038;ssl=1\" alt=\"Aokit Omi Pro 3500 Puffs Einweg-Vape Gro\u00dfhandel Wassermelonen-Limonade\" width=\"800\" height=\"800\" \/><\/a> <a href=\"https:\/\/i0.wp.com\/www.disposablevapeswholesale.com\/wp-content\/uploads\/2021\/12\/Aokit-Omi-Pro-3500-Puffs-Disposable-Vape-Wholesale-Strawberry-Ice.jpg?ssl=1\" target=\"_blank\" rel=\"noopener\"><img data-recalc-dims=\"1\" loading=\"lazy\" decoding=\"async\" class=\"alignnone size-full wp-image-1232\" title=\"Aokit Omi Pro 3500 Puffs Einweg-Vape Gro\u00dfhandel Erdbeer-Eis\" src=\"https:\/\/i0.wp.com\/www.disposablevapeswholesale.com\/wp-content\/uploads\/2021\/12\/Aokit-Omi-Pro-3500-Puffs-Disposable-Vape-Wholesale-Strawberry-Ice.jpg?resize=800%2C800&#038;ssl=1\" alt=\"Aokit Omi Pro 3500 Puffs Einweg-Vape Gro\u00dfhandel Erdbeer-Eis\" width=\"800\" height=\"800\" \/><\/a><\/p>","protected":false},"excerpt":{"rendered":"<p>Aokit Omi Pro 3500 Puffs Einweg-Vape Gro\u00dfhandel bietet ein langlebiges, leichtes Design mit gleichm\u00e4\u00dfiger Dampfabgabe und problemloser Bedienung f\u00fcr erstklassige Vaping-Sessions.<\/p>","protected":false},"featured_media":2024,"comment_status":"closed","ping_status":"closed","template":"","meta":[],"product_brand":[],"product_cat":[22],"product_tag":[322,350,60,256],"class_list":{"0":"post-1762","1":"product","2":"type-product","3":"status-publish","4":"has-post-thumbnail","6":"product_cat-disposable-vape-sticks","7":"product_tag-3500-puffs","8":"product_tag-aokit-omi-pro","9":"product_tag-disposable-vapes","10":"product_tag-wholesale","12":"first","13":"instock","14":"shipping-taxable","15":"purchasable","16":"product-type-simple"},"jetpack_sharing_enabled":true,"tiered_pricing_type":"fixed","tiered_pricing_fixed_rules":{"5000":6,"10000":5,"50000":4},"tiered_pricing_product_settings":{"layout":"default","base_unit_name":{"singular":null,"plural":null},"default_variation":null},"tiered_pricing_minimum_quantity":60,"tiered_pricing_roles_data":[],"tiered_pricing_percentage_rules":[],"tiered_pricing_maximum_quantity":null,"tiered_pricing_quantity_step":null,"_links":{"self":[{"href":"https:\/\/cloudsupplyvapes.com\/de\/wp-json\/wp\/v2\/product\/1762","targetHints":{"allow":["GET"]}}],"collection":[{"href":"https:\/\/cloudsupplyvapes.com\/de\/wp-json\/wp\/v2\/product"}],"about":[{"href":"https:\/\/cloudsupplyvapes.com\/de\/wp-json\/wp\/v2\/types\/product"}],"replies":[{"embeddable":true,"href":"https:\/\/cloudsupplyvapes.com\/de\/wp-json\/wp\/v2\/comments?post=1762"}],"wp:featuredmedia":[{"embeddable":true,"href":"https:\/\/cloudsupplyvapes.com\/de\/wp-json\/wp\/v2\/media\/2024"}],"wp:attachment":[{"href":"https:\/\/cloudsupplyvapes.com\/de\/wp-json\/wp\/v2\/media?parent=1762"}],"wp:term":[{"taxonomy":"product_brand","embeddable":true,"href":"https:\/\/cloudsupplyvapes.com\/de\/wp-json\/wp\/v2\/product_brand?post=1762"},{"taxonomy":"product_cat","embeddable":true,"href":"https:\/\/cloudsupplyvapes.com\/de\/wp-json\/wp\/v2\/product_cat?post=1762"},{"taxonomy":"product_tag","embeddable":true,"href":"https:\/\/cloudsupplyvapes.com\/de\/wp-json\/wp\/v2\/product_tag?post=1762"}],"curies":[{"name":"wp","href":"https:\/\/api.w.org\/{rel}","templated":true}]}}