{"id":1878,"date":"2024-10-19T02:22:14","date_gmt":"2024-10-19T02:22:14","guid":{"rendered":"https:\/\/cloudsupplyvapes.com\/?post_type=product&#038;p=1878"},"modified":"2024-11-26T07:34:02","modified_gmt":"2024-11-26T07:34:02","slug":"-71","status":"publish","type":"product","link":"https:\/\/cloudsupplyvapes.com\/de\/product\/aokit-zozo-bar-4500-puffs-disposable-vape-wholesale\/","title":{"rendered":"Aokit ZOZO Bar 4500 Puffs Einweg Vape Gro\u00dfhandel hohe Kapazit\u00e4t langlebig bauen"},"content":{"rendered":"<p>Aokit ZOZO Bar ist eine sehr gro\u00dfe Kapazit\u00e4t wiederaufladbare Einweg vapes, 2200 mAh Akku kann etwa 4500 Puffs dauert, ist die e-Fl\u00fcssigkeit 15,8 ml mit 5% Nikotin strength.The Verpackung ist einzigartig gemalt und entworfen, um den Kunden die bevorzugte erf\u00fcllen.<\/p>\n<p>&nbsp;<\/p>\n<h2>Geschm\u00e4cker<\/h2>\n<p>Mango-Eis<\/p>\n<p>Pfirsich-Eis<\/p>\n<p>Wassermelone Eis<\/p>\n<p>Rosa Limonade<\/p>\n<p>Zuckerwatte<\/p>\n<p>Bananeneis<\/p>\n<p>Wassermelonen-Limonade<\/p>\n<p>Erdbeere-Banane<\/p>\n<p>Blaues Razzeis<\/p>\n<p>Aloe Traube<\/p>\n<p>K\u00fchle Minze<\/p>\n<p>&nbsp;<\/p>\n<h2>Verpackung &amp; Gewicht<\/h2>\n<p>0.08KG\/PC, Einzel mit kleinem Paket.<\/p>\n<p>240 PCS im Umkarton, 19.2KG.<\/p>\n<p>&nbsp;<\/p>\n<h2>OEM<\/h2>\n<p>Mindestbestellmenge f\u00fcr OEM: 1000 PCS gleiche Geschmacksrichtung.<\/p>\n<p><a href=\"https:\/\/i0.wp.com\/www.disposablevapeswholesale.com\/wp-content\/uploads\/2021\/12\/Akoit-ZOZO-Bar-4500-Puffs-Disposable-Vape-Wholesale-Multiple-flavors.jpg?ssl=1\" target=\"_blank\" rel=\"noopener\"><img data-recalc-dims=\"1\" loading=\"lazy\" decoding=\"async\" class=\"alignnone size-full wp-image-865\" title=\"Akoit ZOZO Bar 4500 Puffs Einweg Vape Gro\u00dfhandel mehrere Geschmacksrichtungen\" src=\"https:\/\/i0.wp.com\/www.disposablevapeswholesale.com\/wp-content\/uploads\/2021\/12\/Akoit-ZOZO-Bar-4500-Puffs-Disposable-Vape-Wholesale-Multiple-flavors.jpg?resize=800%2C800&#038;ssl=1\" alt=\"Akoit ZOZO Bar 4500 Puffs Einweg Vape Gro\u00dfhandel mehrere Geschmacksrichtungen\" width=\"800\" height=\"800\" \/><\/a> <a href=\"https:\/\/i0.wp.com\/www.disposablevapeswholesale.com\/wp-content\/uploads\/2021\/12\/Akoit-ZOZO-Bar-4500-Puffs-Disposable-Vape-Wholesale-Flavors.jpg?ssl=1\" target=\"_blank\" rel=\"noopener\"><img data-recalc-dims=\"1\" loading=\"lazy\" decoding=\"async\" class=\"alignnone size-full wp-image-862\" title=\"Akoit ZOZO Bar 4500 Puffs Einweg Vape Gro\u00dfhandel Aromen\" src=\"https:\/\/i0.wp.com\/www.disposablevapeswholesale.com\/wp-content\/uploads\/2021\/12\/Akoit-ZOZO-Bar-4500-Puffs-Disposable-Vape-Wholesale-Flavors.jpg?resize=800%2C1167&#038;ssl=1\" alt=\"Akoit ZOZO Bar 4500 Puffs Einweg Vape Gro\u00dfhandel Aromen\" width=\"800\" height=\"1167\" \/><\/a> <a href=\"https:\/\/i0.wp.com\/www.disposablevapeswholesale.com\/wp-content\/uploads\/2021\/12\/Akoit-ZOZO-Bar-4500-Puffs-Disposable-Vape-Wholesale-11Flavors.jpg?ssl=1\" target=\"_blank\" rel=\"noopener\"><img data-recalc-dims=\"1\" loading=\"lazy\" decoding=\"async\" class=\"alignnone size-full wp-image-855\" title=\"Akoit ZOZO Bar 4500 Puffs Einweg Vape Gro\u00dfhandel 11Flavors\" src=\"https:\/\/i0.wp.com\/www.disposablevapeswholesale.com\/wp-content\/uploads\/2021\/12\/Akoit-ZOZO-Bar-4500-Puffs-Disposable-Vape-Wholesale-11Flavors.jpg?resize=800%2C1167&#038;ssl=1\" alt=\"Akoit ZOZO Bar 4500 Puffs Einweg Vape Gro\u00dfhandel 11Flavors\" width=\"800\" height=\"1167\" \/><\/a> <a href=\"https:\/\/i0.wp.com\/www.disposablevapeswholesale.com\/wp-content\/uploads\/2021\/12\/Akoit-ZOZO-Bar-4500-Puffs-Disposable-Vape-Wholesale-Peach-ice.jpg?ssl=1\" target=\"_blank\" rel=\"noopener\"><img data-recalc-dims=\"1\" loading=\"lazy\" decoding=\"async\" class=\"alignnone size-full wp-image-867\" title=\"Akoit ZOZO Bar 4500 Puffs Einweg Vape Gro\u00dfhandel Pfirsich Eis\" src=\"https:\/\/i0.wp.com\/www.disposablevapeswholesale.com\/wp-content\/uploads\/2021\/12\/Akoit-ZOZO-Bar-4500-Puffs-Disposable-Vape-Wholesale-Peach-ice.jpg?resize=800%2C800&#038;ssl=1\" alt=\"Akoit ZOZO Bar 4500 Puffs Einweg Vape Gro\u00dfhandel Pfirsich Eis\" width=\"800\" height=\"800\" \/><\/a> <a href=\"https:\/\/i0.wp.com\/www.disposablevapeswholesale.com\/wp-content\/uploads\/2021\/12\/Akoit-ZOZO-Bar-4500-Puffs-Disposable-Vape-Wholesale-Cool-Mint.jpg?ssl=1\" target=\"_blank\" rel=\"noopener\"><img data-recalc-dims=\"1\" loading=\"lazy\" decoding=\"async\" class=\"alignnone size-full wp-image-859\" title=\"Akoit ZOZO Bar 4500 Puffs Einweg Vape Gro\u00dfhandel k\u00fchle Minze\" src=\"https:\/\/i0.wp.com\/www.disposablevapeswholesale.com\/wp-content\/uploads\/2021\/12\/Akoit-ZOZO-Bar-4500-Puffs-Disposable-Vape-Wholesale-Cool-Mint.jpg?resize=800%2C800&#038;ssl=1\" alt=\"Akoit ZOZO Bar 4500 Puffs Einweg Vape Gro\u00dfhandel k\u00fchle Minze\" width=\"800\" height=\"800\" \/><\/a> <a href=\"https:\/\/i0.wp.com\/www.disposablevapeswholesale.com\/wp-content\/uploads\/2021\/12\/Akoit-ZOZO-Bar-4500-Puffs-Disposable-Vape-Wholesale-Description.jpg?ssl=1\" target=\"_blank\" rel=\"noopener\"><img data-recalc-dims=\"1\" loading=\"lazy\" decoding=\"async\" class=\"alignnone size-full wp-image-861\" title=\"Akoit ZOZO Bar 4500 Puffs Einweg Vape Gro\u00dfhandel Beschreibung\" src=\"https:\/\/i0.wp.com\/www.disposablevapeswholesale.com\/wp-content\/uploads\/2021\/12\/Akoit-ZOZO-Bar-4500-Puffs-Disposable-Vape-Wholesale-Description.jpg?resize=800%2C800&#038;ssl=1\" alt=\"Akoit ZOZO Bar 4500 Puffs Einweg Vape Gro\u00dfhandel Beschreibung\" width=\"800\" height=\"800\" \/><\/a><\/p>\n<p>&nbsp;<\/p>","protected":false},"excerpt":{"rendered":"<p>Aokit ZOZO Bar 4500 Puffs Einweg-Vape-Gro\u00dfhandel kombiniert hohe Kapazit\u00e4t, langlebige Konstruktion und glatte Dampfausgabe f\u00fcr befriedigende und ausgedehnte Vaping-Sessions.<\/p>","protected":false},"featured_media":2094,"comment_status":"closed","ping_status":"closed","template":"","meta":[],"product_brand":[],"product_cat":[22],"product_tag":[361,362,60,256],"class_list":{"0":"post-1878","1":"product","2":"type-product","3":"status-publish","4":"has-post-thumbnail","6":"product_cat-disposable-vape-sticks","7":"product_tag-4500-puffs","8":"product_tag-akoit-zozo-bar","9":"product_tag-disposable-vapes","10":"product_tag-wholesale","12":"first","13":"instock","14":"shipping-taxable","15":"purchasable","16":"product-type-simple"},"jetpack_sharing_enabled":true,"tiered_pricing_type":"fixed","tiered_pricing_fixed_rules":{"5000":7,"10000":6,"50000":5},"tiered_pricing_product_settings":{"layout":"default","base_unit_name":{"singular":null,"plural":null},"default_variation":null},"tiered_pricing_minimum_quantity":60,"tiered_pricing_roles_data":[],"tiered_pricing_percentage_rules":[],"tiered_pricing_maximum_quantity":null,"tiered_pricing_quantity_step":null,"_links":{"self":[{"href":"https:\/\/cloudsupplyvapes.com\/de\/wp-json\/wp\/v2\/product\/1878","targetHints":{"allow":["GET"]}}],"collection":[{"href":"https:\/\/cloudsupplyvapes.com\/de\/wp-json\/wp\/v2\/product"}],"about":[{"href":"https:\/\/cloudsupplyvapes.com\/de\/wp-json\/wp\/v2\/types\/product"}],"replies":[{"embeddable":true,"href":"https:\/\/cloudsupplyvapes.com\/de\/wp-json\/wp\/v2\/comments?post=1878"}],"wp:featuredmedia":[{"embeddable":true,"href":"https:\/\/cloudsupplyvapes.com\/de\/wp-json\/wp\/v2\/media\/2094"}],"wp:attachment":[{"href":"https:\/\/cloudsupplyvapes.com\/de\/wp-json\/wp\/v2\/media?parent=1878"}],"wp:term":[{"taxonomy":"product_brand","embeddable":true,"href":"https:\/\/cloudsupplyvapes.com\/de\/wp-json\/wp\/v2\/product_brand?post=1878"},{"taxonomy":"product_cat","embeddable":true,"href":"https:\/\/cloudsupplyvapes.com\/de\/wp-json\/wp\/v2\/product_cat?post=1878"},{"taxonomy":"product_tag","embeddable":true,"href":"https:\/\/cloudsupplyvapes.com\/de\/wp-json\/wp\/v2\/product_tag?post=1878"}],"curies":[{"name":"wp","href":"https:\/\/api.w.org\/{rel}","templated":true}]}}