{"id":2061,"date":"2024-10-19T02:23:01","date_gmt":"2024-10-19T02:23:01","guid":{"rendered":"https:\/\/cloudsupplyvapes.com\/?post_type=product&#038;p=2061"},"modified":"2024-11-26T07:30:56","modified_gmt":"2024-11-26T07:30:56","slug":"lavie-cup-8000-puffs-einweg-verdampfer-groshandel","status":"publish","type":"product","link":"https:\/\/cloudsupplyvapes.com\/de\/product\/lavie-cup-8000-puffs-disposable-vapes-wholesale\/","title":{"rendered":"Lavie Cup 8000 Puffs Einweg Vape Gro\u00dfhandel Langlebig Leichtgewicht Design"},"content":{"rendered":"<p>die <strong>Lavie-Tasse<\/strong> 8000 ist ein sch\u00f6nes Design Tasse Stil Einweg vapes, kommt mit eingebauten Akku 600mAh Batterie, mit 20ml sch\u00f6ne aromatisierte eliquid, es unterst\u00fctzen max 8000 puffs.<\/p>\n<h2>LAVIE Max Cup 8000 Schnelles Detail:<\/h2>\n<p>Marke: LAVIE<\/p>\n<p>Puffs:8000 Puffs sind pro Ger\u00e4t verf\u00fcgbar.<\/p>\n<p>Nicotine:0%\/2%\/5%<\/p>\n<p>E-Saft Kapazit\u00e4t:20ML<\/p>\n<p>Akku:600mAh<\/p>\n<p>&nbsp;<\/p>\n<h2>Geschm\u00e4cker<\/h2>\n<p>Bananenmilch<br \/>\nCola-Eis<br \/>\nEnergy-Drink<br \/>\nTraubeneis<br \/>\n\u00dcppiges Eis<br \/>\nMango-Eis<br \/>\nMinze Eis<br \/>\nSocola-Sahne<br \/>\nTaro-Eis<\/p>\n<p>&nbsp;<\/p>\n<h2>Verpackung &amp; Gewicht<\/h2>\n<p>0.1KG\/PCS, Einzeln mit kleiner Verpackung, 10?St\u00fcck in einer mittleren Schachtel.<\/p>\n<p>200PCS im Umkarton, 20KG.<\/p>\n<p><a href=\"https:\/\/i0.wp.com\/www.vape4wholesale.com\/wp-content\/uploads\/2022\/09\/LAVIE-Max-Cup-8000-Puffs-Disposable-Vape-Wholesale-Describe.jpg?ssl=1\" target=\"_blank\" rel=\"noopener\"><img data-recalc-dims=\"1\" loading=\"lazy\" decoding=\"async\" class=\"alignnone size-full wp-image-6424\" title=\"LAVIE Max Cup 8000 Puffs Einweg Vape Gro\u00dfhandel beschreiben\" src=\"https:\/\/i0.wp.com\/www.vape4wholesale.com\/wp-content\/uploads\/2022\/09\/LAVIE-Max-Cup-8000-Puffs-Disposable-Vape-Wholesale-Describe.jpg?resize=800%2C800&#038;ssl=1\" alt=\"LAVIE Max Cup 8000 Puffs Einweg Vape Gro\u00dfhandel beschreiben\" width=\"800\" height=\"800\" \/><\/a> <a href=\"https:\/\/i0.wp.com\/www.vape4wholesale.com\/wp-content\/uploads\/2022\/09\/LAVIE-Max-Cup-8000-Puffs-Disposable-Vape-Wholesale-5-Flavors.jpg?ssl=1\" target=\"_blank\" rel=\"noopener\"><img data-recalc-dims=\"1\" loading=\"lazy\" decoding=\"async\" class=\"alignnone size-full wp-image-6400\" title=\"LAVIE Max Cup 8000 Puffs Einweg Vape Gro\u00dfhandel 5 Geschmacksrichtungen\" src=\"https:\/\/i0.wp.com\/www.vape4wholesale.com\/wp-content\/uploads\/2022\/09\/LAVIE-Max-Cup-8000-Puffs-Disposable-Vape-Wholesale-5-Flavors.jpg?resize=800%2C800&#038;ssl=1\" alt=\"LAVIE Max Cup 8000 Puffs Einweg Vape Gro\u00dfhandel 5 Geschmacksrichtungen\" width=\"800\" height=\"800\" \/><\/a> <a href=\"https:\/\/i0.wp.com\/www.vape4wholesale.com\/wp-content\/uploads\/2022\/09\/LAVIE-Max-Cup-8000-Puffs-Disposable-Vape-Wholesale.jpg?ssl=1\" target=\"_blank\" rel=\"noopener\"><img data-recalc-dims=\"1\" loading=\"lazy\" decoding=\"async\" class=\"alignnone size-full wp-image-6396\" title=\"LAVIE Max Cup 8000 Puffs Einweg Vape Gro\u00dfhandel\" src=\"https:\/\/i0.wp.com\/www.vape4wholesale.com\/wp-content\/uploads\/2022\/09\/LAVIE-Max-Cup-8000-Puffs-Disposable-Vape-Wholesale.jpg?resize=800%2C333&#038;ssl=1\" alt=\"LAVIE Max Cup 8000 Puffs Einweg Vape Gro\u00dfhandel\" width=\"800\" height=\"333\" \/><\/a> <a href=\"https:\/\/i0.wp.com\/www.vape4wholesale.com\/wp-content\/uploads\/2022\/09\/LAVIE-Max-Cup-8000-Puffs-Disposable-Vape-Wholesale-Flavors.jpg?ssl=1\" target=\"_blank\" rel=\"noopener\"><img data-recalc-dims=\"1\" loading=\"lazy\" decoding=\"async\" class=\"alignnone size-full wp-image-6436\" title=\"LAVIE Max Cup 8000 Puffs Einweg Vape Gro\u00dfhandel Aromen\" src=\"https:\/\/i0.wp.com\/www.vape4wholesale.com\/wp-content\/uploads\/2022\/09\/LAVIE-Max-Cup-8000-Puffs-Disposable-Vape-Wholesale-Flavors.jpg?resize=800%2C800&#038;ssl=1\" alt=\"LAVIE Max Cup 8000 Puffs Einweg Vape Gro\u00dfhandel Aromen\" width=\"800\" height=\"800\" \/><\/a> <a href=\"https:\/\/i0.wp.com\/www.vape4wholesale.com\/wp-content\/uploads\/2022\/09\/LAVIE-Max-Cup-8000-Puffs-Disposable-Vape-Wholesale-All-Flavors.jpg?ssl=1\" target=\"_blank\" rel=\"noopener\"><img data-recalc-dims=\"1\" loading=\"lazy\" decoding=\"async\" class=\"alignnone size-full wp-image-6404\" title=\"LAVIE Max Cup 8000 Puffs Einweg Vape Gro\u00dfhandel alle Aromen\" src=\"https:\/\/i0.wp.com\/www.vape4wholesale.com\/wp-content\/uploads\/2022\/09\/LAVIE-Max-Cup-8000-Puffs-Disposable-Vape-Wholesale-All-Flavors.jpg?resize=800%2C800&#038;ssl=1\" alt=\"LAVIE Max Cup 8000 Puffs Einweg Vape Gro\u00dfhandel alle Aromen\" width=\"800\" height=\"800\" \/><\/a><a href=\"https:\/\/i0.wp.com\/www.vape4wholesale.com\/wp-content\/uploads\/2022\/09\/LAVIE-Max-Cup-8000-Puffs-Disposable-Vape-Wholesale-Scense.jpg?ssl=1\" target=\"_blank\" rel=\"noopener\"><img data-recalc-dims=\"1\" loading=\"lazy\" decoding=\"async\" class=\"alignnone size-full wp-image-6484\" title=\"LAVIE Max Cup 8000 Puffs Einweg Vape Gro\u00dfhandel Scense\" src=\"https:\/\/i0.wp.com\/www.vape4wholesale.com\/wp-content\/uploads\/2022\/09\/LAVIE-Max-Cup-8000-Puffs-Disposable-Vape-Wholesale-Scense.jpg?resize=800%2C800&#038;ssl=1\" alt=\"LAVIE Max Cup 8000 Puffs Einweg Vape Gro\u00dfhandel Scense\" width=\"800\" height=\"800\" \/><\/a> <a href=\"https:\/\/i0.wp.com\/www.vape4wholesale.com\/wp-content\/uploads\/2022\/09\/LAVIE-Max-Cup-8000-Puffs-Disposable-Vape-Wholesale-Pakage.jpg?ssl=1\" target=\"_blank\" rel=\"noopener\"><img data-recalc-dims=\"1\" loading=\"lazy\" decoding=\"async\" class=\"alignnone size-full wp-image-6480\" title=\"LAVIE Max Cup 8000 Puffs Einweg Vape Gro\u00dfhandelspaket\" src=\"https:\/\/i0.wp.com\/www.vape4wholesale.com\/wp-content\/uploads\/2022\/09\/LAVIE-Max-Cup-8000-Puffs-Disposable-Vape-Wholesale-Pakage.jpg?resize=800%2C800&#038;ssl=1\" alt=\"LAVIE Max Cup 8000 Puffs Einweg Vape Gro\u00dfhandelspaket\" width=\"800\" height=\"800\" \/><\/a> <a href=\"https:\/\/i0.wp.com\/www.vape4wholesale.com\/wp-content\/uploads\/2022\/09\/LAVIE-Max-Cup-8000-Puffs-Disposable-Vape-Wholesale-Mint-Ice.jpg?ssl=1\" target=\"_blank\" rel=\"noopener\"><img data-recalc-dims=\"1\" loading=\"lazy\" decoding=\"async\" class=\"alignnone size-full wp-image-6472\" title=\"LAVIE Max Cup 8000 Puffs Einweg Vape Gro\u00dfhandel Minze Eis\" src=\"https:\/\/i0.wp.com\/www.vape4wholesale.com\/wp-content\/uploads\/2022\/09\/LAVIE-Max-Cup-8000-Puffs-Disposable-Vape-Wholesale-Mint-Ice.jpg?resize=800%2C800&#038;ssl=1\" alt=\"LAVIE Max Cup 8000 Puffs Einweg Vape Gro\u00dfhandel Minze Eis\" width=\"800\" height=\"800\" \/><\/a> <a href=\"https:\/\/i0.wp.com\/www.vape4wholesale.com\/wp-content\/uploads\/2022\/09\/LAVIE-Max-Cup-8000-Puffs-Disposable-Vape-Wholesale-Mango-Strawberry-Ice-Pakage.jpg?ssl=1\" target=\"_blank\" rel=\"noopener\"><img data-recalc-dims=\"1\" loading=\"lazy\" decoding=\"async\" class=\"alignnone size-full wp-image-6468\" title=\"LAVIE Max Cup 8000 Puffs Einweg Vape Gro\u00dfhandel Mango Erdbeere Eis Paket\" src=\"https:\/\/i0.wp.com\/www.vape4wholesale.com\/wp-content\/uploads\/2022\/09\/LAVIE-Max-Cup-8000-Puffs-Disposable-Vape-Wholesale-Mango-Strawberry-Ice-Pakage.jpg?resize=800%2C800&#038;ssl=1\" alt=\"LAVIE Max Cup 8000 Puffs Einweg Vape Gro\u00dfhandel Mango Erdbeere Eis Paket\" width=\"800\" height=\"800\" \/><\/a><\/p>","protected":false},"excerpt":{"rendered":"<p>Lavie Cup 8000 Puffs Disposable Vape Wholesale bietet einen langlebigen Akku, eine leichte Konstruktion und eine gleichm\u00e4\u00dfige Dampfproduktion f\u00fcr ein bequemes und befriedigendes Dampferlebnis.<\/p>","protected":false},"featured_media":2309,"comment_status":"closed","ping_status":"closed","template":"","meta":[],"product_brand":[],"product_cat":[22],"product_tag":[383,384,385],"class_list":{"0":"post-2061","1":"product","2":"type-product","3":"status-publish","4":"has-post-thumbnail","6":"product_cat-disposable-vape-sticks","7":"product_tag-disposable-vape-wholesale","8":"product_tag-lavie-8000-cup-vape","9":"product_tag-lavie-cup-vape","11":"first","12":"instock","13":"shipping-taxable","14":"purchasable","15":"product-type-simple"},"jetpack_sharing_enabled":true,"tiered_pricing_type":"fixed","tiered_pricing_fixed_rules":{"5000":11,"10000":9,"50000":8},"tiered_pricing_product_settings":{"layout":"default","base_unit_name":{"singular":null,"plural":null},"default_variation":null},"tiered_pricing_minimum_quantity":60,"tiered_pricing_roles_data":[],"tiered_pricing_percentage_rules":[],"tiered_pricing_maximum_quantity":null,"tiered_pricing_quantity_step":null,"_links":{"self":[{"href":"https:\/\/cloudsupplyvapes.com\/de\/wp-json\/wp\/v2\/product\/2061","targetHints":{"allow":["GET"]}}],"collection":[{"href":"https:\/\/cloudsupplyvapes.com\/de\/wp-json\/wp\/v2\/product"}],"about":[{"href":"https:\/\/cloudsupplyvapes.com\/de\/wp-json\/wp\/v2\/types\/product"}],"replies":[{"embeddable":true,"href":"https:\/\/cloudsupplyvapes.com\/de\/wp-json\/wp\/v2\/comments?post=2061"}],"wp:featuredmedia":[{"embeddable":true,"href":"https:\/\/cloudsupplyvapes.com\/de\/wp-json\/wp\/v2\/media\/2309"}],"wp:attachment":[{"href":"https:\/\/cloudsupplyvapes.com\/de\/wp-json\/wp\/v2\/media?parent=2061"}],"wp:term":[{"taxonomy":"product_brand","embeddable":true,"href":"https:\/\/cloudsupplyvapes.com\/de\/wp-json\/wp\/v2\/product_brand?post=2061"},{"taxonomy":"product_cat","embeddable":true,"href":"https:\/\/cloudsupplyvapes.com\/de\/wp-json\/wp\/v2\/product_cat?post=2061"},{"taxonomy":"product_tag","embeddable":true,"href":"https:\/\/cloudsupplyvapes.com\/de\/wp-json\/wp\/v2\/product_tag?post=2061"}],"curies":[{"name":"wp","href":"https:\/\/api.w.org\/{rel}","templated":true}]}}