{"id":2062,"date":"2024-10-19T02:23:01","date_gmt":"2024-10-19T02:23:01","guid":{"rendered":"https:\/\/cloudsupplyvapes.com\/?post_type=product&#038;p=2062"},"modified":"2024-11-26T07:31:12","modified_gmt":"2024-11-26T07:31:12","slug":"randm-tornado-10000-puffs-einweg-vape-groshandel","status":"publish","type":"product","link":"https:\/\/cloudsupplyvapes.com\/de\/product\/randm-tornado-10000-puffs-disposable-vape-wholesale\/","title":{"rendered":"RANDM Tornado 10000 Puffs Einweg Vape Gro\u00dfhandel einstellbare Luftstrom hohe Kapazit\u00e4t"},"content":{"rendered":"<p><strong>RandM Tornado 10000<\/strong>?ist ein Einweg-Vape-Ger\u00e4t mit Airflow-Steuerung und es ist wiederaufladbar. Es enth\u00e4lt 20ml 0\/2\/3\/5% Nikotinsalz E-Saft und vape bis zu 10000 Z\u00fcge. Es gibt 24 Geschmacksrichtungen f\u00fcr Sie zu w\u00e4hlen. Die Luftstromsteuerung k\u00f6nnen Sie die beste Stelle w\u00e4hlen Sie sich selbst und es kommt mit einem wiederaufladbaren Typ-C-Anschluss an der Unterseite des Ger\u00e4ts, die Sie beenden den letzten Tropfen des ejuice in den Tank die ganze Zeit gurantte.<\/p>\n<h2><b data-stringify-type=\"bold\">RandM Tornado 10000 Einwegger\u00e4t Merkmale<\/b><\/h2>\n<p>?0\/2\/3\/5% Nikotinsalz.<br \/>\n?20 ML von E-Fl\u00fcssigkeit.<br \/>\n?10000 Z\u00fcge pro Ger\u00e4t.<br \/>\n?6 Farben RGB-Licht<br \/>\n?wiederaufladbare Batterie<br \/>\n?nicht nachf\u00fcllbar<br \/>\nIntegrierter 850mAh Akku.<br \/>\n?24 Geschmacksrichtungen verf\u00fcgbar.<br \/>\n?10 St\u00fcck in einer Display-Box.<br \/>\n?200 St\u00fcck in einem Karton.<\/p>\n<h2><b data-stringify-type=\"bold\">Geschm\u00e4cker<\/b><\/h2>\n<p>1. himbeere erdbeere<br \/>\n2.blaubeere kirsche<br \/>\n3 Blaubeereis<br \/>\n4. gemischte Beeren<br \/>\n5. gummiartige Tropfen<br \/>\n6. erdbeer-donut<br \/>\n7. erdbeer-wassermelone<br \/>\n8. traubeneis<br \/>\n9.Minze Menthol<br \/>\n10.Tropischer Genuss<br \/>\n11 Wassermelonen-Limonade<br \/>\n12. blauer Razzia<br \/>\n13.Dr.Vimto<br \/>\n14.Tigerblut<br \/>\n15.Regenbogen-Bonbons<br \/>\n16. mango passionsfrucht<br \/>\n17. erdbeer kiwi<br \/>\n18.Himbeer-Pfirsich-Eis<br \/>\n19.blaubeere-sauer-himbeere<br \/>\n20.rotes Apfel-Eis<br \/>\n21. oranger Limetten-Cocktail<br \/>\n22.Kiwi Drachenbeere<br \/>\n23.kirsche Eis<br \/>\n24.Wassermelone Eis<\/p>","protected":false},"excerpt":{"rendered":"<p>Der RANDM Tornado 10000 Puffs Disposable Vape Wholesale verf\u00fcgt \u00fcber einen einstellbaren Luftstrom, eine hohe Kapazit\u00e4t und eine gleichm\u00e4\u00dfige Dampfabgabe, was ihn perfekt f\u00fcr erstklassige Vaping-Sessions macht.<\/p>","protected":false},"featured_media":2335,"comment_status":"closed","ping_status":"closed","template":"","meta":[],"product_brand":[],"product_cat":[22],"product_tag":[386,387,388],"class_list":{"0":"post-2062","1":"product","2":"type-product","3":"status-publish","4":"has-post-thumbnail","6":"product_cat-disposable-vape-sticks","7":"product_tag-randm-tornado-1000","8":"product_tag-randm-vape","9":"product_tag-randm-vape-wholesale","11":"first","12":"instock","13":"shipping-taxable","14":"purchasable","15":"product-type-simple"},"jetpack_sharing_enabled":true,"tiered_pricing_type":"fixed","tiered_pricing_fixed_rules":{"5000":15,"10000":14,"50000":13},"tiered_pricing_product_settings":{"layout":"default","base_unit_name":{"singular":null,"plural":null},"default_variation":null},"tiered_pricing_minimum_quantity":60,"tiered_pricing_roles_data":[],"tiered_pricing_percentage_rules":[],"tiered_pricing_maximum_quantity":null,"tiered_pricing_quantity_step":null,"_links":{"self":[{"href":"https:\/\/cloudsupplyvapes.com\/de\/wp-json\/wp\/v2\/product\/2062","targetHints":{"allow":["GET"]}}],"collection":[{"href":"https:\/\/cloudsupplyvapes.com\/de\/wp-json\/wp\/v2\/product"}],"about":[{"href":"https:\/\/cloudsupplyvapes.com\/de\/wp-json\/wp\/v2\/types\/product"}],"replies":[{"embeddable":true,"href":"https:\/\/cloudsupplyvapes.com\/de\/wp-json\/wp\/v2\/comments?post=2062"}],"wp:featuredmedia":[{"embeddable":true,"href":"https:\/\/cloudsupplyvapes.com\/de\/wp-json\/wp\/v2\/media\/2335"}],"wp:attachment":[{"href":"https:\/\/cloudsupplyvapes.com\/de\/wp-json\/wp\/v2\/media?parent=2062"}],"wp:term":[{"taxonomy":"product_brand","embeddable":true,"href":"https:\/\/cloudsupplyvapes.com\/de\/wp-json\/wp\/v2\/product_brand?post=2062"},{"taxonomy":"product_cat","embeddable":true,"href":"https:\/\/cloudsupplyvapes.com\/de\/wp-json\/wp\/v2\/product_cat?post=2062"},{"taxonomy":"product_tag","embeddable":true,"href":"https:\/\/cloudsupplyvapes.com\/de\/wp-json\/wp\/v2\/product_tag?post=2062"}],"curies":[{"name":"wp","href":"https:\/\/api.w.org\/{rel}","templated":true}]}}