{"id":2063,"date":"2024-10-19T02:23:01","date_gmt":"2024-10-19T02:23:01","guid":{"rendered":"https:\/\/cloudsupplyvapes.com\/?post_type=product&#038;p=2063"},"modified":"2024-11-26T07:31:24","modified_gmt":"2024-11-26T07:31:24","slug":"-74","status":"publish","type":"product","link":"https:\/\/cloudsupplyvapes.com\/de\/product\/randm-tornado-9000-puffs-disposable-vape-wholesale\/","title":{"rendered":"RANDM Tornado 9000 Puffs Einweg Vape Gro\u00dfhandel langlebig hohe Qualit\u00e4t Design"},"content":{"rendered":"<p>RandM Tornado 9000 ist ein Wegwerfger\u00e4t mit coolem Design und es ist wiederaufladbar. Es gibt 20 Optionen f\u00fcr Sie zu w\u00e4hlen. Es ist ein vorgef\u00fclltes, all-in-one Einwegger\u00e4t, das eine gro\u00dfe Kapazit\u00e4t und eine lange Akkulaufzeit bietet. Mit bis zu 9000 Z\u00fcgen pro Ger\u00e4t ist es so konzipiert, dass es ein einfaches und bequemes Dampferlebnis bietet, ohne dass Sie es warten oder nachf\u00fcllen m\u00fcssen. Mit seinem schlanken und kompakten Design, dem einstellbaren Luftstrom und einer Reihe von k\u00f6stlichen Optionen bietet der Tornado 9000 ein au\u00dfergew\u00f6hnliches Dampferlebnis.<\/p>\n<p>&nbsp;<\/p>\n<h2>RandM Tornado 9000 Einwegger\u00e4t Merkmale:<\/h2>\n<p>\u26110\/2\/3\/5% Nikotinsalz.<\/p>\n<p>\u261118ML von E-Fl\u00fcssigkeit.<\/p>\n<p>\u2611Mesh-Spule<\/p>\n<p>\u2611Batterie wiederaufladbar<\/p>\n<p>\u2611Integrierter 850mAh Akku.<\/p>\n<p>\u261112 Geschmacksrichtungen verf\u00fcgbar.<\/p>\n<p>\u261110 St\u00fcck in einer Display-Box.<\/p>\n<p>\u2611200 St\u00fcck im Karton.<\/p>\n<p>&nbsp;<\/p>\n<h2>Verf\u00fcgbare Geschmacksrichtungen:<\/h2>\n<p>1. blaubeere himbeere<\/p>\n<p>2.Herr Blau<\/p>\n<p>3. erdbeerige Wassermelone<\/p>\n<p>4. orangefarbene Soda<\/p>\n<p>5. die Wassermelone Kaugummi<\/p>\n<p>6. regenbogenfarbenes Bonbon<\/p>\n<p>7. rosa Limonade<\/p>\n<p>8.pfirsichfarbene Mango-Ananas<\/p>\n<p>9. erdbeere banane<\/p>\n<p>10. \u00fcppiges Eis<\/p>\n<p>11. schwarzer Drache Eis<\/p>\n<p>12.Aloe Traube<\/p>\n<p>13.blaues Razz-Eis<\/p>\n<p>14.Kiwi Passionsfrucht Guave<\/p>\n<p>15. gummib\u00e4rchen<\/p>\n<p>16.k\u00fchle Minze<\/p>\n<p>17.gemischte Beeren<\/p>\n<p>18.himbeere wassermelone<\/p>\n<p>19 Pfirsichlimonade<\/p>\n<p>20.das Guaveneis<\/p>\n<p>&nbsp;<\/p>\n<h2>Verpackung&amp;Gewicht<\/h2>\n<p>0.11KG\/PCS, einzeln mit kleinem Paket, 10 St\u00fcck in einer mittleren Schachtel.<\/p>\n<p>200PCS im Umkarton, 22KG.<\/p>","protected":false},"excerpt":{"rendered":"<p>Der RANDM Tornado 9000 Puffs Einweg-Vape-Gro\u00dfhandel bietet ein langlebiges Design, konsistente Dampfabgabe und eine langlebige Batterie f\u00fcr ein erstklassiges und zuverl\u00e4ssiges Dampferlebnis.<\/p>","protected":false},"featured_media":2347,"comment_status":"closed","ping_status":"closed","template":"","meta":[],"product_brand":[],"product_cat":[22],"product_tag":[389,387,388],"class_list":{"0":"post-2063","1":"product","2":"type-product","3":"status-publish","4":"has-post-thumbnail","6":"product_cat-disposable-vape-sticks","7":"product_tag-randm-tornado-9000","8":"product_tag-randm-vape","9":"product_tag-randm-vape-wholesale","11":"first","12":"instock","13":"shipping-taxable","14":"purchasable","15":"product-type-simple"},"jetpack_sharing_enabled":true,"tiered_pricing_type":"fixed","tiered_pricing_fixed_rules":{"1000":8,"10000":7,"50000":6},"tiered_pricing_product_settings":{"layout":"default","base_unit_name":{"singular":null,"plural":null},"default_variation":null},"tiered_pricing_minimum_quantity":100,"tiered_pricing_roles_data":[],"tiered_pricing_percentage_rules":[],"tiered_pricing_maximum_quantity":null,"tiered_pricing_quantity_step":null,"_links":{"self":[{"href":"https:\/\/cloudsupplyvapes.com\/de\/wp-json\/wp\/v2\/product\/2063","targetHints":{"allow":["GET"]}}],"collection":[{"href":"https:\/\/cloudsupplyvapes.com\/de\/wp-json\/wp\/v2\/product"}],"about":[{"href":"https:\/\/cloudsupplyvapes.com\/de\/wp-json\/wp\/v2\/types\/product"}],"replies":[{"embeddable":true,"href":"https:\/\/cloudsupplyvapes.com\/de\/wp-json\/wp\/v2\/comments?post=2063"}],"wp:featuredmedia":[{"embeddable":true,"href":"https:\/\/cloudsupplyvapes.com\/de\/wp-json\/wp\/v2\/media\/2347"}],"wp:attachment":[{"href":"https:\/\/cloudsupplyvapes.com\/de\/wp-json\/wp\/v2\/media?parent=2063"}],"wp:term":[{"taxonomy":"product_brand","embeddable":true,"href":"https:\/\/cloudsupplyvapes.com\/de\/wp-json\/wp\/v2\/product_brand?post=2063"},{"taxonomy":"product_cat","embeddable":true,"href":"https:\/\/cloudsupplyvapes.com\/de\/wp-json\/wp\/v2\/product_cat?post=2063"},{"taxonomy":"product_tag","embeddable":true,"href":"https:\/\/cloudsupplyvapes.com\/de\/wp-json\/wp\/v2\/product_tag?post=2063"}],"curies":[{"name":"wp","href":"https:\/\/api.w.org\/{rel}","templated":true}]}}