{"id":2065,"date":"2024-10-19T02:23:01","date_gmt":"2024-10-19T02:23:01","guid":{"rendered":"https:\/\/cloudsupplyvapes.com\/?post_type=product&#038;p=2065"},"modified":"2024-11-26T07:33:20","modified_gmt":"2024-11-26T07:33:20","slug":"-76","status":"publish","type":"product","link":"https:\/\/cloudsupplyvapes.com\/de\/product\/randm-glory-4800-puffs-disposable-vape-wholesale\/","title":{"rendered":"RANDM Glory 4800 Puffs Einweg Vape Gro\u00dfhandel kompakte langlebige Design"},"content":{"rendered":"<p><strong>RandM Glory 4800<\/strong>?ist ein Einweg-Vape-Ger\u00e4t mit ordentlichem Design. Es enth\u00e4lt 10ml 0\/2\/3\/5% Nikotinsalz E-Saft und verdampfen bis zu 4800 Z\u00fcge. Es gibt 12 Geschmacksrichtungen f\u00fcr Sie zu w\u00e4hlen. Diese Ger\u00e4te enth\u00e4lt 1100 mah in der Batterie, die bis zum letzten Tropfen ejuice verdampfen kann gebaut.<\/p>\n<h2><b data-stringify-type=\"bold\">RandM Glory Einwegger\u00e4t?Merkmale:<\/b><\/h2>\n<p>?0% 2% 3% 5% Nikotinsalz<br \/>\n? 10ml E-Fl\u00fcssigkeit.<br \/>\n? 4800 Puffs<br \/>\n? Maschenspule<br \/>\n? 1100mAh Akku(18400)<br \/>\n? 12 Geschmacksrichtungen verf\u00fcgbar.<br \/>\n? 10 St\u00fcck in einer Display-Box.<br \/>\n? 300 St\u00fcck in einem Karton.<\/p>\n<h2><b data-stringify-type=\"bold\">Verf\u00fcgbare Geschmacksrichtungen:<\/b><\/h2>\n<p>1.Regenbogen-Bonbon<br \/>\n2. himbeere-erdbeere<br \/>\n3. blaubeere kirsche<br \/>\n4. blaubeereis<br \/>\n5. gemischte Beeren<br \/>\n6. erdbeer-donut<br \/>\n7. traubeneis<br \/>\n8.Minze Menthol<br \/>\n9. tropische Fr\u00fcchte<br \/>\n10. blauer Razzia<br \/>\n11. erdbeerige Guave<br \/>\n12.erdbeer-kiwi-wassermelone<\/p>","protected":false},"excerpt":{"rendered":"<p>RANDM Glory 4800 Puffs Disposable Vape Wholesale bietet ein kompaktes, langlebiges Design mit gleichm\u00e4\u00dfiger Dampfproduktion und problemloser Bedienung und ist somit perfekt f\u00fcr das Dampfen unterwegs.<\/p>","protected":false},"featured_media":2381,"comment_status":"closed","ping_status":"closed","template":"","meta":[],"product_brand":[],"product_cat":[22],"product_tag":[390,387,388],"class_list":{"0":"post-2065","1":"product","2":"type-product","3":"status-publish","4":"has-post-thumbnail","6":"product_cat-disposable-vape-sticks","7":"product_tag-randm-glory-4800","8":"product_tag-randm-vape","9":"product_tag-randm-vape-wholesale","11":"first","12":"instock","13":"shipping-taxable","14":"purchasable","15":"product-type-simple"},"jetpack_sharing_enabled":true,"tiered_pricing_type":"fixed","tiered_pricing_fixed_rules":{"5000":5,"10000":4,"50000":3.899999999999999911182158029987476766109466552734375},"tiered_pricing_product_settings":{"layout":"default","base_unit_name":{"singular":null,"plural":null},"default_variation":null},"tiered_pricing_minimum_quantity":60,"tiered_pricing_roles_data":[],"tiered_pricing_percentage_rules":[],"tiered_pricing_maximum_quantity":null,"tiered_pricing_quantity_step":null,"_links":{"self":[{"href":"https:\/\/cloudsupplyvapes.com\/de\/wp-json\/wp\/v2\/product\/2065","targetHints":{"allow":["GET"]}}],"collection":[{"href":"https:\/\/cloudsupplyvapes.com\/de\/wp-json\/wp\/v2\/product"}],"about":[{"href":"https:\/\/cloudsupplyvapes.com\/de\/wp-json\/wp\/v2\/types\/product"}],"replies":[{"embeddable":true,"href":"https:\/\/cloudsupplyvapes.com\/de\/wp-json\/wp\/v2\/comments?post=2065"}],"wp:featuredmedia":[{"embeddable":true,"href":"https:\/\/cloudsupplyvapes.com\/de\/wp-json\/wp\/v2\/media\/2381"}],"wp:attachment":[{"href":"https:\/\/cloudsupplyvapes.com\/de\/wp-json\/wp\/v2\/media?parent=2065"}],"wp:term":[{"taxonomy":"product_brand","embeddable":true,"href":"https:\/\/cloudsupplyvapes.com\/de\/wp-json\/wp\/v2\/product_brand?post=2065"},{"taxonomy":"product_cat","embeddable":true,"href":"https:\/\/cloudsupplyvapes.com\/de\/wp-json\/wp\/v2\/product_cat?post=2065"},{"taxonomy":"product_tag","embeddable":true,"href":"https:\/\/cloudsupplyvapes.com\/de\/wp-json\/wp\/v2\/product_tag?post=2065"}],"curies":[{"name":"wp","href":"https:\/\/api.w.org\/{rel}","templated":true}]}}