{"id":2151,"date":"2024-10-19T02:23:24","date_gmt":"2024-10-19T02:23:24","guid":{"rendered":"https:\/\/cloudsupplyvapes.com\/?post_type=product&#038;p=2151"},"modified":"2024-11-26T07:30:42","modified_gmt":"2024-11-26T07:30:42","slug":"-77","status":"publish","type":"product","link":"https:\/\/cloudsupplyvapes.com\/de\/product\/randm-crystal-4600-puffs-disposable-vape-pod-device-wholesale\/","title":{"rendered":"RandM Crystal 4600 Puffs Einweg Vape Pod Ger\u00e4t Gro\u00dfhandel kompakte langlebige Design"},"content":{"rendered":"<p><strong>RandM-Kristall<\/strong>?ist ein Einweg-Vape-Ger\u00e4t mit k\u00fchlem Design und es ist wiederaufladbar. Es enth\u00e4lt 10ml 0\/2\/3\/5% Nikotinsalz E-Saft und vape bis zu 4600 Z\u00fcge. Es gibt 12 Geschmacksrichtungen f\u00fcr Sie zu w\u00e4hlen. Die wiederaufladbare Anschluss an der buttom des Ger\u00e4tes gurantting Sie den letzten Tropfen des ejuice in den Tank die ganze Zeit zu beenden.<\/p>\n<h2><b data-stringify-type=\"bold\">RandM Crystal Einwegger\u00e4t?Merkmale:<\/b><\/h2>\n<p>?0% 2% 3% 5% Nikotinsalz<br \/>\n? 10ml E-Fl\u00fcssigkeit.<br \/>\n? 4600 Puffs<br \/>\n? Maschenspule<br \/>\n? 650mah Wiederaufladbar<br \/>\n? 12 Geschmacksrichtungen verf\u00fcgbar.<br \/>\n? 10 St\u00fcck in einer Display-Box.<br \/>\n? 300 St\u00fcck in einem Karton.<\/p>\n<h2><b data-stringify-type=\"bold\">Geschm\u00e4cker<\/b><\/h2>\n<p>1.Herr blau<br \/>\n2. heidelbeer-granatapfel<br \/>\n3. blaubeere himbeere<br \/>\n4. blaubeeriger Kaugummi<br \/>\n5. erdbeereis<br \/>\n6. \u00fcppiges Eis<br \/>\n7. grapefruit eis<br \/>\n8.Tigerblut<br \/>\n9 Pfirsich-Blaubeer-Bonbons<br \/>\n10. pfirsich mango<br \/>\n11. kiwi passionsfrucht guave<br \/>\n12.erdbeer-wassermelone-bubblegum<\/p>","protected":false},"excerpt":{"rendered":"<p>RandM Crystal 4600 Puffs Einweg-Vape-Pod-Ger\u00e4t Gro\u00dfhandel kombiniert ein kompaktes Design, langlebige Konstruktion und glatte Dampf Lieferung f\u00fcr zuverl\u00e4ssige und angenehme vaping Sitzungen.<\/p>","protected":false},"featured_media":2394,"comment_status":"closed","ping_status":"closed","template":"","meta":[],"product_brand":[],"product_cat":[22],"product_tag":[391,387,388],"class_list":{"0":"post-2151","1":"product","2":"type-product","3":"status-publish","4":"has-post-thumbnail","6":"product_cat-disposable-vape-sticks","7":"product_tag-randm-crystal-4600","8":"product_tag-randm-vape","9":"product_tag-randm-vape-wholesale","11":"first","12":"instock","13":"shipping-taxable","14":"purchasable","15":"product-type-simple"},"jetpack_sharing_enabled":true,"tiered_pricing_type":"fixed","tiered_pricing_fixed_rules":{"5000":11,"10000":10,"50000":9},"tiered_pricing_product_settings":{"layout":"default","base_unit_name":{"singular":null,"plural":null},"default_variation":null},"tiered_pricing_minimum_quantity":60,"tiered_pricing_roles_data":[],"tiered_pricing_percentage_rules":[],"tiered_pricing_maximum_quantity":null,"tiered_pricing_quantity_step":null,"_links":{"self":[{"href":"https:\/\/cloudsupplyvapes.com\/de\/wp-json\/wp\/v2\/product\/2151","targetHints":{"allow":["GET"]}}],"collection":[{"href":"https:\/\/cloudsupplyvapes.com\/de\/wp-json\/wp\/v2\/product"}],"about":[{"href":"https:\/\/cloudsupplyvapes.com\/de\/wp-json\/wp\/v2\/types\/product"}],"replies":[{"embeddable":true,"href":"https:\/\/cloudsupplyvapes.com\/de\/wp-json\/wp\/v2\/comments?post=2151"}],"wp:featuredmedia":[{"embeddable":true,"href":"https:\/\/cloudsupplyvapes.com\/de\/wp-json\/wp\/v2\/media\/2394"}],"wp:attachment":[{"href":"https:\/\/cloudsupplyvapes.com\/de\/wp-json\/wp\/v2\/media?parent=2151"}],"wp:term":[{"taxonomy":"product_brand","embeddable":true,"href":"https:\/\/cloudsupplyvapes.com\/de\/wp-json\/wp\/v2\/product_brand?post=2151"},{"taxonomy":"product_cat","embeddable":true,"href":"https:\/\/cloudsupplyvapes.com\/de\/wp-json\/wp\/v2\/product_cat?post=2151"},{"taxonomy":"product_tag","embeddable":true,"href":"https:\/\/cloudsupplyvapes.com\/de\/wp-json\/wp\/v2\/product_tag?post=2151"}],"curies":[{"name":"wp","href":"https:\/\/api.w.org\/{rel}","templated":true}]}}