{"id":2152,"date":"2024-10-19T02:23:25","date_gmt":"2024-10-19T02:23:25","guid":{"rendered":"https:\/\/cloudsupplyvapes.com\/?post_type=product&#038;p=2152"},"modified":"2024-11-26T07:27:34","modified_gmt":"2024-11-26T07:27:34","slug":"randm-tornado-7000-puffs-einweg-vape-groshandel","status":"publish","type":"product","link":"https:\/\/cloudsupplyvapes.com\/de\/product\/randm-tornado-7000-puffs-disposable-vape-wholesale\/","title":{"rendered":"RandM Tornado 7000 Puffs Einweg Vape Gro\u00dfhandel Einstellbare Airflow Langlebiges Design"},"content":{"rendered":"<p>Der RandM Tornado 7000 ist ein wiederaufladbares Einweg-Vape-Ger\u00e4t mit Airflow-Kontrolle, mit einem wiederaufladbaren Typ-C-Anschluss an der Unterseite des Ger\u00e4ts, das 7000 Z\u00fcge rauchen kann, eine eingebaute 850 mAh Akku mit hoher Kapazit\u00e4t und 14 ml e-Fl\u00fcssigkeit Kapazit\u00e4t 5% Nikotinsalz e-Zigarette \u00d6l, mit einer Vielzahl von Aromen f\u00fcr Sie zu w\u00e4hlen.<\/p>\n<p>&nbsp;<\/p>\n<h2>Geschm\u00e4cker<\/h2>\n<p>\u00dcppiges Eis<\/p>\n<p>K\u00fchle Minze<\/p>\n<p>Erdbeer-Donut<\/p>\n<p>Mandarinen-Eis<\/p>\n<p>Gummib\u00e4rchen<\/p>\n<p>Mango auf Eis<\/p>\n<p>Heidelbeere auf Eis<\/p>\n<p>Pfirsich-Eis<\/p>\n<p>Bananeneis<\/p>\n<p>Rosa Limonade<\/p>\n<p>Traubeneis<\/p>\n<p>Pina Colada Rum<\/p>\n<p>Gemischte Beeren<\/p>\n<p>Erdbeere Wassermelone<\/p>\n<p>Ananaseis<\/p>\n<p>Bananen-Milchshake<\/p>\n<p>Roter Apfel-Zitrone<\/p>\n<p>Erdbeere-Banane<\/p>\n<p>Erdbeereis<\/p>\n<p>Zuckerwatte<\/p>\n<p>&nbsp;<\/p>\n<h2>Verpackung &amp; Gewicht<\/h2>\n<p>0.08KG\/PCS, einzeln mit kleiner Verpackung, 10 St\u00fcck in einer mittleren Schachtel.<\/p>\n<p>240PCS im Umkarton, 17KG.<\/p>","protected":false},"excerpt":{"rendered":"<p>RandM Tornado 7000 Puffs Disposable Vape Wholesale verf\u00fcgt \u00fcber einen einstellbaren Luftstrom, eine robuste Konstruktion und eine reichhaltige Dampfabgabe f\u00fcr anpassbare und befriedigende Verdampfungssessions.<\/p>","protected":false},"featured_media":2406,"comment_status":"closed","ping_status":"closed","template":"","meta":[],"product_brand":[],"product_cat":[22],"product_tag":[342,388,392],"class_list":{"0":"post-2152","1":"product","2":"type-product","3":"status-publish","4":"has-post-thumbnail","6":"product_cat-disposable-vape-sticks","7":"product_tag-randm-tornado-7000","8":"product_tag-randm-vape-wholesale","9":"product_tag-tornado-7000","11":"first","12":"instock","13":"shipping-taxable","14":"purchasable","15":"product-type-simple"},"jetpack_sharing_enabled":true,"tiered_pricing_type":"fixed","tiered_pricing_fixed_rules":{"1000":7,"10000":6,"50000":5},"tiered_pricing_product_settings":{"layout":"default","base_unit_name":{"singular":null,"plural":null},"default_variation":null},"tiered_pricing_minimum_quantity":500,"tiered_pricing_roles_data":[],"tiered_pricing_percentage_rules":[],"tiered_pricing_maximum_quantity":null,"tiered_pricing_quantity_step":null,"_links":{"self":[{"href":"https:\/\/cloudsupplyvapes.com\/de\/wp-json\/wp\/v2\/product\/2152","targetHints":{"allow":["GET"]}}],"collection":[{"href":"https:\/\/cloudsupplyvapes.com\/de\/wp-json\/wp\/v2\/product"}],"about":[{"href":"https:\/\/cloudsupplyvapes.com\/de\/wp-json\/wp\/v2\/types\/product"}],"replies":[{"embeddable":true,"href":"https:\/\/cloudsupplyvapes.com\/de\/wp-json\/wp\/v2\/comments?post=2152"}],"wp:featuredmedia":[{"embeddable":true,"href":"https:\/\/cloudsupplyvapes.com\/de\/wp-json\/wp\/v2\/media\/2406"}],"wp:attachment":[{"href":"https:\/\/cloudsupplyvapes.com\/de\/wp-json\/wp\/v2\/media?parent=2152"}],"wp:term":[{"taxonomy":"product_brand","embeddable":true,"href":"https:\/\/cloudsupplyvapes.com\/de\/wp-json\/wp\/v2\/product_brand?post=2152"},{"taxonomy":"product_cat","embeddable":true,"href":"https:\/\/cloudsupplyvapes.com\/de\/wp-json\/wp\/v2\/product_cat?post=2152"},{"taxonomy":"product_tag","embeddable":true,"href":"https:\/\/cloudsupplyvapes.com\/de\/wp-json\/wp\/v2\/product_tag?post=2152"}],"curies":[{"name":"wp","href":"https:\/\/api.w.org\/{rel}","templated":true}]}}