{"id":2153,"date":"2024-10-19T02:23:25","date_gmt":"2024-10-19T02:23:25","guid":{"rendered":"https:\/\/cloudsupplyvapes.com\/?post_type=product&#038;p=2153"},"modified":"2024-11-26T07:27:51","modified_gmt":"2024-11-26T07:27:51","slug":"randm-dazzle-5000-puffs-einweg-vape-groshandel-2","status":"publish","type":"product","link":"https:\/\/cloudsupplyvapes.com\/de\/product\/randm-dazzle-5000-puffs-disposable-vape-wholesale\/","title":{"rendered":"RANDM Dazzle 5000 Puffs Disposable Vape Gro\u00dfhandel Leichtgewicht Hassle-Free Vape"},"content":{"rendered":"<p><strong>RandM Dazzle 5000<\/strong>?ist ein Einweg-Vape-Ger\u00e4t mit beliebten klaren Tank, bunte RGB-Licht und es ist nachf\u00fcllbar. Es enth\u00e4lt 10ml?0\/2\/3\/5%?Nikotinsalz E-Saft und vape bis zu 5000 Z\u00fcge. Es gibt 20 Geschmacksrichtungen f\u00fcr Sie zu w\u00e4hlen. Die RGB-Licht macht es die coolsten Einweg-Ger\u00e4t plus es kommt mit einem wiederaufladbaren USB-Anschluss an der Unterseite des Ger\u00e4ts, die gurantte Sie beenden den letzten Tropfen des ejuice in den Tank und Licht leuchtet die ganze Zeit.<\/p>\n<h2><b data-stringify-type=\"bold\">RandM Dazzle 5000 Einwegger\u00e4t?Merkmale:<\/b><\/h2>\n<p>?0\/2\/3\/5%?Nikotinsalz.<br \/>\n?10ML von E-Fl\u00fcssigkeit.<br \/>\n?5000 Puffs pro Ger\u00e4t.<br \/>\n?6 Farben RGB-Licht<br \/>\n?wiederaufladbare Batterie<br \/>\n?Tank Refillale<br \/>\nIntegrierter 1000mAh Akku.<br \/>\n?12 Geschmacksrichtungen verf\u00fcgbar.<br \/>\n?10 St\u00fcck in einer Display-Box.<br \/>\n?300 St\u00fcck in einem Karton.<\/p>\n<h2><b data-stringify-type=\"bold\">Geschm\u00e4cker<\/b><\/h2>\n<p>1.\u00fcppiges ICE<br \/>\n2. erdbeerjoghurt<br \/>\n3. bananeneis<br \/>\n4. blaues Razz-Eis<br \/>\n5. orangefarbene Soda<br \/>\n6. gummib\u00e4rchen<br \/>\n7.stawberry watermelon<br \/>\n8.Baumwollbirnen<br \/>\n9. granatapfel<br \/>\n10.Pfirsich-Eiscreme<br \/>\n11.roter Apfel Meloneneis<br \/>\n12.Beeren mischen<br \/>\n13. k\u00e4sekuchen mit Wassermelone<br \/>\n14. traubeneis<br \/>\n15 Mango-Guave<br \/>\n16 Tabacco<br \/>\n17 Kiwi-Beere<br \/>\n18 K\u00fchle Minze<br \/>\n19 Erdbeer-Litschi<br \/>\n20 Aloe Traube<\/p>","protected":false},"excerpt":{"rendered":"<p>RANDM Dazzle 5000 Puffs Einweg-Vape-Gro\u00dfhandel bietet ein leichtes und problemloses Design, liefert glatten Dampf und konsistente Leistung f\u00fcr ein Premium-Vaping-Erlebnis.<\/p>","protected":false},"featured_media":2427,"comment_status":"closed","ping_status":"closed","template":"","meta":[],"product_brand":[],"product_cat":[22],"product_tag":[338,387,388],"class_list":{"0":"post-2153","1":"product","2":"type-product","3":"status-publish","4":"has-post-thumbnail","6":"product_cat-disposable-vape-sticks","7":"product_tag-randm-dazzle-5000","8":"product_tag-randm-vape","9":"product_tag-randm-vape-wholesale","11":"first","12":"instock","13":"virtual","14":"purchasable","15":"product-type-simple"},"jetpack_sharing_enabled":true,"tiered_pricing_type":"fixed","tiered_pricing_fixed_rules":{"5000":11,"10000":10,"50000":9},"tiered_pricing_product_settings":{"layout":"default","base_unit_name":{"singular":null,"plural":null},"default_variation":null},"tiered_pricing_minimum_quantity":60,"tiered_pricing_roles_data":[],"tiered_pricing_percentage_rules":[],"tiered_pricing_maximum_quantity":null,"tiered_pricing_quantity_step":null,"_links":{"self":[{"href":"https:\/\/cloudsupplyvapes.com\/de\/wp-json\/wp\/v2\/product\/2153","targetHints":{"allow":["GET"]}}],"collection":[{"href":"https:\/\/cloudsupplyvapes.com\/de\/wp-json\/wp\/v2\/product"}],"about":[{"href":"https:\/\/cloudsupplyvapes.com\/de\/wp-json\/wp\/v2\/types\/product"}],"replies":[{"embeddable":true,"href":"https:\/\/cloudsupplyvapes.com\/de\/wp-json\/wp\/v2\/comments?post=2153"}],"wp:featuredmedia":[{"embeddable":true,"href":"https:\/\/cloudsupplyvapes.com\/de\/wp-json\/wp\/v2\/media\/2427"}],"wp:attachment":[{"href":"https:\/\/cloudsupplyvapes.com\/de\/wp-json\/wp\/v2\/media?parent=2153"}],"wp:term":[{"taxonomy":"product_brand","embeddable":true,"href":"https:\/\/cloudsupplyvapes.com\/de\/wp-json\/wp\/v2\/product_brand?post=2153"},{"taxonomy":"product_cat","embeddable":true,"href":"https:\/\/cloudsupplyvapes.com\/de\/wp-json\/wp\/v2\/product_cat?post=2153"},{"taxonomy":"product_tag","embeddable":true,"href":"https:\/\/cloudsupplyvapes.com\/de\/wp-json\/wp\/v2\/product_tag?post=2153"}],"curies":[{"name":"wp","href":"https:\/\/api.w.org\/{rel}","templated":true}]}}