{"id":2154,"date":"2024-10-19T02:23:25","date_gmt":"2024-10-19T02:23:25","guid":{"rendered":"https:\/\/cloudsupplyvapes.com\/?post_type=product&#038;p=2154"},"modified":"2024-11-26T07:29:32","modified_gmt":"2024-11-26T07:29:32","slug":"-78","status":"publish","type":"product","link":"https:\/\/cloudsupplyvapes.com\/de\/product\/randm-tornado-6000-puffs-disposable-vape-wholesale\/","title":{"rendered":"RANDM Tornado 6000 Puffs Einweg Vape Gro\u00dfhandel kompakte langlebige Design"},"content":{"rendered":"<p><strong>RandM Tornado<\/strong> 6000 ist ein Einweg-Vape-Ger\u00e4t mit Airflow-Steuerung und es ist wiederaufladbar. Es enth\u00e4lt 12ml 0\/2\/3\/5% Nikotinsalz E-Saft und verdampfen bis zu 6000 Z\u00fcge. Es gibt 30 Geschmacksrichtungen f\u00fcr Sie zu w\u00e4hlen. Die Luftstromsteuerung k\u00f6nnen Sie die beste Stelle w\u00e4hlen Sie sich selbst und es kommt mit einem wiederaufladbaren Typ-C-Anschluss an der Unterseite des Ger\u00e4ts, die Sie beenden den letzten Tropfen des ejuice in den Tank die ganze Zeit gurantte.<\/p>\n<h2><b data-stringify-type=\"bold\">RandM Tornado 6000 Einwegger\u00e4t Merkmale:<\/b><\/h2>\n<p>?0\/2\/3\/5% Nikotinsalz<br \/>\n?12ML von E-Fl\u00fcssigkeit<br \/>\n?6000 Puffs pro Ger\u00e4t<br \/>\n?Luftstromregelung<br \/>\n?Typ-C Aufladung<br \/>\n?wiederaufladbare Batterie<br \/>\n?integrierter 850mAh Akku<br \/>\n?30 Geschmacksrichtungen verf\u00fcgbar<br \/>\n?10 St\u00fcck in einem Displaykarton<br \/>\n?240St\u00fcck in einem Karton \/ 17KG<\/p>\n<h2><b data-stringify-type=\"bold\">RandM Tornado 6000 Geschmacksrichtungen verf\u00fcgbar:<\/b><\/h2>\n<p>1 roter Apfel-Zitrone<br \/>\n2 Pina Colada Rum<br \/>\n3 Gummib\u00e4rchen<br \/>\n4 K\u00fchle Minze<br \/>\n5 Energie?Getr\u00e4nk<br \/>\n6 Weintraube ICE<br \/>\n7 Erdbeer-Donut<br \/>\n8 Fruchtfusion<br \/>\n9 Orange?Soda<br \/>\n10 Banane-Milch<br \/>\n11 Mango-Erdbeer-Eis<br \/>\n12. \u00fcppiges Eis<br \/>\n13. gemischte Beeren<br \/>\n14. erdbeerige Wassermelone<br \/>\n15.blaues Razz-Eis<br \/>\n16.Kegeln<br \/>\n17. erdbeereis<br \/>\n18.Zuckerwatte<br \/>\n19,Banane Vanilleeis<br \/>\n20.Doppelter Apfel<br \/>\n21.ananas-zitrone-minze<br \/>\n22 Blaubeere-Himbeere<br \/>\n23.blaue saure Himbeere<br \/>\n24.Mr. blau<br \/>\n25. ein Einhorn-Shake<br \/>\n26 Blaubeere-Granatapfel<br \/>\n27.erdbeer-wassermelone-kaugummi<br \/>\n28. kiwi passionsfrucht guave<br \/>\n29,Beerenlimonade<br \/>\n30.Vimto<\/p>\n<p><a href=\"https:\/\/i0.wp.com\/www.vape4wholesale.com\/wp-content\/uploads\/2022\/07\/RANDM-Tornado-6000-Puffs-Disposable-Vape-Wholesale-Banana-Milk.jpg?ssl=1\" target=\"_blank\" rel=\"noopener\"><img data-recalc-dims=\"1\" loading=\"lazy\" decoding=\"async\" class=\"alignnone size-full wp-image-5695\" title=\"RANDM Tornado 6000 Puffs Einweg Vape Gro\u00dfhandel Bananenmilch\" src=\"https:\/\/i0.wp.com\/www.vape4wholesale.com\/wp-content\/uploads\/2022\/07\/RANDM-Tornado-6000-Puffs-Disposable-Vape-Wholesale-Banana-Milk.jpg?resize=590%2C545&#038;ssl=1\" alt=\"RANDM Tornado 6000 Puffs Einweg Vape Gro\u00dfhandel Bananenmilch\" width=\"590\" height=\"545\" \/><\/a> <a href=\"https:\/\/i0.wp.com\/www.vape4wholesale.com\/wp-content\/uploads\/2022\/07\/RANDM-Tornado-6000-Puffs-Disposable-Vape-Wholesale-Cool-Mint.jpg?ssl=1\" target=\"_blank\" rel=\"noopener\"><img data-recalc-dims=\"1\" loading=\"lazy\" decoding=\"async\" class=\"alignnone size-full wp-image-5699\" title=\"RANDM Tornado 6000 Puffs Einweg Vape Gro\u00dfhandel Cool Mint\" src=\"https:\/\/i0.wp.com\/www.vape4wholesale.com\/wp-content\/uploads\/2022\/07\/RANDM-Tornado-6000-Puffs-Disposable-Vape-Wholesale-Cool-Mint.jpg?resize=590%2C545&#038;ssl=1\" alt=\"RANDM Tornado 6000 Puffs Einweg Vape Gro\u00dfhandel Cool Mint\" width=\"590\" height=\"545\" \/><\/a> <a href=\"https:\/\/i0.wp.com\/www.vape4wholesale.com\/wp-content\/uploads\/2022\/07\/RANDM-Tornado-6000-Puffs-Disposable-Vape-Wholesale-Energy-Drink.jpg?ssl=1\" target=\"_blank\" rel=\"noopener\"><img data-recalc-dims=\"1\" loading=\"lazy\" decoding=\"async\" class=\"alignnone size-full wp-image-5703\" title=\"RANDM Tornado 6000 Puffs Einweg Vape Gro\u00dfhandel Energy Drink\" src=\"https:\/\/i0.wp.com\/www.vape4wholesale.com\/wp-content\/uploads\/2022\/07\/RANDM-Tornado-6000-Puffs-Disposable-Vape-Wholesale-Energy-Drink.jpg?resize=590%2C545&#038;ssl=1\" alt=\"RANDM Tornado 6000 Puffs Einweg Vape Gro\u00dfhandel Energy Drink\" width=\"590\" height=\"545\" \/><\/a> <a href=\"https:\/\/i0.wp.com\/www.vape4wholesale.com\/wp-content\/uploads\/2022\/07\/RANDM-Tornado-6000-Puffs-Disposable-Vape-Wholesale-Fruit-Fusion.jpg?ssl=1\" target=\"_blank\" rel=\"noopener\"><img data-recalc-dims=\"1\" loading=\"lazy\" decoding=\"async\" class=\"alignnone size-full wp-image-5707\" title=\"RANDM Tornado 6000 Puffs Einweg Vape Gro\u00dfhandel Obst Fusion\" src=\"https:\/\/i0.wp.com\/www.vape4wholesale.com\/wp-content\/uploads\/2022\/07\/RANDM-Tornado-6000-Puffs-Disposable-Vape-Wholesale-Fruit-Fusion.jpg?resize=590%2C545&#038;ssl=1\" alt=\"RANDM Tornado 6000 Puffs Einweg Vape Gro\u00dfhandel Obst Fusion\" width=\"590\" height=\"545\" \/><\/a> <a href=\"https:\/\/i0.wp.com\/www.vape4wholesale.com\/wp-content\/uploads\/2022\/07\/RANDM-Tornado-6000-Puffs-Disposable-Vape-Wholesale-Grape-ICE.jpg?ssl=1\" target=\"_blank\" rel=\"noopener\"><img data-recalc-dims=\"1\" loading=\"lazy\" decoding=\"async\" class=\"alignnone size-full wp-image-5711\" title=\"RANDM Tornado 6000 Puffs Einweg Vape Gro\u00dfhandel Traube ICE\" src=\"https:\/\/i0.wp.com\/www.vape4wholesale.com\/wp-content\/uploads\/2022\/07\/RANDM-Tornado-6000-Puffs-Disposable-Vape-Wholesale-Grape-ICE.jpg?resize=590%2C545&#038;ssl=1\" alt=\"RANDM Tornado 6000 Puffs Einweg Vape Gro\u00dfhandel Traube ICE\" width=\"590\" height=\"545\" \/><\/a> <a href=\"https:\/\/i0.wp.com\/www.vape4wholesale.com\/wp-content\/uploads\/2022\/07\/RANDM-Tornado-6000-Puffs-Disposable-Vape-Wholesale-Gummy-Bear.jpg?ssl=1\" target=\"_blank\" rel=\"noopener\"><img data-recalc-dims=\"1\" loading=\"lazy\" decoding=\"async\" class=\"alignnone size-full wp-image-5715\" title=\"RANDM Tornado 6000 Puffs Einweg Vape Gro\u00dfhandel Gummib\u00e4rchen\" src=\"https:\/\/i0.wp.com\/www.vape4wholesale.com\/wp-content\/uploads\/2022\/07\/RANDM-Tornado-6000-Puffs-Disposable-Vape-Wholesale-Gummy-Bear.jpg?resize=590%2C545&#038;ssl=1\" alt=\"RANDM Tornado 6000 Puffs Einweg Vape Gro\u00dfhandel Gummib\u00e4rchen\" width=\"590\" height=\"545\" \/><\/a> <a href=\"https:\/\/i0.wp.com\/www.vape4wholesale.com\/wp-content\/uploads\/2022\/07\/RANDM-Tornado-6000-Puffs-Disposable-Vape-Wholesale-Lush-Ice.jpg?ssl=1\" target=\"_blank\" rel=\"noopener\"><img data-recalc-dims=\"1\" loading=\"lazy\" decoding=\"async\" class=\"alignnone size-full wp-image-5719\" title=\"RANDM Tornado 6000 Puffs Einweg Vape Gro\u00dfhandel Lush Ice\" src=\"https:\/\/i0.wp.com\/www.vape4wholesale.com\/wp-content\/uploads\/2022\/07\/RANDM-Tornado-6000-Puffs-Disposable-Vape-Wholesale-Lush-Ice.jpg?resize=590%2C545&#038;ssl=1\" alt=\"RANDM Tornado 6000 Puffs Einweg Vape Gro\u00dfhandel Lush Ice\" width=\"590\" height=\"545\" \/><\/a> <a href=\"https:\/\/i0.wp.com\/www.vape4wholesale.com\/wp-content\/uploads\/2022\/07\/RANDM-Tornado-6000-Puffs-Disposable-Vape-Wholesale-Mango-Strawberry-ice.jpg?ssl=1\" target=\"_blank\" rel=\"noopener\"><img data-recalc-dims=\"1\" loading=\"lazy\" decoding=\"async\" class=\"alignnone size-full wp-image-5723\" title=\"RANDM Tornado 6000 Puffs Einweg Vape Gro\u00dfhandel Mango Erdbeere Eis\" src=\"https:\/\/i0.wp.com\/www.vape4wholesale.com\/wp-content\/uploads\/2022\/07\/RANDM-Tornado-6000-Puffs-Disposable-Vape-Wholesale-Mango-Strawberry-ice.jpg?resize=590%2C545&#038;ssl=1\" alt=\"RANDM Tornado 6000 Puffs Einweg Vape Gro\u00dfhandel Mango Erdbeere Eis\" width=\"590\" height=\"545\" \/><\/a> <a href=\"https:\/\/i0.wp.com\/www.vape4wholesale.com\/wp-content\/uploads\/2022\/07\/RANDM-Tornado-6000-Puffs-Disposable-Vape-Wholesale-Orange-Soda.jpg?ssl=1\" target=\"_blank\" rel=\"noopener\"><img data-recalc-dims=\"1\" loading=\"lazy\" decoding=\"async\" class=\"alignnone size-full wp-image-5727\" title=\"RANDM Tornado 6000 Puffs Einweg Vape Gro\u00dfhandel Orange Soda\" src=\"https:\/\/i0.wp.com\/www.vape4wholesale.com\/wp-content\/uploads\/2022\/07\/RANDM-Tornado-6000-Puffs-Disposable-Vape-Wholesale-Orange-Soda.jpg?resize=590%2C545&#038;ssl=1\" alt=\"RANDM Tornado 6000 Puffs Einweg Vape Gro\u00dfhandel Orange Soda\" width=\"590\" height=\"545\" \/><\/a> <a href=\"https:\/\/i0.wp.com\/www.vape4wholesale.com\/wp-content\/uploads\/2022\/07\/RANDM-Tornado-6000-Puffs-Disposable-Vape-Wholesale-Pina-Colada-Rum.jpg?ssl=1\" target=\"_blank\" rel=\"noopener\"><img data-recalc-dims=\"1\" loading=\"lazy\" decoding=\"async\" class=\"alignnone size-full wp-image-5731\" title=\"RANDM Tornado 6000 Puffs Einweg Vape Gro\u00dfhandel Pina Colada Rum\" src=\"https:\/\/i0.wp.com\/www.vape4wholesale.com\/wp-content\/uploads\/2022\/07\/RANDM-Tornado-6000-Puffs-Disposable-Vape-Wholesale-Pina-Colada-Rum.jpg?resize=590%2C545&#038;ssl=1\" alt=\"RANDM Tornado 6000 Puffs Einweg Vape Gro\u00dfhandel Pina Colada Rum\" width=\"590\" height=\"545\" \/><\/a> <a href=\"https:\/\/i0.wp.com\/www.vape4wholesale.com\/wp-content\/uploads\/2022\/07\/RANDM-Tornado-6000-Puffs-Disposable-Vape-Wholesale-Red-Apple-lemon.jpg?ssl=1\" target=\"_blank\" rel=\"noopener\"><img data-recalc-dims=\"1\" loading=\"lazy\" decoding=\"async\" class=\"alignnone size-full wp-image-5735\" title=\"RANDM Tornado 6000 Puffs Einweg Vape Gro\u00dfhandel roten Apfel Zitrone\" src=\"https:\/\/i0.wp.com\/www.vape4wholesale.com\/wp-content\/uploads\/2022\/07\/RANDM-Tornado-6000-Puffs-Disposable-Vape-Wholesale-Red-Apple-lemon.jpg?resize=590%2C545&#038;ssl=1\" alt=\"RANDM Tornado 6000 Puffs Einweg Vape Gro\u00dfhandel roten Apfel Zitrone\" width=\"590\" height=\"545\" \/><\/a> <a href=\"https:\/\/i0.wp.com\/www.vape4wholesale.com\/wp-content\/uploads\/2022\/07\/RANDM-Tornado-6000-Puffs-Disposable-Vape-Wholesale-Strawberry-Donut.jpg?ssl=1\" target=\"_blank\" rel=\"noopener\"><img data-recalc-dims=\"1\" loading=\"lazy\" decoding=\"async\" class=\"alignnone size-full wp-image-5739\" title=\"RANDM Tornado 6000 Puffs Einweg Vape Gro\u00dfhandel Erdbeere Donut\" src=\"https:\/\/i0.wp.com\/www.vape4wholesale.com\/wp-content\/uploads\/2022\/07\/RANDM-Tornado-6000-Puffs-Disposable-Vape-Wholesale-Strawberry-Donut.jpg?resize=590%2C545&#038;ssl=1\" alt=\"RANDM Tornado 6000 Puffs Einweg Vape Gro\u00dfhandel Erdbeere Donut\" width=\"590\" height=\"545\" \/><\/a> <a href=\"https:\/\/i0.wp.com\/www.vape4wholesale.com\/wp-content\/uploads\/2022\/07\/RANDM-Tornado-6000-Puffs-Disposable-Vape-Wholesale.jpg?ssl=1\" target=\"_blank\" rel=\"noopener\"><img data-recalc-dims=\"1\" loading=\"lazy\" decoding=\"async\" class=\"alignnone size-full wp-image-5743\" title=\"RANDM Tornado 6000 Puffs Einweg Vape Gro\u00dfhandel\" src=\"https:\/\/i0.wp.com\/www.vape4wholesale.com\/wp-content\/uploads\/2022\/07\/RANDM-Tornado-6000-Puffs-Disposable-Vape-Wholesale.jpg?resize=590%2C504&#038;ssl=1\" alt=\"RANDM Tornado 6000 Puffs Einweg Vape Gro\u00dfhandel\" width=\"590\" height=\"504\" \/><\/a><\/p>","protected":false},"excerpt":{"rendered":"<p>Der RANDM Tornado 6000 Puffs Einweg-Vape-Gro\u00dfhandel verf\u00fcgt \u00fcber ein kompaktes, langlebiges Design mit einstellbarem Luftstrom, der eine gleichm\u00e4\u00dfige Dampfabgabe und zufriedenstellende Verdampfungssitzungen gew\u00e4hrleistet.<\/p>","protected":false},"featured_media":2440,"comment_status":"closed","ping_status":"closed","template":"","meta":[],"product_brand":[],"product_cat":[22],"product_tag":[339,387,388],"class_list":{"0":"post-2154","1":"product","2":"type-product","3":"status-publish","4":"has-post-thumbnail","6":"product_cat-disposable-vape-sticks","7":"product_tag-randm-tornado-6000","8":"product_tag-randm-vape","9":"product_tag-randm-vape-wholesale","11":"first","12":"instock","13":"shipping-taxable","14":"purchasable","15":"product-type-simple"},"jetpack_sharing_enabled":true,"tiered_pricing_type":"fixed","tiered_pricing_fixed_rules":{"5000":7,"10000":6,"50000":5},"tiered_pricing_product_settings":{"layout":"default","base_unit_name":{"singular":null,"plural":null},"default_variation":null},"tiered_pricing_minimum_quantity":60,"tiered_pricing_roles_data":[],"tiered_pricing_percentage_rules":[],"tiered_pricing_maximum_quantity":null,"tiered_pricing_quantity_step":null,"_links":{"self":[{"href":"https:\/\/cloudsupplyvapes.com\/de\/wp-json\/wp\/v2\/product\/2154","targetHints":{"allow":["GET"]}}],"collection":[{"href":"https:\/\/cloudsupplyvapes.com\/de\/wp-json\/wp\/v2\/product"}],"about":[{"href":"https:\/\/cloudsupplyvapes.com\/de\/wp-json\/wp\/v2\/types\/product"}],"replies":[{"embeddable":true,"href":"https:\/\/cloudsupplyvapes.com\/de\/wp-json\/wp\/v2\/comments?post=2154"}],"wp:featuredmedia":[{"embeddable":true,"href":"https:\/\/cloudsupplyvapes.com\/de\/wp-json\/wp\/v2\/media\/2440"}],"wp:attachment":[{"href":"https:\/\/cloudsupplyvapes.com\/de\/wp-json\/wp\/v2\/media?parent=2154"}],"wp:term":[{"taxonomy":"product_brand","embeddable":true,"href":"https:\/\/cloudsupplyvapes.com\/de\/wp-json\/wp\/v2\/product_brand?post=2154"},{"taxonomy":"product_cat","embeddable":true,"href":"https:\/\/cloudsupplyvapes.com\/de\/wp-json\/wp\/v2\/product_cat?post=2154"},{"taxonomy":"product_tag","embeddable":true,"href":"https:\/\/cloudsupplyvapes.com\/de\/wp-json\/wp\/v2\/product_tag?post=2154"}],"curies":[{"name":"wp","href":"https:\/\/api.w.org\/{rel}","templated":true}]}}