{"id":2155,"date":"2024-10-19T02:23:25","date_gmt":"2024-10-19T02:23:25","guid":{"rendered":"https:\/\/cloudsupplyvapes.com\/?post_type=product&#038;p=2155"},"modified":"2024-11-26T07:29:48","modified_gmt":"2024-11-26T07:29:48","slug":"-79","status":"publish","type":"product","link":"https:\/\/cloudsupplyvapes.com\/de\/product\/randm-squid-box-5200-puffs-disposable-vape-wholesale-2\/","title":{"rendered":"RandM Squid Box 5200 Puffs Einweg Vape Gro\u00dfhandel hohe Kapazit\u00e4t leichtes Build"},"content":{"rendered":"<p><strong>RandM S<\/strong><span style=\"font-size: 14.4px;\">i<\/span><strong style=\"font-size: 14.4px;\">quid Box 5200<\/strong><span style=\"font-size: 14.4px;\"> i<\/span><span style=\"font-size: 14.4px;\">s ein Einweg-Vape-Ger\u00e4t mit coolem Design und es ist wiederaufladbar. Es enth\u00e4lt 12ml 0\/2\/3\/5% Nikotinsalz E-Saft und verdampfen bis zu 5200 Z\u00fcge. Es gibt 20 Geschmacksrichtungen f\u00fcr Sie zu w\u00e4hlen. Die wiederaufladbare Typ-C-Anschluss an der buttom des Ger\u00e4tes gurantting Sie den letzten Tropfen des ejuice in den Tank die ganze Zeit zu beenden.<\/span><\/p>\n<h2><b data-stringify-type=\"bold\">RandM Squid Box 5200 Einwegger\u00e4t Merkmale:<\/b><\/h2>\n<p>?0\/2\/3\/5%?Nikotinsalz.<br \/>\n?12ML von E-Fl\u00fcssigkeit.<br \/>\n?Mesh-Spule<br \/>\n?wiederaufladbare Batterie<br \/>\nIntegrierter 850mAh Akku.<br \/>\n?20 Geschmacksrichtungen verf\u00fcgbar.<br \/>\n?10 St\u00fcck in einer Display-Box.<br \/>\n?240 St\u00fcck in einem Karton.<\/p>\n<h2><b data-stringify-type=\"bold\">Verf\u00fcgbare Geschmacksrichtungen:<\/b><\/h2>\n<p>1. erdbeerige Kiwi<br \/>\n2. blaubeereis<br \/>\n3. \u00fcppiges Eis<br \/>\n4. zuckerwatte<br \/>\n5. gemischte Beeren<br \/>\n6. bananeneis<br \/>\n7. erdbeerige Lychee<br \/>\n8.M\u00fcnze<br \/>\n9.die Aloe-Traube<br \/>\n10. pfirsich-mango<\/p>\n<p><a href=\"https:\/\/i0.wp.com\/www.vape4wholesale.com\/wp-content\/uploads\/2022\/07\/RandM-Squid-Box-5200-Puffs-Disposable-Vape-Wholesale.jpg?ssl=1\" target=\"_blank\" rel=\"noopener\"><img data-recalc-dims=\"1\" loading=\"lazy\" decoding=\"async\" class=\"alignnone size-full wp-image-5825\" title=\"RandM Squid Box 5200 Puffs Einweg Vape Gro\u00dfhandel\" src=\"https:\/\/i0.wp.com\/www.vape4wholesale.com\/wp-content\/uploads\/2022\/07\/RandM-Squid-Box-5200-Puffs-Disposable-Vape-Wholesale.jpg?resize=590%2C504&#038;ssl=1\" alt=\"RandM Squid Box 5200 Puffs Einweg Vape Gro\u00dfhandel\" width=\"590\" height=\"504\" \/><\/a> <a href=\"https:\/\/i0.wp.com\/www.vape4wholesale.com\/wp-content\/uploads\/2022\/07\/RandM-Squid-Box-5200-Puffs-Disposable-Vape-Wholesale-Strawberry-Lychee.jpg?ssl=1\" target=\"_blank\" rel=\"noopener\"><img data-recalc-dims=\"1\" loading=\"lazy\" decoding=\"async\" class=\"alignnone size-full wp-image-5821\" title=\"RandM Squid Box 5200 Puffs Einweg Vape Gro\u00dfhandel Erdbeere Lychee\" src=\"https:\/\/i0.wp.com\/www.vape4wholesale.com\/wp-content\/uploads\/2022\/07\/RandM-Squid-Box-5200-Puffs-Disposable-Vape-Wholesale-Strawberry-Lychee.jpg?resize=590%2C590&#038;ssl=1\" alt=\"RandM Squid Box 5200 Puffs Einweg Vape Gro\u00dfhandel Erdbeere Lychee\" width=\"590\" height=\"590\" \/><\/a> <a href=\"https:\/\/i0.wp.com\/www.vape4wholesale.com\/wp-content\/uploads\/2022\/07\/RandM-Squid-Box-5200-Puffs-Disposable-Vape-Wholesale-Strawberry-Kiwi.jpg?ssl=1\" target=\"_blank\" rel=\"noopener\"><img data-recalc-dims=\"1\" loading=\"lazy\" decoding=\"async\" class=\"alignnone size-full wp-image-5817\" title=\"RandM Squid Box 5200 Puffs Einweg Vape Gro\u00dfhandel Erdbeere Kiwi\" src=\"https:\/\/i0.wp.com\/www.vape4wholesale.com\/wp-content\/uploads\/2022\/07\/RandM-Squid-Box-5200-Puffs-Disposable-Vape-Wholesale-Strawberry-Kiwi.jpg?resize=590%2C590&#038;ssl=1\" alt=\"RandM Squid Box 5200 Puffs Einweg Vape Gro\u00dfhandel Erdbeere Kiwi\" width=\"590\" height=\"590\" \/><\/a> <a href=\"https:\/\/i0.wp.com\/www.vape4wholesale.com\/wp-content\/uploads\/2022\/07\/RandM-Squid-Box-5200-Puffs-Disposable-Vape-Wholesale-Peach-Mango.jpg?ssl=1\" target=\"_blank\" rel=\"noopener\"><img data-recalc-dims=\"1\" loading=\"lazy\" decoding=\"async\" class=\"alignnone size-full wp-image-5813\" title=\"RandM Squid Box 5200 Puffs Einweg Vape Gro\u00dfhandel Pfirsich Mango\" src=\"https:\/\/i0.wp.com\/www.vape4wholesale.com\/wp-content\/uploads\/2022\/07\/RandM-Squid-Box-5200-Puffs-Disposable-Vape-Wholesale-Peach-Mango.jpg?resize=590%2C590&#038;ssl=1\" alt=\"RandM Squid Box 5200 Puffs Einweg Vape Gro\u00dfhandel Pfirsich Mango\" width=\"590\" height=\"590\" \/><\/a> <a href=\"https:\/\/i0.wp.com\/www.vape4wholesale.com\/wp-content\/uploads\/2022\/07\/RandM-Squid-Box-5200-Puffs-Disposable-Vape-Wholesale-Mixed-Berries.jpg?ssl=1\" target=\"_blank\" rel=\"noopener\"><img data-recalc-dims=\"1\" loading=\"lazy\" decoding=\"async\" class=\"alignnone size-full wp-image-5809\" title=\"RandM Squid Box 5200 Puffs Einweg Vape Gro\u00dfhandel gemischte Beeren\" src=\"https:\/\/i0.wp.com\/www.vape4wholesale.com\/wp-content\/uploads\/2022\/07\/RandM-Squid-Box-5200-Puffs-Disposable-Vape-Wholesale-Mixed-Berries.jpg?resize=590%2C590&#038;ssl=1\" alt=\"RandM Squid Box 5200 Puffs Einweg Vape Gro\u00dfhandel gemischte Beeren\" width=\"590\" height=\"590\" \/><\/a> <a href=\"https:\/\/i0.wp.com\/www.vape4wholesale.com\/wp-content\/uploads\/2022\/07\/RandM-Squid-Box-5200-Puffs-Disposable-Vape-Wholesale-Mint.jpg?ssl=1\" target=\"_blank\" rel=\"noopener\"><img data-recalc-dims=\"1\" loading=\"lazy\" decoding=\"async\" class=\"alignnone size-full wp-image-5805\" title=\"RandM Squid Box 5200 Puffs Einweg Vape Gro\u00dfhandel Minze\" src=\"https:\/\/i0.wp.com\/www.vape4wholesale.com\/wp-content\/uploads\/2022\/07\/RandM-Squid-Box-5200-Puffs-Disposable-Vape-Wholesale-Mint.jpg?resize=590%2C590&#038;ssl=1\" alt=\"RandM Squid Box 5200 Puffs Einweg Vape Gro\u00dfhandel Minze\" width=\"590\" height=\"590\" \/><\/a> <a href=\"https:\/\/i0.wp.com\/www.vape4wholesale.com\/wp-content\/uploads\/2022\/07\/RandM-Squid-Box-5200-Puffs-Disposable-Vape-Wholesale-Lush-Ice.jpg?ssl=1\" target=\"_blank\" rel=\"noopener\"><img data-recalc-dims=\"1\" loading=\"lazy\" decoding=\"async\" class=\"alignnone size-full wp-image-5801\" title=\"RandM Squid Box 5200 Puffs Einweg Vape Gro\u00dfhandel Lush Ice\" src=\"https:\/\/i0.wp.com\/www.vape4wholesale.com\/wp-content\/uploads\/2022\/07\/RandM-Squid-Box-5200-Puffs-Disposable-Vape-Wholesale-Lush-Ice.jpg?resize=590%2C590&#038;ssl=1\" alt=\"RandM Squid Box 5200 Puffs Einweg Vape Gro\u00dfhandel Lush Ice\" width=\"590\" height=\"590\" \/><\/a> <a href=\"https:\/\/i0.wp.com\/www.vape4wholesale.com\/wp-content\/uploads\/2022\/07\/RandM-Squid-Box-5200-Puffs-Disposable-Vape-Wholesale-Cotton-Candy.jpg?ssl=1\" target=\"_blank\" rel=\"noopener\"><img data-recalc-dims=\"1\" loading=\"lazy\" decoding=\"async\" class=\"alignnone size-full wp-image-5797\" title=\"RandM Squid Box 5200 Puffs Einweg Vape Gro\u00dfhandel Zuckerwatte\" src=\"https:\/\/i0.wp.com\/www.vape4wholesale.com\/wp-content\/uploads\/2022\/07\/RandM-Squid-Box-5200-Puffs-Disposable-Vape-Wholesale-Cotton-Candy.jpg?resize=590%2C590&#038;ssl=1\" alt=\"RandM Squid Box 5200 Puffs Einweg Vape Gro\u00dfhandel Zuckerwatte\" width=\"590\" height=\"590\" \/><\/a> <a href=\"https:\/\/i0.wp.com\/www.vape4wholesale.com\/wp-content\/uploads\/2022\/07\/RandM-Squid-Box-5200-Puffs-Disposable-Vape-Wholesale-Blueberry-Ice.jpg?ssl=1\" target=\"_blank\" rel=\"noopener\"><img data-recalc-dims=\"1\" loading=\"lazy\" decoding=\"async\" class=\"alignnone size-full wp-image-5793\" title=\"RandM Squid Box 5200 Puffs Einweg Vape Gro\u00dfhandel Heidelbeere Eis\" src=\"https:\/\/i0.wp.com\/www.vape4wholesale.com\/wp-content\/uploads\/2022\/07\/RandM-Squid-Box-5200-Puffs-Disposable-Vape-Wholesale-Blueberry-Ice.jpg?resize=590%2C590&#038;ssl=1\" alt=\"RandM Squid Box 5200 Puffs Einweg Vape Gro\u00dfhandel Heidelbeere Eis\" width=\"590\" height=\"590\" \/><\/a> <a href=\"https:\/\/i0.wp.com\/www.vape4wholesale.com\/wp-content\/uploads\/2022\/07\/RandM-Squid-Box-5200-Puffs-Disposable-Vape-Wholesale-Banana-Ice.jpg?ssl=1\" target=\"_blank\" rel=\"noopener\"><img data-recalc-dims=\"1\" loading=\"lazy\" decoding=\"async\" class=\"alignnone size-full wp-image-5789\" title=\"RandM Squid Box 5200 Puffs Einweg Vape Gro\u00dfhandel Banane Eis\" src=\"https:\/\/i0.wp.com\/www.vape4wholesale.com\/wp-content\/uploads\/2022\/07\/RandM-Squid-Box-5200-Puffs-Disposable-Vape-Wholesale-Banana-Ice.jpg?resize=590%2C590&#038;ssl=1\" alt=\"RandM Squid Box 5200 Puffs Einweg Vape Gro\u00dfhandel Banane Eis\" width=\"590\" height=\"590\" \/><\/a><\/p>\n<p><a href=\"https:\/\/i0.wp.com\/www.vape4wholesale.com\/wp-content\/uploads\/2022\/07\/RandM-Squid-Box-5200-Puffs-Disposable-Vape-Wholesale-Aloe-Grape.jpg?ssl=1\" target=\"_blank\" rel=\"noopener\"><img data-recalc-dims=\"1\" loading=\"lazy\" decoding=\"async\" class=\"alignnone size-full wp-image-5785\" title=\"RandM Squid Box 5200 Puffs Einweg Vape Gro\u00dfhandel Aloe Traube\" src=\"https:\/\/i0.wp.com\/www.vape4wholesale.com\/wp-content\/uploads\/2022\/07\/RandM-Squid-Box-5200-Puffs-Disposable-Vape-Wholesale-Aloe-Grape.jpg?resize=590%2C590&#038;ssl=1\" alt=\"RandM Squid Box 5200 Puffs Einweg Vape Gro\u00dfhandel Aloe Traube\" width=\"590\" height=\"590\" \/><\/a><\/p>","protected":false},"excerpt":{"rendered":"<p>RandM Squid Box 5200 Puffs Einweg-Vape-Gro\u00dfhandel kombiniert hohe Kapazit\u00e4t und eine leichte Konstruktion f\u00fcr glatte Dampfleistung und problemlosen Betrieb.<\/p>","protected":false},"featured_media":2453,"comment_status":"closed","ping_status":"closed","template":"","meta":[],"product_brand":[],"product_cat":[22],"product_tag":[340,387,388],"class_list":{"0":"post-2155","1":"product","2":"type-product","3":"status-publish","4":"has-post-thumbnail","6":"product_cat-disposable-vape-sticks","7":"product_tag-randm-squid-box","8":"product_tag-randm-vape","9":"product_tag-randm-vape-wholesale","11":"first","12":"instock","13":"shipping-taxable","14":"purchasable","15":"product-type-simple"},"jetpack_sharing_enabled":true,"tiered_pricing_type":"fixed","tiered_pricing_fixed_rules":{"5000":8,"10000":7,"50000":6},"tiered_pricing_product_settings":{"layout":"default","base_unit_name":{"singular":null,"plural":null},"default_variation":null},"tiered_pricing_minimum_quantity":60,"tiered_pricing_roles_data":[],"tiered_pricing_percentage_rules":[],"tiered_pricing_maximum_quantity":null,"tiered_pricing_quantity_step":null,"_links":{"self":[{"href":"https:\/\/cloudsupplyvapes.com\/de\/wp-json\/wp\/v2\/product\/2155","targetHints":{"allow":["GET"]}}],"collection":[{"href":"https:\/\/cloudsupplyvapes.com\/de\/wp-json\/wp\/v2\/product"}],"about":[{"href":"https:\/\/cloudsupplyvapes.com\/de\/wp-json\/wp\/v2\/types\/product"}],"replies":[{"embeddable":true,"href":"https:\/\/cloudsupplyvapes.com\/de\/wp-json\/wp\/v2\/comments?post=2155"}],"wp:featuredmedia":[{"embeddable":true,"href":"https:\/\/cloudsupplyvapes.com\/de\/wp-json\/wp\/v2\/media\/2453"}],"wp:attachment":[{"href":"https:\/\/cloudsupplyvapes.com\/de\/wp-json\/wp\/v2\/media?parent=2155"}],"wp:term":[{"taxonomy":"product_brand","embeddable":true,"href":"https:\/\/cloudsupplyvapes.com\/de\/wp-json\/wp\/v2\/product_brand?post=2155"},{"taxonomy":"product_cat","embeddable":true,"href":"https:\/\/cloudsupplyvapes.com\/de\/wp-json\/wp\/v2\/product_cat?post=2155"},{"taxonomy":"product_tag","embeddable":true,"href":"https:\/\/cloudsupplyvapes.com\/de\/wp-json\/wp\/v2\/product_tag?post=2155"}],"curies":[{"name":"wp","href":"https:\/\/api.w.org\/{rel}","templated":true}]}}