{"id":2156,"date":"2024-10-19T02:23:25","date_gmt":"2024-10-19T02:23:25","guid":{"rendered":"https:\/\/cloudsupplyvapes.com\/?post_type=product&#038;p=2156"},"modified":"2024-11-26T07:30:01","modified_gmt":"2024-11-26T07:30:01","slug":"-80","status":"publish","type":"product","link":"https:\/\/cloudsupplyvapes.com\/de\/product\/miou-6000-disposable-vape-wholesale\/","title":{"rendered":"MIOU 6000 Puffs Einweg Vape Gro\u00dfhandel Langlebige Portable Design"},"content":{"rendered":"<p>Die Miou 6000 ist ein einzigartiges Design mit Cola-Dosen Stil Einweg vape, kommt mit 650mah Typ-C-Akku, Unterst\u00fctzung max 6000 Puffs, eliquid Kapazit\u00e4t ist 18ml mit 2% Nikotin. mit Mesh-Spule 1,2 Ohm<\/p>\n<h2><strong>Geschm\u00e4cker<\/strong><\/h2>\n<p>Erdbeere-Wassermelone<br \/>\nErdbeer-Mango<br \/>\nMango Traube<br \/>\nMango Pfirsich<br \/>\nPfirsich Apfel<br \/>\nPower-Getr\u00e4nk<br \/>\nCola<br \/>\nSaftiger Pfirsich<\/p>\n<h2><strong>Schnelle Details<\/strong><\/h2>\n<p>Akku: 650mah<br \/>\nAufladen: Typ-C<br \/>\nNikotin: 2~5% OEM zur Auswahl<br \/>\nWiderstand: 1,2??<br \/>\nFl\u00fcssig: 18ml<br \/>\nMaximaler Luftsto\u00df: 6000 Luftst\u00f6\u00dfe (OEM Max 8000)<\/p>\n<p>&nbsp;<\/p>\n<h2><strong>Gewicht \/ Verpackung<\/strong><\/h2>\n<p>Gr\u00f6\u00dfe des Kartons: 30*30*35cm<\/p>\n<p>200 PCS \/Karton, 18kg<\/p>\n<p><a href=\"https:\/\/i0.wp.com\/www.vape4wholesale.com\/wp-content\/uploads\/2022\/07\/MIOU-6000-Disposable-Vape-Wholesale-4.jpg?ssl=1\" target=\"_blank\" rel=\"noopener\"><img data-recalc-dims=\"1\" loading=\"lazy\" decoding=\"async\" class=\"alignnone size-full wp-image-5229\" title=\"MIOU 6000 Einweg Vape Gro\u00dfhandel 4\" src=\"https:\/\/i0.wp.com\/www.vape4wholesale.com\/wp-content\/uploads\/2022\/07\/MIOU-6000-Disposable-Vape-Wholesale-4.jpg?resize=800%2C800&#038;ssl=1\" alt=\"MIOU 6000 Einweg Vape Gro\u00dfhandel 4\" width=\"800\" height=\"800\" \/><\/a> <a href=\"https:\/\/i0.wp.com\/www.vape4wholesale.com\/wp-content\/uploads\/2022\/07\/MIOU-6000-Disposable-Vape-Wholesale-3.jpg?ssl=1\" target=\"_blank\" rel=\"noopener\"><img data-recalc-dims=\"1\" loading=\"lazy\" decoding=\"async\" class=\"alignnone size-full wp-image-5225\" title=\"MIOU 6000 Einweg Vape Gro\u00dfhandel 3\" src=\"https:\/\/i0.wp.com\/www.vape4wholesale.com\/wp-content\/uploads\/2022\/07\/MIOU-6000-Disposable-Vape-Wholesale-3.jpg?resize=800%2C800&#038;ssl=1\" alt=\"MIOU 6000 Einweg Vape Gro\u00dfhandel 3\" width=\"800\" height=\"800\" \/><\/a> <a href=\"https:\/\/i0.wp.com\/www.vape4wholesale.com\/wp-content\/uploads\/2022\/07\/MIOU-6000-Disposable-Vape-Wholesale-2.jpg?ssl=1\" target=\"_blank\" rel=\"noopener\"><img data-recalc-dims=\"1\" loading=\"lazy\" decoding=\"async\" class=\"alignnone size-full wp-image-5221\" title=\"MIOU 6000 Einweg Vape Gro\u00dfhandel 2\" src=\"https:\/\/i0.wp.com\/www.vape4wholesale.com\/wp-content\/uploads\/2022\/07\/MIOU-6000-Disposable-Vape-Wholesale-2.jpg?resize=800%2C800&#038;ssl=1\" alt=\"MIOU 6000 Einweg Vape Gro\u00dfhandel 2\" width=\"800\" height=\"800\" \/><\/a> <a href=\"https:\/\/i0.wp.com\/www.vape4wholesale.com\/wp-content\/uploads\/2022\/07\/MIOU-6000-Disposable-Vape-Wholesale-1.jpg?ssl=1\" target=\"_blank\" rel=\"noopener\"><img data-recalc-dims=\"1\" loading=\"lazy\" decoding=\"async\" class=\"alignnone size-full wp-image-5217\" title=\"MIOU 6000 Einweg Vape Gro\u00dfhandel 1\" src=\"https:\/\/i0.wp.com\/www.vape4wholesale.com\/wp-content\/uploads\/2022\/07\/MIOU-6000-Disposable-Vape-Wholesale-1.jpg?resize=800%2C800&#038;ssl=1\" alt=\"MIOU 6000 Einweg Vape Gro\u00dfhandel 1\" width=\"800\" height=\"800\" \/><\/a><\/p>\n<p><a href=\"https:\/\/i0.wp.com\/www.vape4wholesale.com\/wp-content\/uploads\/2022\/07\/MIOU-6000-Disposable-Vape-Wholesale-10.jpg?ssl=1\" target=\"_blank\" rel=\"noopener\"><img data-recalc-dims=\"1\" loading=\"lazy\" decoding=\"async\" class=\"alignnone size-full wp-image-5249\" title=\"MIOU 6000 Einweg Vape Gro\u00dfhandel 10\" src=\"https:\/\/i0.wp.com\/www.vape4wholesale.com\/wp-content\/uploads\/2022\/07\/MIOU-6000-Disposable-Vape-Wholesale-10.jpg?resize=600%2C600&#038;ssl=1\" alt=\"MIOU 6000 Einweg Vape Gro\u00dfhandel 10\" width=\"600\" height=\"600\" \/><\/a> <a href=\"https:\/\/i0.wp.com\/www.vape4wholesale.com\/wp-content\/uploads\/2022\/07\/MIOU-6000-Disposable-Vape-Wholesale-7.jpg?ssl=1\" target=\"_blank\" rel=\"noopener\"><img data-recalc-dims=\"1\" loading=\"lazy\" decoding=\"async\" class=\"alignnone size-full wp-image-5237\" title=\"MIOU 6000 Einweg Vape Gro\u00dfhandel 7\" src=\"https:\/\/i0.wp.com\/www.vape4wholesale.com\/wp-content\/uploads\/2022\/07\/MIOU-6000-Disposable-Vape-Wholesale-7.jpg?resize=800%2C800&#038;ssl=1\" alt=\"MIOU 6000 Einweg Vape Gro\u00dfhandel 7\" width=\"800\" height=\"800\" \/><\/a> <a href=\"https:\/\/i0.wp.com\/www.vape4wholesale.com\/wp-content\/uploads\/2022\/07\/MIOU-6000-Disposable-Vape-Wholesale-6.jpg?ssl=1\" target=\"_blank\" rel=\"noopener\"><img data-recalc-dims=\"1\" loading=\"lazy\" decoding=\"async\" class=\"alignnone size-full wp-image-5233\" title=\"MIOU 6000 Einweg Vape Gro\u00dfhandel 6\" src=\"https:\/\/i0.wp.com\/www.vape4wholesale.com\/wp-content\/uploads\/2022\/07\/MIOU-6000-Disposable-Vape-Wholesale-6.jpg?resize=800%2C800&#038;ssl=1\" alt=\"MIOU 6000 Einweg Vape Gro\u00dfhandel 6\" width=\"800\" height=\"800\" \/><\/a> <a href=\"https:\/\/i0.wp.com\/www.vape4wholesale.com\/wp-content\/uploads\/2022\/07\/MIOU-6000-Disposable-Vape-Wholesale-8.jpg?ssl=1\" target=\"_blank\" rel=\"noopener\"><img data-recalc-dims=\"1\" loading=\"lazy\" decoding=\"async\" class=\"alignnone wp-image-5241 size-full\" title=\"MIOU 6000 Einweg Vape Gro\u00dfhandel 8\" src=\"https:\/\/i0.wp.com\/www.vape4wholesale.com\/wp-content\/uploads\/2022\/07\/MIOU-6000-Disposable-Vape-Wholesale-8.jpg?resize=800%2C800&#038;ssl=1\" alt=\"MIOU 6000 Einweg Vape Gro\u00dfhandel 8\" width=\"800\" height=\"800\" \/><\/a><\/p>","protected":false},"excerpt":{"rendered":"<p>MIOU 6000 Puffs Disposable Vape Wholesale bietet eine lang anhaltende Akkuleistung, ein tragbares Design und eine gleichm\u00e4\u00dfige Dampfabgabe, was es perfekt f\u00fcr das Dampfen unterwegs macht.<\/p>","protected":false},"featured_media":2473,"comment_status":"closed","ping_status":"closed","template":"","meta":[],"product_brand":[],"product_cat":[22],"product_tag":[393,394,395],"class_list":{"0":"post-2156","1":"product","2":"type-product","3":"status-publish","4":"has-post-thumbnail","6":"product_cat-disposable-vape-sticks","7":"product_tag-miou-6000-puffs","8":"product_tag-miou-cola-vape","9":"product_tag-miou-disposable","11":"first","12":"instock","13":"shipping-taxable","14":"purchasable","15":"product-type-simple"},"jetpack_sharing_enabled":true,"tiered_pricing_type":"fixed","tiered_pricing_fixed_rules":{"5000":10,"10000":9,"50000":8},"tiered_pricing_product_settings":{"layout":"default","base_unit_name":{"singular":null,"plural":null},"default_variation":null},"tiered_pricing_minimum_quantity":60,"tiered_pricing_roles_data":[],"tiered_pricing_percentage_rules":[],"tiered_pricing_maximum_quantity":null,"tiered_pricing_quantity_step":null,"_links":{"self":[{"href":"https:\/\/cloudsupplyvapes.com\/de\/wp-json\/wp\/v2\/product\/2156","targetHints":{"allow":["GET"]}}],"collection":[{"href":"https:\/\/cloudsupplyvapes.com\/de\/wp-json\/wp\/v2\/product"}],"about":[{"href":"https:\/\/cloudsupplyvapes.com\/de\/wp-json\/wp\/v2\/types\/product"}],"replies":[{"embeddable":true,"href":"https:\/\/cloudsupplyvapes.com\/de\/wp-json\/wp\/v2\/comments?post=2156"}],"wp:featuredmedia":[{"embeddable":true,"href":"https:\/\/cloudsupplyvapes.com\/de\/wp-json\/wp\/v2\/media\/2473"}],"wp:attachment":[{"href":"https:\/\/cloudsupplyvapes.com\/de\/wp-json\/wp\/v2\/media?parent=2156"}],"wp:term":[{"taxonomy":"product_brand","embeddable":true,"href":"https:\/\/cloudsupplyvapes.com\/de\/wp-json\/wp\/v2\/product_brand?post=2156"},{"taxonomy":"product_cat","embeddable":true,"href":"https:\/\/cloudsupplyvapes.com\/de\/wp-json\/wp\/v2\/product_cat?post=2156"},{"taxonomy":"product_tag","embeddable":true,"href":"https:\/\/cloudsupplyvapes.com\/de\/wp-json\/wp\/v2\/product_tag?post=2156"}],"curies":[{"name":"wp","href":"https:\/\/api.w.org\/{rel}","templated":true}]}}