{"id":2158,"date":"2024-10-19T02:23:25","date_gmt":"2024-10-19T02:23:25","guid":{"rendered":"https:\/\/cloudsupplyvapes.com\/?post_type=product&#038;p=2158"},"modified":"2024-11-26T07:30:13","modified_gmt":"2024-11-26T07:30:13","slug":"-81","status":"publish","type":"product","link":"https:\/\/cloudsupplyvapes.com\/de\/product\/bang-xxl-2000-puffs-disposable-vape-wholesale-2\/","title":{"rendered":"Bang XXL 2000 Puffs Einweg Vape Gro\u00dfhandel Leichtgewicht Anf\u00e4nger-freundliches Design"},"content":{"rendered":"<p>Der Bang XXL Disposable Vape ist die neueste Innovation der Marke Bang, die f\u00fcr Langlebigkeit und reichhaltigen Geschmack entwickelt wurde. Dieses Ger\u00e4t setzt mit seinen 2000 Z\u00fcgen pro Einheit einen neuen Standard und sorgt f\u00fcr ein wochenlanges Dampfvergn\u00fcgen, ohne dass es h\u00e4ufig ausgetauscht werden muss. Der Bang XXL zeichnet sich als erstklassiger Einwegdampfer aus, der mit jedem Zug intensive, befriedigende Aromen liefert.<\/p>\n<p>Die Aktivierung der Bang XXL ist m\u00fchelos einfach - keine Kn\u00f6pfe, kein \u00c4rger. Einfach inhalieren, um eine Welt exotischer, saftiger Fr\u00fcchte und erfrischender Minzaromen zu entdecken, die die Geschmacksknospen verf\u00fchren. Jeder Verdampfer ist mit 6,5 ml E-Saft in fesselnden Sorten wie Icy Banana und Cool Mint bef\u00fcllt und in einem schlanken, tragbaren Design untergebracht.<\/p>\n<p>Das Herzst\u00fcck des Ger\u00e4ts ist ein robuster 800mAh-Akku, der die Patrone mit hoher Kapazit\u00e4t f\u00fcr einen l\u00e4ngeren Gebrauch erg\u00e4nzt. Dar\u00fcber hinaus verbessert die Nikotinsalzformel die E-Saft-Aromen und sorgt f\u00fcr ein intensiveres Geschmackserlebnis. Der Bang XXL ist mehr als nur ein Einwegdampfer; er ist ein All-in-One-System, das Komfort mit Qualit\u00e4t verbindet und sowohl f\u00fcr Anf\u00e4nger als auch f\u00fcr erfahrene Dampfer geeignet ist.<\/p>\n<h2><strong>Merkmale und Spezifikationen<\/strong><\/h2>\n<ul>\n<li>Pro Ger\u00e4t sind 2000 Puffs verf\u00fcgbar.<\/li>\n<li>Das Ger\u00e4t ist nur f\u00fcr Erwachsene ab 21 Jahren und nicht f\u00fcr Minderj\u00e4hrige bestimmt.<\/li>\n<li>Das Verh\u00e4ltnis Vg\/Pg betr\u00e4gt jeweils 70\/30 Blend.<\/li>\n<li>Die Nikotinst\u00e4rke betr\u00e4gt 5% ODER 50MG.<\/li>\n<li>Die Lebenserwartung des Ger\u00e4ts betr\u00e4gt etwa 2 Jahre.<\/li>\n<li>E-Saft Kapazit\u00e4t in das Ger\u00e4t ist 6,5 ml.<\/li>\n<li>Es ist ein knopfloses Design.<\/li>\n<li>850mAh Akku.<\/li>\n<li>Die Echtheit des Ger\u00e4ts ist garantiert 100%.<\/li>\n<\/ul>\n<h2><strong>Geschm\u00e4cker<\/strong><\/h2>\n<ul>\n<li>Traubeneis<\/li>\n<li>Kaugummi-Eis<\/li>\n<li>K\u00fchle Minze<\/li>\n<li>Bananeneis<\/li>\n<li>Gummib\u00e4rchen<\/li>\n<li>Blaubeereis<\/li>\n<li>Pfirsich-Eis<\/li>\n<li>Erdbeereis<\/li>\n<li>Strawnana<\/li>\n<li>Wassermelone Lush<\/li>\n<li>Orange Soda<\/li>\n<li>Gemischte Beere<\/li>\n<li>Red Bull<\/li>\n<li>Apfel-Eis<\/li>\n<li>Roter Apfel<\/li>\n<\/ul>\n<h2><strong>Verpackung &amp; Gewicht<\/strong><\/h2>\n<p>Gr\u00f6\u00dfe des Hauptkartons: 44.5*43.5*27mm, 300 PCS innen, 19.5kg<\/p>\n<h2>Das Produkt Bang XXL 2000 Puffs wird nicht mehr hergestellt, hier ist das Produkt der neuen Generation:<\/h2>\n<blockquote class=\"wp-embedded-content\" data-secret=\"1WzdnytNre\"><p><a href=\"https:\/\/shop.vape.hk\/product\/bang-bc5000-disposable-vape-wholesale\/\" target=\"_blank\" rel=\"noopener\">BANG BC5000 Einweg Vape Gro\u00dfhandel<\/a><\/p><\/blockquote>\n<p><iframe loading=\"lazy\" class=\"wp-embedded-content\" sandbox=\"allow-scripts\" security=\"restricted\" style=\"position: absolute; visibility: hidden;\" title=\"&quot;BANG BC5000 Einweg Vape Gro\u00dfhandel&quot; - VAPE HK SHOP | WHOLESALE\" src=\"https:\/\/shop.vape.hk\/product\/bang-bc5000-disposable-vape-wholesale\/embed\/#?secret=SpbVUltEHg#?secret=1WzdnytNre\" data-secret=\"1WzdnytNre\" width=\"600\" height=\"338\" frameborder=\"0\" marginwidth=\"0\" marginheight=\"0\" scrolling=\"no\"><\/iframe><\/p>","protected":false},"excerpt":{"rendered":"<p>Bang XXL 2000 Puffs Disposable Vape Wholesale ist anf\u00e4ngerfreundlich und zeichnet sich durch eine leichte Konstruktion, sanfte Kehlkopfschl\u00e4ge und eine gleichm\u00e4\u00dfige Dampfabgabe f\u00fcr m\u00fcheloses Dampfen aus.<\/p>","protected":false},"featured_media":2496,"comment_status":"closed","ping_status":"closed","template":"","meta":[],"product_brand":[],"product_cat":[481,22],"product_tag":[399,400,401],"class_list":{"0":"post-2158","1":"product","2":"type-product","3":"status-publish","4":"has-post-thumbnail","6":"product_cat-bang","7":"product_cat-disposable-vape-sticks","8":"product_tag-bang-vape-wholesale","9":"product_tag-bang-xxl-2000","10":"product_tag-bang-xxl-vape","12":"first","13":"instock","14":"shipping-taxable","15":"purchasable","16":"product-type-simple"},"jetpack_sharing_enabled":true,"tiered_pricing_type":"fixed","tiered_pricing_fixed_rules":{"5000":6,"10000":5,"50000":3.899999999999999911182158029987476766109466552734375},"tiered_pricing_product_settings":{"layout":"default","base_unit_name":{"singular":null,"plural":null},"default_variation":null},"tiered_pricing_minimum_quantity":60,"tiered_pricing_roles_data":[],"tiered_pricing_percentage_rules":[],"tiered_pricing_maximum_quantity":null,"tiered_pricing_quantity_step":null,"_links":{"self":[{"href":"https:\/\/cloudsupplyvapes.com\/de\/wp-json\/wp\/v2\/product\/2158","targetHints":{"allow":["GET"]}}],"collection":[{"href":"https:\/\/cloudsupplyvapes.com\/de\/wp-json\/wp\/v2\/product"}],"about":[{"href":"https:\/\/cloudsupplyvapes.com\/de\/wp-json\/wp\/v2\/types\/product"}],"replies":[{"embeddable":true,"href":"https:\/\/cloudsupplyvapes.com\/de\/wp-json\/wp\/v2\/comments?post=2158"}],"wp:featuredmedia":[{"embeddable":true,"href":"https:\/\/cloudsupplyvapes.com\/de\/wp-json\/wp\/v2\/media\/2496"}],"wp:attachment":[{"href":"https:\/\/cloudsupplyvapes.com\/de\/wp-json\/wp\/v2\/media?parent=2158"}],"wp:term":[{"taxonomy":"product_brand","embeddable":true,"href":"https:\/\/cloudsupplyvapes.com\/de\/wp-json\/wp\/v2\/product_brand?post=2158"},{"taxonomy":"product_cat","embeddable":true,"href":"https:\/\/cloudsupplyvapes.com\/de\/wp-json\/wp\/v2\/product_cat?post=2158"},{"taxonomy":"product_tag","embeddable":true,"href":"https:\/\/cloudsupplyvapes.com\/de\/wp-json\/wp\/v2\/product_tag?post=2158"}],"curies":[{"name":"wp","href":"https:\/\/api.w.org\/{rel}","templated":true}]}}