{"id":2159,"date":"2024-10-19T02:23:25","date_gmt":"2024-10-19T02:23:25","guid":{"rendered":"https:\/\/cloudsupplyvapes.com\/?post_type=product&#038;p=2159"},"modified":"2024-11-26T07:30:24","modified_gmt":"2024-11-26T07:30:24","slug":"-82","status":"publish","type":"product","link":"https:\/\/cloudsupplyvapes.com\/de\/product\/bang-bc5000-disposable-vape-wholesale\/","title":{"rendered":"BANG BC5000 Einweg Vape Gro\u00dfhandel hohe Kapazit\u00e4t langlebig bauen"},"content":{"rendered":"<p><strong>Bang BC5000 <\/strong>ist eine wiederaufladbare Disposable vape, kommt mit eingebauten 650mah Batterie mit 13ml eliquid, die Nikotinst\u00e4rke ist 5%, unterst\u00fctzen max 5000 puffs.<\/p>\n<p>&nbsp;<\/p>\n<h2>Bang BC5000 Schnelles Detail<\/h2>\n<p>Puffs: 5000<br \/>\nNikotinsalz: 5%<br \/>\nFassungsverm\u00f6gen der Fl\u00fcssigkeit: 13ML<br \/>\nWiderstand: 1,2 Ohm Mesh<br \/>\nK\u00f6rpergewicht: 52g<br \/>\nKartongr\u00f6\u00dfe: 52,3*38*28,5cm<br \/>\nKarton Gewicht: 16.5kg\/ 300 PCS<br \/>\nLadeanschluss: Typ C<\/p>\n<p>&nbsp;<\/p>\n<h2>Bang BC5000 Geschmacksrichtungen<\/h2>\n<p>1. ERDBEERE MANGO<br \/>\n2. ERDBEEREIS<br \/>\n3. SAKURA TRAUBE<br \/>\n4. WASSERMELONEN-EIS<br \/>\n5. HEIDELBEERE-HIMBEEREIS<br \/>\n6. KIWI FRUCHT MARACUJA GUAVE<br \/>\n7. ERDBEERE KIWI FRUCHT<br \/>\n8. ENERGIE-GETR\u00c4NK<br \/>\n9. PFIRSICH, MANGO, WASSERMELONE<br \/>\n10. K\u00dcHLMINZE<br \/>\n11. BLAUBEEREIS<br \/>\n12. ANANAS-KOKOSNUSS-EIS<br \/>\n13. ERDBEER-GUAVE<br \/>\n14. KIWI PASSIONSFRUCHT GUAVE<br \/>\n15. FR\u00dcCHTE-MISCHUNG<br \/>\n16. SCHWARZES EIS<br \/>\n17. ERDBEER-WASSERMELONE<br \/>\n18. WASSERMELONE KAUGUMMI<br \/>\n19. STRAWBERRY ICE<br \/>\n20. ERDBEER-BANANE<\/p>\n<div>Bang Bc 5000 Die Vorteile von Einweg-E-Zigaretten<\/div>\n<div><\/div>\n<div>Der Bang BC 5000 zeichnet sich durch seine hohe Kapazit\u00e4t, sein kompaktes Design und seine benutzerfreundlichen Funktionen aus. Die gro\u00dfe Anzahl an Z\u00fcgen und die breite Palette an Aromen sorgen daf\u00fcr, dass Sie Ihre Lieblingsaromen l\u00e4nger genie\u00dfen k\u00f6nnen. Dar\u00fcber hinaus k\u00f6nnen anpassbare Nikotinwerte und nikotinfreie Optionen Ihnen helfen, Ihren Nikotinkonsum zu reduzieren, so dass Sie das Gef\u00fchl haben, zu rauchen, w\u00e4hrend Sie mit dem Rauchen aufh\u00f6ren.<\/div>\n<div>Dieses Produkt ist wiederaufladbar, kann unsere t\u00e4glichen Bed\u00fcrfnisse erf\u00fcllen, jederzeit und \u00fcberall ge\u00f6ffnet rauchen<\/div>","protected":false},"excerpt":{"rendered":"<p>Der BANG BC5000 Einweg-Vape-Gro\u00dfhandel verf\u00fcgt \u00fcber eine hohe Kapazit\u00e4t Design und robuste Bauweise, die reibungslose Dampfproduktion und lang anhaltende Leistung gew\u00e4hrleistet.<\/p>","protected":false},"featured_media":2505,"comment_status":"closed","ping_status":"closed","template":"","meta":[],"product_brand":[],"product_cat":[481,22],"product_tag":[402,403,404,399],"class_list":{"0":"post-2159","1":"product","2":"type-product","3":"status-publish","4":"has-post-thumbnail","6":"product_cat-bang","7":"product_cat-disposable-vape-sticks","8":"product_tag-bang-5000-puffs","9":"product_tag-bang-bc5000","10":"product_tag-bang-box","11":"product_tag-bang-vape-wholesale","13":"first","14":"instock","15":"featured","16":"shipping-taxable","17":"purchasable","18":"product-type-simple"},"jetpack_sharing_enabled":true,"tiered_pricing_type":"fixed","tiered_pricing_fixed_rules":{"30":6.88999999999999968025576890795491635799407958984375,"50":6.4900000000000002131628207280300557613372802734375,"100":5.88999999999999968025576890795491635799407958984375,"200":5.4900000000000002131628207280300557613372802734375},"tiered_pricing_product_settings":{"layout":"default","base_unit_name":{"singular":null,"plural":null},"default_variation":null},"tiered_pricing_minimum_quantity":10,"tiered_pricing_roles_data":[],"tiered_pricing_percentage_rules":[],"tiered_pricing_maximum_quantity":null,"tiered_pricing_quantity_step":null,"_links":{"self":[{"href":"https:\/\/cloudsupplyvapes.com\/de\/wp-json\/wp\/v2\/product\/2159","targetHints":{"allow":["GET"]}}],"collection":[{"href":"https:\/\/cloudsupplyvapes.com\/de\/wp-json\/wp\/v2\/product"}],"about":[{"href":"https:\/\/cloudsupplyvapes.com\/de\/wp-json\/wp\/v2\/types\/product"}],"replies":[{"embeddable":true,"href":"https:\/\/cloudsupplyvapes.com\/de\/wp-json\/wp\/v2\/comments?post=2159"}],"wp:featuredmedia":[{"embeddable":true,"href":"https:\/\/cloudsupplyvapes.com\/de\/wp-json\/wp\/v2\/media\/2505"}],"wp:attachment":[{"href":"https:\/\/cloudsupplyvapes.com\/de\/wp-json\/wp\/v2\/media?parent=2159"}],"wp:term":[{"taxonomy":"product_brand","embeddable":true,"href":"https:\/\/cloudsupplyvapes.com\/de\/wp-json\/wp\/v2\/product_brand?post=2159"},{"taxonomy":"product_cat","embeddable":true,"href":"https:\/\/cloudsupplyvapes.com\/de\/wp-json\/wp\/v2\/product_cat?post=2159"},{"taxonomy":"product_tag","embeddable":true,"href":"https:\/\/cloudsupplyvapes.com\/de\/wp-json\/wp\/v2\/product_tag?post=2159"}],"curies":[{"name":"wp","href":"https:\/\/api.w.org\/{rel}","templated":true}]}}