{"id":2326,"date":"2024-10-19T02:24:14","date_gmt":"2024-10-19T02:24:14","guid":{"rendered":"https:\/\/cloudsupplyvapes.com\/?post_type=product&#038;p=2326"},"modified":"2024-11-26T07:25:55","modified_gmt":"2024-11-26T07:25:55","slug":"aokit-cube-2-einweg-vape-groshandel-3200-puffs","status":"publish","type":"product","link":"https:\/\/cloudsupplyvapes.com\/de\/product\/aokit-cube-2-disposable-vape-wholesale-3200-puffs\/","title":{"rendered":"Aokit Cube 2 Einweg Vape Gro\u00dfhandel 3200 Puffs leichtes Design"},"content":{"rendered":"<p>Aokit Cube 2 Disposable Kit kommt mit einem auslaufsicheren Design mit 1800 mah Batterie, die etwa 3200 Z\u00fcge dauern kann, ist die E-Fl\u00fcssigkeit 12 ml mit 5% Nikotin strength.it hat eine einfache vape Stift Aussehen ohne Tasten und unn\u00f6tige Dekorationen. Angetrieben von einem eingebauten 1800mA Batterie, nimmt eine Draw-aktiviert Feuermechanismus, 9 Aromen optional.<\/p>\n<p><img data-recalc-dims=\"1\" loading=\"lazy\" decoding=\"async\" class=\"alignnone size-large wp-image-599\" title=\"AOKIT CUBE 2 3200 PUFFS WEGWERFBARE VAPE 5\" src=\"https:\/\/i0.wp.com\/www.vape4wholesale.com\/wp-content\/uploads\/2021\/07\/AOKIT-CUBE-2-3200-PUFFS-DISPOSABLE-VAPE-5-1024x460.jpg?resize=1020%2C458&#038;ssl=1\" alt=\"AOKIT CUBE 2 3200 PUFFS WEGWERFBARE VAPE 5\" width=\"1020\" height=\"458\" \/><\/p>\n<h2 class=\"second-title\"><strong>Eigenschaften<\/strong><\/h2>\n<ul>\n<li>Kompaktes und tragbares Design f\u00fcr den Einweg-Vape Pen<\/li>\n<li>Automatische Auslosung aktiviert<\/li>\n<li>1800mAh Mehr Leistung L\u00e4ngere Nutzungsdauer<\/li>\n<li>12ml vorgef\u00fcllter Saft mit 5% Nikotinst\u00e4rke<\/li>\n<li>9 Geschmacksrichtungen Optional<\/li>\n<\/ul>\n<h2 class=\"title\">SPEZIFIKATION<\/h2>\n<div class=\"specification\">\n<div class=\"splist\"><em>Gr\u00f6\u00dfe:<\/em>20mm*131mm<\/div>\n<div class=\"splist\"><em>Batteriekapazit\u00e4t:<\/em>1800mAh<\/div>\n<div class=\"splist\"><em>E-Saft Kapazit\u00e4t:<\/em>12ml<\/div>\n<div class=\"splist\"><em>Puffs:<\/em>3200<\/div>\n<div class=\"splist\"><em>Nikotin:<\/em>5%<\/div>\n<\/div>\n<h2><strong>9 Geschmacksrichtungen<\/strong><\/h2>\n<p>Energy-Drink<br \/>\nBlaubeereis<br \/>\nErdbeere Wassermelone<br \/>\nZuckerwatte<br \/>\nPfirsich-Eis<br \/>\n\u00dcppiges Eis<br \/>\nBlauer Razzia<br \/>\nAnanas-Kokos<br \/>\nErdbeereis<\/p>\n<h2><strong>VERPACKUNGSINFO.:<\/strong><\/h2>\n<p>300PCS\/Karton, GW: 20.4KG<\/p>\n<h2><strong>MOQ F\u00dcR OEM:<\/strong><\/h2>\n<p>2000 PCS \/ Geschmacksrichtung<\/p>\n<p>&nbsp;<\/p>","protected":false},"excerpt":{"rendered":"<p>Aokit Cube 2 Disposable Vape Gro\u00dfhandel liefert 3200 Puffs mit einem leichten und tragbaren Design, mit glatten Kehle hits und problemlosen Betrieb f\u00fcr angenehme vaping.<\/p>","protected":false},"featured_media":2620,"comment_status":"closed","ping_status":"closed","template":"","meta":[],"product_brand":[],"product_cat":[22],"product_tag":[351,418,421],"class_list":{"0":"post-2326","1":"product","2":"type-product","3":"status-publish","4":"has-post-thumbnail","6":"product_cat-disposable-vape-sticks","7":"product_tag-3200-puffs","8":"product_tag-aokit","9":"product_tag-cube-2","11":"first","12":"instock","13":"shipping-taxable","14":"purchasable","15":"product-type-simple"},"jetpack_sharing_enabled":true,"tiered_pricing_type":"fixed","tiered_pricing_fixed_rules":{"5000":8,"10000":7,"50000":6},"tiered_pricing_product_settings":{"layout":"default","base_unit_name":{"singular":null,"plural":null},"default_variation":null},"tiered_pricing_minimum_quantity":60,"tiered_pricing_roles_data":[],"tiered_pricing_percentage_rules":[],"tiered_pricing_maximum_quantity":null,"tiered_pricing_quantity_step":null,"_links":{"self":[{"href":"https:\/\/cloudsupplyvapes.com\/de\/wp-json\/wp\/v2\/product\/2326","targetHints":{"allow":["GET"]}}],"collection":[{"href":"https:\/\/cloudsupplyvapes.com\/de\/wp-json\/wp\/v2\/product"}],"about":[{"href":"https:\/\/cloudsupplyvapes.com\/de\/wp-json\/wp\/v2\/types\/product"}],"replies":[{"embeddable":true,"href":"https:\/\/cloudsupplyvapes.com\/de\/wp-json\/wp\/v2\/comments?post=2326"}],"wp:featuredmedia":[{"embeddable":true,"href":"https:\/\/cloudsupplyvapes.com\/de\/wp-json\/wp\/v2\/media\/2620"}],"wp:attachment":[{"href":"https:\/\/cloudsupplyvapes.com\/de\/wp-json\/wp\/v2\/media?parent=2326"}],"wp:term":[{"taxonomy":"product_brand","embeddable":true,"href":"https:\/\/cloudsupplyvapes.com\/de\/wp-json\/wp\/v2\/product_brand?post=2326"},{"taxonomy":"product_cat","embeddable":true,"href":"https:\/\/cloudsupplyvapes.com\/de\/wp-json\/wp\/v2\/product_cat?post=2326"},{"taxonomy":"product_tag","embeddable":true,"href":"https:\/\/cloudsupplyvapes.com\/de\/wp-json\/wp\/v2\/product_tag?post=2326"}],"curies":[{"name":"wp","href":"https:\/\/api.w.org\/{rel}","templated":true}]}}