{"id":2633,"date":"2024-10-19T02:25:27","date_gmt":"2024-10-19T02:25:27","guid":{"rendered":"https:\/\/cloudsupplyvapes.com\/?post_type=product&#038;p=2633"},"modified":"2024-11-26T07:25:33","modified_gmt":"2024-11-26T07:25:33","slug":"-86","status":"publish","type":"product","link":"https:\/\/cloudsupplyvapes.com\/de\/product\/elfworld-dc5000-ultra-5000-puffs-disposable-wholesale\/","title":{"rendered":"ELFWORLD DC5000 ULTRA 5000 Puffs Einweg Vape Gro\u00dfhandel Sleek Langlebige Build"},"content":{"rendered":"<p><strong>Geschm\u00e4cker:<\/strong><\/p>\n<p>1.blaue Zuckerwatte<br \/>\n2. blaues Razzeis<br \/>\n3. drachenfrucht banane beere<br \/>\n4. traubenf\u00f6rmiger Honigtau<br \/>\n5. die Kiwi-Drachenfrucht-Beere<br \/>\n6. kiwi passionsfrucht guave<br \/>\n7.M\u00fcnze<br \/>\n8. orangefarbene Limonade<br \/>\n9. himbeere wassermelone<br \/>\n10. erdbeere mango<br \/>\n11.erdbeer-wassermelonen-kaugummi<br \/>\n12.erdbeere wassermelone pfirsich<br \/>\n13.Tabak<br \/>\n14.Tropischer Regenbogensto\u00df<br \/>\n15 Wassermeloneneis<\/p>\n<p>&nbsp;<\/p>\n<p><strong>Merkmale:<\/strong><\/p>\n<p>\u26115% Nikotinsalz.<br \/>\n\u261112ML von E-Fl\u00fcssigkeit.<br \/>\n\u2611Mesh-Spule.<br \/>\n\u261115 Geschmacksrichtungen verf\u00fcgbar.<br \/>\n\u2611Akku wiederaufladbar.<br \/>\n\u2611Typ-C-Ladung<br \/>\n\u2611Integrierter 650mAh Akku.<\/p>\n<p>&nbsp;<\/p>\n<p><strong>Technische Daten:<\/strong><\/p>\n<p>\u261110 St\u00fcck in einer Display-Box.<br \/>\n\u2611300 St\u00fcck im Karton.<br \/>\n\u2611Kartongr\u00f6\u00dfe:505*250*300 MM<br \/>\n\u2611Karton Gewicht: 19KG<\/p>","protected":false},"excerpt":{"rendered":"<p>ELFWORLD DC5000 ULTRA 5000 Puffs Einweg-Vape-Gro\u00dfhandel kombiniert ein schlankes Design, eine langlebige Batterie und eine gleichm\u00e4\u00dfige Dampfabgabe f\u00fcr ausgedehnte und erstklassige Vaping-Sessions.<\/p>","protected":false},"featured_media":2944,"comment_status":"open","ping_status":"closed","template":"","meta":[],"product_brand":[],"product_cat":[22,480],"product_tag":[467],"class_list":{"0":"post-2633","1":"product","2":"type-product","3":"status-publish","4":"has-post-thumbnail","6":"product_cat-disposable-vape-sticks","7":"product_cat-elfworld","8":"product_tag-elfworld","10":"first","11":"instock","12":"shipping-taxable","13":"purchasable","14":"product-type-simple"},"jetpack_sharing_enabled":true,"tiered_pricing_type":"fixed","tiered_pricing_fixed_rules":{"2000":6.29999999999999982236431605997495353221893310546875,"10000":5.9000000000000003552713678800500929355621337890625,"30000":5.5999999999999996447286321199499070644378662109375},"tiered_pricing_product_settings":{"layout":"default","base_unit_name":{"singular":null,"plural":null},"default_variation":null},"tiered_pricing_minimum_quantity":10,"tiered_pricing_roles_data":[],"tiered_pricing_percentage_rules":[],"tiered_pricing_maximum_quantity":null,"tiered_pricing_quantity_step":null,"_links":{"self":[{"href":"https:\/\/cloudsupplyvapes.com\/de\/wp-json\/wp\/v2\/product\/2633","targetHints":{"allow":["GET"]}}],"collection":[{"href":"https:\/\/cloudsupplyvapes.com\/de\/wp-json\/wp\/v2\/product"}],"about":[{"href":"https:\/\/cloudsupplyvapes.com\/de\/wp-json\/wp\/v2\/types\/product"}],"replies":[{"embeddable":true,"href":"https:\/\/cloudsupplyvapes.com\/de\/wp-json\/wp\/v2\/comments?post=2633"}],"wp:featuredmedia":[{"embeddable":true,"href":"https:\/\/cloudsupplyvapes.com\/de\/wp-json\/wp\/v2\/media\/2944"}],"wp:attachment":[{"href":"https:\/\/cloudsupplyvapes.com\/de\/wp-json\/wp\/v2\/media?parent=2633"}],"wp:term":[{"taxonomy":"product_brand","embeddable":true,"href":"https:\/\/cloudsupplyvapes.com\/de\/wp-json\/wp\/v2\/product_brand?post=2633"},{"taxonomy":"product_cat","embeddable":true,"href":"https:\/\/cloudsupplyvapes.com\/de\/wp-json\/wp\/v2\/product_cat?post=2633"},{"taxonomy":"product_tag","embeddable":true,"href":"https:\/\/cloudsupplyvapes.com\/de\/wp-json\/wp\/v2\/product_tag?post=2633"}],"curies":[{"name":"wp","href":"https:\/\/api.w.org\/{rel}","templated":true}]}}