{"id":2634,"date":"2024-10-19T02:25:27","date_gmt":"2024-10-19T02:25:27","guid":{"rendered":"https:\/\/cloudsupplyvapes.com\/?post_type=product&#038;p=2634"},"modified":"2024-11-26T07:25:44","modified_gmt":"2024-11-26T07:25:44","slug":"-87","status":"publish","type":"product","link":"https:\/\/cloudsupplyvapes.com\/de\/product\/elfworld-caky-7000-puffs-disposable-wholesale\/","title":{"rendered":"ELFWORLD Caky 7000 Puffs Einweg Vape Gro\u00dfhandel kompakt langlebig Vape Design"},"content":{"rendered":"<p><strong>Geschm\u00e4cker:<\/strong><\/p>\n<p>1.blaue Zuckerwatte<br \/>\n2. erdbeereis<br \/>\n3. blaues Razzeis<br \/>\n4. erdbeere mango<br \/>\n5. kiwi passionsfrucht guave<br \/>\n6. blaubeereis<br \/>\n7. erdbeer pina colada<br \/>\n8. saftiger Pfirsich<br \/>\n9. traube<br \/>\n10. die Wassermelone<br \/>\n11.Erdbeer-Eisbecher<br \/>\n12.Preiselbeer-Soda<br \/>\n13. ananas mango<\/p>\n<p>&nbsp;<\/p>\n<p><strong>Merkmale:<\/strong><\/p>\n<p>\u26115% Nikotinsalz.<br \/>\n\u261113ML von E-Fl\u00fcssigkeit.<br \/>\n\u2611Mesh-Spule.<br \/>\n\u261113Erh\u00e4ltliche Geschmacksrichtungen.<br \/>\n\u2611Integrierter 750mAh Akku.<\/p>\n<p>&nbsp;<\/p>\n<p><strong>Technische Daten:<\/strong><\/p>\n<p>\u261110 St\u00fcck in einer Display-Box.<br \/>\n\u2611200 St\u00fcck im Karton.<br \/>\n\u2611Kartongr\u00f6\u00dfe:535*235*315mm<br \/>\n\u2611Karton Gewicht: 16KG<\/p>","protected":false},"excerpt":{"rendered":"<p>ELFWORLD Caky 7000 Puffs Einweg-Vape-Gro\u00dfhandel bietet ein kompaktes und langlebiges Design, das eine reibungslose Dampfabgabe und gleichbleibende Leistung f\u00fcr zufriedenstellende Vaping-Erlebnisse gew\u00e4hrleistet.<\/p>","protected":false},"featured_media":2946,"comment_status":"open","ping_status":"closed","template":"","meta":[],"product_brand":[],"product_cat":[22,480],"product_tag":[467],"class_list":{"0":"post-2634","1":"product","2":"type-product","3":"status-publish","4":"has-post-thumbnail","6":"product_cat-disposable-vape-sticks","7":"product_cat-elfworld","8":"product_tag-elfworld","10":"first","11":"instock","12":"shipping-taxable","13":"purchasable","14":"product-type-simple"},"jetpack_sharing_enabled":true,"tiered_pricing_type":"fixed","tiered_pricing_fixed_rules":{"2000":6.29999999999999982236431605997495353221893310546875,"10000":5.9000000000000003552713678800500929355621337890625,"30000":5.4000000000000003552713678800500929355621337890625},"tiered_pricing_product_settings":{"layout":"default","base_unit_name":{"singular":null,"plural":null},"default_variation":null},"tiered_pricing_minimum_quantity":60,"tiered_pricing_roles_data":[],"tiered_pricing_percentage_rules":[],"tiered_pricing_maximum_quantity":null,"tiered_pricing_quantity_step":null,"_links":{"self":[{"href":"https:\/\/cloudsupplyvapes.com\/de\/wp-json\/wp\/v2\/product\/2634","targetHints":{"allow":["GET"]}}],"collection":[{"href":"https:\/\/cloudsupplyvapes.com\/de\/wp-json\/wp\/v2\/product"}],"about":[{"href":"https:\/\/cloudsupplyvapes.com\/de\/wp-json\/wp\/v2\/types\/product"}],"replies":[{"embeddable":true,"href":"https:\/\/cloudsupplyvapes.com\/de\/wp-json\/wp\/v2\/comments?post=2634"}],"wp:featuredmedia":[{"embeddable":true,"href":"https:\/\/cloudsupplyvapes.com\/de\/wp-json\/wp\/v2\/media\/2946"}],"wp:attachment":[{"href":"https:\/\/cloudsupplyvapes.com\/de\/wp-json\/wp\/v2\/media?parent=2634"}],"wp:term":[{"taxonomy":"product_brand","embeddable":true,"href":"https:\/\/cloudsupplyvapes.com\/de\/wp-json\/wp\/v2\/product_brand?post=2634"},{"taxonomy":"product_cat","embeddable":true,"href":"https:\/\/cloudsupplyvapes.com\/de\/wp-json\/wp\/v2\/product_cat?post=2634"},{"taxonomy":"product_tag","embeddable":true,"href":"https:\/\/cloudsupplyvapes.com\/de\/wp-json\/wp\/v2\/product_tag?post=2634"}],"curies":[{"name":"wp","href":"https:\/\/api.w.org\/{rel}","templated":true}]}}