{"id":2687,"date":"2024-10-19T02:25:49","date_gmt":"2024-10-19T02:25:49","guid":{"rendered":"https:\/\/cloudsupplyvapes.com\/?post_type=product&#038;p=2687"},"modified":"2024-11-26T07:22:47","modified_gmt":"2024-11-26T07:22:47","slug":"-88","status":"publish","type":"product","link":"https:\/\/cloudsupplyvapes.com\/de\/product\/elfworld-de-6000-puffs-disposable-wholesale\/","title":{"rendered":"ELFWORLD DE 6000 Puffs Einweg Vape Gro\u00dfhandel kompakte langlebige Design"},"content":{"rendered":"<p><strong>Geschm\u00e4cker:<\/strong><\/p>\n<p>1.Apfel-Pfirsich<br \/>\n2.blaues Razzeis<br \/>\n3.blaue Razz-Limonade<br \/>\n4.Blaubeereis<br \/>\n5. Zuckerwatte<br \/>\n6.Energie<br \/>\n7.Weintraube<br \/>\n8.saftiger Pfirsich<br \/>\n9.Kiwi Passionsfrucht Guave 10.Ananas Mango Orange 11.Erdbeere Banane<br \/>\n12.Erdbeereis<br \/>\n13.Erdbeereis<br \/>\n14.Vanilleeis<br \/>\n15.Wassermeloneneis<\/p>\n<p>&nbsp;<\/p>\n<p><strong>Merkmale:<\/strong><\/p>\n<p>\u26110\/2\/3\/5%Nikotinsalz.<br \/>\n\u261113,5ML E-Fl\u00fcssigkeit.<br \/>\n\u2611Mesh-Spule.<br \/>\n\u261115 Geschmacksrichtungen verf\u00fcgbar.<br \/>\n\u2611Akku wiederaufladbar.<br \/>\n\u2611Typ-C-Ladung<br \/>\n\u2611Integrierter 550mAh Akku.<\/p>\n<p>&nbsp;<\/p>\n<p><strong>Technische Daten:<\/strong><\/p>\n<p>\u261110 St\u00fcck in einer Display-Box.<br \/>\n\u2611300 St\u00fcck im Karton.<br \/>\n\u2611Kartongr\u00f6\u00dfe:505*250*300 MM<br \/>\n\u2611Kartongewicht: 19.5KG<\/p>","protected":false},"excerpt":{"rendered":"<p>ELFWORLD DE 6000 Puffs Einweg-Vape-Gro\u00dfhandel verf\u00fcgt \u00fcber ein kompaktes und langlebiges Design, bietet glatte Dampf Leistung und problemlosen Betrieb f\u00fcr portable vaping.<\/p>","protected":false},"featured_media":2948,"comment_status":"open","ping_status":"closed","template":"","meta":[],"product_brand":[],"product_cat":[22,480],"product_tag":[467],"class_list":{"0":"post-2687","1":"product","2":"type-product","3":"status-publish","4":"has-post-thumbnail","6":"product_cat-disposable-vape-sticks","7":"product_cat-elfworld","8":"product_tag-elfworld","10":"first","11":"instock","12":"shipping-taxable","13":"purchasable","14":"product-type-simple"},"jetpack_sharing_enabled":true,"tiered_pricing_type":"fixed","tiered_pricing_fixed_rules":{"2000":7.0999999999999996447286321199499070644378662109375,"10000":6.5999999999999996447286321199499070644378662109375,"30000":6.0999999999999996447286321199499070644378662109375},"tiered_pricing_product_settings":{"layout":"default","base_unit_name":{"singular":null,"plural":null},"default_variation":null},"tiered_pricing_minimum_quantity":10,"tiered_pricing_roles_data":[],"tiered_pricing_percentage_rules":[],"tiered_pricing_maximum_quantity":null,"tiered_pricing_quantity_step":null,"_links":{"self":[{"href":"https:\/\/cloudsupplyvapes.com\/de\/wp-json\/wp\/v2\/product\/2687","targetHints":{"allow":["GET"]}}],"collection":[{"href":"https:\/\/cloudsupplyvapes.com\/de\/wp-json\/wp\/v2\/product"}],"about":[{"href":"https:\/\/cloudsupplyvapes.com\/de\/wp-json\/wp\/v2\/types\/product"}],"replies":[{"embeddable":true,"href":"https:\/\/cloudsupplyvapes.com\/de\/wp-json\/wp\/v2\/comments?post=2687"}],"wp:featuredmedia":[{"embeddable":true,"href":"https:\/\/cloudsupplyvapes.com\/de\/wp-json\/wp\/v2\/media\/2948"}],"wp:attachment":[{"href":"https:\/\/cloudsupplyvapes.com\/de\/wp-json\/wp\/v2\/media?parent=2687"}],"wp:term":[{"taxonomy":"product_brand","embeddable":true,"href":"https:\/\/cloudsupplyvapes.com\/de\/wp-json\/wp\/v2\/product_brand?post=2687"},{"taxonomy":"product_cat","embeddable":true,"href":"https:\/\/cloudsupplyvapes.com\/de\/wp-json\/wp\/v2\/product_cat?post=2687"},{"taxonomy":"product_tag","embeddable":true,"href":"https:\/\/cloudsupplyvapes.com\/de\/wp-json\/wp\/v2\/product_tag?post=2687"}],"curies":[{"name":"wp","href":"https:\/\/api.w.org\/{rel}","templated":true}]}}