{"id":2690,"date":"2024-10-19T02:25:49","date_gmt":"2024-10-19T02:25:49","guid":{"rendered":"https:\/\/cloudsupplyvapes.com\/?post_type=product&#038;p=2690"},"modified":"2024-11-26T07:25:22","modified_gmt":"2024-11-26T07:25:22","slug":"-90","status":"publish","type":"product","link":"https:\/\/cloudsupplyvapes.com\/de\/product\/iget-pro-5000-puffs-disposable-wholesale\/","title":{"rendered":"Iget Pro 5000 Puffs Einweg Vape Gro\u00dfhandel Leichtgewicht hohe Kapazit\u00e4t Design"},"content":{"rendered":"<p>Spezifikationen:<\/p>\n<ul>\n<li>Gr\u00f6\u00dfe: 112,5 mm x 22,2 mm x 11,5 mm<\/li>\n<li>Batteriekapazit\u00e4t: 450mAh<\/li>\n<li>E-Fl\u00fcssigkeit Kapazit\u00e4t: 2.4ml<\/li>\n<li>Puffs pro Ger\u00e4t: Ungef\u00e4hr 600<\/li>\n<li>Nikotinst\u00e4rke: 5%<\/li>\n<li>Widerstand: 1.2ohm<\/li>\n<li>Wegwerfbares Design: Ja<\/li>\n<\/ul>\n<p>Geschm\u00e4cker:<\/p>\n<ol>\n<li>Mango-Eis<\/li>\n<li>Blaubeereis<\/li>\n<li>Traubeneis<\/li>\n<li>Lychee-Eis<\/li>\n<li>Orange Soda<\/li>\n<li>\u00dcppiges Eis<\/li>\n<li>Erdbeereis<\/li>\n<li>Rosa Limonade<\/li>\n<li>Bananeneis<\/li>\n<li>Cola-Eis<\/li>\n<li>Ananaseis<\/li>\n<li>Red Bull Eis<\/li>\n<li>Gemischtes Beereneis<\/li>\n<li>Wassermelone Eis<\/li>\n<li>Pfirsich-Eis<\/li>\n<\/ol>\n<p><a href=\"https:\/\/i0.wp.com\/shop.vape.hk\/wp-content\/uploads\/2023\/03\/Wholesale-Disposable-Vape-Iget-PRO-5000-Puffs-Hot-India.jpg?ssl=1\" target=\"_blank\" rel=\"noopener\"><img data-recalc-dims=\"1\" loading=\"lazy\" decoding=\"async\" class=\"alignnone size-full wp-image-119086\" src=\"https:\/\/i0.wp.com\/shop.vape.hk\/wp-content\/uploads\/2023\/03\/Wholesale-Disposable-Vape-Iget-PRO-5000-Puffs-Hot-India.jpg?resize=550%2C550&#038;ssl=1\" alt=\"Iget Pro 5000 Puffs Einwegartikel | Gro\u00dfhandel\" width=\"550\" height=\"550\" title=\"\"><\/a><\/p>","protected":false},"excerpt":{"rendered":"<p>Iget Pro 5000 Puffs Disposable Vape Wholesale zeichnet sich durch eine leichte Konstruktion, hohe Kapazit\u00e4t und gleichbleibende Leistung f\u00fcr zuverl\u00e4ssiges und lang anhaltendes Dampfen aus.<\/p>","protected":false},"featured_media":2952,"comment_status":"open","ping_status":"closed","template":"","meta":[],"product_brand":[],"product_cat":[22],"product_tag":[64],"class_list":{"0":"post-2690","1":"product","2":"type-product","3":"status-publish","4":"has-post-thumbnail","6":"product_cat-disposable-vape-sticks","7":"product_tag-iget","9":"first","10":"instock","11":"shipping-taxable","12":"purchasable","13":"product-type-simple"},"jetpack_sharing_enabled":true,"tiered_pricing_type":"fixed","tiered_pricing_fixed_rules":{"50":17,"100":16,"1000":15,"5000":14},"tiered_pricing_product_settings":{"layout":"default","base_unit_name":{"singular":null,"plural":null},"default_variation":null},"tiered_pricing_minimum_quantity":10,"tiered_pricing_roles_data":[],"tiered_pricing_percentage_rules":[],"tiered_pricing_maximum_quantity":null,"tiered_pricing_quantity_step":null,"_links":{"self":[{"href":"https:\/\/cloudsupplyvapes.com\/de\/wp-json\/wp\/v2\/product\/2690","targetHints":{"allow":["GET"]}}],"collection":[{"href":"https:\/\/cloudsupplyvapes.com\/de\/wp-json\/wp\/v2\/product"}],"about":[{"href":"https:\/\/cloudsupplyvapes.com\/de\/wp-json\/wp\/v2\/types\/product"}],"replies":[{"embeddable":true,"href":"https:\/\/cloudsupplyvapes.com\/de\/wp-json\/wp\/v2\/comments?post=2690"}],"wp:featuredmedia":[{"embeddable":true,"href":"https:\/\/cloudsupplyvapes.com\/de\/wp-json\/wp\/v2\/media\/2952"}],"wp:attachment":[{"href":"https:\/\/cloudsupplyvapes.com\/de\/wp-json\/wp\/v2\/media?parent=2690"}],"wp:term":[{"taxonomy":"product_brand","embeddable":true,"href":"https:\/\/cloudsupplyvapes.com\/de\/wp-json\/wp\/v2\/product_brand?post=2690"},{"taxonomy":"product_cat","embeddable":true,"href":"https:\/\/cloudsupplyvapes.com\/de\/wp-json\/wp\/v2\/product_cat?post=2690"},{"taxonomy":"product_tag","embeddable":true,"href":"https:\/\/cloudsupplyvapes.com\/de\/wp-json\/wp\/v2\/product_tag?post=2690"}],"curies":[{"name":"wp","href":"https:\/\/api.w.org\/{rel}","templated":true}]}}