{"id":2734,"date":"2024-10-19T02:26:11","date_gmt":"2024-10-19T02:26:11","guid":{"rendered":"https:\/\/cloudsupplyvapes.com\/?post_type=product&#038;p=2734"},"modified":"2024-11-26T07:22:16","modified_gmt":"2024-11-26T07:22:16","slug":"-91","status":"publish","type":"product","link":"https:\/\/cloudsupplyvapes.com\/de\/product\/iget-b5000-disposable-wholesale\/","title":{"rendered":"Iget B5000 Einweg Vape Gro\u00dfhandel hohe Kapazit\u00e4t wiederaufladbare Design"},"content":{"rendered":"<ul>\n<li>Akku-Kapazit\u00e4t: 950mAh<\/li>\n<li>E-Fl\u00fcssigkeit Kapazit\u00e4t: 5.5ml<\/li>\n<li>Puffs pro Ger\u00e4t: Ungef\u00e4hr 5000<\/li>\n<li>Nikotinst\u00e4rke: 5%<\/li>\n<li>Widerstand: 1.6ohm<\/li>\n<li>Gr\u00f6\u00dfe: 120mm x 19mm x 18mm<\/li>\n<li>Gewicht: 35g<\/li>\n<li>Wegwerfbares Design: Ja<\/li>\n<\/ul>\n<ol>\n<li>Blaubeereis<\/li>\n<li>Traubeneis<\/li>\n<li>Wassermelone Eis<\/li>\n<li>Mango-Eis<\/li>\n<li>\u00dcppiges Eis<\/li>\n<li>Lychee-Eis<\/li>\n<li>Erdbeereis<\/li>\n<li>Ananaseis<\/li>\n<li>Pfirsich-Eis<\/li>\n<li>Cola-Eis<\/li>\n<li>Red Bull Eis<\/li>\n<li>Orange Soda<\/li>\n<li>Gemischtes Beereneis<\/li>\n<\/ol>\n<p>&nbsp;<\/p>","protected":false},"excerpt":{"rendered":"<p>Iget B5000 Einweg-Vape-Gro\u00dfhandel verf\u00fcgt \u00fcber eine hohe Kapazit\u00e4t, wiederaufladbare Design, bietet eine konsistente Dampfleistung und umweltfreundliche Komfort f\u00fcr lang anhaltende vaping.<\/p>","protected":false},"featured_media":2953,"comment_status":"open","ping_status":"closed","template":"","meta":[],"product_brand":[],"product_cat":[22],"product_tag":[64],"class_list":{"0":"post-2734","1":"product","2":"type-product","3":"status-publish","4":"has-post-thumbnail","6":"product_cat-disposable-vape-sticks","7":"product_tag-iget","9":"first","10":"instock","11":"shipping-taxable","12":"purchasable","13":"product-type-simple"},"jetpack_sharing_enabled":true,"tiered_pricing_type":"fixed","tiered_pricing_fixed_rules":{"50":17,"1000":16,"5000":15},"tiered_pricing_product_settings":{"layout":"default","base_unit_name":{"singular":null,"plural":null},"default_variation":null},"tiered_pricing_minimum_quantity":10,"tiered_pricing_roles_data":[],"tiered_pricing_percentage_rules":[],"tiered_pricing_maximum_quantity":null,"tiered_pricing_quantity_step":"10","_links":{"self":[{"href":"https:\/\/cloudsupplyvapes.com\/de\/wp-json\/wp\/v2\/product\/2734","targetHints":{"allow":["GET"]}}],"collection":[{"href":"https:\/\/cloudsupplyvapes.com\/de\/wp-json\/wp\/v2\/product"}],"about":[{"href":"https:\/\/cloudsupplyvapes.com\/de\/wp-json\/wp\/v2\/types\/product"}],"replies":[{"embeddable":true,"href":"https:\/\/cloudsupplyvapes.com\/de\/wp-json\/wp\/v2\/comments?post=2734"}],"wp:featuredmedia":[{"embeddable":true,"href":"https:\/\/cloudsupplyvapes.com\/de\/wp-json\/wp\/v2\/media\/2953"}],"wp:attachment":[{"href":"https:\/\/cloudsupplyvapes.com\/de\/wp-json\/wp\/v2\/media?parent=2734"}],"wp:term":[{"taxonomy":"product_brand","embeddable":true,"href":"https:\/\/cloudsupplyvapes.com\/de\/wp-json\/wp\/v2\/product_brand?post=2734"},{"taxonomy":"product_cat","embeddable":true,"href":"https:\/\/cloudsupplyvapes.com\/de\/wp-json\/wp\/v2\/product_cat?post=2734"},{"taxonomy":"product_tag","embeddable":true,"href":"https:\/\/cloudsupplyvapes.com\/de\/wp-json\/wp\/v2\/product_tag?post=2734"}],"curies":[{"name":"wp","href":"https:\/\/api.w.org\/{rel}","templated":true}]}}